{"id":121,"date":"2017-02-12T20:44:51","date_gmt":"2017-02-12T19:44:51","guid":{"rendered":"http:\/\/ganesha-shop-fuerth.de\/onlineshop2\/?page_id=121"},"modified":"2026-01-07T11:05:40","modified_gmt":"2026-01-07T10:05:40","slug":"kontakt-oeffnungszeiten","status":"publish","type":"page","link":"https:\/\/ganesha-shop-fuerth.de\/onlineshop\/kontakt-oeffnungszeiten\/","title":{"rendered":"Kontakt und \u00d6ffnungszeiten"},"content":{"rendered":"<p>Ganesha Shop Kontakt und \u00d6ffnungszeiten:<br \/>\nSie haben Fragen zu unseren Artikeln oder w\u00fcnschen eine Beratung, dann nehmen Sie Kontakt mit uns auf:<\/p>\n<p>Ganesha Shop F\u00fcrth<br \/>\nLudwig-Erhard-Str. 14<br \/>\n90762 F\u00fcrth<br \/>\nE-Mail: onlineshop(at)ganesha-shop-fuerth.de<br \/>\nTel.: +49 (0) 911 &#8211; 979 26 25<\/p>\n<p><span style=\"font-size: 14pt; color: #ff6600;\">Standard \u00d6ffnungszeiten im Laden:<\/span><br \/>\nMontag, Mittwoch, Donnerstag und Freitag: 10:30 &#8211; 18:30 Uhr<br \/>\nDienstag: Ruhetag<br \/>\nSamstag: 10:30 &#8211; 15:00 Uhr<\/p>\n<p>&nbsp;<\/p>\n<p>&nbsp;<\/p>\n<p>&nbsp;<\/p>\n","protected":false},"excerpt":{"rendered":"<p>Ganesha Shop Kontakt und \u00d6ffnungszeiten: Sie haben Fragen zu unseren Artikeln oder w\u00fcnschen eine Beratung, dann nehmen Sie Kontakt mit uns auf: Ganesha Shop F\u00fcrth Ludwig-Erhard-Str. 14 90762 F\u00fcrth E-Mail: onlineshop(at)ganesha-shop-fuerth.de Tel.: +49 (0) 911 &#8211; 979 26 25 Standard \u00d6ffnungszeiten im Laden: Montag, Mittwoch, Donnerstag und Freitag: 10:30 &#8211; 18:30 Uhr Dienstag: Ruhetag Samstag: [&hellip;]<\/p>\n","protected":false},"author":1,"featured_media":0,"parent":0,"menu_order":0,"comment_status":"closed","ping_status":"closed","template":"","meta":{"footnotes":""},"class_list":["post-121","page","type-page","status-publish","hentry"],"yoast_head":"<!-- This site is optimized with the Yoast SEO plugin v27.4 - https:\/\/yoast.com\/product\/yoast-seo-wordpress\/ -->\n<title>Kontakt und \u00d6ffnungszeiten - Ganesha Shop F\u00fcrth<\/title>\n<meta name=\"description\" content=\"Kontakt und \u00d6ffnungszeiten vom Ganesha Shop F\u00fcrth - Sch\u00f6nes aus Asien, Wohnaccessoires, Silberschmuck, Kleidung, Accessoires, R\u00e4ucherwerk\" \/>\n<meta name=\"robots\" content=\"index, follow, max-snippet:-1, max-image-preview:large, max-video-preview:-1\" \/>\n<link rel=\"canonical\" href=\"https:\/\/ganesha-shop-fuerth.de\/onlineshop\/kontakt-oeffnungszeiten\/\" \/>\n<meta property=\"og:locale\" content=\"de_DE\" \/>\n<meta property=\"og:type\" content=\"article\" \/>\n<meta property=\"og:title\" content=\"Kontakt und \u00d6ffnungszeiten - Ganesha Shop F\u00fcrth\" \/>\n<meta property=\"og:description\" content=\"Kontakt und \u00d6ffnungszeiten vom Ganesha Shop F\u00fcrth - Sch\u00f6nes aus Asien, Wohnaccessoires, Silberschmuck, Kleidung, Accessoires, R\u00e4ucherwerk\" \/>\n<meta property=\"og:url\" content=\"https:\/\/ganesha-shop-fuerth.de\/onlineshop\/kontakt-oeffnungszeiten\/\" \/>\n<meta property=\"og:site_name\" content=\"Ganesha Online Shop\" \/>\n<meta property=\"article:publisher\" content=\"https:\/\/de-de.facebook.com\/ganeshashopfuerth\/\" \/>\n<meta property=\"article:modified_time\" content=\"2026-01-07T10:05:40+00:00\" \/>\n<meta name=\"twitter:card\" content=\"summary_large_image\" \/>\n<meta name=\"twitter:label1\" content=\"Gesch\u00e4tzte Lesezeit\" \/>\n\t<meta name=\"twitter:data1\" content=\"1\u00a0Minute\" \/>\n<script type=\"application\/ld+json\" class=\"yoast-schema-graph\">{\"@context\":\"https:\\\/\\\/schema.org\",\"@graph\":[{\"@type\":\"WebPage\",\"@id\":\"https:\\\/\\\/ganesha-shop-fuerth.de\\\/onlineshop\\\/kontakt-oeffnungszeiten\\\/\",\"url\":\"https:\\\/\\\/ganesha-shop-fuerth.de\\\/onlineshop\\\/kontakt-oeffnungszeiten\\\/\",\"name\":\"Kontakt und \u00d6ffnungszeiten - Ganesha Shop F\u00fcrth\",\"isPartOf\":{\"@id\":\"https:\\\/\\\/ganesha-shop-fuerth.de\\\/onlineshop\\\/#website\"},\"datePublished\":\"2017-02-12T19:44:51+00:00\",\"dateModified\":\"2026-01-07T10:05:40+00:00\",\"description\":\"Kontakt und \u00d6ffnungszeiten vom Ganesha Shop F\u00fcrth - Sch\u00f6nes aus Asien, Wohnaccessoires, Silberschmuck, Kleidung, Accessoires, R\u00e4ucherwerk\",\"breadcrumb\":{\"@id\":\"https:\\\/\\\/ganesha-shop-fuerth.de\\\/onlineshop\\\/kontakt-oeffnungszeiten\\\/#breadcrumb\"},\"inLanguage\":\"de\",\"potentialAction\":[{\"@type\":\"ReadAction\",\"target\":[\"https:\\\/\\\/ganesha-shop-fuerth.de\\\/onlineshop\\\/kontakt-oeffnungszeiten\\\/\"]}]},{\"@type\":\"BreadcrumbList\",\"@id\":\"https:\\\/\\\/ganesha-shop-fuerth.de\\\/onlineshop\\\/kontakt-oeffnungszeiten\\\/#breadcrumb\",\"itemListElement\":[{\"@type\":\"ListItem\",\"position\":1,\"name\":\"Startseite\",\"item\":\"https:\\\/\\\/ganesha-shop-fuerth.de\\\/onlineshop\\\/\"},{\"@type\":\"ListItem\",\"position\":2,\"name\":\"Kontakt und \u00d6ffnungszeiten\"}]},{\"@type\":\"WebSite\",\"@id\":\"https:\\\/\\\/ganesha-shop-fuerth.de\\\/onlineshop\\\/#website\",\"url\":\"https:\\\/\\\/ganesha-shop-fuerth.de\\\/onlineshop\\\/\",\"name\":\"Ganesha Online Shop\",\"description\":\"Schmuck Kleidung Accessoires aus Asien\",\"publisher\":{\"@id\":\"https:\\\/\\\/ganesha-shop-fuerth.de\\\/onlineshop\\\/#organization\"},\"potentialAction\":[{\"@type\":\"SearchAction\",\"target\":{\"@type\":\"EntryPoint\",\"urlTemplate\":\"https:\\\/\\\/ganesha-shop-fuerth.de\\\/onlineshop\\\/?s={search_term_string}\"},\"query-input\":{\"@type\":\"PropertyValueSpecification\",\"valueRequired\":true,\"valueName\":\"search_term_string\"}}],\"inLanguage\":\"de\"},{\"@type\":\"Organization\",\"@id\":\"https:\\\/\\\/ganesha-shop-fuerth.de\\\/onlineshop\\\/#organization\",\"name\":\"Ganesha Shop F\u00fcrth\",\"url\":\"https:\\\/\\\/ganesha-shop-fuerth.de\\\/onlineshop\\\/\",\"logo\":{\"@type\":\"ImageObject\",\"inLanguage\":\"de\",\"@id\":\"https:\\\/\\\/ganesha-shop-fuerth.de\\\/onlineshop\\\/#\\\/schema\\\/logo\\\/image\\\/\",\"url\":\"https:\\\/\\\/ganesha-shop-fuerth.de\\\/onlineshop\\\/wp-content\\\/uploads\\\/Logos\\\/ganesha-onlineshop-footer-logo-19-Jahre.png\",\"contentUrl\":\"https:\\\/\\\/ganesha-shop-fuerth.de\\\/onlineshop\\\/wp-content\\\/uploads\\\/Logos\\\/ganesha-onlineshop-footer-logo-19-Jahre.png\",\"width\":250,\"height\":299,\"caption\":\"Ganesha Shop F\u00fcrth\"},\"image\":{\"@id\":\"https:\\\/\\\/ganesha-shop-fuerth.de\\\/onlineshop\\\/#\\\/schema\\\/logo\\\/image\\\/\"},\"sameAs\":[\"https:\\\/\\\/de-de.facebook.com\\\/ganeshashopfuerth\\\/\",\"https:\\\/\\\/www.youtube.com\\\/channel\\\/UCECWtim6iWB8dozVcmw-GcA\"]}]}<\/script>\n<!-- \/ Yoast SEO plugin. -->","yoast_head_json":{"title":"Kontakt und \u00d6ffnungszeiten - Ganesha Shop F\u00fcrth","description":"Kontakt und \u00d6ffnungszeiten vom Ganesha Shop F\u00fcrth - Sch\u00f6nes aus Asien, Wohnaccessoires, Silberschmuck, Kleidung, Accessoires, R\u00e4ucherwerk","robots":{"index":"index","follow":"follow","max-snippet":"max-snippet:-1","max-image-preview":"max-image-preview:large","max-video-preview":"max-video-preview:-1"},"canonical":"https:\/\/ganesha-shop-fuerth.de\/onlineshop\/kontakt-oeffnungszeiten\/","og_locale":"de_DE","og_type":"article","og_title":"Kontakt und \u00d6ffnungszeiten - Ganesha Shop F\u00fcrth","og_description":"Kontakt und \u00d6ffnungszeiten vom Ganesha Shop F\u00fcrth - Sch\u00f6nes aus Asien, Wohnaccessoires, Silberschmuck, Kleidung, Accessoires, R\u00e4ucherwerk","og_url":"https:\/\/ganesha-shop-fuerth.de\/onlineshop\/kontakt-oeffnungszeiten\/","og_site_name":"Ganesha Online Shop","article_publisher":"https:\/\/de-de.facebook.com\/ganeshashopfuerth\/","article_modified_time":"2026-01-07T10:05:40+00:00","twitter_card":"summary_large_image","twitter_misc":{"Gesch\u00e4tzte Lesezeit":"1\u00a0Minute"},"schema":{"@context":"https:\/\/schema.org","@graph":[{"@type":"WebPage","@id":"https:\/\/ganesha-shop-fuerth.de\/onlineshop\/kontakt-oeffnungszeiten\/","url":"https:\/\/ganesha-shop-fuerth.de\/onlineshop\/kontakt-oeffnungszeiten\/","name":"Kontakt und \u00d6ffnungszeiten - Ganesha Shop F\u00fcrth","isPartOf":{"@id":"https:\/\/ganesha-shop-fuerth.de\/onlineshop\/#website"},"datePublished":"2017-02-12T19:44:51+00:00","dateModified":"2026-01-07T10:05:40+00:00","description":"Kontakt und \u00d6ffnungszeiten vom Ganesha Shop F\u00fcrth - Sch\u00f6nes aus Asien, Wohnaccessoires, Silberschmuck, Kleidung, Accessoires, R\u00e4ucherwerk","breadcrumb":{"@id":"https:\/\/ganesha-shop-fuerth.de\/onlineshop\/kontakt-oeffnungszeiten\/#breadcrumb"},"inLanguage":"de","potentialAction":[{"@type":"ReadAction","target":["https:\/\/ganesha-shop-fuerth.de\/onlineshop\/kontakt-oeffnungszeiten\/"]}]},{"@type":"BreadcrumbList","@id":"https:\/\/ganesha-shop-fuerth.de\/onlineshop\/kontakt-oeffnungszeiten\/#breadcrumb","itemListElement":[{"@type":"ListItem","position":1,"name":"Startseite","item":"https:\/\/ganesha-shop-fuerth.de\/onlineshop\/"},{"@type":"ListItem","position":2,"name":"Kontakt und \u00d6ffnungszeiten"}]},{"@type":"WebSite","@id":"https:\/\/ganesha-shop-fuerth.de\/onlineshop\/#website","url":"https:\/\/ganesha-shop-fuerth.de\/onlineshop\/","name":"Ganesha Online Shop","description":"Schmuck Kleidung Accessoires aus Asien","publisher":{"@id":"https:\/\/ganesha-shop-fuerth.de\/onlineshop\/#organization"},"potentialAction":[{"@type":"SearchAction","target":{"@type":"EntryPoint","urlTemplate":"https:\/\/ganesha-shop-fuerth.de\/onlineshop\/?s={search_term_string}"},"query-input":{"@type":"PropertyValueSpecification","valueRequired":true,"valueName":"search_term_string"}}],"inLanguage":"de"},{"@type":"Organization","@id":"https:\/\/ganesha-shop-fuerth.de\/onlineshop\/#organization","name":"Ganesha Shop F\u00fcrth","url":"https:\/\/ganesha-shop-fuerth.de\/onlineshop\/","logo":{"@type":"ImageObject","inLanguage":"de","@id":"https:\/\/ganesha-shop-fuerth.de\/onlineshop\/#\/schema\/logo\/image\/","url":"https:\/\/ganesha-shop-fuerth.de\/onlineshop\/wp-content\/uploads\/Logos\/ganesha-onlineshop-footer-logo-19-Jahre.png","contentUrl":"https:\/\/ganesha-shop-fuerth.de\/onlineshop\/wp-content\/uploads\/Logos\/ganesha-onlineshop-footer-logo-19-Jahre.png","width":250,"height":299,"caption":"Ganesha Shop F\u00fcrth"},"image":{"@id":"https:\/\/ganesha-shop-fuerth.de\/onlineshop\/#\/schema\/logo\/image\/"},"sameAs":["https:\/\/de-de.facebook.com\/ganeshashopfuerth\/","https:\/\/www.youtube.com\/channel\/UCECWtim6iWB8dozVcmw-GcA"]}]}},"_links":{"self":[{"href":"https:\/\/ganesha-shop-fuerth.de\/onlineshop\/wp-json\/wp\/v2\/pages\/121","targetHints":{"allow":["GET"]}}],"collection":[{"href":"https:\/\/ganesha-shop-fuerth.de\/onlineshop\/wp-json\/wp\/v2\/pages"}],"about":[{"href":"https:\/\/ganesha-shop-fuerth.de\/onlineshop\/wp-json\/wp\/v2\/types\/page"}],"author":[{"embeddable":true,"href":"https:\/\/ganesha-shop-fuerth.de\/onlineshop\/wp-json\/wp\/v2\/users\/1"}],"replies":[{"embeddable":true,"href":"https:\/\/ganesha-shop-fuerth.de\/onlineshop\/wp-json\/wp\/v2\/comments?post=121"}],"version-history":[{"count":70,"href":"https:\/\/ganesha-shop-fuerth.de\/onlineshop\/wp-json\/wp\/v2\/pages\/121\/revisions"}],"predecessor-version":[{"id":6924,"href":"https:\/\/ganesha-shop-fuerth.de\/onlineshop\/wp-json\/wp\/v2\/pages\/121\/revisions\/6924"}],"wp:attachment":[{"href":"https:\/\/ganesha-shop-fuerth.de\/onlineshop\/wp-json\/wp\/v2\/media?parent=121"}],"curies":[{"name":"wp","href":"https:\/\/api.w.org\/{rel}","templated":true}]}}