{"id":1124,"date":"2017-07-27T17:14:48","date_gmt":"2017-07-27T15:14:48","guid":{"rendered":"https:\/\/ganesha-shop-fuerth.de\/onlineshop\/?post_type=product&#038;p=1124"},"modified":"2025-01-27T21:19:49","modified_gmt":"2025-01-27T20:19:49","slug":"naturreine-parfums-aus-pushkar-indien-2","status":"publish","type":"product","link":"https:\/\/ganesha-shop-fuerth.de\/onlineshop\/shop\/exotische-parfums-aus-indien\/naturreine-parfums-aus-pushkar-indien-2\/","title":{"rendered":"Indian Vanila-Amber Sandelholz Saffran-Opium Parfum aus Pushkar"},"content":{"rendered":"<p>Indian Vanila, Amber-Sandelholz-Saffran, Opium Parfums aus <a href=\"https:\/\/de.wikipedia.org\/wiki\/Pushkar\" target=\"_blank\" rel=\"noopener\">Pushkar Indien<\/a>. Handgefertigte, selbst gemischte Parfums aus Pushkar, Indien, direkt vom Hersteller unseres Vertrauens bezogen. Die Duft\u00f6le aus Pushkar verkaufen wir seit Jahren im Ganesha Shop Ladengesch\u00e4ft, werden von unseren Kunden sehr gesch\u00e4tzt und gelten als Geheimtipp in der Region. Alle Parfums werden mittels eines Rollkopfs auf die Haut aufgetragen. Flacon Inhalt: 6 ml<br \/>\nBitte w\u00e4hlen Sie f\u00fcr weitere Informationen zum jeweiligen Parfum ein Parfum in obiger Drop-Down Auswahlliste aus.<\/p>\n<figure id=\"attachment_1120\" aria-describedby=\"caption-attachment-1120\" style=\"width: 380px\" class=\"wp-caption alignnone\"><img loading=\"lazy\" decoding=\"async\" class=\"wp-image-1120\" src=\"https:\/\/ganesha-shop-fuerth.de\/onlineshop\/wp-content\/uploads\/Parfum\/Vanilla-Amber-Opium-Parfum-Pushkhar-258x300.jpg\" alt=\"Vanille-Amber Sandelholz Opium -Parfum-Pushkhar\" width=\"380\" height=\"441\" srcset=\"https:\/\/ganesha-shop-fuerth.de\/onlineshop\/wp-content\/uploads\/Parfum\/Vanilla-Amber-Opium-Parfum-Pushkhar-258x300.jpg 258w, https:\/\/ganesha-shop-fuerth.de\/onlineshop\/wp-content\/uploads\/Parfum\/Vanilla-Amber-Opium-Parfum-Pushkhar-324x376.jpg 324w, https:\/\/ganesha-shop-fuerth.de\/onlineshop\/wp-content\/uploads\/Parfum\/Vanilla-Amber-Opium-Parfum-Pushkhar-416x483.jpg 416w, https:\/\/ganesha-shop-fuerth.de\/onlineshop\/wp-content\/uploads\/Parfum\/Vanilla-Amber-Opium-Parfum-Pushkhar-768x892.jpg 768w, https:\/\/ganesha-shop-fuerth.de\/onlineshop\/wp-content\/uploads\/Parfum\/Vanilla-Amber-Opium-Parfum-Pushkhar-882x1024.jpg 882w, https:\/\/ganesha-shop-fuerth.de\/onlineshop\/wp-content\/uploads\/Parfum\/Vanilla-Amber-Opium-Parfum-Pushkhar.jpg 900w\" sizes=\"auto, (max-width: 380px) 100vw, 380px\" \/><figcaption id=\"caption-attachment-1120\" class=\"wp-caption-text\">Vanille-Amber Sandelholz Opium -Parfum-Pushkhar<\/figcaption><\/figure>\n","protected":false},"excerpt":{"rendered":"<p>Indian Vanila, Amber-Sandelholz-Saffran, Opium\u00a0Parfums aus Pushkar Indien<\/p>\n","protected":false},"featured_media":1120,"comment_status":"open","ping_status":"closed","template":"","meta":[],"product_brand":[],"product_cat":[264,120],"product_tag":[121],"class_list":{"0":"post-1124","1":"product","2":"type-product","3":"status-publish","4":"has-post-thumbnail","6":"product_cat-kosmetikartikel-aus-indien","7":"product_cat-exotische-parfums-aus-indien","8":"product_tag-parfum-aus-indien","10":"first","11":"outofstock","12":"featured","13":"taxable","14":"shipping-taxable","15":"purchasable","16":"product-type-variable"},"yoast_head":"<!-- This site is optimized with the Yoast SEO plugin v27.4 - https:\/\/yoast.com\/product\/yoast-seo-wordpress\/ -->\n<title>Vanille-Amber Sandelholz Saffran-Opium Parfum - Ganesha Online Shop<\/title>\n<meta name=\"description\" content=\"Parfums aus Pushkar in Indien im Ganesha Online Shop. Indische Vanile, Amber-Sandelholz-Saffran und Opium direkt vom Hersteller aus Pushkar.\" \/>\n<meta name=\"robots\" content=\"index, follow, max-snippet:-1, max-image-preview:large, max-video-preview:-1\" \/>\n<link rel=\"canonical\" href=\"https:\/\/ganesha-shop-fuerth.de\/onlineshop\/shop\/exotische-parfums-aus-indien\/naturreine-parfums-aus-pushkar-indien-2\/\" \/>\n<meta property=\"og:locale\" content=\"de_DE\" \/>\n<meta property=\"og:type\" content=\"article\" \/>\n<meta property=\"og:title\" content=\"Vanille-Amber Sandelholz Saffran-Opium Parfum - Ganesha Online Shop\" \/>\n<meta property=\"og:description\" content=\"Parfums aus Pushkar in Indien im Ganesha Online Shop. Indische Vanile, Amber-Sandelholz-Saffran und Opium direkt vom Hersteller aus Pushkar.\" \/>\n<meta property=\"og:url\" content=\"https:\/\/ganesha-shop-fuerth.de\/onlineshop\/shop\/exotische-parfums-aus-indien\/naturreine-parfums-aus-pushkar-indien-2\/\" \/>\n<meta property=\"og:site_name\" content=\"Ganesha Online Shop\" \/>\n<meta property=\"article:publisher\" content=\"https:\/\/de-de.facebook.com\/ganeshashopfuerth\/\" \/>\n<meta property=\"article:modified_time\" content=\"2025-01-27T20:19:49+00:00\" \/>\n<meta property=\"og:image\" content=\"https:\/\/ganesha-shop-fuerth.de\/onlineshop\/wp-content\/uploads\/Parfum\/Vanilla-Amber-Opium-Parfum-Pushkhar.jpg\" \/>\n\t<meta property=\"og:image:width\" content=\"900\" \/>\n\t<meta property=\"og:image:height\" content=\"1045\" \/>\n\t<meta property=\"og:image:type\" content=\"image\/jpeg\" \/>\n<meta name=\"twitter:card\" content=\"summary_large_image\" \/>\n<meta name=\"twitter:label1\" content=\"Gesch\u00e4tzte Lesezeit\" \/>\n\t<meta name=\"twitter:data1\" content=\"1\u00a0Minute\" \/>\n<script type=\"application\/ld+json\" class=\"yoast-schema-graph\">{\"@context\":\"https:\\\/\\\/schema.org\",\"@graph\":[{\"@type\":\"WebPage\",\"@id\":\"https:\\\/\\\/ganesha-shop-fuerth.de\\\/onlineshop\\\/shop\\\/exotische-parfums-aus-indien\\\/naturreine-parfums-aus-pushkar-indien-2\\\/\",\"url\":\"https:\\\/\\\/ganesha-shop-fuerth.de\\\/onlineshop\\\/shop\\\/exotische-parfums-aus-indien\\\/naturreine-parfums-aus-pushkar-indien-2\\\/\",\"name\":\"Vanille-Amber Sandelholz Saffran-Opium Parfum - Ganesha Online Shop\",\"isPartOf\":{\"@id\":\"https:\\\/\\\/ganesha-shop-fuerth.de\\\/onlineshop\\\/#website\"},\"primaryImageOfPage\":{\"@id\":\"https:\\\/\\\/ganesha-shop-fuerth.de\\\/onlineshop\\\/shop\\\/exotische-parfums-aus-indien\\\/naturreine-parfums-aus-pushkar-indien-2\\\/#primaryimage\"},\"image\":{\"@id\":\"https:\\\/\\\/ganesha-shop-fuerth.de\\\/onlineshop\\\/shop\\\/exotische-parfums-aus-indien\\\/naturreine-parfums-aus-pushkar-indien-2\\\/#primaryimage\"},\"thumbnailUrl\":\"https:\\\/\\\/ganesha-shop-fuerth.de\\\/onlineshop\\\/wp-content\\\/uploads\\\/Parfum\\\/Vanilla-Amber-Opium-Parfum-Pushkhar.jpg\",\"datePublished\":\"2017-07-27T15:14:48+00:00\",\"dateModified\":\"2025-01-27T20:19:49+00:00\",\"description\":\"Parfums aus Pushkar in Indien im Ganesha Online Shop. Indische Vanile, Amber-Sandelholz-Saffran und Opium direkt vom Hersteller aus Pushkar.\",\"breadcrumb\":{\"@id\":\"https:\\\/\\\/ganesha-shop-fuerth.de\\\/onlineshop\\\/shop\\\/exotische-parfums-aus-indien\\\/naturreine-parfums-aus-pushkar-indien-2\\\/#breadcrumb\"},\"inLanguage\":\"de\",\"potentialAction\":[{\"@type\":\"ReadAction\",\"target\":[\"https:\\\/\\\/ganesha-shop-fuerth.de\\\/onlineshop\\\/shop\\\/exotische-parfums-aus-indien\\\/naturreine-parfums-aus-pushkar-indien-2\\\/\"]}]},{\"@type\":\"ImageObject\",\"inLanguage\":\"de\",\"@id\":\"https:\\\/\\\/ganesha-shop-fuerth.de\\\/onlineshop\\\/shop\\\/exotische-parfums-aus-indien\\\/naturreine-parfums-aus-pushkar-indien-2\\\/#primaryimage\",\"url\":\"https:\\\/\\\/ganesha-shop-fuerth.de\\\/onlineshop\\\/wp-content\\\/uploads\\\/Parfum\\\/Vanilla-Amber-Opium-Parfum-Pushkhar.jpg\",\"contentUrl\":\"https:\\\/\\\/ganesha-shop-fuerth.de\\\/onlineshop\\\/wp-content\\\/uploads\\\/Parfum\\\/Vanilla-Amber-Opium-Parfum-Pushkhar.jpg\",\"width\":900,\"height\":1045,\"caption\":\"Vanille-Amber Sandelholz Opium -Parfum-Pushkhar\"},{\"@type\":\"BreadcrumbList\",\"@id\":\"https:\\\/\\\/ganesha-shop-fuerth.de\\\/onlineshop\\\/shop\\\/exotische-parfums-aus-indien\\\/naturreine-parfums-aus-pushkar-indien-2\\\/#breadcrumb\",\"itemListElement\":[{\"@type\":\"ListItem\",\"position\":1,\"name\":\"Startseite\",\"item\":\"https:\\\/\\\/ganesha-shop-fuerth.de\\\/onlineshop\\\/\"},{\"@type\":\"ListItem\",\"position\":2,\"name\":\"Ganesha Online Shop\",\"item\":\"https:\\\/\\\/ganesha-shop-fuerth.de\\\/onlineshop\\\/shop\\\/\"},{\"@type\":\"ListItem\",\"position\":3,\"name\":\"Indian Vanila-Amber Sandelholz Saffran-Opium Parfum aus Pushkar\"}]},{\"@type\":\"WebSite\",\"@id\":\"https:\\\/\\\/ganesha-shop-fuerth.de\\\/onlineshop\\\/#website\",\"url\":\"https:\\\/\\\/ganesha-shop-fuerth.de\\\/onlineshop\\\/\",\"name\":\"Ganesha Online Shop\",\"description\":\"Schmuck Kleidung Accessoires aus Asien\",\"publisher\":{\"@id\":\"https:\\\/\\\/ganesha-shop-fuerth.de\\\/onlineshop\\\/#organization\"},\"potentialAction\":[{\"@type\":\"SearchAction\",\"target\":{\"@type\":\"EntryPoint\",\"urlTemplate\":\"https:\\\/\\\/ganesha-shop-fuerth.de\\\/onlineshop\\\/?s={search_term_string}\"},\"query-input\":{\"@type\":\"PropertyValueSpecification\",\"valueRequired\":true,\"valueName\":\"search_term_string\"}}],\"inLanguage\":\"de\"},{\"@type\":\"Organization\",\"@id\":\"https:\\\/\\\/ganesha-shop-fuerth.de\\\/onlineshop\\\/#organization\",\"name\":\"Ganesha Shop F\u00fcrth\",\"url\":\"https:\\\/\\\/ganesha-shop-fuerth.de\\\/onlineshop\\\/\",\"logo\":{\"@type\":\"ImageObject\",\"inLanguage\":\"de\",\"@id\":\"https:\\\/\\\/ganesha-shop-fuerth.de\\\/onlineshop\\\/#\\\/schema\\\/logo\\\/image\\\/\",\"url\":\"https:\\\/\\\/ganesha-shop-fuerth.de\\\/onlineshop\\\/wp-content\\\/uploads\\\/Logos\\\/ganesha-onlineshop-footer-logo-19-Jahre.png\",\"contentUrl\":\"https:\\\/\\\/ganesha-shop-fuerth.de\\\/onlineshop\\\/wp-content\\\/uploads\\\/Logos\\\/ganesha-onlineshop-footer-logo-19-Jahre.png\",\"width\":250,\"height\":299,\"caption\":\"Ganesha Shop F\u00fcrth\"},\"image\":{\"@id\":\"https:\\\/\\\/ganesha-shop-fuerth.de\\\/onlineshop\\\/#\\\/schema\\\/logo\\\/image\\\/\"},\"sameAs\":[\"https:\\\/\\\/de-de.facebook.com\\\/ganeshashopfuerth\\\/\",\"https:\\\/\\\/www.youtube.com\\\/channel\\\/UCECWtim6iWB8dozVcmw-GcA\"]}]}<\/script>\n<!-- \/ Yoast SEO plugin. -->","yoast_head_json":{"title":"Vanille-Amber Sandelholz Saffran-Opium Parfum - Ganesha Online Shop","description":"Parfums aus Pushkar in Indien im Ganesha Online Shop. Indische Vanile, Amber-Sandelholz-Saffran und Opium direkt vom Hersteller aus Pushkar.","robots":{"index":"index","follow":"follow","max-snippet":"max-snippet:-1","max-image-preview":"max-image-preview:large","max-video-preview":"max-video-preview:-1"},"canonical":"https:\/\/ganesha-shop-fuerth.de\/onlineshop\/shop\/exotische-parfums-aus-indien\/naturreine-parfums-aus-pushkar-indien-2\/","og_locale":"de_DE","og_type":"article","og_title":"Vanille-Amber Sandelholz Saffran-Opium Parfum - Ganesha Online Shop","og_description":"Parfums aus Pushkar in Indien im Ganesha Online Shop. Indische Vanile, Amber-Sandelholz-Saffran und Opium direkt vom Hersteller aus Pushkar.","og_url":"https:\/\/ganesha-shop-fuerth.de\/onlineshop\/shop\/exotische-parfums-aus-indien\/naturreine-parfums-aus-pushkar-indien-2\/","og_site_name":"Ganesha Online Shop","article_publisher":"https:\/\/de-de.facebook.com\/ganeshashopfuerth\/","article_modified_time":"2025-01-27T20:19:49+00:00","og_image":[{"width":900,"height":1045,"url":"https:\/\/ganesha-shop-fuerth.de\/onlineshop\/wp-content\/uploads\/Parfum\/Vanilla-Amber-Opium-Parfum-Pushkhar.jpg","type":"image\/jpeg"}],"twitter_card":"summary_large_image","twitter_misc":{"Gesch\u00e4tzte Lesezeit":"1\u00a0Minute"},"schema":{"@context":"https:\/\/schema.org","@graph":[{"@type":"WebPage","@id":"https:\/\/ganesha-shop-fuerth.de\/onlineshop\/shop\/exotische-parfums-aus-indien\/naturreine-parfums-aus-pushkar-indien-2\/","url":"https:\/\/ganesha-shop-fuerth.de\/onlineshop\/shop\/exotische-parfums-aus-indien\/naturreine-parfums-aus-pushkar-indien-2\/","name":"Vanille-Amber Sandelholz Saffran-Opium Parfum - Ganesha Online Shop","isPartOf":{"@id":"https:\/\/ganesha-shop-fuerth.de\/onlineshop\/#website"},"primaryImageOfPage":{"@id":"https:\/\/ganesha-shop-fuerth.de\/onlineshop\/shop\/exotische-parfums-aus-indien\/naturreine-parfums-aus-pushkar-indien-2\/#primaryimage"},"image":{"@id":"https:\/\/ganesha-shop-fuerth.de\/onlineshop\/shop\/exotische-parfums-aus-indien\/naturreine-parfums-aus-pushkar-indien-2\/#primaryimage"},"thumbnailUrl":"https:\/\/ganesha-shop-fuerth.de\/onlineshop\/wp-content\/uploads\/Parfum\/Vanilla-Amber-Opium-Parfum-Pushkhar.jpg","datePublished":"2017-07-27T15:14:48+00:00","dateModified":"2025-01-27T20:19:49+00:00","description":"Parfums aus Pushkar in Indien im Ganesha Online Shop. Indische Vanile, Amber-Sandelholz-Saffran und Opium direkt vom Hersteller aus Pushkar.","breadcrumb":{"@id":"https:\/\/ganesha-shop-fuerth.de\/onlineshop\/shop\/exotische-parfums-aus-indien\/naturreine-parfums-aus-pushkar-indien-2\/#breadcrumb"},"inLanguage":"de","potentialAction":[{"@type":"ReadAction","target":["https:\/\/ganesha-shop-fuerth.de\/onlineshop\/shop\/exotische-parfums-aus-indien\/naturreine-parfums-aus-pushkar-indien-2\/"]}]},{"@type":"ImageObject","inLanguage":"de","@id":"https:\/\/ganesha-shop-fuerth.de\/onlineshop\/shop\/exotische-parfums-aus-indien\/naturreine-parfums-aus-pushkar-indien-2\/#primaryimage","url":"https:\/\/ganesha-shop-fuerth.de\/onlineshop\/wp-content\/uploads\/Parfum\/Vanilla-Amber-Opium-Parfum-Pushkhar.jpg","contentUrl":"https:\/\/ganesha-shop-fuerth.de\/onlineshop\/wp-content\/uploads\/Parfum\/Vanilla-Amber-Opium-Parfum-Pushkhar.jpg","width":900,"height":1045,"caption":"Vanille-Amber Sandelholz Opium -Parfum-Pushkhar"},{"@type":"BreadcrumbList","@id":"https:\/\/ganesha-shop-fuerth.de\/onlineshop\/shop\/exotische-parfums-aus-indien\/naturreine-parfums-aus-pushkar-indien-2\/#breadcrumb","itemListElement":[{"@type":"ListItem","position":1,"name":"Startseite","item":"https:\/\/ganesha-shop-fuerth.de\/onlineshop\/"},{"@type":"ListItem","position":2,"name":"Ganesha Online Shop","item":"https:\/\/ganesha-shop-fuerth.de\/onlineshop\/shop\/"},{"@type":"ListItem","position":3,"name":"Indian Vanila-Amber Sandelholz Saffran-Opium Parfum aus Pushkar"}]},{"@type":"WebSite","@id":"https:\/\/ganesha-shop-fuerth.de\/onlineshop\/#website","url":"https:\/\/ganesha-shop-fuerth.de\/onlineshop\/","name":"Ganesha Online Shop","description":"Schmuck Kleidung Accessoires aus Asien","publisher":{"@id":"https:\/\/ganesha-shop-fuerth.de\/onlineshop\/#organization"},"potentialAction":[{"@type":"SearchAction","target":{"@type":"EntryPoint","urlTemplate":"https:\/\/ganesha-shop-fuerth.de\/onlineshop\/?s={search_term_string}"},"query-input":{"@type":"PropertyValueSpecification","valueRequired":true,"valueName":"search_term_string"}}],"inLanguage":"de"},{"@type":"Organization","@id":"https:\/\/ganesha-shop-fuerth.de\/onlineshop\/#organization","name":"Ganesha Shop F\u00fcrth","url":"https:\/\/ganesha-shop-fuerth.de\/onlineshop\/","logo":{"@type":"ImageObject","inLanguage":"de","@id":"https:\/\/ganesha-shop-fuerth.de\/onlineshop\/#\/schema\/logo\/image\/","url":"https:\/\/ganesha-shop-fuerth.de\/onlineshop\/wp-content\/uploads\/Logos\/ganesha-onlineshop-footer-logo-19-Jahre.png","contentUrl":"https:\/\/ganesha-shop-fuerth.de\/onlineshop\/wp-content\/uploads\/Logos\/ganesha-onlineshop-footer-logo-19-Jahre.png","width":250,"height":299,"caption":"Ganesha Shop F\u00fcrth"},"image":{"@id":"https:\/\/ganesha-shop-fuerth.de\/onlineshop\/#\/schema\/logo\/image\/"},"sameAs":["https:\/\/de-de.facebook.com\/ganeshashopfuerth\/","https:\/\/www.youtube.com\/channel\/UCECWtim6iWB8dozVcmw-GcA"]}]}},"_links":{"self":[{"href":"https:\/\/ganesha-shop-fuerth.de\/onlineshop\/wp-json\/wp\/v2\/product\/1124","targetHints":{"allow":["GET"]}}],"collection":[{"href":"https:\/\/ganesha-shop-fuerth.de\/onlineshop\/wp-json\/wp\/v2\/product"}],"about":[{"href":"https:\/\/ganesha-shop-fuerth.de\/onlineshop\/wp-json\/wp\/v2\/types\/product"}],"replies":[{"embeddable":true,"href":"https:\/\/ganesha-shop-fuerth.de\/onlineshop\/wp-json\/wp\/v2\/comments?post=1124"}],"wp:featuredmedia":[{"embeddable":true,"href":"https:\/\/ganesha-shop-fuerth.de\/onlineshop\/wp-json\/wp\/v2\/media\/1120"}],"wp:attachment":[{"href":"https:\/\/ganesha-shop-fuerth.de\/onlineshop\/wp-json\/wp\/v2\/media?parent=1124"}],"wp:term":[{"taxonomy":"product_brand","embeddable":true,"href":"https:\/\/ganesha-shop-fuerth.de\/onlineshop\/wp-json\/wp\/v2\/product_brand?post=1124"},{"taxonomy":"product_cat","embeddable":true,"href":"https:\/\/ganesha-shop-fuerth.de\/onlineshop\/wp-json\/wp\/v2\/product_cat?post=1124"},{"taxonomy":"product_tag","embeddable":true,"href":"https:\/\/ganesha-shop-fuerth.de\/onlineshop\/wp-json\/wp\/v2\/product_tag?post=1124"}],"curies":[{"name":"wp","href":"https:\/\/api.w.org\/{rel}","templated":true}]}}