{"id":1358,"date":"2017-11-25T14:47:11","date_gmt":"2017-11-25T13:47:11","guid":{"rendered":"https:\/\/ganesha-shop-fuerth.de\/onlineshop\/?post_type=product&#038;p=1358"},"modified":"2021-07-10T20:33:29","modified_gmt":"2021-07-10T18:33:29","slug":"bone-mala-mit-zaehler","status":"publish","type":"product","link":"https:\/\/ganesha-shop-fuerth.de\/onlineshop\/shop\/meditationszubehoer\/malas\/bone-mala-mit-zaehler\/","title":{"rendered":"Bone Mala mit Z\u00e4hler"},"content":{"rendered":"<h3>Bone Mala mit Z\u00e4hler<\/h3>\n<p>Bone Mala mit Z\u00e4hler:<br \/>\nDie Mala ist eine buddhistische Gebetskette mit 108 Perlen. Sie wird zur Meditation und zur Mantra Rezitation eingesetzt.<\/p>\n<p>Die Bedeutung der 108 Perlen:<br \/>\nDie Anschauungen und Weisheiten Buddhas wurden in 108 B\u00e4nden des Kanjur verzeichnet und gesammelt. Darauf verweisen die 108 Perlen in der Mala. Weitere Informationen zur Mala finden Sie <a title=\"externer Link zu Wikipedia\" href=\"https:\/\/de.wikipedia.org\/wiki\/Mala_(Gebetskette)\" target=\"_blank\" rel=\"noopener\">hier<\/a>. Die Mala Kette ist durchgehend ohne Verschluss oder \u00d6ffnung. Alle Perlen sind auf einem orangenen Stoff-Faden eingef\u00e4delt. \u2205 der Perlen = 0,8 cm. L\u00e4nge mit Quaste ca. 42 cm. Die Mala Perlen sind \u00fcberwiegend dunkelbraun.<\/p>\n<figure id=\"attachment_1357\" aria-describedby=\"caption-attachment-1357\" style=\"width: 360px\" class=\"wp-caption alignnone\"><img loading=\"lazy\" decoding=\"async\" class=\"wp-image-1357\" src=\"https:\/\/ganesha-shop-fuerth.de\/onlineshop\/wp-content\/uploads\/Meditationszubeh\u00f6r\/gso-mala-bone-0004a-magnify-258x300.jpg\" alt=\"Bone Mala mit Z\u00e4hler - Shop\" width=\"360\" height=\"418\" srcset=\"https:\/\/ganesha-shop-fuerth.de\/onlineshop\/wp-content\/uploads\/Meditationszubeh\u00f6r\/gso-mala-bone-0004a-magnify-258x300.jpg 258w, https:\/\/ganesha-shop-fuerth.de\/onlineshop\/wp-content\/uploads\/Meditationszubeh\u00f6r\/gso-mala-bone-0004a-magnify-324x376.jpg 324w, https:\/\/ganesha-shop-fuerth.de\/onlineshop\/wp-content\/uploads\/Meditationszubeh\u00f6r\/gso-mala-bone-0004a-magnify-416x483.jpg 416w, https:\/\/ganesha-shop-fuerth.de\/onlineshop\/wp-content\/uploads\/Meditationszubeh\u00f6r\/gso-mala-bone-0004a-magnify-768x892.jpg 768w, https:\/\/ganesha-shop-fuerth.de\/onlineshop\/wp-content\/uploads\/Meditationszubeh\u00f6r\/gso-mala-bone-0004a-magnify-882x1024.jpg 882w, https:\/\/ganesha-shop-fuerth.de\/onlineshop\/wp-content\/uploads\/Meditationszubeh\u00f6r\/gso-mala-bone-0004a-magnify.jpg 900w\" sizes=\"auto, (max-width: 360px) 100vw, 360px\" \/><figcaption id=\"caption-attachment-1357\" class=\"wp-caption-text\">Bone Mala mit Z\u00e4hler<\/figcaption><\/figure>\n","protected":false},"excerpt":{"rendered":"<p>Bone Mala mit Z\u00e4hler<\/p>\n","protected":false},"featured_media":1356,"comment_status":"closed","ping_status":"closed","template":"","meta":[],"product_brand":[],"product_cat":[139,138],"product_tag":[143,140],"class_list":{"0":"post-1358","1":"product","2":"type-product","3":"status-publish","4":"has-post-thumbnail","6":"product_cat-malas","7":"product_cat-meditationszubehoer","8":"product_tag-mala","9":"product_tag-meditationszubehoer","11":"first","12":"outofstock","13":"featured","14":"taxable","15":"shipping-taxable","16":"purchasable","17":"product-type-simple"},"yoast_head":"<!-- This site is optimized with the Yoast SEO plugin v27.3 - https:\/\/yoast.com\/product\/yoast-seo-wordpress\/ -->\n<title>Bone Mala mit Z\u00e4hler Gebetsketten - Ganesha Online Shop<\/title>\n<meta name=\"description\" content=\"Im Onlineshop und im Laden Gesch\u00e4ft: Meditationszubeh\u00f6r wie z.B. Bone Mala mit Z\u00e4hler und Gebetsketten im Ganesha Online Shop.\" \/>\n<meta name=\"robots\" content=\"index, follow, max-snippet:-1, max-image-preview:large, max-video-preview:-1\" \/>\n<link rel=\"canonical\" href=\"https:\/\/ganesha-shop-fuerth.de\/onlineshop\/shop\/meditationszubehoer\/malas\/bone-mala-mit-zaehler\/\" \/>\n<meta property=\"og:locale\" content=\"de_DE\" \/>\n<meta property=\"og:type\" content=\"article\" \/>\n<meta property=\"og:title\" content=\"Bone Mala mit Z\u00e4hler Gebetsketten - Ganesha Online Shop\" \/>\n<meta property=\"og:description\" content=\"Im Onlineshop und im Laden Gesch\u00e4ft: Meditationszubeh\u00f6r wie z.B. Bone Mala mit Z\u00e4hler und Gebetsketten im Ganesha Online Shop.\" \/>\n<meta property=\"og:url\" content=\"https:\/\/ganesha-shop-fuerth.de\/onlineshop\/shop\/meditationszubehoer\/malas\/bone-mala-mit-zaehler\/\" \/>\n<meta property=\"og:site_name\" content=\"Ganesha Online Shop\" \/>\n<meta property=\"article:publisher\" content=\"https:\/\/de-de.facebook.com\/ganeshashopfuerth\/\" \/>\n<meta property=\"article:modified_time\" content=\"2021-07-10T18:33:29+00:00\" \/>\n<meta property=\"og:image\" content=\"https:\/\/ganesha-shop-fuerth.de\/onlineshop\/wp-content\/uploads\/Meditationszubeh\u00f6r\/gso-mala-bone-0004-magnify.jpg\" \/>\n\t<meta property=\"og:image:width\" content=\"900\" \/>\n\t<meta property=\"og:image:height\" content=\"1045\" \/>\n\t<meta property=\"og:image:type\" content=\"image\/jpeg\" \/>\n<meta name=\"twitter:card\" content=\"summary_large_image\" \/>\n<meta name=\"twitter:label1\" content=\"Gesch\u00e4tzte Lesezeit\" \/>\n\t<meta name=\"twitter:data1\" content=\"1\u00a0Minute\" \/>\n<script type=\"application\/ld+json\" class=\"yoast-schema-graph\">{\"@context\":\"https:\\\/\\\/schema.org\",\"@graph\":[{\"@type\":\"WebPage\",\"@id\":\"https:\\\/\\\/ganesha-shop-fuerth.de\\\/onlineshop\\\/shop\\\/meditationszubehoer\\\/malas\\\/bone-mala-mit-zaehler\\\/\",\"url\":\"https:\\\/\\\/ganesha-shop-fuerth.de\\\/onlineshop\\\/shop\\\/meditationszubehoer\\\/malas\\\/bone-mala-mit-zaehler\\\/\",\"name\":\"Bone Mala mit Z\u00e4hler Gebetsketten - Ganesha Online Shop\",\"isPartOf\":{\"@id\":\"https:\\\/\\\/ganesha-shop-fuerth.de\\\/onlineshop\\\/#website\"},\"primaryImageOfPage\":{\"@id\":\"https:\\\/\\\/ganesha-shop-fuerth.de\\\/onlineshop\\\/shop\\\/meditationszubehoer\\\/malas\\\/bone-mala-mit-zaehler\\\/#primaryimage\"},\"image\":{\"@id\":\"https:\\\/\\\/ganesha-shop-fuerth.de\\\/onlineshop\\\/shop\\\/meditationszubehoer\\\/malas\\\/bone-mala-mit-zaehler\\\/#primaryimage\"},\"thumbnailUrl\":\"https:\\\/\\\/ganesha-shop-fuerth.de\\\/onlineshop\\\/wp-content\\\/uploads\\\/Meditationszubeh\u00f6r\\\/gso-mala-bone-0004-magnify.jpg\",\"datePublished\":\"2017-11-25T13:47:11+00:00\",\"dateModified\":\"2021-07-10T18:33:29+00:00\",\"description\":\"Im Onlineshop und im Laden Gesch\u00e4ft: Meditationszubeh\u00f6r wie z.B. Bone Mala mit Z\u00e4hler und Gebetsketten im Ganesha Online Shop.\",\"breadcrumb\":{\"@id\":\"https:\\\/\\\/ganesha-shop-fuerth.de\\\/onlineshop\\\/shop\\\/meditationszubehoer\\\/malas\\\/bone-mala-mit-zaehler\\\/#breadcrumb\"},\"inLanguage\":\"de\",\"potentialAction\":[{\"@type\":\"ReadAction\",\"target\":[\"https:\\\/\\\/ganesha-shop-fuerth.de\\\/onlineshop\\\/shop\\\/meditationszubehoer\\\/malas\\\/bone-mala-mit-zaehler\\\/\"]}]},{\"@type\":\"ImageObject\",\"inLanguage\":\"de\",\"@id\":\"https:\\\/\\\/ganesha-shop-fuerth.de\\\/onlineshop\\\/shop\\\/meditationszubehoer\\\/malas\\\/bone-mala-mit-zaehler\\\/#primaryimage\",\"url\":\"https:\\\/\\\/ganesha-shop-fuerth.de\\\/onlineshop\\\/wp-content\\\/uploads\\\/Meditationszubeh\u00f6r\\\/gso-mala-bone-0004-magnify.jpg\",\"contentUrl\":\"https:\\\/\\\/ganesha-shop-fuerth.de\\\/onlineshop\\\/wp-content\\\/uploads\\\/Meditationszubeh\u00f6r\\\/gso-mala-bone-0004-magnify.jpg\",\"width\":900,\"height\":1045,\"caption\":\"Bone Mala mit Z\u00e4hler\"},{\"@type\":\"BreadcrumbList\",\"@id\":\"https:\\\/\\\/ganesha-shop-fuerth.de\\\/onlineshop\\\/shop\\\/meditationszubehoer\\\/malas\\\/bone-mala-mit-zaehler\\\/#breadcrumb\",\"itemListElement\":[{\"@type\":\"ListItem\",\"position\":1,\"name\":\"Startseite\",\"item\":\"https:\\\/\\\/ganesha-shop-fuerth.de\\\/onlineshop\\\/\"},{\"@type\":\"ListItem\",\"position\":2,\"name\":\"Ganesha Online Shop\",\"item\":\"https:\\\/\\\/ganesha-shop-fuerth.de\\\/onlineshop\\\/shop\\\/\"},{\"@type\":\"ListItem\",\"position\":3,\"name\":\"Bone Mala mit Z\u00e4hler\"}]},{\"@type\":\"WebSite\",\"@id\":\"https:\\\/\\\/ganesha-shop-fuerth.de\\\/onlineshop\\\/#website\",\"url\":\"https:\\\/\\\/ganesha-shop-fuerth.de\\\/onlineshop\\\/\",\"name\":\"Ganesha Online Shop\",\"description\":\"Schmuck Kleidung Accessoires aus Asien\",\"publisher\":{\"@id\":\"https:\\\/\\\/ganesha-shop-fuerth.de\\\/onlineshop\\\/#organization\"},\"potentialAction\":[{\"@type\":\"SearchAction\",\"target\":{\"@type\":\"EntryPoint\",\"urlTemplate\":\"https:\\\/\\\/ganesha-shop-fuerth.de\\\/onlineshop\\\/?s={search_term_string}\"},\"query-input\":{\"@type\":\"PropertyValueSpecification\",\"valueRequired\":true,\"valueName\":\"search_term_string\"}}],\"inLanguage\":\"de\"},{\"@type\":\"Organization\",\"@id\":\"https:\\\/\\\/ganesha-shop-fuerth.de\\\/onlineshop\\\/#organization\",\"name\":\"Ganesha Shop F\u00fcrth\",\"url\":\"https:\\\/\\\/ganesha-shop-fuerth.de\\\/onlineshop\\\/\",\"logo\":{\"@type\":\"ImageObject\",\"inLanguage\":\"de\",\"@id\":\"https:\\\/\\\/ganesha-shop-fuerth.de\\\/onlineshop\\\/#\\\/schema\\\/logo\\\/image\\\/\",\"url\":\"https:\\\/\\\/ganesha-shop-fuerth.de\\\/onlineshop\\\/wp-content\\\/uploads\\\/Logos\\\/ganesha-onlineshop-footer-logo-19-Jahre.png\",\"contentUrl\":\"https:\\\/\\\/ganesha-shop-fuerth.de\\\/onlineshop\\\/wp-content\\\/uploads\\\/Logos\\\/ganesha-onlineshop-footer-logo-19-Jahre.png\",\"width\":250,\"height\":299,\"caption\":\"Ganesha Shop F\u00fcrth\"},\"image\":{\"@id\":\"https:\\\/\\\/ganesha-shop-fuerth.de\\\/onlineshop\\\/#\\\/schema\\\/logo\\\/image\\\/\"},\"sameAs\":[\"https:\\\/\\\/de-de.facebook.com\\\/ganeshashopfuerth\\\/\",\"https:\\\/\\\/www.youtube.com\\\/channel\\\/UCECWtim6iWB8dozVcmw-GcA\"]}]}<\/script>\n<!-- \/ Yoast SEO plugin. -->","yoast_head_json":{"title":"Bone Mala mit Z\u00e4hler Gebetsketten - Ganesha Online Shop","description":"Im Onlineshop und im Laden Gesch\u00e4ft: Meditationszubeh\u00f6r wie z.B. Bone Mala mit Z\u00e4hler und Gebetsketten im Ganesha Online Shop.","robots":{"index":"index","follow":"follow","max-snippet":"max-snippet:-1","max-image-preview":"max-image-preview:large","max-video-preview":"max-video-preview:-1"},"canonical":"https:\/\/ganesha-shop-fuerth.de\/onlineshop\/shop\/meditationszubehoer\/malas\/bone-mala-mit-zaehler\/","og_locale":"de_DE","og_type":"article","og_title":"Bone Mala mit Z\u00e4hler Gebetsketten - Ganesha Online Shop","og_description":"Im Onlineshop und im Laden Gesch\u00e4ft: Meditationszubeh\u00f6r wie z.B. Bone Mala mit Z\u00e4hler und Gebetsketten im Ganesha Online Shop.","og_url":"https:\/\/ganesha-shop-fuerth.de\/onlineshop\/shop\/meditationszubehoer\/malas\/bone-mala-mit-zaehler\/","og_site_name":"Ganesha Online Shop","article_publisher":"https:\/\/de-de.facebook.com\/ganeshashopfuerth\/","article_modified_time":"2021-07-10T18:33:29+00:00","og_image":[{"width":900,"height":1045,"url":"https:\/\/ganesha-shop-fuerth.de\/onlineshop\/wp-content\/uploads\/Meditationszubeh\u00f6r\/gso-mala-bone-0004-magnify.jpg","type":"image\/jpeg"}],"twitter_card":"summary_large_image","twitter_misc":{"Gesch\u00e4tzte Lesezeit":"1\u00a0Minute"},"schema":{"@context":"https:\/\/schema.org","@graph":[{"@type":"WebPage","@id":"https:\/\/ganesha-shop-fuerth.de\/onlineshop\/shop\/meditationszubehoer\/malas\/bone-mala-mit-zaehler\/","url":"https:\/\/ganesha-shop-fuerth.de\/onlineshop\/shop\/meditationszubehoer\/malas\/bone-mala-mit-zaehler\/","name":"Bone Mala mit Z\u00e4hler Gebetsketten - Ganesha Online Shop","isPartOf":{"@id":"https:\/\/ganesha-shop-fuerth.de\/onlineshop\/#website"},"primaryImageOfPage":{"@id":"https:\/\/ganesha-shop-fuerth.de\/onlineshop\/shop\/meditationszubehoer\/malas\/bone-mala-mit-zaehler\/#primaryimage"},"image":{"@id":"https:\/\/ganesha-shop-fuerth.de\/onlineshop\/shop\/meditationszubehoer\/malas\/bone-mala-mit-zaehler\/#primaryimage"},"thumbnailUrl":"https:\/\/ganesha-shop-fuerth.de\/onlineshop\/wp-content\/uploads\/Meditationszubeh\u00f6r\/gso-mala-bone-0004-magnify.jpg","datePublished":"2017-11-25T13:47:11+00:00","dateModified":"2021-07-10T18:33:29+00:00","description":"Im Onlineshop und im Laden Gesch\u00e4ft: Meditationszubeh\u00f6r wie z.B. Bone Mala mit Z\u00e4hler und Gebetsketten im Ganesha Online Shop.","breadcrumb":{"@id":"https:\/\/ganesha-shop-fuerth.de\/onlineshop\/shop\/meditationszubehoer\/malas\/bone-mala-mit-zaehler\/#breadcrumb"},"inLanguage":"de","potentialAction":[{"@type":"ReadAction","target":["https:\/\/ganesha-shop-fuerth.de\/onlineshop\/shop\/meditationszubehoer\/malas\/bone-mala-mit-zaehler\/"]}]},{"@type":"ImageObject","inLanguage":"de","@id":"https:\/\/ganesha-shop-fuerth.de\/onlineshop\/shop\/meditationszubehoer\/malas\/bone-mala-mit-zaehler\/#primaryimage","url":"https:\/\/ganesha-shop-fuerth.de\/onlineshop\/wp-content\/uploads\/Meditationszubeh\u00f6r\/gso-mala-bone-0004-magnify.jpg","contentUrl":"https:\/\/ganesha-shop-fuerth.de\/onlineshop\/wp-content\/uploads\/Meditationszubeh\u00f6r\/gso-mala-bone-0004-magnify.jpg","width":900,"height":1045,"caption":"Bone Mala mit Z\u00e4hler"},{"@type":"BreadcrumbList","@id":"https:\/\/ganesha-shop-fuerth.de\/onlineshop\/shop\/meditationszubehoer\/malas\/bone-mala-mit-zaehler\/#breadcrumb","itemListElement":[{"@type":"ListItem","position":1,"name":"Startseite","item":"https:\/\/ganesha-shop-fuerth.de\/onlineshop\/"},{"@type":"ListItem","position":2,"name":"Ganesha Online Shop","item":"https:\/\/ganesha-shop-fuerth.de\/onlineshop\/shop\/"},{"@type":"ListItem","position":3,"name":"Bone Mala mit Z\u00e4hler"}]},{"@type":"WebSite","@id":"https:\/\/ganesha-shop-fuerth.de\/onlineshop\/#website","url":"https:\/\/ganesha-shop-fuerth.de\/onlineshop\/","name":"Ganesha Online Shop","description":"Schmuck Kleidung Accessoires aus Asien","publisher":{"@id":"https:\/\/ganesha-shop-fuerth.de\/onlineshop\/#organization"},"potentialAction":[{"@type":"SearchAction","target":{"@type":"EntryPoint","urlTemplate":"https:\/\/ganesha-shop-fuerth.de\/onlineshop\/?s={search_term_string}"},"query-input":{"@type":"PropertyValueSpecification","valueRequired":true,"valueName":"search_term_string"}}],"inLanguage":"de"},{"@type":"Organization","@id":"https:\/\/ganesha-shop-fuerth.de\/onlineshop\/#organization","name":"Ganesha Shop F\u00fcrth","url":"https:\/\/ganesha-shop-fuerth.de\/onlineshop\/","logo":{"@type":"ImageObject","inLanguage":"de","@id":"https:\/\/ganesha-shop-fuerth.de\/onlineshop\/#\/schema\/logo\/image\/","url":"https:\/\/ganesha-shop-fuerth.de\/onlineshop\/wp-content\/uploads\/Logos\/ganesha-onlineshop-footer-logo-19-Jahre.png","contentUrl":"https:\/\/ganesha-shop-fuerth.de\/onlineshop\/wp-content\/uploads\/Logos\/ganesha-onlineshop-footer-logo-19-Jahre.png","width":250,"height":299,"caption":"Ganesha Shop F\u00fcrth"},"image":{"@id":"https:\/\/ganesha-shop-fuerth.de\/onlineshop\/#\/schema\/logo\/image\/"},"sameAs":["https:\/\/de-de.facebook.com\/ganeshashopfuerth\/","https:\/\/www.youtube.com\/channel\/UCECWtim6iWB8dozVcmw-GcA"]}]}},"_links":{"self":[{"href":"https:\/\/ganesha-shop-fuerth.de\/onlineshop\/wp-json\/wp\/v2\/product\/1358","targetHints":{"allow":["GET"]}}],"collection":[{"href":"https:\/\/ganesha-shop-fuerth.de\/onlineshop\/wp-json\/wp\/v2\/product"}],"about":[{"href":"https:\/\/ganesha-shop-fuerth.de\/onlineshop\/wp-json\/wp\/v2\/types\/product"}],"replies":[{"embeddable":true,"href":"https:\/\/ganesha-shop-fuerth.de\/onlineshop\/wp-json\/wp\/v2\/comments?post=1358"}],"wp:featuredmedia":[{"embeddable":true,"href":"https:\/\/ganesha-shop-fuerth.de\/onlineshop\/wp-json\/wp\/v2\/media\/1356"}],"wp:attachment":[{"href":"https:\/\/ganesha-shop-fuerth.de\/onlineshop\/wp-json\/wp\/v2\/media?parent=1358"}],"wp:term":[{"taxonomy":"product_brand","embeddable":true,"href":"https:\/\/ganesha-shop-fuerth.de\/onlineshop\/wp-json\/wp\/v2\/product_brand?post=1358"},{"taxonomy":"product_cat","embeddable":true,"href":"https:\/\/ganesha-shop-fuerth.de\/onlineshop\/wp-json\/wp\/v2\/product_cat?post=1358"},{"taxonomy":"product_tag","embeddable":true,"href":"https:\/\/ganesha-shop-fuerth.de\/onlineshop\/wp-json\/wp\/v2\/product_tag?post=1358"}],"curies":[{"name":"wp","href":"https:\/\/api.w.org\/{rel}","templated":true}]}}