{"id":2056,"date":"2019-01-10T16:09:03","date_gmt":"2019-01-10T15:09:03","guid":{"rendered":"https:\/\/ganesha-shop-fuerth.de\/onlineshop\/?post_type=product&#038;p=2056"},"modified":"2026-01-07T15:54:08","modified_gmt":"2026-01-07T14:54:08","slug":"om-messing-anhaenger","status":"publish","type":"product","link":"https:\/\/ganesha-shop-fuerth.de\/onlineshop\/shop\/messing-schmuck\/messing-anhaenger\/om-messing-anhaenger\/","title":{"rendered":"OM Messing Anh\u00e4nger"},"content":{"rendered":"<p>OM Messing Anh\u00e4nger aus Indien. Die hier angebotenen OM Messing Anh\u00e4nger unterscheiden sich geringf\u00fcgig in den Ma\u00dfen. Bitte w\u00e4hlen Sie oben im Dropdown Men\u00fc die gew\u00fcnschte Variante aus und Sie erhalten alle relevanten Informationen zur jeweiligen Variante.<br \/>\nIn vielen indischen Schriften wird die Silbe Om durch ein spezielles Zeichen dargestellt. <span class=\"ILfuVd NA6bn\">Das Om Zeichen ist das Kraftsymbol des G\u00f6ttlichen und der Dreieinheit. Der Om Klang f\u00fchrt zu Harmonie auf der K\u00f6rper-Geist-Seele-Ebene. Mehr Informationen zum &#8222;OM&#8220; finden Sie u.a. <a href=\"http:\/\/www.yoga-jetzt.net\/was-bedeutet-om\/\" target=\"_blank\" rel=\"noopener noreferrer\">hier<\/a>.<\/span><\/p>\n<figure id=\"attachment_2052\" aria-describedby=\"caption-attachment-2052\" style=\"width: 300px\" class=\"wp-caption alignleft\"><a href=\"https:\/\/ganesha-shop-fuerth.de\/onlineshop\/wp-content\/uploads\/Messing-Schmuck\/Messing-Anhaenger\/gso-messing-anhaenger-0004.jpg\" target=\"_blank\" rel=\"noopener noreferrer\"><img loading=\"lazy\" decoding=\"async\" class=\"wp-image-2052\" src=\"https:\/\/ganesha-shop-fuerth.de\/onlineshop\/wp-content\/uploads\/Messing-Schmuck\/Messing-Anhaenger\/gso-messing-anhaenger-0004-258x300.jpg\" alt=\"OM Anh\u00e4nger aus Messing preiswert im Ganesha Online Shop kaufen\" width=\"300\" height=\"348\" srcset=\"https:\/\/ganesha-shop-fuerth.de\/onlineshop\/wp-content\/uploads\/Messing-Schmuck\/Messing-Anhaenger\/gso-messing-anhaenger-0004-258x300.jpg 258w, https:\/\/ganesha-shop-fuerth.de\/onlineshop\/wp-content\/uploads\/Messing-Schmuck\/Messing-Anhaenger\/gso-messing-anhaenger-0004-324x376.jpg 324w, https:\/\/ganesha-shop-fuerth.de\/onlineshop\/wp-content\/uploads\/Messing-Schmuck\/Messing-Anhaenger\/gso-messing-anhaenger-0004-416x483.jpg 416w, https:\/\/ganesha-shop-fuerth.de\/onlineshop\/wp-content\/uploads\/Messing-Schmuck\/Messing-Anhaenger\/gso-messing-anhaenger-0004-768x891.jpg 768w, https:\/\/ganesha-shop-fuerth.de\/onlineshop\/wp-content\/uploads\/Messing-Schmuck\/Messing-Anhaenger\/gso-messing-anhaenger-0004-882x1024.jpg 882w, https:\/\/ganesha-shop-fuerth.de\/onlineshop\/wp-content\/uploads\/Messing-Schmuck\/Messing-Anhaenger\/gso-messing-anhaenger-0004.jpg 990w\" sizes=\"auto, (max-width: 300px) 100vw, 300px\" \/><\/a><figcaption id=\"caption-attachment-2052\" class=\"wp-caption-text\">OM Anh\u00e4nger aus Messing Variante 1<\/figcaption><\/figure>\n<figure id=\"attachment_2070\" aria-describedby=\"caption-attachment-2070\" style=\"width: 300px\" class=\"wp-caption alignleft\"><a href=\"https:\/\/ganesha-shop-fuerth.de\/onlineshop\/wp-content\/uploads\/Messing-Schmuck\/Messing-Anhaenger\/gso-messing-anhaenger-0004a.jpg\" target=\"_blank\" rel=\"noopener noreferrer\"><img loading=\"lazy\" decoding=\"async\" class=\"wp-image-2070\" src=\"https:\/\/ganesha-shop-fuerth.de\/onlineshop\/wp-content\/uploads\/Messing-Schmuck\/Messing-Anhaenger\/gso-messing-anhaenger-0004a-258x300.jpg\" alt=\"OM Messing Anh\u00e4nger g\u00fcnstig im Ganesha Online Shop\" width=\"300\" height=\"348\" srcset=\"https:\/\/ganesha-shop-fuerth.de\/onlineshop\/wp-content\/uploads\/Messing-Schmuck\/Messing-Anhaenger\/gso-messing-anhaenger-0004a-258x300.jpg 258w, https:\/\/ganesha-shop-fuerth.de\/onlineshop\/wp-content\/uploads\/Messing-Schmuck\/Messing-Anhaenger\/gso-messing-anhaenger-0004a-324x376.jpg 324w, https:\/\/ganesha-shop-fuerth.de\/onlineshop\/wp-content\/uploads\/Messing-Schmuck\/Messing-Anhaenger\/gso-messing-anhaenger-0004a-416x483.jpg 416w, https:\/\/ganesha-shop-fuerth.de\/onlineshop\/wp-content\/uploads\/Messing-Schmuck\/Messing-Anhaenger\/gso-messing-anhaenger-0004a-768x891.jpg 768w, https:\/\/ganesha-shop-fuerth.de\/onlineshop\/wp-content\/uploads\/Messing-Schmuck\/Messing-Anhaenger\/gso-messing-anhaenger-0004a-882x1024.jpg 882w, https:\/\/ganesha-shop-fuerth.de\/onlineshop\/wp-content\/uploads\/Messing-Schmuck\/Messing-Anhaenger\/gso-messing-anhaenger-0004a.jpg 990w\" sizes=\"auto, (max-width: 300px) 100vw, 300px\" \/><\/a><figcaption id=\"caption-attachment-2070\" class=\"wp-caption-text\">OM Messing Anh\u00e4nger Variante 2<\/figcaption><\/figure>\n","protected":false},"excerpt":{"rendered":"<p>OM Messing Anh\u00e4nger\u00a0aus Indien<\/p>\n","protected":false},"featured_media":2052,"comment_status":"open","ping_status":"closed","template":"","meta":[],"product_brand":[],"product_cat":[215,172,171],"product_tag":[228,64,173,186],"class_list":{"0":"post-2056","1":"product","2":"type-product","3":"status-publish","4":"has-post-thumbnail","6":"product_cat-esoterik-schmuck","7":"product_cat-messing-anhaenger","8":"product_cat-messing-schmuck","9":"product_tag-esoterik-artikel","10":"product_tag-kultsymbole","11":"product_tag-messing-schmuck","12":"product_tag-om-schmuck","14":"first","15":"instock","16":"featured","17":"taxable","18":"shipping-taxable","19":"purchasable","20":"product-type-variable"},"yoast_head":"<!-- This site is optimized with the Yoast SEO plugin v27.3 - https:\/\/yoast.com\/product\/yoast-seo-wordpress\/ -->\n<title>OM Messing Anh\u00e4nger im Ganesha Online Shop preiswert kaufen<\/title>\n<meta name=\"description\" content=\"OM Messing Anh\u00e4nger aus Indien im Ganesha Online Shop. Au\u00dferdem weitere Messing Anh\u00e4nger mit verschiedenen Motiven verf\u00fcgbar.\" \/>\n<meta name=\"robots\" content=\"index, follow, max-snippet:-1, max-image-preview:large, max-video-preview:-1\" \/>\n<link rel=\"canonical\" href=\"https:\/\/ganesha-shop-fuerth.de\/onlineshop\/shop\/messing-schmuck\/messing-anhaenger\/om-messing-anhaenger\/\" \/>\n<meta property=\"og:locale\" content=\"de_DE\" \/>\n<meta property=\"og:type\" content=\"article\" \/>\n<meta property=\"og:title\" content=\"OM Messing Anh\u00e4nger im Ganesha Online Shop preiswert kaufen\" \/>\n<meta property=\"og:description\" content=\"OM Messing Anh\u00e4nger aus Indien im Ganesha Online Shop. Au\u00dferdem weitere Messing Anh\u00e4nger mit verschiedenen Motiven verf\u00fcgbar.\" \/>\n<meta property=\"og:url\" content=\"https:\/\/ganesha-shop-fuerth.de\/onlineshop\/shop\/messing-schmuck\/messing-anhaenger\/om-messing-anhaenger\/\" \/>\n<meta property=\"og:site_name\" content=\"Ganesha Online Shop\" \/>\n<meta property=\"article:publisher\" content=\"https:\/\/de-de.facebook.com\/ganeshashopfuerth\/\" \/>\n<meta property=\"article:modified_time\" content=\"2026-01-07T14:54:08+00:00\" \/>\n<meta property=\"og:image\" content=\"https:\/\/ganesha-shop-fuerth.de\/onlineshop\/wp-content\/uploads\/Messing-Schmuck\/Messing-Anhaenger\/gso-messing-anhaenger-0004.jpg\" \/>\n\t<meta property=\"og:image:width\" content=\"990\" \/>\n\t<meta property=\"og:image:height\" content=\"1149\" \/>\n\t<meta property=\"og:image:type\" content=\"image\/jpeg\" \/>\n<meta name=\"twitter:card\" content=\"summary_large_image\" \/>\n<meta name=\"twitter:label1\" content=\"Gesch\u00e4tzte Lesezeit\" \/>\n\t<meta name=\"twitter:data1\" content=\"2\u00a0Minuten\" \/>\n<script type=\"application\/ld+json\" class=\"yoast-schema-graph\">{\"@context\":\"https:\\\/\\\/schema.org\",\"@graph\":[{\"@type\":\"WebPage\",\"@id\":\"https:\\\/\\\/ganesha-shop-fuerth.de\\\/onlineshop\\\/shop\\\/messing-schmuck\\\/messing-anhaenger\\\/om-messing-anhaenger\\\/\",\"url\":\"https:\\\/\\\/ganesha-shop-fuerth.de\\\/onlineshop\\\/shop\\\/messing-schmuck\\\/messing-anhaenger\\\/om-messing-anhaenger\\\/\",\"name\":\"OM Messing Anh\u00e4nger im Ganesha Online Shop preiswert kaufen\",\"isPartOf\":{\"@id\":\"https:\\\/\\\/ganesha-shop-fuerth.de\\\/onlineshop\\\/#website\"},\"primaryImageOfPage\":{\"@id\":\"https:\\\/\\\/ganesha-shop-fuerth.de\\\/onlineshop\\\/shop\\\/messing-schmuck\\\/messing-anhaenger\\\/om-messing-anhaenger\\\/#primaryimage\"},\"image\":{\"@id\":\"https:\\\/\\\/ganesha-shop-fuerth.de\\\/onlineshop\\\/shop\\\/messing-schmuck\\\/messing-anhaenger\\\/om-messing-anhaenger\\\/#primaryimage\"},\"thumbnailUrl\":\"https:\\\/\\\/ganesha-shop-fuerth.de\\\/onlineshop\\\/wp-content\\\/uploads\\\/Messing-Schmuck\\\/Messing-Anhaenger\\\/gso-messing-anhaenger-0004.jpg\",\"datePublished\":\"2019-01-10T15:09:03+00:00\",\"dateModified\":\"2026-01-07T14:54:08+00:00\",\"description\":\"OM Messing Anh\u00e4nger aus Indien im Ganesha Online Shop. Au\u00dferdem weitere Messing Anh\u00e4nger mit verschiedenen Motiven verf\u00fcgbar.\",\"breadcrumb\":{\"@id\":\"https:\\\/\\\/ganesha-shop-fuerth.de\\\/onlineshop\\\/shop\\\/messing-schmuck\\\/messing-anhaenger\\\/om-messing-anhaenger\\\/#breadcrumb\"},\"inLanguage\":\"de\",\"potentialAction\":[{\"@type\":\"ReadAction\",\"target\":[\"https:\\\/\\\/ganesha-shop-fuerth.de\\\/onlineshop\\\/shop\\\/messing-schmuck\\\/messing-anhaenger\\\/om-messing-anhaenger\\\/\"]}]},{\"@type\":\"ImageObject\",\"inLanguage\":\"de\",\"@id\":\"https:\\\/\\\/ganesha-shop-fuerth.de\\\/onlineshop\\\/shop\\\/messing-schmuck\\\/messing-anhaenger\\\/om-messing-anhaenger\\\/#primaryimage\",\"url\":\"https:\\\/\\\/ganesha-shop-fuerth.de\\\/onlineshop\\\/wp-content\\\/uploads\\\/Messing-Schmuck\\\/Messing-Anhaenger\\\/gso-messing-anhaenger-0004.jpg\",\"contentUrl\":\"https:\\\/\\\/ganesha-shop-fuerth.de\\\/onlineshop\\\/wp-content\\\/uploads\\\/Messing-Schmuck\\\/Messing-Anhaenger\\\/gso-messing-anhaenger-0004.jpg\",\"width\":990,\"height\":1149,\"caption\":\"OM Anh\u00e4nger aus Messing Variante 1\"},{\"@type\":\"BreadcrumbList\",\"@id\":\"https:\\\/\\\/ganesha-shop-fuerth.de\\\/onlineshop\\\/shop\\\/messing-schmuck\\\/messing-anhaenger\\\/om-messing-anhaenger\\\/#breadcrumb\",\"itemListElement\":[{\"@type\":\"ListItem\",\"position\":1,\"name\":\"Startseite\",\"item\":\"https:\\\/\\\/ganesha-shop-fuerth.de\\\/onlineshop\\\/\"},{\"@type\":\"ListItem\",\"position\":2,\"name\":\"Ganesha Online Shop\",\"item\":\"https:\\\/\\\/ganesha-shop-fuerth.de\\\/onlineshop\\\/shop\\\/\"},{\"@type\":\"ListItem\",\"position\":3,\"name\":\"OM Messing Anh\u00e4nger\"}]},{\"@type\":\"WebSite\",\"@id\":\"https:\\\/\\\/ganesha-shop-fuerth.de\\\/onlineshop\\\/#website\",\"url\":\"https:\\\/\\\/ganesha-shop-fuerth.de\\\/onlineshop\\\/\",\"name\":\"Ganesha Online Shop\",\"description\":\"Schmuck Kleidung Accessoires aus Asien\",\"publisher\":{\"@id\":\"https:\\\/\\\/ganesha-shop-fuerth.de\\\/onlineshop\\\/#organization\"},\"potentialAction\":[{\"@type\":\"SearchAction\",\"target\":{\"@type\":\"EntryPoint\",\"urlTemplate\":\"https:\\\/\\\/ganesha-shop-fuerth.de\\\/onlineshop\\\/?s={search_term_string}\"},\"query-input\":{\"@type\":\"PropertyValueSpecification\",\"valueRequired\":true,\"valueName\":\"search_term_string\"}}],\"inLanguage\":\"de\"},{\"@type\":\"Organization\",\"@id\":\"https:\\\/\\\/ganesha-shop-fuerth.de\\\/onlineshop\\\/#organization\",\"name\":\"Ganesha Shop F\u00fcrth\",\"url\":\"https:\\\/\\\/ganesha-shop-fuerth.de\\\/onlineshop\\\/\",\"logo\":{\"@type\":\"ImageObject\",\"inLanguage\":\"de\",\"@id\":\"https:\\\/\\\/ganesha-shop-fuerth.de\\\/onlineshop\\\/#\\\/schema\\\/logo\\\/image\\\/\",\"url\":\"https:\\\/\\\/ganesha-shop-fuerth.de\\\/onlineshop\\\/wp-content\\\/uploads\\\/Logos\\\/ganesha-onlineshop-footer-logo-19-Jahre.png\",\"contentUrl\":\"https:\\\/\\\/ganesha-shop-fuerth.de\\\/onlineshop\\\/wp-content\\\/uploads\\\/Logos\\\/ganesha-onlineshop-footer-logo-19-Jahre.png\",\"width\":250,\"height\":299,\"caption\":\"Ganesha Shop F\u00fcrth\"},\"image\":{\"@id\":\"https:\\\/\\\/ganesha-shop-fuerth.de\\\/onlineshop\\\/#\\\/schema\\\/logo\\\/image\\\/\"},\"sameAs\":[\"https:\\\/\\\/de-de.facebook.com\\\/ganeshashopfuerth\\\/\",\"https:\\\/\\\/www.youtube.com\\\/channel\\\/UCECWtim6iWB8dozVcmw-GcA\"]}]}<\/script>\n<!-- \/ Yoast SEO plugin. -->","yoast_head_json":{"title":"OM Messing Anh\u00e4nger im Ganesha Online Shop preiswert kaufen","description":"OM Messing Anh\u00e4nger aus Indien im Ganesha Online Shop. Au\u00dferdem weitere Messing Anh\u00e4nger mit verschiedenen Motiven verf\u00fcgbar.","robots":{"index":"index","follow":"follow","max-snippet":"max-snippet:-1","max-image-preview":"max-image-preview:large","max-video-preview":"max-video-preview:-1"},"canonical":"https:\/\/ganesha-shop-fuerth.de\/onlineshop\/shop\/messing-schmuck\/messing-anhaenger\/om-messing-anhaenger\/","og_locale":"de_DE","og_type":"article","og_title":"OM Messing Anh\u00e4nger im Ganesha Online Shop preiswert kaufen","og_description":"OM Messing Anh\u00e4nger aus Indien im Ganesha Online Shop. Au\u00dferdem weitere Messing Anh\u00e4nger mit verschiedenen Motiven verf\u00fcgbar.","og_url":"https:\/\/ganesha-shop-fuerth.de\/onlineshop\/shop\/messing-schmuck\/messing-anhaenger\/om-messing-anhaenger\/","og_site_name":"Ganesha Online Shop","article_publisher":"https:\/\/de-de.facebook.com\/ganeshashopfuerth\/","article_modified_time":"2026-01-07T14:54:08+00:00","og_image":[{"width":990,"height":1149,"url":"https:\/\/ganesha-shop-fuerth.de\/onlineshop\/wp-content\/uploads\/Messing-Schmuck\/Messing-Anhaenger\/gso-messing-anhaenger-0004.jpg","type":"image\/jpeg"}],"twitter_card":"summary_large_image","twitter_misc":{"Gesch\u00e4tzte Lesezeit":"2\u00a0Minuten"},"schema":{"@context":"https:\/\/schema.org","@graph":[{"@type":"WebPage","@id":"https:\/\/ganesha-shop-fuerth.de\/onlineshop\/shop\/messing-schmuck\/messing-anhaenger\/om-messing-anhaenger\/","url":"https:\/\/ganesha-shop-fuerth.de\/onlineshop\/shop\/messing-schmuck\/messing-anhaenger\/om-messing-anhaenger\/","name":"OM Messing Anh\u00e4nger im Ganesha Online Shop preiswert kaufen","isPartOf":{"@id":"https:\/\/ganesha-shop-fuerth.de\/onlineshop\/#website"},"primaryImageOfPage":{"@id":"https:\/\/ganesha-shop-fuerth.de\/onlineshop\/shop\/messing-schmuck\/messing-anhaenger\/om-messing-anhaenger\/#primaryimage"},"image":{"@id":"https:\/\/ganesha-shop-fuerth.de\/onlineshop\/shop\/messing-schmuck\/messing-anhaenger\/om-messing-anhaenger\/#primaryimage"},"thumbnailUrl":"https:\/\/ganesha-shop-fuerth.de\/onlineshop\/wp-content\/uploads\/Messing-Schmuck\/Messing-Anhaenger\/gso-messing-anhaenger-0004.jpg","datePublished":"2019-01-10T15:09:03+00:00","dateModified":"2026-01-07T14:54:08+00:00","description":"OM Messing Anh\u00e4nger aus Indien im Ganesha Online Shop. Au\u00dferdem weitere Messing Anh\u00e4nger mit verschiedenen Motiven verf\u00fcgbar.","breadcrumb":{"@id":"https:\/\/ganesha-shop-fuerth.de\/onlineshop\/shop\/messing-schmuck\/messing-anhaenger\/om-messing-anhaenger\/#breadcrumb"},"inLanguage":"de","potentialAction":[{"@type":"ReadAction","target":["https:\/\/ganesha-shop-fuerth.de\/onlineshop\/shop\/messing-schmuck\/messing-anhaenger\/om-messing-anhaenger\/"]}]},{"@type":"ImageObject","inLanguage":"de","@id":"https:\/\/ganesha-shop-fuerth.de\/onlineshop\/shop\/messing-schmuck\/messing-anhaenger\/om-messing-anhaenger\/#primaryimage","url":"https:\/\/ganesha-shop-fuerth.de\/onlineshop\/wp-content\/uploads\/Messing-Schmuck\/Messing-Anhaenger\/gso-messing-anhaenger-0004.jpg","contentUrl":"https:\/\/ganesha-shop-fuerth.de\/onlineshop\/wp-content\/uploads\/Messing-Schmuck\/Messing-Anhaenger\/gso-messing-anhaenger-0004.jpg","width":990,"height":1149,"caption":"OM Anh\u00e4nger aus Messing Variante 1"},{"@type":"BreadcrumbList","@id":"https:\/\/ganesha-shop-fuerth.de\/onlineshop\/shop\/messing-schmuck\/messing-anhaenger\/om-messing-anhaenger\/#breadcrumb","itemListElement":[{"@type":"ListItem","position":1,"name":"Startseite","item":"https:\/\/ganesha-shop-fuerth.de\/onlineshop\/"},{"@type":"ListItem","position":2,"name":"Ganesha Online Shop","item":"https:\/\/ganesha-shop-fuerth.de\/onlineshop\/shop\/"},{"@type":"ListItem","position":3,"name":"OM Messing Anh\u00e4nger"}]},{"@type":"WebSite","@id":"https:\/\/ganesha-shop-fuerth.de\/onlineshop\/#website","url":"https:\/\/ganesha-shop-fuerth.de\/onlineshop\/","name":"Ganesha Online Shop","description":"Schmuck Kleidung Accessoires aus Asien","publisher":{"@id":"https:\/\/ganesha-shop-fuerth.de\/onlineshop\/#organization"},"potentialAction":[{"@type":"SearchAction","target":{"@type":"EntryPoint","urlTemplate":"https:\/\/ganesha-shop-fuerth.de\/onlineshop\/?s={search_term_string}"},"query-input":{"@type":"PropertyValueSpecification","valueRequired":true,"valueName":"search_term_string"}}],"inLanguage":"de"},{"@type":"Organization","@id":"https:\/\/ganesha-shop-fuerth.de\/onlineshop\/#organization","name":"Ganesha Shop F\u00fcrth","url":"https:\/\/ganesha-shop-fuerth.de\/onlineshop\/","logo":{"@type":"ImageObject","inLanguage":"de","@id":"https:\/\/ganesha-shop-fuerth.de\/onlineshop\/#\/schema\/logo\/image\/","url":"https:\/\/ganesha-shop-fuerth.de\/onlineshop\/wp-content\/uploads\/Logos\/ganesha-onlineshop-footer-logo-19-Jahre.png","contentUrl":"https:\/\/ganesha-shop-fuerth.de\/onlineshop\/wp-content\/uploads\/Logos\/ganesha-onlineshop-footer-logo-19-Jahre.png","width":250,"height":299,"caption":"Ganesha Shop F\u00fcrth"},"image":{"@id":"https:\/\/ganesha-shop-fuerth.de\/onlineshop\/#\/schema\/logo\/image\/"},"sameAs":["https:\/\/de-de.facebook.com\/ganeshashopfuerth\/","https:\/\/www.youtube.com\/channel\/UCECWtim6iWB8dozVcmw-GcA"]}]}},"_links":{"self":[{"href":"https:\/\/ganesha-shop-fuerth.de\/onlineshop\/wp-json\/wp\/v2\/product\/2056","targetHints":{"allow":["GET"]}}],"collection":[{"href":"https:\/\/ganesha-shop-fuerth.de\/onlineshop\/wp-json\/wp\/v2\/product"}],"about":[{"href":"https:\/\/ganesha-shop-fuerth.de\/onlineshop\/wp-json\/wp\/v2\/types\/product"}],"replies":[{"embeddable":true,"href":"https:\/\/ganesha-shop-fuerth.de\/onlineshop\/wp-json\/wp\/v2\/comments?post=2056"}],"wp:featuredmedia":[{"embeddable":true,"href":"https:\/\/ganesha-shop-fuerth.de\/onlineshop\/wp-json\/wp\/v2\/media\/2052"}],"wp:attachment":[{"href":"https:\/\/ganesha-shop-fuerth.de\/onlineshop\/wp-json\/wp\/v2\/media?parent=2056"}],"wp:term":[{"taxonomy":"product_brand","embeddable":true,"href":"https:\/\/ganesha-shop-fuerth.de\/onlineshop\/wp-json\/wp\/v2\/product_brand?post=2056"},{"taxonomy":"product_cat","embeddable":true,"href":"https:\/\/ganesha-shop-fuerth.de\/onlineshop\/wp-json\/wp\/v2\/product_cat?post=2056"},{"taxonomy":"product_tag","embeddable":true,"href":"https:\/\/ganesha-shop-fuerth.de\/onlineshop\/wp-json\/wp\/v2\/product_tag?post=2056"}],"curies":[{"name":"wp","href":"https:\/\/api.w.org\/{rel}","templated":true}]}}