{"id":2186,"date":"2019-03-26T13:04:35","date_gmt":"2019-03-26T12:04:35","guid":{"rendered":"https:\/\/ganesha-shop-fuerth.de\/onlineshop\/?post_type=product&#038;p=2186"},"modified":"2026-01-02T13:30:58","modified_gmt":"2026-01-02T12:30:58","slug":"labradorit-silber-ohrringe","status":"publish","type":"product","link":"https:\/\/ganesha-shop-fuerth.de\/onlineshop\/shop\/silberschmuck-aus-indien\/ohrringe-aus-indien\/labradorit-silber-ohrringe\/","title":{"rendered":"Labradorit Silber Ohrringe"},"content":{"rendered":"<p>Labradorit Silber Ohrringe in 925 Sterling Silber. Art und Farbe der Labradoritsteine wie gewachsen. L\u00e4nge der eingefassten Steine = 1,0 cm; L\u00e4nge der Ohrringe mit B\u00fcgel: 2,9 cm; L\u00e4nge ohne B\u00fcgel: 1,5 cm; Gewicht Paar: 5,0 g. Preis = Paarpreis.<br \/>\nLabradorit ist ein Feldspat und wurde nach seinem ersten Fundort benannt, der im Osten Kanadas gelegenen Halbinsel Labrador. Weitere Informationen zum Labradorit finden Sie <a href=\"https:\/\/www.edelsteine.net\/labradorit\/\" target=\"_blank\" rel=\"noopener noreferrer\">hier<\/a>.<\/p>\n<figure id=\"attachment_2181\" aria-describedby=\"caption-attachment-2181\" style=\"width: 380px\" class=\"wp-caption alignnone\"><a href=\"https:\/\/ganesha-shop-fuerth.de\/onlineshop\/wp-content\/uploads\/Silberschmuck\/Ohrringe-aus-Indien\/gso-ohrring-ind-0050a-magnify.jpg\" target=\"_blank\" rel=\"noopener noreferrer\"><img loading=\"lazy\" decoding=\"async\" class=\"wp-image-2181\" src=\"https:\/\/ganesha-shop-fuerth.de\/onlineshop\/wp-content\/uploads\/Silberschmuck\/Ohrringe-aus-Indien\/gso-ohrring-ind-0050a-magnify-258x300.jpg\" alt=\"Labradorit Silber Ohrringe g\u00fcnstig und preiswert im Online Shop\" width=\"380\" height=\"442\" srcset=\"https:\/\/ganesha-shop-fuerth.de\/onlineshop\/wp-content\/uploads\/Silberschmuck\/Ohrringe-aus-Indien\/gso-ohrring-ind-0050a-magnify-258x300.jpg 258w, https:\/\/ganesha-shop-fuerth.de\/onlineshop\/wp-content\/uploads\/Silberschmuck\/Ohrringe-aus-Indien\/gso-ohrring-ind-0050a-magnify-324x377.jpg 324w, https:\/\/ganesha-shop-fuerth.de\/onlineshop\/wp-content\/uploads\/Silberschmuck\/Ohrringe-aus-Indien\/gso-ohrring-ind-0050a-magnify-416x483.jpg 416w, https:\/\/ganesha-shop-fuerth.de\/onlineshop\/wp-content\/uploads\/Silberschmuck\/Ohrringe-aus-Indien\/gso-ohrring-ind-0050a-magnify-768x893.jpg 768w, https:\/\/ganesha-shop-fuerth.de\/onlineshop\/wp-content\/uploads\/Silberschmuck\/Ohrringe-aus-Indien\/gso-ohrring-ind-0050a-magnify-881x1024.jpg 881w, https:\/\/ganesha-shop-fuerth.de\/onlineshop\/wp-content\/uploads\/Silberschmuck\/Ohrringe-aus-Indien\/gso-ohrring-ind-0050a-magnify.jpg 900w\" sizes=\"auto, (max-width: 380px) 100vw, 380px\" \/><\/a><figcaption id=\"caption-attachment-2181\" class=\"wp-caption-text\">Labradorit Silber Ohrringe<\/figcaption><\/figure>\n","protected":false},"excerpt":{"rendered":"<p>Labradorit Silber Ohrringe aus Indien<\/p>\n","protected":false},"featured_media":2180,"comment_status":"open","ping_status":"closed","template":"","meta":[],"product_brand":[],"product_cat":[82,11],"product_tag":[191,47,85],"class_list":{"0":"post-2186","1":"product","2":"type-product","3":"status-publish","4":"has-post-thumbnail","6":"product_cat-ohrringe-aus-indien","7":"product_cat-silberschmuck-aus-indien","8":"product_tag-edelstein-schmuck","9":"product_tag-labradorit","10":"product_tag-silberohrringe-aus-indien","12":"first","13":"instock","14":"featured","15":"taxable","16":"shipping-taxable","17":"purchasable","18":"product-type-simple"},"yoast_head":"<!-- This site is optimized with the Yoast SEO plugin v27.3 - https:\/\/yoast.com\/product\/yoast-seo-wordpress\/ -->\n<title>Labradorit Silber Ohrringe in 925 Silber eingearbeitet im Ganesha Shop<\/title>\n<meta name=\"description\" content=\"Labradorit Silber Ohrringe in 925 Sterling Silber Qualit\u00e4t. Weitere Silber Ohrringe mit Halbedelsteinen besetzt im Ganesha Online Shop.\" \/>\n<meta name=\"robots\" content=\"index, follow, max-snippet:-1, max-image-preview:large, max-video-preview:-1\" \/>\n<link rel=\"canonical\" href=\"https:\/\/ganesha-shop-fuerth.de\/onlineshop\/shop\/silberschmuck-aus-indien\/ohrringe-aus-indien\/labradorit-silber-ohrringe\/\" \/>\n<meta property=\"og:locale\" content=\"de_DE\" \/>\n<meta property=\"og:type\" content=\"article\" \/>\n<meta property=\"og:title\" content=\"Labradorit Silber Ohrringe in 925 Silber eingearbeitet im Ganesha Shop\" \/>\n<meta property=\"og:description\" content=\"Labradorit Silber Ohrringe in 925 Sterling Silber Qualit\u00e4t. Weitere Silber Ohrringe mit Halbedelsteinen besetzt im Ganesha Online Shop.\" \/>\n<meta property=\"og:url\" content=\"https:\/\/ganesha-shop-fuerth.de\/onlineshop\/shop\/silberschmuck-aus-indien\/ohrringe-aus-indien\/labradorit-silber-ohrringe\/\" \/>\n<meta property=\"og:site_name\" content=\"Ganesha Online Shop\" \/>\n<meta property=\"article:publisher\" content=\"https:\/\/de-de.facebook.com\/ganeshashopfuerth\/\" \/>\n<meta property=\"article:modified_time\" content=\"2026-01-02T12:30:58+00:00\" \/>\n<meta property=\"og:image\" content=\"https:\/\/ganesha-shop-fuerth.de\/onlineshop\/wp-content\/uploads\/Silberschmuck\/Ohrringe-aus-Indien\/gso-ohrring-ind-0050-magnify.jpg\" \/>\n\t<meta property=\"og:image:width\" content=\"900\" \/>\n\t<meta property=\"og:image:height\" content=\"1045\" \/>\n\t<meta property=\"og:image:type\" content=\"image\/jpeg\" \/>\n<meta name=\"twitter:card\" content=\"summary_large_image\" \/>\n<script type=\"application\/ld+json\" class=\"yoast-schema-graph\">{\"@context\":\"https:\\\/\\\/schema.org\",\"@graph\":[{\"@type\":\"WebPage\",\"@id\":\"https:\\\/\\\/ganesha-shop-fuerth.de\\\/onlineshop\\\/shop\\\/silberschmuck-aus-indien\\\/ohrringe-aus-indien\\\/labradorit-silber-ohrringe\\\/\",\"url\":\"https:\\\/\\\/ganesha-shop-fuerth.de\\\/onlineshop\\\/shop\\\/silberschmuck-aus-indien\\\/ohrringe-aus-indien\\\/labradorit-silber-ohrringe\\\/\",\"name\":\"Labradorit Silber Ohrringe in 925 Silber eingearbeitet im Ganesha Shop\",\"isPartOf\":{\"@id\":\"https:\\\/\\\/ganesha-shop-fuerth.de\\\/onlineshop\\\/#website\"},\"primaryImageOfPage\":{\"@id\":\"https:\\\/\\\/ganesha-shop-fuerth.de\\\/onlineshop\\\/shop\\\/silberschmuck-aus-indien\\\/ohrringe-aus-indien\\\/labradorit-silber-ohrringe\\\/#primaryimage\"},\"image\":{\"@id\":\"https:\\\/\\\/ganesha-shop-fuerth.de\\\/onlineshop\\\/shop\\\/silberschmuck-aus-indien\\\/ohrringe-aus-indien\\\/labradorit-silber-ohrringe\\\/#primaryimage\"},\"thumbnailUrl\":\"https:\\\/\\\/ganesha-shop-fuerth.de\\\/onlineshop\\\/wp-content\\\/uploads\\\/Silberschmuck\\\/Ohrringe-aus-Indien\\\/gso-ohrring-ind-0050-magnify.jpg\",\"datePublished\":\"2019-03-26T12:04:35+00:00\",\"dateModified\":\"2026-01-02T12:30:58+00:00\",\"description\":\"Labradorit Silber Ohrringe in 925 Sterling Silber Qualit\u00e4t. Weitere Silber Ohrringe mit Halbedelsteinen besetzt im Ganesha Online Shop.\",\"breadcrumb\":{\"@id\":\"https:\\\/\\\/ganesha-shop-fuerth.de\\\/onlineshop\\\/shop\\\/silberschmuck-aus-indien\\\/ohrringe-aus-indien\\\/labradorit-silber-ohrringe\\\/#breadcrumb\"},\"inLanguage\":\"de\",\"potentialAction\":[{\"@type\":\"ReadAction\",\"target\":[\"https:\\\/\\\/ganesha-shop-fuerth.de\\\/onlineshop\\\/shop\\\/silberschmuck-aus-indien\\\/ohrringe-aus-indien\\\/labradorit-silber-ohrringe\\\/\"]}]},{\"@type\":\"ImageObject\",\"inLanguage\":\"de\",\"@id\":\"https:\\\/\\\/ganesha-shop-fuerth.de\\\/onlineshop\\\/shop\\\/silberschmuck-aus-indien\\\/ohrringe-aus-indien\\\/labradorit-silber-ohrringe\\\/#primaryimage\",\"url\":\"https:\\\/\\\/ganesha-shop-fuerth.de\\\/onlineshop\\\/wp-content\\\/uploads\\\/Silberschmuck\\\/Ohrringe-aus-Indien\\\/gso-ohrring-ind-0050-magnify.jpg\",\"contentUrl\":\"https:\\\/\\\/ganesha-shop-fuerth.de\\\/onlineshop\\\/wp-content\\\/uploads\\\/Silberschmuck\\\/Ohrringe-aus-Indien\\\/gso-ohrring-ind-0050-magnify.jpg\",\"width\":900,\"height\":1045,\"caption\":\"Labradorit Silber Ohrringe\"},{\"@type\":\"BreadcrumbList\",\"@id\":\"https:\\\/\\\/ganesha-shop-fuerth.de\\\/onlineshop\\\/shop\\\/silberschmuck-aus-indien\\\/ohrringe-aus-indien\\\/labradorit-silber-ohrringe\\\/#breadcrumb\",\"itemListElement\":[{\"@type\":\"ListItem\",\"position\":1,\"name\":\"Startseite\",\"item\":\"https:\\\/\\\/ganesha-shop-fuerth.de\\\/onlineshop\\\/\"},{\"@type\":\"ListItem\",\"position\":2,\"name\":\"Ganesha Online Shop\",\"item\":\"https:\\\/\\\/ganesha-shop-fuerth.de\\\/onlineshop\\\/shop\\\/\"},{\"@type\":\"ListItem\",\"position\":3,\"name\":\"Labradorit Silber Ohrringe\"}]},{\"@type\":\"WebSite\",\"@id\":\"https:\\\/\\\/ganesha-shop-fuerth.de\\\/onlineshop\\\/#website\",\"url\":\"https:\\\/\\\/ganesha-shop-fuerth.de\\\/onlineshop\\\/\",\"name\":\"Ganesha Online Shop\",\"description\":\"Schmuck Kleidung Accessoires aus Asien\",\"publisher\":{\"@id\":\"https:\\\/\\\/ganesha-shop-fuerth.de\\\/onlineshop\\\/#organization\"},\"potentialAction\":[{\"@type\":\"SearchAction\",\"target\":{\"@type\":\"EntryPoint\",\"urlTemplate\":\"https:\\\/\\\/ganesha-shop-fuerth.de\\\/onlineshop\\\/?s={search_term_string}\"},\"query-input\":{\"@type\":\"PropertyValueSpecification\",\"valueRequired\":true,\"valueName\":\"search_term_string\"}}],\"inLanguage\":\"de\"},{\"@type\":\"Organization\",\"@id\":\"https:\\\/\\\/ganesha-shop-fuerth.de\\\/onlineshop\\\/#organization\",\"name\":\"Ganesha Shop F\u00fcrth\",\"url\":\"https:\\\/\\\/ganesha-shop-fuerth.de\\\/onlineshop\\\/\",\"logo\":{\"@type\":\"ImageObject\",\"inLanguage\":\"de\",\"@id\":\"https:\\\/\\\/ganesha-shop-fuerth.de\\\/onlineshop\\\/#\\\/schema\\\/logo\\\/image\\\/\",\"url\":\"https:\\\/\\\/ganesha-shop-fuerth.de\\\/onlineshop\\\/wp-content\\\/uploads\\\/Logos\\\/ganesha-onlineshop-footer-logo-19-Jahre.png\",\"contentUrl\":\"https:\\\/\\\/ganesha-shop-fuerth.de\\\/onlineshop\\\/wp-content\\\/uploads\\\/Logos\\\/ganesha-onlineshop-footer-logo-19-Jahre.png\",\"width\":250,\"height\":299,\"caption\":\"Ganesha Shop F\u00fcrth\"},\"image\":{\"@id\":\"https:\\\/\\\/ganesha-shop-fuerth.de\\\/onlineshop\\\/#\\\/schema\\\/logo\\\/image\\\/\"},\"sameAs\":[\"https:\\\/\\\/de-de.facebook.com\\\/ganeshashopfuerth\\\/\",\"https:\\\/\\\/www.youtube.com\\\/channel\\\/UCECWtim6iWB8dozVcmw-GcA\"]}]}<\/script>\n<!-- \/ Yoast SEO plugin. -->","yoast_head_json":{"title":"Labradorit Silber Ohrringe in 925 Silber eingearbeitet im Ganesha Shop","description":"Labradorit Silber Ohrringe in 925 Sterling Silber Qualit\u00e4t. Weitere Silber Ohrringe mit Halbedelsteinen besetzt im Ganesha Online Shop.","robots":{"index":"index","follow":"follow","max-snippet":"max-snippet:-1","max-image-preview":"max-image-preview:large","max-video-preview":"max-video-preview:-1"},"canonical":"https:\/\/ganesha-shop-fuerth.de\/onlineshop\/shop\/silberschmuck-aus-indien\/ohrringe-aus-indien\/labradorit-silber-ohrringe\/","og_locale":"de_DE","og_type":"article","og_title":"Labradorit Silber Ohrringe in 925 Silber eingearbeitet im Ganesha Shop","og_description":"Labradorit Silber Ohrringe in 925 Sterling Silber Qualit\u00e4t. Weitere Silber Ohrringe mit Halbedelsteinen besetzt im Ganesha Online Shop.","og_url":"https:\/\/ganesha-shop-fuerth.de\/onlineshop\/shop\/silberschmuck-aus-indien\/ohrringe-aus-indien\/labradorit-silber-ohrringe\/","og_site_name":"Ganesha Online Shop","article_publisher":"https:\/\/de-de.facebook.com\/ganeshashopfuerth\/","article_modified_time":"2026-01-02T12:30:58+00:00","og_image":[{"width":900,"height":1045,"url":"https:\/\/ganesha-shop-fuerth.de\/onlineshop\/wp-content\/uploads\/Silberschmuck\/Ohrringe-aus-Indien\/gso-ohrring-ind-0050-magnify.jpg","type":"image\/jpeg"}],"twitter_card":"summary_large_image","schema":{"@context":"https:\/\/schema.org","@graph":[{"@type":"WebPage","@id":"https:\/\/ganesha-shop-fuerth.de\/onlineshop\/shop\/silberschmuck-aus-indien\/ohrringe-aus-indien\/labradorit-silber-ohrringe\/","url":"https:\/\/ganesha-shop-fuerth.de\/onlineshop\/shop\/silberschmuck-aus-indien\/ohrringe-aus-indien\/labradorit-silber-ohrringe\/","name":"Labradorit Silber Ohrringe in 925 Silber eingearbeitet im Ganesha Shop","isPartOf":{"@id":"https:\/\/ganesha-shop-fuerth.de\/onlineshop\/#website"},"primaryImageOfPage":{"@id":"https:\/\/ganesha-shop-fuerth.de\/onlineshop\/shop\/silberschmuck-aus-indien\/ohrringe-aus-indien\/labradorit-silber-ohrringe\/#primaryimage"},"image":{"@id":"https:\/\/ganesha-shop-fuerth.de\/onlineshop\/shop\/silberschmuck-aus-indien\/ohrringe-aus-indien\/labradorit-silber-ohrringe\/#primaryimage"},"thumbnailUrl":"https:\/\/ganesha-shop-fuerth.de\/onlineshop\/wp-content\/uploads\/Silberschmuck\/Ohrringe-aus-Indien\/gso-ohrring-ind-0050-magnify.jpg","datePublished":"2019-03-26T12:04:35+00:00","dateModified":"2026-01-02T12:30:58+00:00","description":"Labradorit Silber Ohrringe in 925 Sterling Silber Qualit\u00e4t. Weitere Silber Ohrringe mit Halbedelsteinen besetzt im Ganesha Online Shop.","breadcrumb":{"@id":"https:\/\/ganesha-shop-fuerth.de\/onlineshop\/shop\/silberschmuck-aus-indien\/ohrringe-aus-indien\/labradorit-silber-ohrringe\/#breadcrumb"},"inLanguage":"de","potentialAction":[{"@type":"ReadAction","target":["https:\/\/ganesha-shop-fuerth.de\/onlineshop\/shop\/silberschmuck-aus-indien\/ohrringe-aus-indien\/labradorit-silber-ohrringe\/"]}]},{"@type":"ImageObject","inLanguage":"de","@id":"https:\/\/ganesha-shop-fuerth.de\/onlineshop\/shop\/silberschmuck-aus-indien\/ohrringe-aus-indien\/labradorit-silber-ohrringe\/#primaryimage","url":"https:\/\/ganesha-shop-fuerth.de\/onlineshop\/wp-content\/uploads\/Silberschmuck\/Ohrringe-aus-Indien\/gso-ohrring-ind-0050-magnify.jpg","contentUrl":"https:\/\/ganesha-shop-fuerth.de\/onlineshop\/wp-content\/uploads\/Silberschmuck\/Ohrringe-aus-Indien\/gso-ohrring-ind-0050-magnify.jpg","width":900,"height":1045,"caption":"Labradorit Silber Ohrringe"},{"@type":"BreadcrumbList","@id":"https:\/\/ganesha-shop-fuerth.de\/onlineshop\/shop\/silberschmuck-aus-indien\/ohrringe-aus-indien\/labradorit-silber-ohrringe\/#breadcrumb","itemListElement":[{"@type":"ListItem","position":1,"name":"Startseite","item":"https:\/\/ganesha-shop-fuerth.de\/onlineshop\/"},{"@type":"ListItem","position":2,"name":"Ganesha Online Shop","item":"https:\/\/ganesha-shop-fuerth.de\/onlineshop\/shop\/"},{"@type":"ListItem","position":3,"name":"Labradorit Silber Ohrringe"}]},{"@type":"WebSite","@id":"https:\/\/ganesha-shop-fuerth.de\/onlineshop\/#website","url":"https:\/\/ganesha-shop-fuerth.de\/onlineshop\/","name":"Ganesha Online Shop","description":"Schmuck Kleidung Accessoires aus Asien","publisher":{"@id":"https:\/\/ganesha-shop-fuerth.de\/onlineshop\/#organization"},"potentialAction":[{"@type":"SearchAction","target":{"@type":"EntryPoint","urlTemplate":"https:\/\/ganesha-shop-fuerth.de\/onlineshop\/?s={search_term_string}"},"query-input":{"@type":"PropertyValueSpecification","valueRequired":true,"valueName":"search_term_string"}}],"inLanguage":"de"},{"@type":"Organization","@id":"https:\/\/ganesha-shop-fuerth.de\/onlineshop\/#organization","name":"Ganesha Shop F\u00fcrth","url":"https:\/\/ganesha-shop-fuerth.de\/onlineshop\/","logo":{"@type":"ImageObject","inLanguage":"de","@id":"https:\/\/ganesha-shop-fuerth.de\/onlineshop\/#\/schema\/logo\/image\/","url":"https:\/\/ganesha-shop-fuerth.de\/onlineshop\/wp-content\/uploads\/Logos\/ganesha-onlineshop-footer-logo-19-Jahre.png","contentUrl":"https:\/\/ganesha-shop-fuerth.de\/onlineshop\/wp-content\/uploads\/Logos\/ganesha-onlineshop-footer-logo-19-Jahre.png","width":250,"height":299,"caption":"Ganesha Shop F\u00fcrth"},"image":{"@id":"https:\/\/ganesha-shop-fuerth.de\/onlineshop\/#\/schema\/logo\/image\/"},"sameAs":["https:\/\/de-de.facebook.com\/ganeshashopfuerth\/","https:\/\/www.youtube.com\/channel\/UCECWtim6iWB8dozVcmw-GcA"]}]}},"_links":{"self":[{"href":"https:\/\/ganesha-shop-fuerth.de\/onlineshop\/wp-json\/wp\/v2\/product\/2186","targetHints":{"allow":["GET"]}}],"collection":[{"href":"https:\/\/ganesha-shop-fuerth.de\/onlineshop\/wp-json\/wp\/v2\/product"}],"about":[{"href":"https:\/\/ganesha-shop-fuerth.de\/onlineshop\/wp-json\/wp\/v2\/types\/product"}],"replies":[{"embeddable":true,"href":"https:\/\/ganesha-shop-fuerth.de\/onlineshop\/wp-json\/wp\/v2\/comments?post=2186"}],"wp:featuredmedia":[{"embeddable":true,"href":"https:\/\/ganesha-shop-fuerth.de\/onlineshop\/wp-json\/wp\/v2\/media\/2180"}],"wp:attachment":[{"href":"https:\/\/ganesha-shop-fuerth.de\/onlineshop\/wp-json\/wp\/v2\/media?parent=2186"}],"wp:term":[{"taxonomy":"product_brand","embeddable":true,"href":"https:\/\/ganesha-shop-fuerth.de\/onlineshop\/wp-json\/wp\/v2\/product_brand?post=2186"},{"taxonomy":"product_cat","embeddable":true,"href":"https:\/\/ganesha-shop-fuerth.de\/onlineshop\/wp-json\/wp\/v2\/product_cat?post=2186"},{"taxonomy":"product_tag","embeddable":true,"href":"https:\/\/ganesha-shop-fuerth.de\/onlineshop\/wp-json\/wp\/v2\/product_tag?post=2186"}],"curies":[{"name":"wp","href":"https:\/\/api.w.org\/{rel}","templated":true}]}}