{"id":250,"date":"2017-02-16T21:20:52","date_gmt":"2017-02-16T20:20:52","guid":{"rendered":"http:\/\/ganesha-shop-fuerth.de\/onlineshop2\/produkt\/ganesha-silberring\/"},"modified":"2026-03-03T15:34:31","modified_gmt":"2026-03-03T14:34:31","slug":"ganesha-silberring","status":"publish","type":"product","link":"https:\/\/ganesha-shop-fuerth.de\/onlineshop\/shop\/silberringe-ringgroessen\/silberringe-ringgroesse-59\/ganesha-silberring\/","title":{"rendered":"Ganesha Silberring #1"},"content":{"rendered":"<p>Ganesha Silberring, in massiven 925 Sterling Silber. Dieser Ring ist nicht verstellbar. Feine indische Siberarbeit. Gewicht: 13 g; L\u00e4nge der Ganesha Figur am Finger ca. 2,2 cm; Bitte w\u00e4hlen Sie bei einer Bestellung die vorhandene Ringgr\u00f6\u00dfe oben aus.<br \/>\nGanesha ist eine der beliebtesten Formen des G\u00f6ttlichen im Hinduismus. Ganesha ist der Gott und \u201eHerr der Hindernisse\u201c, sowohl der Beseitiger als auch der Setzer von Hindernissen, wenn sich jemand ihm gegen\u00fcber respektlos verh\u00e4lt oder diese f\u00fcr ihn notwendig sind. Er ist der Herr und Aufseher \u00fcber Shivas Gefolge und der Vermittler zu seinem Vater und damit G\u00f6tterbote. Weitere Informationen zum Ganesha finden Sie <a href=\"https:\/\/de.wikipedia.org\/wiki\/Ganesha\" target=\"_blank\" rel=\"noopener noreferrer\">hier<\/a>.<\/p>\n<figure id=\"attachment_247\" aria-describedby=\"caption-attachment-247\" style=\"width: 340px\" class=\"wp-caption alignnone\"><a href=\"https:\/\/ganesha-shop-fuerth.de\/onlineshop\/wp-content\/uploads\/Silberschmuck\/Ringe-aus-Indien\/artikel_0000377_b_1.jpg\" target=\"_blank\" rel=\"noopener noreferrer\"><img loading=\"lazy\" decoding=\"async\" class=\"wp-image-247\" src=\"http:\/\/ganesha-shop-fuerth.de\/onlineshop\/wp-content\/uploads\/Silberschmuck\/Ringe-aus-Indien\/artikel_0000377_b_1-258x300.jpg\" alt=\"Ganesha Silberring im Ganseha Shop kaufen\" width=\"340\" height=\"395\" srcset=\"https:\/\/ganesha-shop-fuerth.de\/onlineshop\/wp-content\/uploads\/Silberschmuck\/Ringe-aus-Indien\/artikel_0000377_b_1-258x300.jpg 258w, https:\/\/ganesha-shop-fuerth.de\/onlineshop\/wp-content\/uploads\/Silberschmuck\/Ringe-aus-Indien\/artikel_0000377_b_1-324x377.jpg 324w, https:\/\/ganesha-shop-fuerth.de\/onlineshop\/wp-content\/uploads\/Silberschmuck\/Ringe-aus-Indien\/artikel_0000377_b_1.jpg 345w\" sizes=\"auto, (max-width: 340px) 100vw, 340px\" \/><\/a><figcaption id=\"caption-attachment-247\" class=\"wp-caption-text\">Ganesha Silberring<\/figcaption><\/figure>\n","protected":false},"excerpt":{"rendered":"<p>Massiver Ganesha Ring\u00a0aus Indien<\/p>\n","protected":false},"featured_media":248,"comment_status":"open","ping_status":"closed","template":"","meta":[],"product_brand":[],"product_cat":[164,12,156,11],"product_tag":[59,66,45,49],"class_list":{"0":"post-250","1":"product","2":"type-product","3":"status-publish","4":"has-post-thumbnail","6":"product_cat-silberringe-ringgroesse-59","7":"product_cat-silberringe-aus-indien","8":"product_cat-silberringe-ringgroessen","9":"product_cat-silberschmuck-aus-indien","10":"product_tag-ganesha","11":"product_tag-indische-goetter","12":"product_tag-massiv","13":"product_tag-silberring-indien","15":"first","16":"instock","17":"taxable","18":"shipping-taxable","19":"purchasable","20":"product-type-variable"},"yoast_head":"<!-- This site is optimized with the Yoast SEO plugin v27.4 - https:\/\/yoast.com\/product\/yoast-seo-wordpress\/ -->\n<title>Ganesha Silberring aus Indien im Ganesha Shop kaufen<\/title>\n<meta name=\"description\" content=\"Ganesha Silberring im Ganesha Online Shop kaufen. Au\u00dferdem weitere 925 Sterling Silberringe in massiven Silber mit unterschiedlichen Motiven.\" \/>\n<meta name=\"robots\" content=\"index, follow, max-snippet:-1, max-image-preview:large, max-video-preview:-1\" \/>\n<link rel=\"canonical\" href=\"https:\/\/ganesha-shop-fuerth.de\/onlineshop\/shop\/silberringe-ringgroessen\/silberringe-ringgroesse-59\/ganesha-silberring\/\" \/>\n<meta property=\"og:locale\" content=\"de_DE\" \/>\n<meta property=\"og:type\" content=\"article\" \/>\n<meta property=\"og:title\" content=\"Ganesha Silberring aus Indien im Ganesha Shop kaufen\" \/>\n<meta property=\"og:description\" content=\"Ganesha Silberring im Ganesha Online Shop kaufen. Au\u00dferdem weitere 925 Sterling Silberringe in massiven Silber mit unterschiedlichen Motiven.\" \/>\n<meta property=\"og:url\" content=\"https:\/\/ganesha-shop-fuerth.de\/onlineshop\/shop\/silberringe-ringgroessen\/silberringe-ringgroesse-59\/ganesha-silberring\/\" \/>\n<meta property=\"og:site_name\" content=\"Ganesha Online Shop\" \/>\n<meta property=\"article:publisher\" content=\"https:\/\/de-de.facebook.com\/ganeshashopfuerth\/\" \/>\n<meta property=\"article:modified_time\" content=\"2026-03-03T14:34:31+00:00\" \/>\n<meta property=\"og:image\" content=\"https:\/\/ganesha-shop-fuerth.de\/onlineshop\/wp-content\/uploads\/Silberschmuck\/Ringe-aus-Indien\/gso-ringe-ind-0029-magnify.jpg\" \/>\n\t<meta property=\"og:image:width\" content=\"990\" \/>\n\t<meta property=\"og:image:height\" content=\"1149\" \/>\n\t<meta property=\"og:image:type\" content=\"image\/jpeg\" \/>\n<meta name=\"twitter:card\" content=\"summary_large_image\" \/>\n<meta name=\"twitter:label1\" content=\"Gesch\u00e4tzte Lesezeit\" \/>\n\t<meta name=\"twitter:data1\" content=\"2\u00a0Minuten\" \/>\n<script type=\"application\/ld+json\" class=\"yoast-schema-graph\">{\"@context\":\"https:\\\/\\\/schema.org\",\"@graph\":[{\"@type\":\"WebPage\",\"@id\":\"https:\\\/\\\/ganesha-shop-fuerth.de\\\/onlineshop\\\/shop\\\/silberringe-ringgroessen\\\/silberringe-ringgroesse-59\\\/ganesha-silberring\\\/\",\"url\":\"https:\\\/\\\/ganesha-shop-fuerth.de\\\/onlineshop\\\/shop\\\/silberringe-ringgroessen\\\/silberringe-ringgroesse-59\\\/ganesha-silberring\\\/\",\"name\":\"Ganesha Silberring aus Indien im Ganesha Shop kaufen\",\"isPartOf\":{\"@id\":\"https:\\\/\\\/ganesha-shop-fuerth.de\\\/onlineshop\\\/#website\"},\"primaryImageOfPage\":{\"@id\":\"https:\\\/\\\/ganesha-shop-fuerth.de\\\/onlineshop\\\/shop\\\/silberringe-ringgroessen\\\/silberringe-ringgroesse-59\\\/ganesha-silberring\\\/#primaryimage\"},\"image\":{\"@id\":\"https:\\\/\\\/ganesha-shop-fuerth.de\\\/onlineshop\\\/shop\\\/silberringe-ringgroessen\\\/silberringe-ringgroesse-59\\\/ganesha-silberring\\\/#primaryimage\"},\"thumbnailUrl\":\"https:\\\/\\\/ganesha-shop-fuerth.de\\\/onlineshop\\\/wp-content\\\/uploads\\\/Silberschmuck\\\/Ringe-aus-Indien\\\/gso-ringe-ind-0029-magnify.jpg\",\"datePublished\":\"2017-02-16T20:20:52+00:00\",\"dateModified\":\"2026-03-03T14:34:31+00:00\",\"description\":\"Ganesha Silberring im Ganesha Online Shop kaufen. Au\u00dferdem weitere 925 Sterling Silberringe in massiven Silber mit unterschiedlichen Motiven.\",\"breadcrumb\":{\"@id\":\"https:\\\/\\\/ganesha-shop-fuerth.de\\\/onlineshop\\\/shop\\\/silberringe-ringgroessen\\\/silberringe-ringgroesse-59\\\/ganesha-silberring\\\/#breadcrumb\"},\"inLanguage\":\"de\",\"potentialAction\":[{\"@type\":\"ReadAction\",\"target\":[\"https:\\\/\\\/ganesha-shop-fuerth.de\\\/onlineshop\\\/shop\\\/silberringe-ringgroessen\\\/silberringe-ringgroesse-59\\\/ganesha-silberring\\\/\"]}]},{\"@type\":\"ImageObject\",\"inLanguage\":\"de\",\"@id\":\"https:\\\/\\\/ganesha-shop-fuerth.de\\\/onlineshop\\\/shop\\\/silberringe-ringgroessen\\\/silberringe-ringgroesse-59\\\/ganesha-silberring\\\/#primaryimage\",\"url\":\"https:\\\/\\\/ganesha-shop-fuerth.de\\\/onlineshop\\\/wp-content\\\/uploads\\\/Silberschmuck\\\/Ringe-aus-Indien\\\/gso-ringe-ind-0029-magnify.jpg\",\"contentUrl\":\"https:\\\/\\\/ganesha-shop-fuerth.de\\\/onlineshop\\\/wp-content\\\/uploads\\\/Silberschmuck\\\/Ringe-aus-Indien\\\/gso-ringe-ind-0029-magnify.jpg\",\"width\":990,\"height\":1149,\"caption\":\"Ganesha Silberring\"},{\"@type\":\"BreadcrumbList\",\"@id\":\"https:\\\/\\\/ganesha-shop-fuerth.de\\\/onlineshop\\\/shop\\\/silberringe-ringgroessen\\\/silberringe-ringgroesse-59\\\/ganesha-silberring\\\/#breadcrumb\",\"itemListElement\":[{\"@type\":\"ListItem\",\"position\":1,\"name\":\"Startseite\",\"item\":\"https:\\\/\\\/ganesha-shop-fuerth.de\\\/onlineshop\\\/\"},{\"@type\":\"ListItem\",\"position\":2,\"name\":\"Ganesha Online Shop\",\"item\":\"https:\\\/\\\/ganesha-shop-fuerth.de\\\/onlineshop\\\/shop\\\/\"},{\"@type\":\"ListItem\",\"position\":3,\"name\":\"Ganesha Silberring #1\"}]},{\"@type\":\"WebSite\",\"@id\":\"https:\\\/\\\/ganesha-shop-fuerth.de\\\/onlineshop\\\/#website\",\"url\":\"https:\\\/\\\/ganesha-shop-fuerth.de\\\/onlineshop\\\/\",\"name\":\"Ganesha Online Shop\",\"description\":\"Schmuck Kleidung Accessoires aus Asien\",\"publisher\":{\"@id\":\"https:\\\/\\\/ganesha-shop-fuerth.de\\\/onlineshop\\\/#organization\"},\"potentialAction\":[{\"@type\":\"SearchAction\",\"target\":{\"@type\":\"EntryPoint\",\"urlTemplate\":\"https:\\\/\\\/ganesha-shop-fuerth.de\\\/onlineshop\\\/?s={search_term_string}\"},\"query-input\":{\"@type\":\"PropertyValueSpecification\",\"valueRequired\":true,\"valueName\":\"search_term_string\"}}],\"inLanguage\":\"de\"},{\"@type\":\"Organization\",\"@id\":\"https:\\\/\\\/ganesha-shop-fuerth.de\\\/onlineshop\\\/#organization\",\"name\":\"Ganesha Shop F\u00fcrth\",\"url\":\"https:\\\/\\\/ganesha-shop-fuerth.de\\\/onlineshop\\\/\",\"logo\":{\"@type\":\"ImageObject\",\"inLanguage\":\"de\",\"@id\":\"https:\\\/\\\/ganesha-shop-fuerth.de\\\/onlineshop\\\/#\\\/schema\\\/logo\\\/image\\\/\",\"url\":\"https:\\\/\\\/ganesha-shop-fuerth.de\\\/onlineshop\\\/wp-content\\\/uploads\\\/Logos\\\/ganesha-onlineshop-footer-logo-19-Jahre.png\",\"contentUrl\":\"https:\\\/\\\/ganesha-shop-fuerth.de\\\/onlineshop\\\/wp-content\\\/uploads\\\/Logos\\\/ganesha-onlineshop-footer-logo-19-Jahre.png\",\"width\":250,\"height\":299,\"caption\":\"Ganesha Shop F\u00fcrth\"},\"image\":{\"@id\":\"https:\\\/\\\/ganesha-shop-fuerth.de\\\/onlineshop\\\/#\\\/schema\\\/logo\\\/image\\\/\"},\"sameAs\":[\"https:\\\/\\\/de-de.facebook.com\\\/ganeshashopfuerth\\\/\",\"https:\\\/\\\/www.youtube.com\\\/channel\\\/UCECWtim6iWB8dozVcmw-GcA\"]}]}<\/script>\n<!-- \/ Yoast SEO plugin. -->","yoast_head_json":{"title":"Ganesha Silberring aus Indien im Ganesha Shop kaufen","description":"Ganesha Silberring im Ganesha Online Shop kaufen. Au\u00dferdem weitere 925 Sterling Silberringe in massiven Silber mit unterschiedlichen Motiven.","robots":{"index":"index","follow":"follow","max-snippet":"max-snippet:-1","max-image-preview":"max-image-preview:large","max-video-preview":"max-video-preview:-1"},"canonical":"https:\/\/ganesha-shop-fuerth.de\/onlineshop\/shop\/silberringe-ringgroessen\/silberringe-ringgroesse-59\/ganesha-silberring\/","og_locale":"de_DE","og_type":"article","og_title":"Ganesha Silberring aus Indien im Ganesha Shop kaufen","og_description":"Ganesha Silberring im Ganesha Online Shop kaufen. Au\u00dferdem weitere 925 Sterling Silberringe in massiven Silber mit unterschiedlichen Motiven.","og_url":"https:\/\/ganesha-shop-fuerth.de\/onlineshop\/shop\/silberringe-ringgroessen\/silberringe-ringgroesse-59\/ganesha-silberring\/","og_site_name":"Ganesha Online Shop","article_publisher":"https:\/\/de-de.facebook.com\/ganeshashopfuerth\/","article_modified_time":"2026-03-03T14:34:31+00:00","og_image":[{"width":990,"height":1149,"url":"https:\/\/ganesha-shop-fuerth.de\/onlineshop\/wp-content\/uploads\/Silberschmuck\/Ringe-aus-Indien\/gso-ringe-ind-0029-magnify.jpg","type":"image\/jpeg"}],"twitter_card":"summary_large_image","twitter_misc":{"Gesch\u00e4tzte Lesezeit":"2\u00a0Minuten"},"schema":{"@context":"https:\/\/schema.org","@graph":[{"@type":"WebPage","@id":"https:\/\/ganesha-shop-fuerth.de\/onlineshop\/shop\/silberringe-ringgroessen\/silberringe-ringgroesse-59\/ganesha-silberring\/","url":"https:\/\/ganesha-shop-fuerth.de\/onlineshop\/shop\/silberringe-ringgroessen\/silberringe-ringgroesse-59\/ganesha-silberring\/","name":"Ganesha Silberring aus Indien im Ganesha Shop kaufen","isPartOf":{"@id":"https:\/\/ganesha-shop-fuerth.de\/onlineshop\/#website"},"primaryImageOfPage":{"@id":"https:\/\/ganesha-shop-fuerth.de\/onlineshop\/shop\/silberringe-ringgroessen\/silberringe-ringgroesse-59\/ganesha-silberring\/#primaryimage"},"image":{"@id":"https:\/\/ganesha-shop-fuerth.de\/onlineshop\/shop\/silberringe-ringgroessen\/silberringe-ringgroesse-59\/ganesha-silberring\/#primaryimage"},"thumbnailUrl":"https:\/\/ganesha-shop-fuerth.de\/onlineshop\/wp-content\/uploads\/Silberschmuck\/Ringe-aus-Indien\/gso-ringe-ind-0029-magnify.jpg","datePublished":"2017-02-16T20:20:52+00:00","dateModified":"2026-03-03T14:34:31+00:00","description":"Ganesha Silberring im Ganesha Online Shop kaufen. Au\u00dferdem weitere 925 Sterling Silberringe in massiven Silber mit unterschiedlichen Motiven.","breadcrumb":{"@id":"https:\/\/ganesha-shop-fuerth.de\/onlineshop\/shop\/silberringe-ringgroessen\/silberringe-ringgroesse-59\/ganesha-silberring\/#breadcrumb"},"inLanguage":"de","potentialAction":[{"@type":"ReadAction","target":["https:\/\/ganesha-shop-fuerth.de\/onlineshop\/shop\/silberringe-ringgroessen\/silberringe-ringgroesse-59\/ganesha-silberring\/"]}]},{"@type":"ImageObject","inLanguage":"de","@id":"https:\/\/ganesha-shop-fuerth.de\/onlineshop\/shop\/silberringe-ringgroessen\/silberringe-ringgroesse-59\/ganesha-silberring\/#primaryimage","url":"https:\/\/ganesha-shop-fuerth.de\/onlineshop\/wp-content\/uploads\/Silberschmuck\/Ringe-aus-Indien\/gso-ringe-ind-0029-magnify.jpg","contentUrl":"https:\/\/ganesha-shop-fuerth.de\/onlineshop\/wp-content\/uploads\/Silberschmuck\/Ringe-aus-Indien\/gso-ringe-ind-0029-magnify.jpg","width":990,"height":1149,"caption":"Ganesha Silberring"},{"@type":"BreadcrumbList","@id":"https:\/\/ganesha-shop-fuerth.de\/onlineshop\/shop\/silberringe-ringgroessen\/silberringe-ringgroesse-59\/ganesha-silberring\/#breadcrumb","itemListElement":[{"@type":"ListItem","position":1,"name":"Startseite","item":"https:\/\/ganesha-shop-fuerth.de\/onlineshop\/"},{"@type":"ListItem","position":2,"name":"Ganesha Online Shop","item":"https:\/\/ganesha-shop-fuerth.de\/onlineshop\/shop\/"},{"@type":"ListItem","position":3,"name":"Ganesha Silberring #1"}]},{"@type":"WebSite","@id":"https:\/\/ganesha-shop-fuerth.de\/onlineshop\/#website","url":"https:\/\/ganesha-shop-fuerth.de\/onlineshop\/","name":"Ganesha Online Shop","description":"Schmuck Kleidung Accessoires aus Asien","publisher":{"@id":"https:\/\/ganesha-shop-fuerth.de\/onlineshop\/#organization"},"potentialAction":[{"@type":"SearchAction","target":{"@type":"EntryPoint","urlTemplate":"https:\/\/ganesha-shop-fuerth.de\/onlineshop\/?s={search_term_string}"},"query-input":{"@type":"PropertyValueSpecification","valueRequired":true,"valueName":"search_term_string"}}],"inLanguage":"de"},{"@type":"Organization","@id":"https:\/\/ganesha-shop-fuerth.de\/onlineshop\/#organization","name":"Ganesha Shop F\u00fcrth","url":"https:\/\/ganesha-shop-fuerth.de\/onlineshop\/","logo":{"@type":"ImageObject","inLanguage":"de","@id":"https:\/\/ganesha-shop-fuerth.de\/onlineshop\/#\/schema\/logo\/image\/","url":"https:\/\/ganesha-shop-fuerth.de\/onlineshop\/wp-content\/uploads\/Logos\/ganesha-onlineshop-footer-logo-19-Jahre.png","contentUrl":"https:\/\/ganesha-shop-fuerth.de\/onlineshop\/wp-content\/uploads\/Logos\/ganesha-onlineshop-footer-logo-19-Jahre.png","width":250,"height":299,"caption":"Ganesha Shop F\u00fcrth"},"image":{"@id":"https:\/\/ganesha-shop-fuerth.de\/onlineshop\/#\/schema\/logo\/image\/"},"sameAs":["https:\/\/de-de.facebook.com\/ganeshashopfuerth\/","https:\/\/www.youtube.com\/channel\/UCECWtim6iWB8dozVcmw-GcA"]}]}},"_links":{"self":[{"href":"https:\/\/ganesha-shop-fuerth.de\/onlineshop\/wp-json\/wp\/v2\/product\/250","targetHints":{"allow":["GET"]}}],"collection":[{"href":"https:\/\/ganesha-shop-fuerth.de\/onlineshop\/wp-json\/wp\/v2\/product"}],"about":[{"href":"https:\/\/ganesha-shop-fuerth.de\/onlineshop\/wp-json\/wp\/v2\/types\/product"}],"replies":[{"embeddable":true,"href":"https:\/\/ganesha-shop-fuerth.de\/onlineshop\/wp-json\/wp\/v2\/comments?post=250"}],"wp:featuredmedia":[{"embeddable":true,"href":"https:\/\/ganesha-shop-fuerth.de\/onlineshop\/wp-json\/wp\/v2\/media\/248"}],"wp:attachment":[{"href":"https:\/\/ganesha-shop-fuerth.de\/onlineshop\/wp-json\/wp\/v2\/media?parent=250"}],"wp:term":[{"taxonomy":"product_brand","embeddable":true,"href":"https:\/\/ganesha-shop-fuerth.de\/onlineshop\/wp-json\/wp\/v2\/product_brand?post=250"},{"taxonomy":"product_cat","embeddable":true,"href":"https:\/\/ganesha-shop-fuerth.de\/onlineshop\/wp-json\/wp\/v2\/product_cat?post=250"},{"taxonomy":"product_tag","embeddable":true,"href":"https:\/\/ganesha-shop-fuerth.de\/onlineshop\/wp-json\/wp\/v2\/product_tag?post=250"}],"curies":[{"name":"wp","href":"https:\/\/api.w.org\/{rel}","templated":true}]}}