{"id":2715,"date":"2019-11-22T12:04:56","date_gmt":"2019-11-22T11:04:56","guid":{"rendered":"https:\/\/ganesha-shop-fuerth.de\/onlineshop\/?post_type=product&#038;p=2715"},"modified":"2025-12-18T15:09:05","modified_gmt":"2025-12-18T14:09:05","slug":"silberohrringe-blume-des-lebens","status":"publish","type":"product","link":"https:\/\/ganesha-shop-fuerth.de\/onlineshop\/shop\/silberschmuck-aus-indien\/ohrringe-aus-indien\/silberohrringe-blume-des-lebens\/","title":{"rendered":"Silberohrringe Blume des Lebens"},"content":{"rendered":"<p>Silberohrringe Blume des Lebens in 925 Sterling Silber Qualt\u00e4t. L\u00e4nge mit H\u00e4nger: 4,0 cm; Breite: 2,4 cm; Gewicht\/Paar: 7,0 g. Preis = Paarpreis.\u00a0 Informationen zur Symbolik der Blume des Lebens oder auch Lebensblume gennant, finden Sie z.B. <a href=\"https:\/\/blumedeslebensbedeutung.com\/\" target=\"_blank\" rel=\"noopener noreferrer\">hier<\/a>.<\/p>\n<figure id=\"attachment_2714\" aria-describedby=\"caption-attachment-2714\" style=\"width: 440px\" class=\"wp-caption alignnone\"><a href=\"https:\/\/ganesha-shop-fuerth.de\/onlineshop\/wp-content\/uploads\/Silberschmuck\/Ohrringe-aus-Indien\/gso-ohrring-ind-0090a-magnify.jpg\" target=\"_blank\" rel=\"noopener noreferrer\"><img loading=\"lazy\" decoding=\"async\" class=\"wp-image-2714\" src=\"https:\/\/ganesha-shop-fuerth.de\/onlineshop\/wp-content\/uploads\/Silberschmuck\/Ohrringe-aus-Indien\/gso-ohrring-ind-0090a-magnify-300x225.jpg\" alt=\"Silberohrringe Blume des Lebens im Online Shop\" width=\"440\" height=\"330\" srcset=\"https:\/\/ganesha-shop-fuerth.de\/onlineshop\/wp-content\/uploads\/Silberschmuck\/Ohrringe-aus-Indien\/gso-ohrring-ind-0090a-magnify-300x225.jpg 300w, https:\/\/ganesha-shop-fuerth.de\/onlineshop\/wp-content\/uploads\/Silberschmuck\/Ohrringe-aus-Indien\/gso-ohrring-ind-0090a-magnify-324x243.jpg 324w, https:\/\/ganesha-shop-fuerth.de\/onlineshop\/wp-content\/uploads\/Silberschmuck\/Ohrringe-aus-Indien\/gso-ohrring-ind-0090a-magnify-416x312.jpg 416w, https:\/\/ganesha-shop-fuerth.de\/onlineshop\/wp-content\/uploads\/Silberschmuck\/Ohrringe-aus-Indien\/gso-ohrring-ind-0090a-magnify-768x576.jpg 768w, https:\/\/ganesha-shop-fuerth.de\/onlineshop\/wp-content\/uploads\/Silberschmuck\/Ohrringe-aus-Indien\/gso-ohrring-ind-0090a-magnify.jpg 1000w\" sizes=\"auto, (max-width: 440px) 100vw, 440px\" \/><\/a><figcaption id=\"caption-attachment-2714\" class=\"wp-caption-text\">Silberohrringe Blume des Lebens<\/figcaption><\/figure>\n","protected":false},"excerpt":{"rendered":"<p>Silberohrringe Blume des Lebens aus Indien<\/p>\n","protected":false},"featured_media":2713,"comment_status":"open","ping_status":"closed","template":"","meta":[],"product_brand":[],"product_cat":[215,82,11],"product_tag":[58,228,45,85],"class_list":{"0":"post-2715","1":"product","2":"type-product","3":"status-publish","4":"has-post-thumbnail","6":"product_cat-esoterik-schmuck","7":"product_cat-ohrringe-aus-indien","8":"product_cat-silberschmuck-aus-indien","9":"product_tag-blume-des-lebens-anhaenger-ohrringe","10":"product_tag-esoterik-artikel","11":"product_tag-massiv","12":"product_tag-silberohrringe-aus-indien","14":"first","15":"instock","16":"taxable","17":"shipping-taxable","18":"purchasable","19":"product-type-simple"},"yoast_head":"<!-- This site is optimized with the Yoast SEO plugin v27.3 - https:\/\/yoast.com\/product\/yoast-seo-wordpress\/ -->\n<title>Silberohrringe Blume des Lebens im Ganesha Online Shop kaufen<\/title>\n<meta name=\"description\" content=\"Silberohrringe Blume des Lebens oder auch Lebensblume genannt im Ganesha Shop. Weiterer Schmuck mit Blume des Lebens z.B. Anh\u00e4nger im Shop erh\u00e4ltlich.\" \/>\n<meta name=\"robots\" content=\"index, follow, max-snippet:-1, max-image-preview:large, max-video-preview:-1\" \/>\n<link rel=\"canonical\" href=\"https:\/\/ganesha-shop-fuerth.de\/onlineshop\/shop\/silberschmuck-aus-indien\/ohrringe-aus-indien\/silberohrringe-blume-des-lebens\/\" \/>\n<meta property=\"og:locale\" content=\"de_DE\" \/>\n<meta property=\"og:type\" content=\"article\" \/>\n<meta property=\"og:title\" content=\"Silberohrringe Blume des Lebens im Ganesha Online Shop kaufen\" \/>\n<meta property=\"og:description\" content=\"Silberohrringe Blume des Lebens oder auch Lebensblume genannt im Ganesha Shop. Weiterer Schmuck mit Blume des Lebens z.B. Anh\u00e4nger im Shop erh\u00e4ltlich.\" \/>\n<meta property=\"og:url\" content=\"https:\/\/ganesha-shop-fuerth.de\/onlineshop\/shop\/silberschmuck-aus-indien\/ohrringe-aus-indien\/silberohrringe-blume-des-lebens\/\" \/>\n<meta property=\"og:site_name\" content=\"Ganesha Online Shop\" \/>\n<meta property=\"article:publisher\" content=\"https:\/\/de-de.facebook.com\/ganeshashopfuerth\/\" \/>\n<meta property=\"article:modified_time\" content=\"2025-12-18T14:09:05+00:00\" \/>\n<meta property=\"og:image\" content=\"https:\/\/ganesha-shop-fuerth.de\/onlineshop\/wp-content\/uploads\/Silberschmuck\/Ohrringe-aus-Indien\/gso-ohrring-ind-0090-magnify.jpg\" \/>\n\t<meta property=\"og:image:width\" content=\"900\" \/>\n\t<meta property=\"og:image:height\" content=\"1045\" \/>\n\t<meta property=\"og:image:type\" content=\"image\/jpeg\" \/>\n<meta name=\"twitter:card\" content=\"summary_large_image\" \/>\n<script type=\"application\/ld+json\" class=\"yoast-schema-graph\">{\"@context\":\"https:\\\/\\\/schema.org\",\"@graph\":[{\"@type\":\"WebPage\",\"@id\":\"https:\\\/\\\/ganesha-shop-fuerth.de\\\/onlineshop\\\/shop\\\/silberschmuck-aus-indien\\\/ohrringe-aus-indien\\\/silberohrringe-blume-des-lebens\\\/\",\"url\":\"https:\\\/\\\/ganesha-shop-fuerth.de\\\/onlineshop\\\/shop\\\/silberschmuck-aus-indien\\\/ohrringe-aus-indien\\\/silberohrringe-blume-des-lebens\\\/\",\"name\":\"Silberohrringe Blume des Lebens im Ganesha Online Shop kaufen\",\"isPartOf\":{\"@id\":\"https:\\\/\\\/ganesha-shop-fuerth.de\\\/onlineshop\\\/#website\"},\"primaryImageOfPage\":{\"@id\":\"https:\\\/\\\/ganesha-shop-fuerth.de\\\/onlineshop\\\/shop\\\/silberschmuck-aus-indien\\\/ohrringe-aus-indien\\\/silberohrringe-blume-des-lebens\\\/#primaryimage\"},\"image\":{\"@id\":\"https:\\\/\\\/ganesha-shop-fuerth.de\\\/onlineshop\\\/shop\\\/silberschmuck-aus-indien\\\/ohrringe-aus-indien\\\/silberohrringe-blume-des-lebens\\\/#primaryimage\"},\"thumbnailUrl\":\"https:\\\/\\\/ganesha-shop-fuerth.de\\\/onlineshop\\\/wp-content\\\/uploads\\\/Silberschmuck\\\/Ohrringe-aus-Indien\\\/gso-ohrring-ind-0090-magnify.jpg\",\"datePublished\":\"2019-11-22T11:04:56+00:00\",\"dateModified\":\"2025-12-18T14:09:05+00:00\",\"description\":\"Silberohrringe Blume des Lebens oder auch Lebensblume genannt im Ganesha Shop. Weiterer Schmuck mit Blume des Lebens z.B. Anh\u00e4nger im Shop erh\u00e4ltlich.\",\"breadcrumb\":{\"@id\":\"https:\\\/\\\/ganesha-shop-fuerth.de\\\/onlineshop\\\/shop\\\/silberschmuck-aus-indien\\\/ohrringe-aus-indien\\\/silberohrringe-blume-des-lebens\\\/#breadcrumb\"},\"inLanguage\":\"de\",\"potentialAction\":[{\"@type\":\"ReadAction\",\"target\":[\"https:\\\/\\\/ganesha-shop-fuerth.de\\\/onlineshop\\\/shop\\\/silberschmuck-aus-indien\\\/ohrringe-aus-indien\\\/silberohrringe-blume-des-lebens\\\/\"]}]},{\"@type\":\"ImageObject\",\"inLanguage\":\"de\",\"@id\":\"https:\\\/\\\/ganesha-shop-fuerth.de\\\/onlineshop\\\/shop\\\/silberschmuck-aus-indien\\\/ohrringe-aus-indien\\\/silberohrringe-blume-des-lebens\\\/#primaryimage\",\"url\":\"https:\\\/\\\/ganesha-shop-fuerth.de\\\/onlineshop\\\/wp-content\\\/uploads\\\/Silberschmuck\\\/Ohrringe-aus-Indien\\\/gso-ohrring-ind-0090-magnify.jpg\",\"contentUrl\":\"https:\\\/\\\/ganesha-shop-fuerth.de\\\/onlineshop\\\/wp-content\\\/uploads\\\/Silberschmuck\\\/Ohrringe-aus-Indien\\\/gso-ohrring-ind-0090-magnify.jpg\",\"width\":900,\"height\":1045,\"caption\":\"Silberohrringe Blume des Lebens\"},{\"@type\":\"BreadcrumbList\",\"@id\":\"https:\\\/\\\/ganesha-shop-fuerth.de\\\/onlineshop\\\/shop\\\/silberschmuck-aus-indien\\\/ohrringe-aus-indien\\\/silberohrringe-blume-des-lebens\\\/#breadcrumb\",\"itemListElement\":[{\"@type\":\"ListItem\",\"position\":1,\"name\":\"Startseite\",\"item\":\"https:\\\/\\\/ganesha-shop-fuerth.de\\\/onlineshop\\\/\"},{\"@type\":\"ListItem\",\"position\":2,\"name\":\"Ganesha Online Shop\",\"item\":\"https:\\\/\\\/ganesha-shop-fuerth.de\\\/onlineshop\\\/shop\\\/\"},{\"@type\":\"ListItem\",\"position\":3,\"name\":\"Silberohrringe Blume des Lebens\"}]},{\"@type\":\"WebSite\",\"@id\":\"https:\\\/\\\/ganesha-shop-fuerth.de\\\/onlineshop\\\/#website\",\"url\":\"https:\\\/\\\/ganesha-shop-fuerth.de\\\/onlineshop\\\/\",\"name\":\"Ganesha Online Shop\",\"description\":\"Schmuck Kleidung Accessoires aus Asien\",\"publisher\":{\"@id\":\"https:\\\/\\\/ganesha-shop-fuerth.de\\\/onlineshop\\\/#organization\"},\"potentialAction\":[{\"@type\":\"SearchAction\",\"target\":{\"@type\":\"EntryPoint\",\"urlTemplate\":\"https:\\\/\\\/ganesha-shop-fuerth.de\\\/onlineshop\\\/?s={search_term_string}\"},\"query-input\":{\"@type\":\"PropertyValueSpecification\",\"valueRequired\":true,\"valueName\":\"search_term_string\"}}],\"inLanguage\":\"de\"},{\"@type\":\"Organization\",\"@id\":\"https:\\\/\\\/ganesha-shop-fuerth.de\\\/onlineshop\\\/#organization\",\"name\":\"Ganesha Shop F\u00fcrth\",\"url\":\"https:\\\/\\\/ganesha-shop-fuerth.de\\\/onlineshop\\\/\",\"logo\":{\"@type\":\"ImageObject\",\"inLanguage\":\"de\",\"@id\":\"https:\\\/\\\/ganesha-shop-fuerth.de\\\/onlineshop\\\/#\\\/schema\\\/logo\\\/image\\\/\",\"url\":\"https:\\\/\\\/ganesha-shop-fuerth.de\\\/onlineshop\\\/wp-content\\\/uploads\\\/Logos\\\/ganesha-onlineshop-footer-logo-19-Jahre.png\",\"contentUrl\":\"https:\\\/\\\/ganesha-shop-fuerth.de\\\/onlineshop\\\/wp-content\\\/uploads\\\/Logos\\\/ganesha-onlineshop-footer-logo-19-Jahre.png\",\"width\":250,\"height\":299,\"caption\":\"Ganesha Shop F\u00fcrth\"},\"image\":{\"@id\":\"https:\\\/\\\/ganesha-shop-fuerth.de\\\/onlineshop\\\/#\\\/schema\\\/logo\\\/image\\\/\"},\"sameAs\":[\"https:\\\/\\\/de-de.facebook.com\\\/ganeshashopfuerth\\\/\",\"https:\\\/\\\/www.youtube.com\\\/channel\\\/UCECWtim6iWB8dozVcmw-GcA\"]}]}<\/script>\n<!-- \/ Yoast SEO plugin. -->","yoast_head_json":{"title":"Silberohrringe Blume des Lebens im Ganesha Online Shop kaufen","description":"Silberohrringe Blume des Lebens oder auch Lebensblume genannt im Ganesha Shop. Weiterer Schmuck mit Blume des Lebens z.B. Anh\u00e4nger im Shop erh\u00e4ltlich.","robots":{"index":"index","follow":"follow","max-snippet":"max-snippet:-1","max-image-preview":"max-image-preview:large","max-video-preview":"max-video-preview:-1"},"canonical":"https:\/\/ganesha-shop-fuerth.de\/onlineshop\/shop\/silberschmuck-aus-indien\/ohrringe-aus-indien\/silberohrringe-blume-des-lebens\/","og_locale":"de_DE","og_type":"article","og_title":"Silberohrringe Blume des Lebens im Ganesha Online Shop kaufen","og_description":"Silberohrringe Blume des Lebens oder auch Lebensblume genannt im Ganesha Shop. Weiterer Schmuck mit Blume des Lebens z.B. Anh\u00e4nger im Shop erh\u00e4ltlich.","og_url":"https:\/\/ganesha-shop-fuerth.de\/onlineshop\/shop\/silberschmuck-aus-indien\/ohrringe-aus-indien\/silberohrringe-blume-des-lebens\/","og_site_name":"Ganesha Online Shop","article_publisher":"https:\/\/de-de.facebook.com\/ganeshashopfuerth\/","article_modified_time":"2025-12-18T14:09:05+00:00","og_image":[{"width":900,"height":1045,"url":"https:\/\/ganesha-shop-fuerth.de\/onlineshop\/wp-content\/uploads\/Silberschmuck\/Ohrringe-aus-Indien\/gso-ohrring-ind-0090-magnify.jpg","type":"image\/jpeg"}],"twitter_card":"summary_large_image","schema":{"@context":"https:\/\/schema.org","@graph":[{"@type":"WebPage","@id":"https:\/\/ganesha-shop-fuerth.de\/onlineshop\/shop\/silberschmuck-aus-indien\/ohrringe-aus-indien\/silberohrringe-blume-des-lebens\/","url":"https:\/\/ganesha-shop-fuerth.de\/onlineshop\/shop\/silberschmuck-aus-indien\/ohrringe-aus-indien\/silberohrringe-blume-des-lebens\/","name":"Silberohrringe Blume des Lebens im Ganesha Online Shop kaufen","isPartOf":{"@id":"https:\/\/ganesha-shop-fuerth.de\/onlineshop\/#website"},"primaryImageOfPage":{"@id":"https:\/\/ganesha-shop-fuerth.de\/onlineshop\/shop\/silberschmuck-aus-indien\/ohrringe-aus-indien\/silberohrringe-blume-des-lebens\/#primaryimage"},"image":{"@id":"https:\/\/ganesha-shop-fuerth.de\/onlineshop\/shop\/silberschmuck-aus-indien\/ohrringe-aus-indien\/silberohrringe-blume-des-lebens\/#primaryimage"},"thumbnailUrl":"https:\/\/ganesha-shop-fuerth.de\/onlineshop\/wp-content\/uploads\/Silberschmuck\/Ohrringe-aus-Indien\/gso-ohrring-ind-0090-magnify.jpg","datePublished":"2019-11-22T11:04:56+00:00","dateModified":"2025-12-18T14:09:05+00:00","description":"Silberohrringe Blume des Lebens oder auch Lebensblume genannt im Ganesha Shop. Weiterer Schmuck mit Blume des Lebens z.B. Anh\u00e4nger im Shop erh\u00e4ltlich.","breadcrumb":{"@id":"https:\/\/ganesha-shop-fuerth.de\/onlineshop\/shop\/silberschmuck-aus-indien\/ohrringe-aus-indien\/silberohrringe-blume-des-lebens\/#breadcrumb"},"inLanguage":"de","potentialAction":[{"@type":"ReadAction","target":["https:\/\/ganesha-shop-fuerth.de\/onlineshop\/shop\/silberschmuck-aus-indien\/ohrringe-aus-indien\/silberohrringe-blume-des-lebens\/"]}]},{"@type":"ImageObject","inLanguage":"de","@id":"https:\/\/ganesha-shop-fuerth.de\/onlineshop\/shop\/silberschmuck-aus-indien\/ohrringe-aus-indien\/silberohrringe-blume-des-lebens\/#primaryimage","url":"https:\/\/ganesha-shop-fuerth.de\/onlineshop\/wp-content\/uploads\/Silberschmuck\/Ohrringe-aus-Indien\/gso-ohrring-ind-0090-magnify.jpg","contentUrl":"https:\/\/ganesha-shop-fuerth.de\/onlineshop\/wp-content\/uploads\/Silberschmuck\/Ohrringe-aus-Indien\/gso-ohrring-ind-0090-magnify.jpg","width":900,"height":1045,"caption":"Silberohrringe Blume des Lebens"},{"@type":"BreadcrumbList","@id":"https:\/\/ganesha-shop-fuerth.de\/onlineshop\/shop\/silberschmuck-aus-indien\/ohrringe-aus-indien\/silberohrringe-blume-des-lebens\/#breadcrumb","itemListElement":[{"@type":"ListItem","position":1,"name":"Startseite","item":"https:\/\/ganesha-shop-fuerth.de\/onlineshop\/"},{"@type":"ListItem","position":2,"name":"Ganesha Online Shop","item":"https:\/\/ganesha-shop-fuerth.de\/onlineshop\/shop\/"},{"@type":"ListItem","position":3,"name":"Silberohrringe Blume des Lebens"}]},{"@type":"WebSite","@id":"https:\/\/ganesha-shop-fuerth.de\/onlineshop\/#website","url":"https:\/\/ganesha-shop-fuerth.de\/onlineshop\/","name":"Ganesha Online Shop","description":"Schmuck Kleidung Accessoires aus Asien","publisher":{"@id":"https:\/\/ganesha-shop-fuerth.de\/onlineshop\/#organization"},"potentialAction":[{"@type":"SearchAction","target":{"@type":"EntryPoint","urlTemplate":"https:\/\/ganesha-shop-fuerth.de\/onlineshop\/?s={search_term_string}"},"query-input":{"@type":"PropertyValueSpecification","valueRequired":true,"valueName":"search_term_string"}}],"inLanguage":"de"},{"@type":"Organization","@id":"https:\/\/ganesha-shop-fuerth.de\/onlineshop\/#organization","name":"Ganesha Shop F\u00fcrth","url":"https:\/\/ganesha-shop-fuerth.de\/onlineshop\/","logo":{"@type":"ImageObject","inLanguage":"de","@id":"https:\/\/ganesha-shop-fuerth.de\/onlineshop\/#\/schema\/logo\/image\/","url":"https:\/\/ganesha-shop-fuerth.de\/onlineshop\/wp-content\/uploads\/Logos\/ganesha-onlineshop-footer-logo-19-Jahre.png","contentUrl":"https:\/\/ganesha-shop-fuerth.de\/onlineshop\/wp-content\/uploads\/Logos\/ganesha-onlineshop-footer-logo-19-Jahre.png","width":250,"height":299,"caption":"Ganesha Shop F\u00fcrth"},"image":{"@id":"https:\/\/ganesha-shop-fuerth.de\/onlineshop\/#\/schema\/logo\/image\/"},"sameAs":["https:\/\/de-de.facebook.com\/ganeshashopfuerth\/","https:\/\/www.youtube.com\/channel\/UCECWtim6iWB8dozVcmw-GcA"]}]}},"_links":{"self":[{"href":"https:\/\/ganesha-shop-fuerth.de\/onlineshop\/wp-json\/wp\/v2\/product\/2715","targetHints":{"allow":["GET"]}}],"collection":[{"href":"https:\/\/ganesha-shop-fuerth.de\/onlineshop\/wp-json\/wp\/v2\/product"}],"about":[{"href":"https:\/\/ganesha-shop-fuerth.de\/onlineshop\/wp-json\/wp\/v2\/types\/product"}],"replies":[{"embeddable":true,"href":"https:\/\/ganesha-shop-fuerth.de\/onlineshop\/wp-json\/wp\/v2\/comments?post=2715"}],"wp:featuredmedia":[{"embeddable":true,"href":"https:\/\/ganesha-shop-fuerth.de\/onlineshop\/wp-json\/wp\/v2\/media\/2713"}],"wp:attachment":[{"href":"https:\/\/ganesha-shop-fuerth.de\/onlineshop\/wp-json\/wp\/v2\/media?parent=2715"}],"wp:term":[{"taxonomy":"product_brand","embeddable":true,"href":"https:\/\/ganesha-shop-fuerth.de\/onlineshop\/wp-json\/wp\/v2\/product_brand?post=2715"},{"taxonomy":"product_cat","embeddable":true,"href":"https:\/\/ganesha-shop-fuerth.de\/onlineshop\/wp-json\/wp\/v2\/product_cat?post=2715"},{"taxonomy":"product_tag","embeddable":true,"href":"https:\/\/ganesha-shop-fuerth.de\/onlineshop\/wp-json\/wp\/v2\/product_tag?post=2715"}],"curies":[{"name":"wp","href":"https:\/\/api.w.org\/{rel}","templated":true}]}}