{"id":3074,"date":"2020-04-29T19:09:03","date_gmt":"2020-04-29T17:09:03","guid":{"rendered":"https:\/\/ganesha-shop-fuerth.de\/onlineshop\/?post_type=product&#038;p=3074"},"modified":"2026-01-07T15:09:15","modified_gmt":"2026-01-07T14:09:15","slug":"lebensbaum-messing-anhaenger-in-makramee","status":"publish","type":"product","link":"https:\/\/ganesha-shop-fuerth.de\/onlineshop\/shop\/messing-schmuck\/messing-anhaenger\/lebensbaum-messing-anhaenger-in-makramee\/","title":{"rendered":"Lebensbaum Messing Anh\u00e4nger in Makramee"},"content":{"rendered":"<p>Lebensbaum Messing Anh\u00e4nger in Makramee eingebunden, mit Messing Perlen. Handgefertigte Einzelst\u00fccke aus Indien. Makramee Arbeit aus gewachster Baumwolle. Als Makramee bezeichnet man eine aus dem Orient kommende Kn\u00fcpftechnik zur Herstellung von Ornamenten, Textilien oder Schmuck. L\u00e4nge und Umfang der Anh\u00e4nger Kette ist verstellbar. Max. Durchmesser des Anh\u00e4ngers: ca. 7,5 cm; Informationen zur Bedeutung des \u201eLebensbaums bzw. Baum des Lebens\u201c finden Sie <a href=\"https:\/\/de.wikipedia.org\/wiki\/Baum_des_Lebens\" target=\"_blank\" rel=\"noopener noreferrer\">hier<\/a>.<\/p>\n<figure id=\"attachment_3078\" aria-describedby=\"caption-attachment-3078\" style=\"width: 380px\" class=\"wp-caption alignnone\"><a href=\"https:\/\/ganesha-shop-fuerth.de\/onlineshop\/wp-content\/uploads\/Modeschmuck\/Makramee-Anhaenger\/gso-anhaenger-makramee-0007b-magnify.jpg\"><img loading=\"lazy\" decoding=\"async\" class=\"wp-image-3078\" src=\"https:\/\/ganesha-shop-fuerth.de\/onlineshop\/wp-content\/uploads\/Modeschmuck\/Makramee-Anhaenger\/gso-anhaenger-makramee-0007b-magnify-258x300.jpg\" alt=\"Lebensbaum Messing Anh\u00e4nger in Makramee im Ganesha Shop\" width=\"380\" height=\"441\" srcset=\"https:\/\/ganesha-shop-fuerth.de\/onlineshop\/wp-content\/uploads\/Modeschmuck\/Makramee-Anhaenger\/gso-anhaenger-makramee-0007b-magnify-258x300.jpg 258w, https:\/\/ganesha-shop-fuerth.de\/onlineshop\/wp-content\/uploads\/Modeschmuck\/Makramee-Anhaenger\/gso-anhaenger-makramee-0007b-magnify-882x1024.jpg 882w, https:\/\/ganesha-shop-fuerth.de\/onlineshop\/wp-content\/uploads\/Modeschmuck\/Makramee-Anhaenger\/gso-anhaenger-makramee-0007b-magnify-768x892.jpg 768w, https:\/\/ganesha-shop-fuerth.de\/onlineshop\/wp-content\/uploads\/Modeschmuck\/Makramee-Anhaenger\/gso-anhaenger-makramee-0007b-magnify-324x376.jpg 324w, https:\/\/ganesha-shop-fuerth.de\/onlineshop\/wp-content\/uploads\/Modeschmuck\/Makramee-Anhaenger\/gso-anhaenger-makramee-0007b-magnify-416x483.jpg 416w, https:\/\/ganesha-shop-fuerth.de\/onlineshop\/wp-content\/uploads\/Modeschmuck\/Makramee-Anhaenger\/gso-anhaenger-makramee-0007b-magnify.jpg 900w\" sizes=\"auto, (max-width: 380px) 100vw, 380px\" \/><\/a><figcaption id=\"caption-attachment-3078\" class=\"wp-caption-text\">Lebensbaum Messing Anh\u00e4nger in Makramee (Vorderseite)<\/figcaption><\/figure>\n<figure id=\"attachment_3063\" aria-describedby=\"caption-attachment-3063\" style=\"width: 585px\" class=\"wp-caption alignnone\"><a href=\"https:\/\/ganesha-shop-fuerth.de\/onlineshop\/wp-content\/uploads\/Modeschmuck\/Makramee-Anhaenger\/Makramee-Anhaenger-Kategorie.jpg\"><img loading=\"lazy\" decoding=\"async\" class=\"wp-image-3063\" src=\"https:\/\/ganesha-shop-fuerth.de\/onlineshop\/wp-content\/uploads\/Modeschmuck\/Makramee-Anhaenger\/Makramee-Anhaenger-Kategorie-300x205.jpg\" alt=\"Esoterische Anh\u00e4nger aus Messing in Makramee\" width=\"585\" height=\"400\" srcset=\"https:\/\/ganesha-shop-fuerth.de\/onlineshop\/wp-content\/uploads\/Modeschmuck\/Makramee-Anhaenger\/Makramee-Anhaenger-Kategorie-300x205.jpg 300w, https:\/\/ganesha-shop-fuerth.de\/onlineshop\/wp-content\/uploads\/Modeschmuck\/Makramee-Anhaenger\/Makramee-Anhaenger-Kategorie-1024x700.jpg 1024w, https:\/\/ganesha-shop-fuerth.de\/onlineshop\/wp-content\/uploads\/Modeschmuck\/Makramee-Anhaenger\/Makramee-Anhaenger-Kategorie-768x525.jpg 768w, https:\/\/ganesha-shop-fuerth.de\/onlineshop\/wp-content\/uploads\/Modeschmuck\/Makramee-Anhaenger\/Makramee-Anhaenger-Kategorie-324x221.jpg 324w, https:\/\/ganesha-shop-fuerth.de\/onlineshop\/wp-content\/uploads\/Modeschmuck\/Makramee-Anhaenger\/Makramee-Anhaenger-Kategorie-416x284.jpg 416w, https:\/\/ganesha-shop-fuerth.de\/onlineshop\/wp-content\/uploads\/Modeschmuck\/Makramee-Anhaenger\/Makramee-Anhaenger-Kategorie.jpg 1529w\" sizes=\"auto, (max-width: 585px) 100vw, 585px\" \/><\/a><figcaption id=\"caption-attachment-3063\" class=\"wp-caption-text\">Esoterischer Schmuck aus Messing in Makramee Arbeit im Ganesha Online Shop<\/figcaption><\/figure>\n","protected":false},"excerpt":{"rendered":"<p>Lebensbaum Messing Anh\u00e4nger in Makramee<\/p>\n","protected":false},"featured_media":3078,"comment_status":"open","ping_status":"closed","template":"","meta":[],"product_brand":[],"product_cat":[215,172,171],"product_tag":[228,64,57,216,173],"class_list":{"0":"post-3074","1":"product","2":"type-product","3":"status-publish","4":"has-post-thumbnail","6":"product_cat-esoterik-schmuck","7":"product_cat-messing-anhaenger","8":"product_cat-messing-schmuck","9":"product_tag-esoterik-artikel","10":"product_tag-kultsymbole","11":"product_tag-lebensbaum-schmuck-anhaenger-ohrringe","12":"product_tag-makramee-schmuck","13":"product_tag-messing-schmuck","15":"first","16":"instock","17":"sold-individually","18":"taxable","19":"shipping-taxable","20":"purchasable","21":"product-type-simple"},"yoast_head":"<!-- This site is optimized with the Yoast SEO plugin v27.3 - https:\/\/yoast.com\/product\/yoast-seo-wordpress\/ -->\n<title>Lebensbaum Messing Anh\u00e4nger in Makramee - Ganesha Online Shop<\/title>\n<meta name=\"description\" content=\"Lebensbaum Messing Anh\u00e4nger in Makramee Arbeit eingebunden, mit Messing Perlen verziert. Esoterik Schmuck aus Messing im Ganesha Online Shop.\" \/>\n<meta name=\"robots\" content=\"index, follow, max-snippet:-1, max-image-preview:large, max-video-preview:-1\" \/>\n<link rel=\"canonical\" href=\"https:\/\/ganesha-shop-fuerth.de\/onlineshop\/shop\/messing-schmuck\/messing-anhaenger\/lebensbaum-messing-anhaenger-in-makramee\/\" \/>\n<meta property=\"og:locale\" content=\"de_DE\" \/>\n<meta property=\"og:type\" content=\"article\" \/>\n<meta property=\"og:title\" content=\"Lebensbaum Messing Anh\u00e4nger in Makramee - Ganesha Online Shop\" \/>\n<meta property=\"og:description\" content=\"Lebensbaum Messing Anh\u00e4nger in Makramee Arbeit eingebunden, mit Messing Perlen verziert. Esoterik Schmuck aus Messing im Ganesha Online Shop.\" \/>\n<meta property=\"og:url\" content=\"https:\/\/ganesha-shop-fuerth.de\/onlineshop\/shop\/messing-schmuck\/messing-anhaenger\/lebensbaum-messing-anhaenger-in-makramee\/\" \/>\n<meta property=\"og:site_name\" content=\"Ganesha Online Shop\" \/>\n<meta property=\"article:publisher\" content=\"https:\/\/de-de.facebook.com\/ganeshashopfuerth\/\" \/>\n<meta property=\"article:modified_time\" content=\"2026-01-07T14:09:15+00:00\" \/>\n<meta property=\"og:image\" content=\"https:\/\/ganesha-shop-fuerth.de\/onlineshop\/wp-content\/uploads\/Modeschmuck\/Makramee-Anhaenger\/gso-anhaenger-makramee-0007b-magnify.jpg\" \/>\n\t<meta property=\"og:image:width\" content=\"900\" \/>\n\t<meta property=\"og:image:height\" content=\"1045\" \/>\n\t<meta property=\"og:image:type\" content=\"image\/jpeg\" \/>\n<meta name=\"twitter:card\" content=\"summary_large_image\" \/>\n<script type=\"application\/ld+json\" class=\"yoast-schema-graph\">{\"@context\":\"https:\\\/\\\/schema.org\",\"@graph\":[{\"@type\":\"WebPage\",\"@id\":\"https:\\\/\\\/ganesha-shop-fuerth.de\\\/onlineshop\\\/shop\\\/messing-schmuck\\\/messing-anhaenger\\\/lebensbaum-messing-anhaenger-in-makramee\\\/\",\"url\":\"https:\\\/\\\/ganesha-shop-fuerth.de\\\/onlineshop\\\/shop\\\/messing-schmuck\\\/messing-anhaenger\\\/lebensbaum-messing-anhaenger-in-makramee\\\/\",\"name\":\"Lebensbaum Messing Anh\u00e4nger in Makramee - Ganesha Online Shop\",\"isPartOf\":{\"@id\":\"https:\\\/\\\/ganesha-shop-fuerth.de\\\/onlineshop\\\/#website\"},\"primaryImageOfPage\":{\"@id\":\"https:\\\/\\\/ganesha-shop-fuerth.de\\\/onlineshop\\\/shop\\\/messing-schmuck\\\/messing-anhaenger\\\/lebensbaum-messing-anhaenger-in-makramee\\\/#primaryimage\"},\"image\":{\"@id\":\"https:\\\/\\\/ganesha-shop-fuerth.de\\\/onlineshop\\\/shop\\\/messing-schmuck\\\/messing-anhaenger\\\/lebensbaum-messing-anhaenger-in-makramee\\\/#primaryimage\"},\"thumbnailUrl\":\"https:\\\/\\\/ganesha-shop-fuerth.de\\\/onlineshop\\\/wp-content\\\/uploads\\\/Modeschmuck\\\/Makramee-Anhaenger\\\/gso-anhaenger-makramee-0007b-magnify.jpg\",\"datePublished\":\"2020-04-29T17:09:03+00:00\",\"dateModified\":\"2026-01-07T14:09:15+00:00\",\"description\":\"Lebensbaum Messing Anh\u00e4nger in Makramee Arbeit eingebunden, mit Messing Perlen verziert. Esoterik Schmuck aus Messing im Ganesha Online Shop.\",\"breadcrumb\":{\"@id\":\"https:\\\/\\\/ganesha-shop-fuerth.de\\\/onlineshop\\\/shop\\\/messing-schmuck\\\/messing-anhaenger\\\/lebensbaum-messing-anhaenger-in-makramee\\\/#breadcrumb\"},\"inLanguage\":\"de\",\"potentialAction\":[{\"@type\":\"ReadAction\",\"target\":[\"https:\\\/\\\/ganesha-shop-fuerth.de\\\/onlineshop\\\/shop\\\/messing-schmuck\\\/messing-anhaenger\\\/lebensbaum-messing-anhaenger-in-makramee\\\/\"]}]},{\"@type\":\"ImageObject\",\"inLanguage\":\"de\",\"@id\":\"https:\\\/\\\/ganesha-shop-fuerth.de\\\/onlineshop\\\/shop\\\/messing-schmuck\\\/messing-anhaenger\\\/lebensbaum-messing-anhaenger-in-makramee\\\/#primaryimage\",\"url\":\"https:\\\/\\\/ganesha-shop-fuerth.de\\\/onlineshop\\\/wp-content\\\/uploads\\\/Modeschmuck\\\/Makramee-Anhaenger\\\/gso-anhaenger-makramee-0007b-magnify.jpg\",\"contentUrl\":\"https:\\\/\\\/ganesha-shop-fuerth.de\\\/onlineshop\\\/wp-content\\\/uploads\\\/Modeschmuck\\\/Makramee-Anhaenger\\\/gso-anhaenger-makramee-0007b-magnify.jpg\",\"width\":900,\"height\":1045,\"caption\":\"Lebensbaum Messing Anh\u00e4nger in Makramee (Vorderseite)\"},{\"@type\":\"BreadcrumbList\",\"@id\":\"https:\\\/\\\/ganesha-shop-fuerth.de\\\/onlineshop\\\/shop\\\/messing-schmuck\\\/messing-anhaenger\\\/lebensbaum-messing-anhaenger-in-makramee\\\/#breadcrumb\",\"itemListElement\":[{\"@type\":\"ListItem\",\"position\":1,\"name\":\"Startseite\",\"item\":\"https:\\\/\\\/ganesha-shop-fuerth.de\\\/onlineshop\\\/\"},{\"@type\":\"ListItem\",\"position\":2,\"name\":\"Ganesha Online Shop\",\"item\":\"https:\\\/\\\/ganesha-shop-fuerth.de\\\/onlineshop\\\/shop\\\/\"},{\"@type\":\"ListItem\",\"position\":3,\"name\":\"Lebensbaum Messing Anh\u00e4nger in Makramee\"}]},{\"@type\":\"WebSite\",\"@id\":\"https:\\\/\\\/ganesha-shop-fuerth.de\\\/onlineshop\\\/#website\",\"url\":\"https:\\\/\\\/ganesha-shop-fuerth.de\\\/onlineshop\\\/\",\"name\":\"Ganesha Online Shop\",\"description\":\"Schmuck Kleidung Accessoires aus Asien\",\"publisher\":{\"@id\":\"https:\\\/\\\/ganesha-shop-fuerth.de\\\/onlineshop\\\/#organization\"},\"potentialAction\":[{\"@type\":\"SearchAction\",\"target\":{\"@type\":\"EntryPoint\",\"urlTemplate\":\"https:\\\/\\\/ganesha-shop-fuerth.de\\\/onlineshop\\\/?s={search_term_string}\"},\"query-input\":{\"@type\":\"PropertyValueSpecification\",\"valueRequired\":true,\"valueName\":\"search_term_string\"}}],\"inLanguage\":\"de\"},{\"@type\":\"Organization\",\"@id\":\"https:\\\/\\\/ganesha-shop-fuerth.de\\\/onlineshop\\\/#organization\",\"name\":\"Ganesha Shop F\u00fcrth\",\"url\":\"https:\\\/\\\/ganesha-shop-fuerth.de\\\/onlineshop\\\/\",\"logo\":{\"@type\":\"ImageObject\",\"inLanguage\":\"de\",\"@id\":\"https:\\\/\\\/ganesha-shop-fuerth.de\\\/onlineshop\\\/#\\\/schema\\\/logo\\\/image\\\/\",\"url\":\"https:\\\/\\\/ganesha-shop-fuerth.de\\\/onlineshop\\\/wp-content\\\/uploads\\\/Logos\\\/ganesha-onlineshop-footer-logo-19-Jahre.png\",\"contentUrl\":\"https:\\\/\\\/ganesha-shop-fuerth.de\\\/onlineshop\\\/wp-content\\\/uploads\\\/Logos\\\/ganesha-onlineshop-footer-logo-19-Jahre.png\",\"width\":250,\"height\":299,\"caption\":\"Ganesha Shop F\u00fcrth\"},\"image\":{\"@id\":\"https:\\\/\\\/ganesha-shop-fuerth.de\\\/onlineshop\\\/#\\\/schema\\\/logo\\\/image\\\/\"},\"sameAs\":[\"https:\\\/\\\/de-de.facebook.com\\\/ganeshashopfuerth\\\/\",\"https:\\\/\\\/www.youtube.com\\\/channel\\\/UCECWtim6iWB8dozVcmw-GcA\"]}]}<\/script>\n<!-- \/ Yoast SEO plugin. -->","yoast_head_json":{"title":"Lebensbaum Messing Anh\u00e4nger in Makramee - Ganesha Online Shop","description":"Lebensbaum Messing Anh\u00e4nger in Makramee Arbeit eingebunden, mit Messing Perlen verziert. Esoterik Schmuck aus Messing im Ganesha Online Shop.","robots":{"index":"index","follow":"follow","max-snippet":"max-snippet:-1","max-image-preview":"max-image-preview:large","max-video-preview":"max-video-preview:-1"},"canonical":"https:\/\/ganesha-shop-fuerth.de\/onlineshop\/shop\/messing-schmuck\/messing-anhaenger\/lebensbaum-messing-anhaenger-in-makramee\/","og_locale":"de_DE","og_type":"article","og_title":"Lebensbaum Messing Anh\u00e4nger in Makramee - Ganesha Online Shop","og_description":"Lebensbaum Messing Anh\u00e4nger in Makramee Arbeit eingebunden, mit Messing Perlen verziert. Esoterik Schmuck aus Messing im Ganesha Online Shop.","og_url":"https:\/\/ganesha-shop-fuerth.de\/onlineshop\/shop\/messing-schmuck\/messing-anhaenger\/lebensbaum-messing-anhaenger-in-makramee\/","og_site_name":"Ganesha Online Shop","article_publisher":"https:\/\/de-de.facebook.com\/ganeshashopfuerth\/","article_modified_time":"2026-01-07T14:09:15+00:00","og_image":[{"width":900,"height":1045,"url":"https:\/\/ganesha-shop-fuerth.de\/onlineshop\/wp-content\/uploads\/Modeschmuck\/Makramee-Anhaenger\/gso-anhaenger-makramee-0007b-magnify.jpg","type":"image\/jpeg"}],"twitter_card":"summary_large_image","schema":{"@context":"https:\/\/schema.org","@graph":[{"@type":"WebPage","@id":"https:\/\/ganesha-shop-fuerth.de\/onlineshop\/shop\/messing-schmuck\/messing-anhaenger\/lebensbaum-messing-anhaenger-in-makramee\/","url":"https:\/\/ganesha-shop-fuerth.de\/onlineshop\/shop\/messing-schmuck\/messing-anhaenger\/lebensbaum-messing-anhaenger-in-makramee\/","name":"Lebensbaum Messing Anh\u00e4nger in Makramee - Ganesha Online Shop","isPartOf":{"@id":"https:\/\/ganesha-shop-fuerth.de\/onlineshop\/#website"},"primaryImageOfPage":{"@id":"https:\/\/ganesha-shop-fuerth.de\/onlineshop\/shop\/messing-schmuck\/messing-anhaenger\/lebensbaum-messing-anhaenger-in-makramee\/#primaryimage"},"image":{"@id":"https:\/\/ganesha-shop-fuerth.de\/onlineshop\/shop\/messing-schmuck\/messing-anhaenger\/lebensbaum-messing-anhaenger-in-makramee\/#primaryimage"},"thumbnailUrl":"https:\/\/ganesha-shop-fuerth.de\/onlineshop\/wp-content\/uploads\/Modeschmuck\/Makramee-Anhaenger\/gso-anhaenger-makramee-0007b-magnify.jpg","datePublished":"2020-04-29T17:09:03+00:00","dateModified":"2026-01-07T14:09:15+00:00","description":"Lebensbaum Messing Anh\u00e4nger in Makramee Arbeit eingebunden, mit Messing Perlen verziert. Esoterik Schmuck aus Messing im Ganesha Online Shop.","breadcrumb":{"@id":"https:\/\/ganesha-shop-fuerth.de\/onlineshop\/shop\/messing-schmuck\/messing-anhaenger\/lebensbaum-messing-anhaenger-in-makramee\/#breadcrumb"},"inLanguage":"de","potentialAction":[{"@type":"ReadAction","target":["https:\/\/ganesha-shop-fuerth.de\/onlineshop\/shop\/messing-schmuck\/messing-anhaenger\/lebensbaum-messing-anhaenger-in-makramee\/"]}]},{"@type":"ImageObject","inLanguage":"de","@id":"https:\/\/ganesha-shop-fuerth.de\/onlineshop\/shop\/messing-schmuck\/messing-anhaenger\/lebensbaum-messing-anhaenger-in-makramee\/#primaryimage","url":"https:\/\/ganesha-shop-fuerth.de\/onlineshop\/wp-content\/uploads\/Modeschmuck\/Makramee-Anhaenger\/gso-anhaenger-makramee-0007b-magnify.jpg","contentUrl":"https:\/\/ganesha-shop-fuerth.de\/onlineshop\/wp-content\/uploads\/Modeschmuck\/Makramee-Anhaenger\/gso-anhaenger-makramee-0007b-magnify.jpg","width":900,"height":1045,"caption":"Lebensbaum Messing Anh\u00e4nger in Makramee (Vorderseite)"},{"@type":"BreadcrumbList","@id":"https:\/\/ganesha-shop-fuerth.de\/onlineshop\/shop\/messing-schmuck\/messing-anhaenger\/lebensbaum-messing-anhaenger-in-makramee\/#breadcrumb","itemListElement":[{"@type":"ListItem","position":1,"name":"Startseite","item":"https:\/\/ganesha-shop-fuerth.de\/onlineshop\/"},{"@type":"ListItem","position":2,"name":"Ganesha Online Shop","item":"https:\/\/ganesha-shop-fuerth.de\/onlineshop\/shop\/"},{"@type":"ListItem","position":3,"name":"Lebensbaum Messing Anh\u00e4nger in Makramee"}]},{"@type":"WebSite","@id":"https:\/\/ganesha-shop-fuerth.de\/onlineshop\/#website","url":"https:\/\/ganesha-shop-fuerth.de\/onlineshop\/","name":"Ganesha Online Shop","description":"Schmuck Kleidung Accessoires aus Asien","publisher":{"@id":"https:\/\/ganesha-shop-fuerth.de\/onlineshop\/#organization"},"potentialAction":[{"@type":"SearchAction","target":{"@type":"EntryPoint","urlTemplate":"https:\/\/ganesha-shop-fuerth.de\/onlineshop\/?s={search_term_string}"},"query-input":{"@type":"PropertyValueSpecification","valueRequired":true,"valueName":"search_term_string"}}],"inLanguage":"de"},{"@type":"Organization","@id":"https:\/\/ganesha-shop-fuerth.de\/onlineshop\/#organization","name":"Ganesha Shop F\u00fcrth","url":"https:\/\/ganesha-shop-fuerth.de\/onlineshop\/","logo":{"@type":"ImageObject","inLanguage":"de","@id":"https:\/\/ganesha-shop-fuerth.de\/onlineshop\/#\/schema\/logo\/image\/","url":"https:\/\/ganesha-shop-fuerth.de\/onlineshop\/wp-content\/uploads\/Logos\/ganesha-onlineshop-footer-logo-19-Jahre.png","contentUrl":"https:\/\/ganesha-shop-fuerth.de\/onlineshop\/wp-content\/uploads\/Logos\/ganesha-onlineshop-footer-logo-19-Jahre.png","width":250,"height":299,"caption":"Ganesha Shop F\u00fcrth"},"image":{"@id":"https:\/\/ganesha-shop-fuerth.de\/onlineshop\/#\/schema\/logo\/image\/"},"sameAs":["https:\/\/de-de.facebook.com\/ganeshashopfuerth\/","https:\/\/www.youtube.com\/channel\/UCECWtim6iWB8dozVcmw-GcA"]}]}},"_links":{"self":[{"href":"https:\/\/ganesha-shop-fuerth.de\/onlineshop\/wp-json\/wp\/v2\/product\/3074","targetHints":{"allow":["GET"]}}],"collection":[{"href":"https:\/\/ganesha-shop-fuerth.de\/onlineshop\/wp-json\/wp\/v2\/product"}],"about":[{"href":"https:\/\/ganesha-shop-fuerth.de\/onlineshop\/wp-json\/wp\/v2\/types\/product"}],"replies":[{"embeddable":true,"href":"https:\/\/ganesha-shop-fuerth.de\/onlineshop\/wp-json\/wp\/v2\/comments?post=3074"}],"wp:featuredmedia":[{"embeddable":true,"href":"https:\/\/ganesha-shop-fuerth.de\/onlineshop\/wp-json\/wp\/v2\/media\/3078"}],"wp:attachment":[{"href":"https:\/\/ganesha-shop-fuerth.de\/onlineshop\/wp-json\/wp\/v2\/media?parent=3074"}],"wp:term":[{"taxonomy":"product_brand","embeddable":true,"href":"https:\/\/ganesha-shop-fuerth.de\/onlineshop\/wp-json\/wp\/v2\/product_brand?post=3074"},{"taxonomy":"product_cat","embeddable":true,"href":"https:\/\/ganesha-shop-fuerth.de\/onlineshop\/wp-json\/wp\/v2\/product_cat?post=3074"},{"taxonomy":"product_tag","embeddable":true,"href":"https:\/\/ganesha-shop-fuerth.de\/onlineshop\/wp-json\/wp\/v2\/product_tag?post=3074"}],"curies":[{"name":"wp","href":"https:\/\/api.w.org\/{rel}","templated":true}]}}