{"id":3333,"date":"2020-08-06T12:00:23","date_gmt":"2020-08-06T10:00:23","guid":{"rendered":"https:\/\/ganesha-shop-fuerth.de\/onlineshop\/?post_type=product&#038;p=3333"},"modified":"2025-12-08T17:58:57","modified_gmt":"2025-12-08T16:58:57","slug":"hand-fatimas-chakra-anhaenger","status":"publish","type":"product","link":"https:\/\/ganesha-shop-fuerth.de\/onlineshop\/shop\/silberschmuck-aus-indien\/silber-anhaenger-aus-indien\/hand-fatimas-chakra-anhaenger\/","title":{"rendered":"Hand Fatimas Chakra Anh\u00e4nger"},"content":{"rendered":"<p>Hand Fatimas Chakra Anh\u00e4nger in 925 Sterling Silber Qualit\u00e4t mit geschliffenen Edelsteinen besetzt. L\u00e4nge mit \u00d6se: 2,9 cm; Max. Breite: 1,4 cm; Die Edelsteine an der Hand Fatimas:<\/p>\n<p>(gro\u00df) Amethyst (Stirnchakra)<br \/>\n(klein): Citrin (Solar Plexus), Iolith (Hals Chakra), Peridot (Herz Chakra), Topas (Scheitel Chakra), Karneol (Nabel Chakra) und Granat (Wurzelchakra).<\/p>\n<p>Informationen zur Wirkung und Bedeutung der jeweiligen Edelsteine finden Sie z. B. <a href=\"https:\/\/www.steinheilkunde-ev.de\/infoservice\/heilsteine\" target=\"_blank\" rel=\"noopener noreferrer\">hier<\/a>.<\/p>\n<figure id=\"attachment_3318\" aria-describedby=\"caption-attachment-3318\" style=\"width: 380px\" class=\"wp-caption alignnone\"><a href=\"https:\/\/ganesha-shop-fuerth.de\/onlineshop\/wp-content\/uploads\/Silberschmuck\/Anh\u00e4nger-aus-Indien\/gso-anhaenger-ind-0081-magnify.jpg\" target=\"_blank\" rel=\"noopener noreferrer\"><img loading=\"lazy\" decoding=\"async\" class=\"wp-image-3318\" src=\"https:\/\/ganesha-shop-fuerth.de\/onlineshop\/wp-content\/uploads\/Silberschmuck\/Anh\u00e4nger-aus-Indien\/gso-anhaenger-ind-0081-magnify-258x300.jpg\" alt=\"Hand Fatimas Chakra Anh\u00e4nger in 925 Sterling Silber kaufen\" width=\"380\" height=\"441\" srcset=\"https:\/\/ganesha-shop-fuerth.de\/onlineshop\/wp-content\/uploads\/Silberschmuck\/Anh\u00e4nger-aus-Indien\/gso-anhaenger-ind-0081-magnify-258x300.jpg 258w, https:\/\/ganesha-shop-fuerth.de\/onlineshop\/wp-content\/uploads\/Silberschmuck\/Anh\u00e4nger-aus-Indien\/gso-anhaenger-ind-0081-magnify-882x1024.jpg 882w, https:\/\/ganesha-shop-fuerth.de\/onlineshop\/wp-content\/uploads\/Silberschmuck\/Anh\u00e4nger-aus-Indien\/gso-anhaenger-ind-0081-magnify-768x892.jpg 768w, https:\/\/ganesha-shop-fuerth.de\/onlineshop\/wp-content\/uploads\/Silberschmuck\/Anh\u00e4nger-aus-Indien\/gso-anhaenger-ind-0081-magnify-324x376.jpg 324w, https:\/\/ganesha-shop-fuerth.de\/onlineshop\/wp-content\/uploads\/Silberschmuck\/Anh\u00e4nger-aus-Indien\/gso-anhaenger-ind-0081-magnify-416x483.jpg 416w, https:\/\/ganesha-shop-fuerth.de\/onlineshop\/wp-content\/uploads\/Silberschmuck\/Anh\u00e4nger-aus-Indien\/gso-anhaenger-ind-0081-magnify.jpg 900w\" sizes=\"auto, (max-width: 380px) 100vw, 380px\" \/><\/a><figcaption id=\"caption-attachment-3318\" class=\"wp-caption-text\">Hand Fatimas Chakra Anh\u00e4nger 925 Sterling Silber<\/figcaption><\/figure>\n","protected":false},"excerpt":{"rendered":"<p>Hand Fatimas Chakra Silber Anh\u00e4nger aus Indien<\/p>\n","protected":false},"featured_media":3318,"comment_status":"open","ping_status":"closed","template":"","meta":[],"product_brand":[],"product_cat":[215,13,11],"product_tag":[43,222,63,191,228,51,61,71,42,86],"class_list":{"0":"post-3333","1":"product","2":"type-product","3":"status-publish","4":"has-post-thumbnail","6":"product_cat-esoterik-schmuck","7":"product_cat-silber-anhaenger-aus-indien","8":"product_cat-silberschmuck-aus-indien","9":"product_tag-amethyst","10":"product_tag-chakra-anhaenger","11":"product_tag-citrin-schmuck","12":"product_tag-edelstein-schmuck","13":"product_tag-esoterik-artikel","14":"product_tag-silberschmuck-mit-granat-stein","15":"product_tag-karneol","16":"product_tag-peridot","17":"product_tag-silber-anhaenger-indien","18":"product_tag-topas","20":"first","21":"instock","22":"featured","23":"taxable","24":"shipping-taxable","25":"purchasable","26":"product-type-simple"},"yoast_head":"<!-- This site is optimized with the Yoast SEO plugin v27.3 - https:\/\/yoast.com\/product\/yoast-seo-wordpress\/ -->\n<title>Hand Fatimas Chakra Anh\u00e4nger 925 Silber im Ganesha Shop kaufen<\/title>\n<meta name=\"description\" content=\"Hand Fatimas Chakra Anh\u00e4nger in 925 Sterling Silber Qualit\u00e4t mit Edelsteinen besetzt im Ganesha Online Shop. Weitere Chakra Anh\u00e4nger im Shop verf\u00fcgbar.\" \/>\n<meta name=\"robots\" content=\"index, follow, max-snippet:-1, max-image-preview:large, max-video-preview:-1\" \/>\n<link rel=\"canonical\" href=\"https:\/\/ganesha-shop-fuerth.de\/onlineshop\/shop\/silberschmuck-aus-indien\/silber-anhaenger-aus-indien\/hand-fatimas-chakra-anhaenger\/\" \/>\n<meta property=\"og:locale\" content=\"de_DE\" \/>\n<meta property=\"og:type\" content=\"article\" \/>\n<meta property=\"og:title\" content=\"Hand Fatimas Chakra Anh\u00e4nger 925 Silber im Ganesha Shop kaufen\" \/>\n<meta property=\"og:description\" content=\"Hand Fatimas Chakra Anh\u00e4nger in 925 Sterling Silber Qualit\u00e4t mit Edelsteinen besetzt im Ganesha Online Shop. Weitere Chakra Anh\u00e4nger im Shop verf\u00fcgbar.\" \/>\n<meta property=\"og:url\" content=\"https:\/\/ganesha-shop-fuerth.de\/onlineshop\/shop\/silberschmuck-aus-indien\/silber-anhaenger-aus-indien\/hand-fatimas-chakra-anhaenger\/\" \/>\n<meta property=\"og:site_name\" content=\"Ganesha Online Shop\" \/>\n<meta property=\"article:publisher\" content=\"https:\/\/de-de.facebook.com\/ganeshashopfuerth\/\" \/>\n<meta property=\"article:modified_time\" content=\"2025-12-08T16:58:57+00:00\" \/>\n<meta property=\"og:image\" content=\"https:\/\/ganesha-shop-fuerth.de\/onlineshop\/wp-content\/uploads\/Silberschmuck\/Anh\u00e4nger-aus-Indien\/gso-anhaenger-ind-0081-magnify.jpg\" \/>\n\t<meta property=\"og:image:width\" content=\"900\" \/>\n\t<meta property=\"og:image:height\" content=\"1045\" \/>\n\t<meta property=\"og:image:type\" content=\"image\/jpeg\" \/>\n<meta name=\"twitter:card\" content=\"summary_large_image\" \/>\n<script type=\"application\/ld+json\" class=\"yoast-schema-graph\">{\"@context\":\"https:\\\/\\\/schema.org\",\"@graph\":[{\"@type\":\"WebPage\",\"@id\":\"https:\\\/\\\/ganesha-shop-fuerth.de\\\/onlineshop\\\/shop\\\/silberschmuck-aus-indien\\\/silber-anhaenger-aus-indien\\\/hand-fatimas-chakra-anhaenger\\\/\",\"url\":\"https:\\\/\\\/ganesha-shop-fuerth.de\\\/onlineshop\\\/shop\\\/silberschmuck-aus-indien\\\/silber-anhaenger-aus-indien\\\/hand-fatimas-chakra-anhaenger\\\/\",\"name\":\"Hand Fatimas Chakra Anh\u00e4nger 925 Silber im Ganesha Shop kaufen\",\"isPartOf\":{\"@id\":\"https:\\\/\\\/ganesha-shop-fuerth.de\\\/onlineshop\\\/#website\"},\"primaryImageOfPage\":{\"@id\":\"https:\\\/\\\/ganesha-shop-fuerth.de\\\/onlineshop\\\/shop\\\/silberschmuck-aus-indien\\\/silber-anhaenger-aus-indien\\\/hand-fatimas-chakra-anhaenger\\\/#primaryimage\"},\"image\":{\"@id\":\"https:\\\/\\\/ganesha-shop-fuerth.de\\\/onlineshop\\\/shop\\\/silberschmuck-aus-indien\\\/silber-anhaenger-aus-indien\\\/hand-fatimas-chakra-anhaenger\\\/#primaryimage\"},\"thumbnailUrl\":\"https:\\\/\\\/ganesha-shop-fuerth.de\\\/onlineshop\\\/wp-content\\\/uploads\\\/Silberschmuck\\\/Anh\u00e4nger-aus-Indien\\\/gso-anhaenger-ind-0081-magnify.jpg\",\"datePublished\":\"2020-08-06T10:00:23+00:00\",\"dateModified\":\"2025-12-08T16:58:57+00:00\",\"description\":\"Hand Fatimas Chakra Anh\u00e4nger in 925 Sterling Silber Qualit\u00e4t mit Edelsteinen besetzt im Ganesha Online Shop. Weitere Chakra Anh\u00e4nger im Shop verf\u00fcgbar.\",\"breadcrumb\":{\"@id\":\"https:\\\/\\\/ganesha-shop-fuerth.de\\\/onlineshop\\\/shop\\\/silberschmuck-aus-indien\\\/silber-anhaenger-aus-indien\\\/hand-fatimas-chakra-anhaenger\\\/#breadcrumb\"},\"inLanguage\":\"de\",\"potentialAction\":[{\"@type\":\"ReadAction\",\"target\":[\"https:\\\/\\\/ganesha-shop-fuerth.de\\\/onlineshop\\\/shop\\\/silberschmuck-aus-indien\\\/silber-anhaenger-aus-indien\\\/hand-fatimas-chakra-anhaenger\\\/\"]}]},{\"@type\":\"ImageObject\",\"inLanguage\":\"de\",\"@id\":\"https:\\\/\\\/ganesha-shop-fuerth.de\\\/onlineshop\\\/shop\\\/silberschmuck-aus-indien\\\/silber-anhaenger-aus-indien\\\/hand-fatimas-chakra-anhaenger\\\/#primaryimage\",\"url\":\"https:\\\/\\\/ganesha-shop-fuerth.de\\\/onlineshop\\\/wp-content\\\/uploads\\\/Silberschmuck\\\/Anh\u00e4nger-aus-Indien\\\/gso-anhaenger-ind-0081-magnify.jpg\",\"contentUrl\":\"https:\\\/\\\/ganesha-shop-fuerth.de\\\/onlineshop\\\/wp-content\\\/uploads\\\/Silberschmuck\\\/Anh\u00e4nger-aus-Indien\\\/gso-anhaenger-ind-0081-magnify.jpg\",\"width\":900,\"height\":1045,\"caption\":\"Hand Fatimas Chakra Anh\u00e4nger 925 Sterling Silber\"},{\"@type\":\"BreadcrumbList\",\"@id\":\"https:\\\/\\\/ganesha-shop-fuerth.de\\\/onlineshop\\\/shop\\\/silberschmuck-aus-indien\\\/silber-anhaenger-aus-indien\\\/hand-fatimas-chakra-anhaenger\\\/#breadcrumb\",\"itemListElement\":[{\"@type\":\"ListItem\",\"position\":1,\"name\":\"Startseite\",\"item\":\"https:\\\/\\\/ganesha-shop-fuerth.de\\\/onlineshop\\\/\"},{\"@type\":\"ListItem\",\"position\":2,\"name\":\"Ganesha Online Shop\",\"item\":\"https:\\\/\\\/ganesha-shop-fuerth.de\\\/onlineshop\\\/shop\\\/\"},{\"@type\":\"ListItem\",\"position\":3,\"name\":\"Hand Fatimas Chakra Anh\u00e4nger\"}]},{\"@type\":\"WebSite\",\"@id\":\"https:\\\/\\\/ganesha-shop-fuerth.de\\\/onlineshop\\\/#website\",\"url\":\"https:\\\/\\\/ganesha-shop-fuerth.de\\\/onlineshop\\\/\",\"name\":\"Ganesha Online Shop\",\"description\":\"Schmuck Kleidung Accessoires aus Asien\",\"publisher\":{\"@id\":\"https:\\\/\\\/ganesha-shop-fuerth.de\\\/onlineshop\\\/#organization\"},\"potentialAction\":[{\"@type\":\"SearchAction\",\"target\":{\"@type\":\"EntryPoint\",\"urlTemplate\":\"https:\\\/\\\/ganesha-shop-fuerth.de\\\/onlineshop\\\/?s={search_term_string}\"},\"query-input\":{\"@type\":\"PropertyValueSpecification\",\"valueRequired\":true,\"valueName\":\"search_term_string\"}}],\"inLanguage\":\"de\"},{\"@type\":\"Organization\",\"@id\":\"https:\\\/\\\/ganesha-shop-fuerth.de\\\/onlineshop\\\/#organization\",\"name\":\"Ganesha Shop F\u00fcrth\",\"url\":\"https:\\\/\\\/ganesha-shop-fuerth.de\\\/onlineshop\\\/\",\"logo\":{\"@type\":\"ImageObject\",\"inLanguage\":\"de\",\"@id\":\"https:\\\/\\\/ganesha-shop-fuerth.de\\\/onlineshop\\\/#\\\/schema\\\/logo\\\/image\\\/\",\"url\":\"https:\\\/\\\/ganesha-shop-fuerth.de\\\/onlineshop\\\/wp-content\\\/uploads\\\/Logos\\\/ganesha-onlineshop-footer-logo-19-Jahre.png\",\"contentUrl\":\"https:\\\/\\\/ganesha-shop-fuerth.de\\\/onlineshop\\\/wp-content\\\/uploads\\\/Logos\\\/ganesha-onlineshop-footer-logo-19-Jahre.png\",\"width\":250,\"height\":299,\"caption\":\"Ganesha Shop F\u00fcrth\"},\"image\":{\"@id\":\"https:\\\/\\\/ganesha-shop-fuerth.de\\\/onlineshop\\\/#\\\/schema\\\/logo\\\/image\\\/\"},\"sameAs\":[\"https:\\\/\\\/de-de.facebook.com\\\/ganeshashopfuerth\\\/\",\"https:\\\/\\\/www.youtube.com\\\/channel\\\/UCECWtim6iWB8dozVcmw-GcA\"]}]}<\/script>\n<!-- \/ Yoast SEO plugin. -->","yoast_head_json":{"title":"Hand Fatimas Chakra Anh\u00e4nger 925 Silber im Ganesha Shop kaufen","description":"Hand Fatimas Chakra Anh\u00e4nger in 925 Sterling Silber Qualit\u00e4t mit Edelsteinen besetzt im Ganesha Online Shop. Weitere Chakra Anh\u00e4nger im Shop verf\u00fcgbar.","robots":{"index":"index","follow":"follow","max-snippet":"max-snippet:-1","max-image-preview":"max-image-preview:large","max-video-preview":"max-video-preview:-1"},"canonical":"https:\/\/ganesha-shop-fuerth.de\/onlineshop\/shop\/silberschmuck-aus-indien\/silber-anhaenger-aus-indien\/hand-fatimas-chakra-anhaenger\/","og_locale":"de_DE","og_type":"article","og_title":"Hand Fatimas Chakra Anh\u00e4nger 925 Silber im Ganesha Shop kaufen","og_description":"Hand Fatimas Chakra Anh\u00e4nger in 925 Sterling Silber Qualit\u00e4t mit Edelsteinen besetzt im Ganesha Online Shop. Weitere Chakra Anh\u00e4nger im Shop verf\u00fcgbar.","og_url":"https:\/\/ganesha-shop-fuerth.de\/onlineshop\/shop\/silberschmuck-aus-indien\/silber-anhaenger-aus-indien\/hand-fatimas-chakra-anhaenger\/","og_site_name":"Ganesha Online Shop","article_publisher":"https:\/\/de-de.facebook.com\/ganeshashopfuerth\/","article_modified_time":"2025-12-08T16:58:57+00:00","og_image":[{"width":900,"height":1045,"url":"https:\/\/ganesha-shop-fuerth.de\/onlineshop\/wp-content\/uploads\/Silberschmuck\/Anh\u00e4nger-aus-Indien\/gso-anhaenger-ind-0081-magnify.jpg","type":"image\/jpeg"}],"twitter_card":"summary_large_image","schema":{"@context":"https:\/\/schema.org","@graph":[{"@type":"WebPage","@id":"https:\/\/ganesha-shop-fuerth.de\/onlineshop\/shop\/silberschmuck-aus-indien\/silber-anhaenger-aus-indien\/hand-fatimas-chakra-anhaenger\/","url":"https:\/\/ganesha-shop-fuerth.de\/onlineshop\/shop\/silberschmuck-aus-indien\/silber-anhaenger-aus-indien\/hand-fatimas-chakra-anhaenger\/","name":"Hand Fatimas Chakra Anh\u00e4nger 925 Silber im Ganesha Shop kaufen","isPartOf":{"@id":"https:\/\/ganesha-shop-fuerth.de\/onlineshop\/#website"},"primaryImageOfPage":{"@id":"https:\/\/ganesha-shop-fuerth.de\/onlineshop\/shop\/silberschmuck-aus-indien\/silber-anhaenger-aus-indien\/hand-fatimas-chakra-anhaenger\/#primaryimage"},"image":{"@id":"https:\/\/ganesha-shop-fuerth.de\/onlineshop\/shop\/silberschmuck-aus-indien\/silber-anhaenger-aus-indien\/hand-fatimas-chakra-anhaenger\/#primaryimage"},"thumbnailUrl":"https:\/\/ganesha-shop-fuerth.de\/onlineshop\/wp-content\/uploads\/Silberschmuck\/Anh\u00e4nger-aus-Indien\/gso-anhaenger-ind-0081-magnify.jpg","datePublished":"2020-08-06T10:00:23+00:00","dateModified":"2025-12-08T16:58:57+00:00","description":"Hand Fatimas Chakra Anh\u00e4nger in 925 Sterling Silber Qualit\u00e4t mit Edelsteinen besetzt im Ganesha Online Shop. Weitere Chakra Anh\u00e4nger im Shop verf\u00fcgbar.","breadcrumb":{"@id":"https:\/\/ganesha-shop-fuerth.de\/onlineshop\/shop\/silberschmuck-aus-indien\/silber-anhaenger-aus-indien\/hand-fatimas-chakra-anhaenger\/#breadcrumb"},"inLanguage":"de","potentialAction":[{"@type":"ReadAction","target":["https:\/\/ganesha-shop-fuerth.de\/onlineshop\/shop\/silberschmuck-aus-indien\/silber-anhaenger-aus-indien\/hand-fatimas-chakra-anhaenger\/"]}]},{"@type":"ImageObject","inLanguage":"de","@id":"https:\/\/ganesha-shop-fuerth.de\/onlineshop\/shop\/silberschmuck-aus-indien\/silber-anhaenger-aus-indien\/hand-fatimas-chakra-anhaenger\/#primaryimage","url":"https:\/\/ganesha-shop-fuerth.de\/onlineshop\/wp-content\/uploads\/Silberschmuck\/Anh\u00e4nger-aus-Indien\/gso-anhaenger-ind-0081-magnify.jpg","contentUrl":"https:\/\/ganesha-shop-fuerth.de\/onlineshop\/wp-content\/uploads\/Silberschmuck\/Anh\u00e4nger-aus-Indien\/gso-anhaenger-ind-0081-magnify.jpg","width":900,"height":1045,"caption":"Hand Fatimas Chakra Anh\u00e4nger 925 Sterling Silber"},{"@type":"BreadcrumbList","@id":"https:\/\/ganesha-shop-fuerth.de\/onlineshop\/shop\/silberschmuck-aus-indien\/silber-anhaenger-aus-indien\/hand-fatimas-chakra-anhaenger\/#breadcrumb","itemListElement":[{"@type":"ListItem","position":1,"name":"Startseite","item":"https:\/\/ganesha-shop-fuerth.de\/onlineshop\/"},{"@type":"ListItem","position":2,"name":"Ganesha Online Shop","item":"https:\/\/ganesha-shop-fuerth.de\/onlineshop\/shop\/"},{"@type":"ListItem","position":3,"name":"Hand Fatimas Chakra Anh\u00e4nger"}]},{"@type":"WebSite","@id":"https:\/\/ganesha-shop-fuerth.de\/onlineshop\/#website","url":"https:\/\/ganesha-shop-fuerth.de\/onlineshop\/","name":"Ganesha Online Shop","description":"Schmuck Kleidung Accessoires aus Asien","publisher":{"@id":"https:\/\/ganesha-shop-fuerth.de\/onlineshop\/#organization"},"potentialAction":[{"@type":"SearchAction","target":{"@type":"EntryPoint","urlTemplate":"https:\/\/ganesha-shop-fuerth.de\/onlineshop\/?s={search_term_string}"},"query-input":{"@type":"PropertyValueSpecification","valueRequired":true,"valueName":"search_term_string"}}],"inLanguage":"de"},{"@type":"Organization","@id":"https:\/\/ganesha-shop-fuerth.de\/onlineshop\/#organization","name":"Ganesha Shop F\u00fcrth","url":"https:\/\/ganesha-shop-fuerth.de\/onlineshop\/","logo":{"@type":"ImageObject","inLanguage":"de","@id":"https:\/\/ganesha-shop-fuerth.de\/onlineshop\/#\/schema\/logo\/image\/","url":"https:\/\/ganesha-shop-fuerth.de\/onlineshop\/wp-content\/uploads\/Logos\/ganesha-onlineshop-footer-logo-19-Jahre.png","contentUrl":"https:\/\/ganesha-shop-fuerth.de\/onlineshop\/wp-content\/uploads\/Logos\/ganesha-onlineshop-footer-logo-19-Jahre.png","width":250,"height":299,"caption":"Ganesha Shop F\u00fcrth"},"image":{"@id":"https:\/\/ganesha-shop-fuerth.de\/onlineshop\/#\/schema\/logo\/image\/"},"sameAs":["https:\/\/de-de.facebook.com\/ganeshashopfuerth\/","https:\/\/www.youtube.com\/channel\/UCECWtim6iWB8dozVcmw-GcA"]}]}},"_links":{"self":[{"href":"https:\/\/ganesha-shop-fuerth.de\/onlineshop\/wp-json\/wp\/v2\/product\/3333","targetHints":{"allow":["GET"]}}],"collection":[{"href":"https:\/\/ganesha-shop-fuerth.de\/onlineshop\/wp-json\/wp\/v2\/product"}],"about":[{"href":"https:\/\/ganesha-shop-fuerth.de\/onlineshop\/wp-json\/wp\/v2\/types\/product"}],"replies":[{"embeddable":true,"href":"https:\/\/ganesha-shop-fuerth.de\/onlineshop\/wp-json\/wp\/v2\/comments?post=3333"}],"wp:featuredmedia":[{"embeddable":true,"href":"https:\/\/ganesha-shop-fuerth.de\/onlineshop\/wp-json\/wp\/v2\/media\/3318"}],"wp:attachment":[{"href":"https:\/\/ganesha-shop-fuerth.de\/onlineshop\/wp-json\/wp\/v2\/media?parent=3333"}],"wp:term":[{"taxonomy":"product_brand","embeddable":true,"href":"https:\/\/ganesha-shop-fuerth.de\/onlineshop\/wp-json\/wp\/v2\/product_brand?post=3333"},{"taxonomy":"product_cat","embeddable":true,"href":"https:\/\/ganesha-shop-fuerth.de\/onlineshop\/wp-json\/wp\/v2\/product_cat?post=3333"},{"taxonomy":"product_tag","embeddable":true,"href":"https:\/\/ganesha-shop-fuerth.de\/onlineshop\/wp-json\/wp\/v2\/product_tag?post=3333"}],"curies":[{"name":"wp","href":"https:\/\/api.w.org\/{rel}","templated":true}]}}