{"id":3476,"date":"2020-10-23T18:12:48","date_gmt":"2020-10-23T16:12:48","guid":{"rendered":"https:\/\/ganesha-shop-fuerth.de\/onlineshop\/?post_type=product&#038;p=3476"},"modified":"2025-02-22T18:47:27","modified_gmt":"2025-02-22T17:47:27","slug":"om-silberring-4","status":"publish","type":"product","link":"https:\/\/ganesha-shop-fuerth.de\/onlineshop\/shop\/silberringe-ringgroessen\/silberringe-ringgroesse-54\/om-silberring-4\/","title":{"rendered":"&#8222;OM&#8220; Silberring #4"},"content":{"rendered":"<p>Massiver 925 Sterling &#8222;OM&#8220; Silberring. Dieser Ring ist nicht verstellbar. Gewicht: 3,0 g; Breite Ringoberseite: 1,5 cm; L\u00e4nge: 1,2 cm; Bitte bei einer Bestellung die gew\u00fcnschte Ringgr\u00f6\u00dfe im obigen Drop Down Men\u00fc ausw\u00e4hlen. Informationen zur Bedeutung des OM im Hinduismus und Buddhismus finden Sie z.B. <a href=\"https:\/\/omzeichen.de\/\" target=\"_blank\" rel=\"noopener noreferrer\">hier<\/a>.<\/p>\n<figure id=\"attachment_3475\" aria-describedby=\"caption-attachment-3475\" style=\"width: 400px\" class=\"wp-caption alignnone\"><a href=\"https:\/\/ganesha-shop-fuerth.de\/onlineshop\/wp-content\/uploads\/Silberschmuck\/Ringe-aus-Indien\/gso-ringe-ind-0162-magnify.jpg\" target=\"_blank\" rel=\"noopener noreferrer\"><img loading=\"lazy\" decoding=\"async\" class=\"wp-image-3475\" src=\"https:\/\/ganesha-shop-fuerth.de\/onlineshop\/wp-content\/uploads\/Silberschmuck\/Ringe-aus-Indien\/gso-ringe-ind-0162-magnify-258x300.jpg\" alt=\"OM Silberring im Ganesha Online Shop\" width=\"400\" height=\"464\" srcset=\"https:\/\/ganesha-shop-fuerth.de\/onlineshop\/wp-content\/uploads\/Silberschmuck\/Ringe-aus-Indien\/gso-ringe-ind-0162-magnify-258x300.jpg 258w, https:\/\/ganesha-shop-fuerth.de\/onlineshop\/wp-content\/uploads\/Silberschmuck\/Ringe-aus-Indien\/gso-ringe-ind-0162-magnify-882x1024.jpg 882w, https:\/\/ganesha-shop-fuerth.de\/onlineshop\/wp-content\/uploads\/Silberschmuck\/Ringe-aus-Indien\/gso-ringe-ind-0162-magnify-768x892.jpg 768w, https:\/\/ganesha-shop-fuerth.de\/onlineshop\/wp-content\/uploads\/Silberschmuck\/Ringe-aus-Indien\/gso-ringe-ind-0162-magnify-324x376.jpg 324w, https:\/\/ganesha-shop-fuerth.de\/onlineshop\/wp-content\/uploads\/Silberschmuck\/Ringe-aus-Indien\/gso-ringe-ind-0162-magnify-416x483.jpg 416w, https:\/\/ganesha-shop-fuerth.de\/onlineshop\/wp-content\/uploads\/Silberschmuck\/Ringe-aus-Indien\/gso-ringe-ind-0162-magnify.jpg 900w\" sizes=\"auto, (max-width: 400px) 100vw, 400px\" \/><\/a><figcaption id=\"caption-attachment-3475\" class=\"wp-caption-text\">OM Silberring aus Indien<\/figcaption><\/figure>\n","protected":false},"excerpt":{"rendered":"<p>&#8222;OM&#8220; Silberring\u00a0aus Indien<\/p>\n","protected":false},"featured_media":3475,"comment_status":"open","ping_status":"closed","template":"","meta":[],"product_brand":[],"product_cat":[215,159,163,164,12,156,11],"product_tag":[228,64,45,186,49],"class_list":{"0":"post-3476","1":"product","2":"type-product","3":"status-publish","4":"has-post-thumbnail","6":"product_cat-esoterik-schmuck","7":"product_cat-silberringe-ringgroesse-54","8":"product_cat-silberringe-ringgroesse-58","9":"product_cat-silberringe-ringgroesse-59","10":"product_cat-silberringe-aus-indien","11":"product_cat-silberringe-ringgroessen","12":"product_cat-silberschmuck-aus-indien","13":"product_tag-esoterik-artikel","14":"product_tag-kultsymbole","15":"product_tag-massiv","16":"product_tag-om-schmuck","17":"product_tag-silberring-indien","19":"first","20":"outofstock","21":"taxable","22":"shipping-taxable","23":"purchasable","24":"product-type-variable"},"yoast_head":"<!-- This site is optimized with the Yoast SEO plugin v27.4 - https:\/\/yoast.com\/product\/yoast-seo-wordpress\/ -->\n<title>OM Silberring 925 Sterling Silber im Ganesha Online Shop kaufen<\/title>\n<meta name=\"description\" content=\"OM Silberring in 925 Sterling Silber aus Indien. Weiteren Silberschmuck, Anh\u00e4nger und Ohrringe mit OM im Ganesha Shop verf\u00fcgbar.\" \/>\n<meta name=\"robots\" content=\"index, follow, max-snippet:-1, max-image-preview:large, max-video-preview:-1\" \/>\n<link rel=\"canonical\" href=\"https:\/\/ganesha-shop-fuerth.de\/onlineshop\/shop\/silberringe-ringgroessen\/silberringe-ringgroesse-54\/om-silberring-4\/\" \/>\n<meta property=\"og:locale\" content=\"de_DE\" \/>\n<meta property=\"og:type\" content=\"article\" \/>\n<meta property=\"og:title\" content=\"OM Silberring 925 Sterling Silber im Ganesha Online Shop kaufen\" \/>\n<meta property=\"og:description\" content=\"OM Silberring in 925 Sterling Silber aus Indien. Weiteren Silberschmuck, Anh\u00e4nger und Ohrringe mit OM im Ganesha Shop verf\u00fcgbar.\" \/>\n<meta property=\"og:url\" content=\"https:\/\/ganesha-shop-fuerth.de\/onlineshop\/shop\/silberringe-ringgroessen\/silberringe-ringgroesse-54\/om-silberring-4\/\" \/>\n<meta property=\"og:site_name\" content=\"Ganesha Online Shop\" \/>\n<meta property=\"article:publisher\" content=\"https:\/\/de-de.facebook.com\/ganeshashopfuerth\/\" \/>\n<meta property=\"article:modified_time\" content=\"2025-02-22T17:47:27+00:00\" \/>\n<meta property=\"og:image\" content=\"https:\/\/ganesha-shop-fuerth.de\/onlineshop\/wp-content\/uploads\/Silberschmuck\/Ringe-aus-Indien\/gso-ringe-ind-0162-magnify.jpg\" \/>\n\t<meta property=\"og:image:width\" content=\"900\" \/>\n\t<meta property=\"og:image:height\" content=\"1045\" \/>\n\t<meta property=\"og:image:type\" content=\"image\/jpeg\" \/>\n<meta name=\"twitter:card\" content=\"summary_large_image\" \/>\n<script type=\"application\/ld+json\" class=\"yoast-schema-graph\">{\"@context\":\"https:\\\/\\\/schema.org\",\"@graph\":[{\"@type\":\"WebPage\",\"@id\":\"https:\\\/\\\/ganesha-shop-fuerth.de\\\/onlineshop\\\/shop\\\/silberringe-ringgroessen\\\/silberringe-ringgroesse-54\\\/om-silberring-4\\\/\",\"url\":\"https:\\\/\\\/ganesha-shop-fuerth.de\\\/onlineshop\\\/shop\\\/silberringe-ringgroessen\\\/silberringe-ringgroesse-54\\\/om-silberring-4\\\/\",\"name\":\"OM Silberring 925 Sterling Silber im Ganesha Online Shop kaufen\",\"isPartOf\":{\"@id\":\"https:\\\/\\\/ganesha-shop-fuerth.de\\\/onlineshop\\\/#website\"},\"primaryImageOfPage\":{\"@id\":\"https:\\\/\\\/ganesha-shop-fuerth.de\\\/onlineshop\\\/shop\\\/silberringe-ringgroessen\\\/silberringe-ringgroesse-54\\\/om-silberring-4\\\/#primaryimage\"},\"image\":{\"@id\":\"https:\\\/\\\/ganesha-shop-fuerth.de\\\/onlineshop\\\/shop\\\/silberringe-ringgroessen\\\/silberringe-ringgroesse-54\\\/om-silberring-4\\\/#primaryimage\"},\"thumbnailUrl\":\"https:\\\/\\\/ganesha-shop-fuerth.de\\\/onlineshop\\\/wp-content\\\/uploads\\\/Silberschmuck\\\/Ringe-aus-Indien\\\/gso-ringe-ind-0162-magnify.jpg\",\"datePublished\":\"2020-10-23T16:12:48+00:00\",\"dateModified\":\"2025-02-22T17:47:27+00:00\",\"description\":\"OM Silberring in 925 Sterling Silber aus Indien. Weiteren Silberschmuck, Anh\u00e4nger und Ohrringe mit OM im Ganesha Shop verf\u00fcgbar.\",\"breadcrumb\":{\"@id\":\"https:\\\/\\\/ganesha-shop-fuerth.de\\\/onlineshop\\\/shop\\\/silberringe-ringgroessen\\\/silberringe-ringgroesse-54\\\/om-silberring-4\\\/#breadcrumb\"},\"inLanguage\":\"de\",\"potentialAction\":[{\"@type\":\"ReadAction\",\"target\":[\"https:\\\/\\\/ganesha-shop-fuerth.de\\\/onlineshop\\\/shop\\\/silberringe-ringgroessen\\\/silberringe-ringgroesse-54\\\/om-silberring-4\\\/\"]}]},{\"@type\":\"ImageObject\",\"inLanguage\":\"de\",\"@id\":\"https:\\\/\\\/ganesha-shop-fuerth.de\\\/onlineshop\\\/shop\\\/silberringe-ringgroessen\\\/silberringe-ringgroesse-54\\\/om-silberring-4\\\/#primaryimage\",\"url\":\"https:\\\/\\\/ganesha-shop-fuerth.de\\\/onlineshop\\\/wp-content\\\/uploads\\\/Silberschmuck\\\/Ringe-aus-Indien\\\/gso-ringe-ind-0162-magnify.jpg\",\"contentUrl\":\"https:\\\/\\\/ganesha-shop-fuerth.de\\\/onlineshop\\\/wp-content\\\/uploads\\\/Silberschmuck\\\/Ringe-aus-Indien\\\/gso-ringe-ind-0162-magnify.jpg\",\"width\":900,\"height\":1045,\"caption\":\"OM Silberring aus Indien\"},{\"@type\":\"BreadcrumbList\",\"@id\":\"https:\\\/\\\/ganesha-shop-fuerth.de\\\/onlineshop\\\/shop\\\/silberringe-ringgroessen\\\/silberringe-ringgroesse-54\\\/om-silberring-4\\\/#breadcrumb\",\"itemListElement\":[{\"@type\":\"ListItem\",\"position\":1,\"name\":\"Startseite\",\"item\":\"https:\\\/\\\/ganesha-shop-fuerth.de\\\/onlineshop\\\/\"},{\"@type\":\"ListItem\",\"position\":2,\"name\":\"Ganesha Online Shop\",\"item\":\"https:\\\/\\\/ganesha-shop-fuerth.de\\\/onlineshop\\\/shop\\\/\"},{\"@type\":\"ListItem\",\"position\":3,\"name\":\"&#8222;OM&#8220; Silberring #4\"}]},{\"@type\":\"WebSite\",\"@id\":\"https:\\\/\\\/ganesha-shop-fuerth.de\\\/onlineshop\\\/#website\",\"url\":\"https:\\\/\\\/ganesha-shop-fuerth.de\\\/onlineshop\\\/\",\"name\":\"Ganesha Online Shop\",\"description\":\"Schmuck Kleidung Accessoires aus Asien\",\"publisher\":{\"@id\":\"https:\\\/\\\/ganesha-shop-fuerth.de\\\/onlineshop\\\/#organization\"},\"potentialAction\":[{\"@type\":\"SearchAction\",\"target\":{\"@type\":\"EntryPoint\",\"urlTemplate\":\"https:\\\/\\\/ganesha-shop-fuerth.de\\\/onlineshop\\\/?s={search_term_string}\"},\"query-input\":{\"@type\":\"PropertyValueSpecification\",\"valueRequired\":true,\"valueName\":\"search_term_string\"}}],\"inLanguage\":\"de\"},{\"@type\":\"Organization\",\"@id\":\"https:\\\/\\\/ganesha-shop-fuerth.de\\\/onlineshop\\\/#organization\",\"name\":\"Ganesha Shop F\u00fcrth\",\"url\":\"https:\\\/\\\/ganesha-shop-fuerth.de\\\/onlineshop\\\/\",\"logo\":{\"@type\":\"ImageObject\",\"inLanguage\":\"de\",\"@id\":\"https:\\\/\\\/ganesha-shop-fuerth.de\\\/onlineshop\\\/#\\\/schema\\\/logo\\\/image\\\/\",\"url\":\"https:\\\/\\\/ganesha-shop-fuerth.de\\\/onlineshop\\\/wp-content\\\/uploads\\\/Logos\\\/ganesha-onlineshop-footer-logo-19-Jahre.png\",\"contentUrl\":\"https:\\\/\\\/ganesha-shop-fuerth.de\\\/onlineshop\\\/wp-content\\\/uploads\\\/Logos\\\/ganesha-onlineshop-footer-logo-19-Jahre.png\",\"width\":250,\"height\":299,\"caption\":\"Ganesha Shop F\u00fcrth\"},\"image\":{\"@id\":\"https:\\\/\\\/ganesha-shop-fuerth.de\\\/onlineshop\\\/#\\\/schema\\\/logo\\\/image\\\/\"},\"sameAs\":[\"https:\\\/\\\/de-de.facebook.com\\\/ganeshashopfuerth\\\/\",\"https:\\\/\\\/www.youtube.com\\\/channel\\\/UCECWtim6iWB8dozVcmw-GcA\"]}]}<\/script>\n<!-- \/ Yoast SEO plugin. -->","yoast_head_json":{"title":"OM Silberring 925 Sterling Silber im Ganesha Online Shop kaufen","description":"OM Silberring in 925 Sterling Silber aus Indien. Weiteren Silberschmuck, Anh\u00e4nger und Ohrringe mit OM im Ganesha Shop verf\u00fcgbar.","robots":{"index":"index","follow":"follow","max-snippet":"max-snippet:-1","max-image-preview":"max-image-preview:large","max-video-preview":"max-video-preview:-1"},"canonical":"https:\/\/ganesha-shop-fuerth.de\/onlineshop\/shop\/silberringe-ringgroessen\/silberringe-ringgroesse-54\/om-silberring-4\/","og_locale":"de_DE","og_type":"article","og_title":"OM Silberring 925 Sterling Silber im Ganesha Online Shop kaufen","og_description":"OM Silberring in 925 Sterling Silber aus Indien. Weiteren Silberschmuck, Anh\u00e4nger und Ohrringe mit OM im Ganesha Shop verf\u00fcgbar.","og_url":"https:\/\/ganesha-shop-fuerth.de\/onlineshop\/shop\/silberringe-ringgroessen\/silberringe-ringgroesse-54\/om-silberring-4\/","og_site_name":"Ganesha Online Shop","article_publisher":"https:\/\/de-de.facebook.com\/ganeshashopfuerth\/","article_modified_time":"2025-02-22T17:47:27+00:00","og_image":[{"width":900,"height":1045,"url":"https:\/\/ganesha-shop-fuerth.de\/onlineshop\/wp-content\/uploads\/Silberschmuck\/Ringe-aus-Indien\/gso-ringe-ind-0162-magnify.jpg","type":"image\/jpeg"}],"twitter_card":"summary_large_image","schema":{"@context":"https:\/\/schema.org","@graph":[{"@type":"WebPage","@id":"https:\/\/ganesha-shop-fuerth.de\/onlineshop\/shop\/silberringe-ringgroessen\/silberringe-ringgroesse-54\/om-silberring-4\/","url":"https:\/\/ganesha-shop-fuerth.de\/onlineshop\/shop\/silberringe-ringgroessen\/silberringe-ringgroesse-54\/om-silberring-4\/","name":"OM Silberring 925 Sterling Silber im Ganesha Online Shop kaufen","isPartOf":{"@id":"https:\/\/ganesha-shop-fuerth.de\/onlineshop\/#website"},"primaryImageOfPage":{"@id":"https:\/\/ganesha-shop-fuerth.de\/onlineshop\/shop\/silberringe-ringgroessen\/silberringe-ringgroesse-54\/om-silberring-4\/#primaryimage"},"image":{"@id":"https:\/\/ganesha-shop-fuerth.de\/onlineshop\/shop\/silberringe-ringgroessen\/silberringe-ringgroesse-54\/om-silberring-4\/#primaryimage"},"thumbnailUrl":"https:\/\/ganesha-shop-fuerth.de\/onlineshop\/wp-content\/uploads\/Silberschmuck\/Ringe-aus-Indien\/gso-ringe-ind-0162-magnify.jpg","datePublished":"2020-10-23T16:12:48+00:00","dateModified":"2025-02-22T17:47:27+00:00","description":"OM Silberring in 925 Sterling Silber aus Indien. Weiteren Silberschmuck, Anh\u00e4nger und Ohrringe mit OM im Ganesha Shop verf\u00fcgbar.","breadcrumb":{"@id":"https:\/\/ganesha-shop-fuerth.de\/onlineshop\/shop\/silberringe-ringgroessen\/silberringe-ringgroesse-54\/om-silberring-4\/#breadcrumb"},"inLanguage":"de","potentialAction":[{"@type":"ReadAction","target":["https:\/\/ganesha-shop-fuerth.de\/onlineshop\/shop\/silberringe-ringgroessen\/silberringe-ringgroesse-54\/om-silberring-4\/"]}]},{"@type":"ImageObject","inLanguage":"de","@id":"https:\/\/ganesha-shop-fuerth.de\/onlineshop\/shop\/silberringe-ringgroessen\/silberringe-ringgroesse-54\/om-silberring-4\/#primaryimage","url":"https:\/\/ganesha-shop-fuerth.de\/onlineshop\/wp-content\/uploads\/Silberschmuck\/Ringe-aus-Indien\/gso-ringe-ind-0162-magnify.jpg","contentUrl":"https:\/\/ganesha-shop-fuerth.de\/onlineshop\/wp-content\/uploads\/Silberschmuck\/Ringe-aus-Indien\/gso-ringe-ind-0162-magnify.jpg","width":900,"height":1045,"caption":"OM Silberring aus Indien"},{"@type":"BreadcrumbList","@id":"https:\/\/ganesha-shop-fuerth.de\/onlineshop\/shop\/silberringe-ringgroessen\/silberringe-ringgroesse-54\/om-silberring-4\/#breadcrumb","itemListElement":[{"@type":"ListItem","position":1,"name":"Startseite","item":"https:\/\/ganesha-shop-fuerth.de\/onlineshop\/"},{"@type":"ListItem","position":2,"name":"Ganesha Online Shop","item":"https:\/\/ganesha-shop-fuerth.de\/onlineshop\/shop\/"},{"@type":"ListItem","position":3,"name":"&#8222;OM&#8220; Silberring #4"}]},{"@type":"WebSite","@id":"https:\/\/ganesha-shop-fuerth.de\/onlineshop\/#website","url":"https:\/\/ganesha-shop-fuerth.de\/onlineshop\/","name":"Ganesha Online Shop","description":"Schmuck Kleidung Accessoires aus Asien","publisher":{"@id":"https:\/\/ganesha-shop-fuerth.de\/onlineshop\/#organization"},"potentialAction":[{"@type":"SearchAction","target":{"@type":"EntryPoint","urlTemplate":"https:\/\/ganesha-shop-fuerth.de\/onlineshop\/?s={search_term_string}"},"query-input":{"@type":"PropertyValueSpecification","valueRequired":true,"valueName":"search_term_string"}}],"inLanguage":"de"},{"@type":"Organization","@id":"https:\/\/ganesha-shop-fuerth.de\/onlineshop\/#organization","name":"Ganesha Shop F\u00fcrth","url":"https:\/\/ganesha-shop-fuerth.de\/onlineshop\/","logo":{"@type":"ImageObject","inLanguage":"de","@id":"https:\/\/ganesha-shop-fuerth.de\/onlineshop\/#\/schema\/logo\/image\/","url":"https:\/\/ganesha-shop-fuerth.de\/onlineshop\/wp-content\/uploads\/Logos\/ganesha-onlineshop-footer-logo-19-Jahre.png","contentUrl":"https:\/\/ganesha-shop-fuerth.de\/onlineshop\/wp-content\/uploads\/Logos\/ganesha-onlineshop-footer-logo-19-Jahre.png","width":250,"height":299,"caption":"Ganesha Shop F\u00fcrth"},"image":{"@id":"https:\/\/ganesha-shop-fuerth.de\/onlineshop\/#\/schema\/logo\/image\/"},"sameAs":["https:\/\/de-de.facebook.com\/ganeshashopfuerth\/","https:\/\/www.youtube.com\/channel\/UCECWtim6iWB8dozVcmw-GcA"]}]}},"_links":{"self":[{"href":"https:\/\/ganesha-shop-fuerth.de\/onlineshop\/wp-json\/wp\/v2\/product\/3476","targetHints":{"allow":["GET"]}}],"collection":[{"href":"https:\/\/ganesha-shop-fuerth.de\/onlineshop\/wp-json\/wp\/v2\/product"}],"about":[{"href":"https:\/\/ganesha-shop-fuerth.de\/onlineshop\/wp-json\/wp\/v2\/types\/product"}],"replies":[{"embeddable":true,"href":"https:\/\/ganesha-shop-fuerth.de\/onlineshop\/wp-json\/wp\/v2\/comments?post=3476"}],"wp:featuredmedia":[{"embeddable":true,"href":"https:\/\/ganesha-shop-fuerth.de\/onlineshop\/wp-json\/wp\/v2\/media\/3475"}],"wp:attachment":[{"href":"https:\/\/ganesha-shop-fuerth.de\/onlineshop\/wp-json\/wp\/v2\/media?parent=3476"}],"wp:term":[{"taxonomy":"product_brand","embeddable":true,"href":"https:\/\/ganesha-shop-fuerth.de\/onlineshop\/wp-json\/wp\/v2\/product_brand?post=3476"},{"taxonomy":"product_cat","embeddable":true,"href":"https:\/\/ganesha-shop-fuerth.de\/onlineshop\/wp-json\/wp\/v2\/product_cat?post=3476"},{"taxonomy":"product_tag","embeddable":true,"href":"https:\/\/ganesha-shop-fuerth.de\/onlineshop\/wp-json\/wp\/v2\/product_tag?post=3476"}],"curies":[{"name":"wp","href":"https:\/\/api.w.org\/{rel}","templated":true}]}}