{"id":3539,"date":"2020-11-05T13:12:54","date_gmt":"2020-11-05T12:12:54","guid":{"rendered":"https:\/\/ganesha-shop-fuerth.de\/onlineshop\/?post_type=product&#038;p=3539"},"modified":"2026-03-30T10:43:58","modified_gmt":"2026-03-30T08:43:58","slug":"palo-santo-raeucherstaebchen-satya","status":"publish","type":"product","link":"https:\/\/ganesha-shop-fuerth.de\/onlineshop\/shop\/raeucherstaebchen-aus-indien\/satya-raeucherstaebchen\/palo-santo-raeucherstaebchen-satya\/","title":{"rendered":"Palo Santo R\u00e4ucherst\u00e4bchen"},"content":{"rendered":"<p>Palo Santo R\u00e4ucherst\u00e4bchen von Satya aus Indien. Packungsinhalt: 15,0 g entspricht in etwa ca. 12 &#8211; 13 R\u00e4ucherst\u00e4bchen. L\u00e4nge der R\u00e4ucherst\u00e4bchen: ca. 20 cm inkl. Holzstab. Palo Santo hei\u00dft heiliges Holz und wurde schon bei den s\u00fcdamerikanischen Ureinwohnern als spirituelle Heilarbeit und zum Reinigen eingesetzt. Palo Santo ist ein wunderbar duftendes R\u00e4ucherwerk mit balsamischem Duft. Weitere Informationen zur Wirkung und Bedeutung von Palo Santo finden Sie <a href=\"https:\/\/utopia.de\/ratgeber\/palo-santo-raeucherwerk-vom-heiligen-baum\/\" target=\"_blank\" rel=\"noopener noreferrer\">hier<\/a>. Bitte w\u00e4hlen Sie im obigen Dropdown Men\u00fc die gew\u00fcnschte Anzahl an R\u00e4ucherst\u00e4bchen aus.<\/p>\n<figure id=\"attachment_3536\" aria-describedby=\"caption-attachment-3536\" style=\"width: 400px\" class=\"wp-caption alignnone\"><a href=\"https:\/\/ganesha-shop-fuerth.de\/onlineshop\/wp-content\/uploads\/R\u00e4ucherst\u00e4bchen\/Satya\/gso-rst-satya-0003-magnify.jpg\" target=\"_blank\" rel=\"noopener noreferrer\"><img loading=\"lazy\" decoding=\"async\" class=\"wp-image-3536\" src=\"https:\/\/ganesha-shop-fuerth.de\/onlineshop\/wp-content\/uploads\/R\u00e4ucherst\u00e4bchen\/Satya\/gso-rst-satya-0003-magnify-300x200.jpg\" alt=\"Palo Santo R\u00e4ucherst\u00e4bchen im Ganesha Online Shop\" width=\"400\" height=\"267\" srcset=\"https:\/\/ganesha-shop-fuerth.de\/onlineshop\/wp-content\/uploads\/R\u00e4ucherst\u00e4bchen\/Satya\/gso-rst-satya-0003-magnify-300x200.jpg 300w, https:\/\/ganesha-shop-fuerth.de\/onlineshop\/wp-content\/uploads\/R\u00e4ucherst\u00e4bchen\/Satya\/gso-rst-satya-0003-magnify-1024x683.jpg 1024w, https:\/\/ganesha-shop-fuerth.de\/onlineshop\/wp-content\/uploads\/R\u00e4ucherst\u00e4bchen\/Satya\/gso-rst-satya-0003-magnify-768x512.jpg 768w, https:\/\/ganesha-shop-fuerth.de\/onlineshop\/wp-content\/uploads\/R\u00e4ucherst\u00e4bchen\/Satya\/gso-rst-satya-0003-magnify-324x216.jpg 324w, https:\/\/ganesha-shop-fuerth.de\/onlineshop\/wp-content\/uploads\/R\u00e4ucherst\u00e4bchen\/Satya\/gso-rst-satya-0003-magnify-416x277.jpg 416w, https:\/\/ganesha-shop-fuerth.de\/onlineshop\/wp-content\/uploads\/R\u00e4ucherst\u00e4bchen\/Satya\/gso-rst-satya-0003-magnify.jpg 1200w\" sizes=\"auto, (max-width: 400px) 100vw, 400px\" \/><\/a><figcaption id=\"caption-attachment-3536\" class=\"wp-caption-text\">Palo Santo R\u00e4ucherst\u00e4bchen von Satya<\/figcaption><\/figure>\n","protected":false},"excerpt":{"rendered":"<p>Palo Santo R\u00e4ucherst\u00e4bchen\u00a0von Satya<\/p>\n","protected":false},"featured_media":3536,"comment_status":"open","ping_status":"closed","template":"","meta":[],"product_brand":[],"product_cat":[195,238],"product_tag":[260],"class_list":{"0":"post-3539","1":"product","2":"type-product","3":"status-publish","4":"has-post-thumbnail","6":"product_cat-raeucherstaebchen-aus-indien","7":"product_cat-satya-raeucherstaebchen","8":"product_tag-raeucherwerk-raeucherware","9":"pa_marke-satya","11":"first","12":"instock","13":"taxable","14":"shipping-taxable","15":"purchasable","16":"product-type-variable"},"yoast_head":"<!-- This site is optimized with the Yoast SEO plugin v27.5 - https:\/\/yoast.com\/product\/yoast-seo-wordpress\/ -->\n<title>Palo Santo R\u00e4ucherst\u00e4bchen im Ganesha Online Shop<\/title>\n<meta name=\"description\" content=\"Palo Santo R\u00e4ucherst\u00e4bchen von Satya im Ganesha Online Shop kaufen. Weitere R\u00e4ucherst\u00e4bchen von Satya aus Indien im Shop verf\u00fcgbar.\" \/>\n<meta name=\"robots\" content=\"index, follow, max-snippet:-1, max-image-preview:large, max-video-preview:-1\" \/>\n<link rel=\"canonical\" href=\"https:\/\/ganesha-shop-fuerth.de\/onlineshop\/shop\/raeucherstaebchen-aus-indien\/satya-raeucherstaebchen\/palo-santo-raeucherstaebchen-satya\/\" \/>\n<meta property=\"og:locale\" content=\"de_DE\" \/>\n<meta property=\"og:type\" content=\"article\" \/>\n<meta property=\"og:title\" content=\"Palo Santo R\u00e4ucherst\u00e4bchen im Ganesha Online Shop\" \/>\n<meta property=\"og:description\" content=\"Palo Santo R\u00e4ucherst\u00e4bchen von Satya im Ganesha Online Shop kaufen. Weitere R\u00e4ucherst\u00e4bchen von Satya aus Indien im Shop verf\u00fcgbar.\" \/>\n<meta property=\"og:url\" content=\"https:\/\/ganesha-shop-fuerth.de\/onlineshop\/shop\/raeucherstaebchen-aus-indien\/satya-raeucherstaebchen\/palo-santo-raeucherstaebchen-satya\/\" \/>\n<meta property=\"og:site_name\" content=\"Ganesha Online Shop\" \/>\n<meta property=\"article:publisher\" content=\"https:\/\/de-de.facebook.com\/ganeshashopfuerth\/\" \/>\n<meta property=\"article:modified_time\" content=\"2026-03-30T08:43:58+00:00\" \/>\n<meta property=\"og:image\" content=\"https:\/\/ganesha-shop-fuerth.de\/onlineshop\/wp-content\/uploads\/R\u00e4ucherst\u00e4bchen\/Satya\/gso-rst-satya-0003-magnify.jpg\" \/>\n\t<meta property=\"og:image:width\" content=\"1200\" \/>\n\t<meta property=\"og:image:height\" content=\"800\" \/>\n\t<meta property=\"og:image:type\" content=\"image\/jpeg\" \/>\n<meta name=\"twitter:card\" content=\"summary_large_image\" \/>\n<meta name=\"twitter:label1\" content=\"Gesch\u00e4tzte Lesezeit\" \/>\n\t<meta name=\"twitter:data1\" content=\"1\u00a0Minute\" \/>\n<script type=\"application\/ld+json\" class=\"yoast-schema-graph\">{\"@context\":\"https:\\\/\\\/schema.org\",\"@graph\":[{\"@type\":\"WebPage\",\"@id\":\"https:\\\/\\\/ganesha-shop-fuerth.de\\\/onlineshop\\\/shop\\\/raeucherstaebchen-aus-indien\\\/satya-raeucherstaebchen\\\/palo-santo-raeucherstaebchen-satya\\\/\",\"url\":\"https:\\\/\\\/ganesha-shop-fuerth.de\\\/onlineshop\\\/shop\\\/raeucherstaebchen-aus-indien\\\/satya-raeucherstaebchen\\\/palo-santo-raeucherstaebchen-satya\\\/\",\"name\":\"Palo Santo R\u00e4ucherst\u00e4bchen im Ganesha Online Shop\",\"isPartOf\":{\"@id\":\"https:\\\/\\\/ganesha-shop-fuerth.de\\\/onlineshop\\\/#website\"},\"primaryImageOfPage\":{\"@id\":\"https:\\\/\\\/ganesha-shop-fuerth.de\\\/onlineshop\\\/shop\\\/raeucherstaebchen-aus-indien\\\/satya-raeucherstaebchen\\\/palo-santo-raeucherstaebchen-satya\\\/#primaryimage\"},\"image\":{\"@id\":\"https:\\\/\\\/ganesha-shop-fuerth.de\\\/onlineshop\\\/shop\\\/raeucherstaebchen-aus-indien\\\/satya-raeucherstaebchen\\\/palo-santo-raeucherstaebchen-satya\\\/#primaryimage\"},\"thumbnailUrl\":\"https:\\\/\\\/ganesha-shop-fuerth.de\\\/onlineshop\\\/wp-content\\\/uploads\\\/R\u00e4ucherst\u00e4bchen\\\/Satya\\\/gso-rst-satya-0003-magnify.jpg\",\"datePublished\":\"2020-11-05T12:12:54+00:00\",\"dateModified\":\"2026-03-30T08:43:58+00:00\",\"description\":\"Palo Santo R\u00e4ucherst\u00e4bchen von Satya im Ganesha Online Shop kaufen. Weitere R\u00e4ucherst\u00e4bchen von Satya aus Indien im Shop verf\u00fcgbar.\",\"breadcrumb\":{\"@id\":\"https:\\\/\\\/ganesha-shop-fuerth.de\\\/onlineshop\\\/shop\\\/raeucherstaebchen-aus-indien\\\/satya-raeucherstaebchen\\\/palo-santo-raeucherstaebchen-satya\\\/#breadcrumb\"},\"inLanguage\":\"de\",\"potentialAction\":[{\"@type\":\"ReadAction\",\"target\":[\"https:\\\/\\\/ganesha-shop-fuerth.de\\\/onlineshop\\\/shop\\\/raeucherstaebchen-aus-indien\\\/satya-raeucherstaebchen\\\/palo-santo-raeucherstaebchen-satya\\\/\"]}]},{\"@type\":\"ImageObject\",\"inLanguage\":\"de\",\"@id\":\"https:\\\/\\\/ganesha-shop-fuerth.de\\\/onlineshop\\\/shop\\\/raeucherstaebchen-aus-indien\\\/satya-raeucherstaebchen\\\/palo-santo-raeucherstaebchen-satya\\\/#primaryimage\",\"url\":\"https:\\\/\\\/ganesha-shop-fuerth.de\\\/onlineshop\\\/wp-content\\\/uploads\\\/R\u00e4ucherst\u00e4bchen\\\/Satya\\\/gso-rst-satya-0003-magnify.jpg\",\"contentUrl\":\"https:\\\/\\\/ganesha-shop-fuerth.de\\\/onlineshop\\\/wp-content\\\/uploads\\\/R\u00e4ucherst\u00e4bchen\\\/Satya\\\/gso-rst-satya-0003-magnify.jpg\",\"width\":1200,\"height\":800,\"caption\":\"Palo Santo R\u00e4ucherst\u00e4bchen von Satya\"},{\"@type\":\"BreadcrumbList\",\"@id\":\"https:\\\/\\\/ganesha-shop-fuerth.de\\\/onlineshop\\\/shop\\\/raeucherstaebchen-aus-indien\\\/satya-raeucherstaebchen\\\/palo-santo-raeucherstaebchen-satya\\\/#breadcrumb\",\"itemListElement\":[{\"@type\":\"ListItem\",\"position\":1,\"name\":\"Startseite\",\"item\":\"https:\\\/\\\/ganesha-shop-fuerth.de\\\/onlineshop\\\/\"},{\"@type\":\"ListItem\",\"position\":2,\"name\":\"Ganesha Online Shop\",\"item\":\"https:\\\/\\\/ganesha-shop-fuerth.de\\\/onlineshop\\\/shop\\\/\"},{\"@type\":\"ListItem\",\"position\":3,\"name\":\"Palo Santo R\u00e4ucherst\u00e4bchen\"}]},{\"@type\":\"WebSite\",\"@id\":\"https:\\\/\\\/ganesha-shop-fuerth.de\\\/onlineshop\\\/#website\",\"url\":\"https:\\\/\\\/ganesha-shop-fuerth.de\\\/onlineshop\\\/\",\"name\":\"Ganesha Online Shop\",\"description\":\"Schmuck Kleidung Accessoires aus Asien\",\"publisher\":{\"@id\":\"https:\\\/\\\/ganesha-shop-fuerth.de\\\/onlineshop\\\/#organization\"},\"potentialAction\":[{\"@type\":\"SearchAction\",\"target\":{\"@type\":\"EntryPoint\",\"urlTemplate\":\"https:\\\/\\\/ganesha-shop-fuerth.de\\\/onlineshop\\\/?s={search_term_string}\"},\"query-input\":{\"@type\":\"PropertyValueSpecification\",\"valueRequired\":true,\"valueName\":\"search_term_string\"}}],\"inLanguage\":\"de\"},{\"@type\":\"Organization\",\"@id\":\"https:\\\/\\\/ganesha-shop-fuerth.de\\\/onlineshop\\\/#organization\",\"name\":\"Ganesha Shop F\u00fcrth\",\"url\":\"https:\\\/\\\/ganesha-shop-fuerth.de\\\/onlineshop\\\/\",\"logo\":{\"@type\":\"ImageObject\",\"inLanguage\":\"de\",\"@id\":\"https:\\\/\\\/ganesha-shop-fuerth.de\\\/onlineshop\\\/#\\\/schema\\\/logo\\\/image\\\/\",\"url\":\"https:\\\/\\\/ganesha-shop-fuerth.de\\\/onlineshop\\\/wp-content\\\/uploads\\\/Logos\\\/ganesha-onlineshop-footer-logo-19-Jahre.png\",\"contentUrl\":\"https:\\\/\\\/ganesha-shop-fuerth.de\\\/onlineshop\\\/wp-content\\\/uploads\\\/Logos\\\/ganesha-onlineshop-footer-logo-19-Jahre.png\",\"width\":250,\"height\":299,\"caption\":\"Ganesha Shop F\u00fcrth\"},\"image\":{\"@id\":\"https:\\\/\\\/ganesha-shop-fuerth.de\\\/onlineshop\\\/#\\\/schema\\\/logo\\\/image\\\/\"},\"sameAs\":[\"https:\\\/\\\/de-de.facebook.com\\\/ganeshashopfuerth\\\/\",\"https:\\\/\\\/www.youtube.com\\\/channel\\\/UCECWtim6iWB8dozVcmw-GcA\"]}]}<\/script>\n<!-- \/ Yoast SEO plugin. -->","yoast_head_json":{"title":"Palo Santo R\u00e4ucherst\u00e4bchen im Ganesha Online Shop","description":"Palo Santo R\u00e4ucherst\u00e4bchen von Satya im Ganesha Online Shop kaufen. Weitere R\u00e4ucherst\u00e4bchen von Satya aus Indien im Shop verf\u00fcgbar.","robots":{"index":"index","follow":"follow","max-snippet":"max-snippet:-1","max-image-preview":"max-image-preview:large","max-video-preview":"max-video-preview:-1"},"canonical":"https:\/\/ganesha-shop-fuerth.de\/onlineshop\/shop\/raeucherstaebchen-aus-indien\/satya-raeucherstaebchen\/palo-santo-raeucherstaebchen-satya\/","og_locale":"de_DE","og_type":"article","og_title":"Palo Santo R\u00e4ucherst\u00e4bchen im Ganesha Online Shop","og_description":"Palo Santo R\u00e4ucherst\u00e4bchen von Satya im Ganesha Online Shop kaufen. Weitere R\u00e4ucherst\u00e4bchen von Satya aus Indien im Shop verf\u00fcgbar.","og_url":"https:\/\/ganesha-shop-fuerth.de\/onlineshop\/shop\/raeucherstaebchen-aus-indien\/satya-raeucherstaebchen\/palo-santo-raeucherstaebchen-satya\/","og_site_name":"Ganesha Online Shop","article_publisher":"https:\/\/de-de.facebook.com\/ganeshashopfuerth\/","article_modified_time":"2026-03-30T08:43:58+00:00","og_image":[{"width":1200,"height":800,"url":"https:\/\/ganesha-shop-fuerth.de\/onlineshop\/wp-content\/uploads\/R\u00e4ucherst\u00e4bchen\/Satya\/gso-rst-satya-0003-magnify.jpg","type":"image\/jpeg"}],"twitter_card":"summary_large_image","twitter_misc":{"Gesch\u00e4tzte Lesezeit":"1\u00a0Minute"},"schema":{"@context":"https:\/\/schema.org","@graph":[{"@type":"WebPage","@id":"https:\/\/ganesha-shop-fuerth.de\/onlineshop\/shop\/raeucherstaebchen-aus-indien\/satya-raeucherstaebchen\/palo-santo-raeucherstaebchen-satya\/","url":"https:\/\/ganesha-shop-fuerth.de\/onlineshop\/shop\/raeucherstaebchen-aus-indien\/satya-raeucherstaebchen\/palo-santo-raeucherstaebchen-satya\/","name":"Palo Santo R\u00e4ucherst\u00e4bchen im Ganesha Online Shop","isPartOf":{"@id":"https:\/\/ganesha-shop-fuerth.de\/onlineshop\/#website"},"primaryImageOfPage":{"@id":"https:\/\/ganesha-shop-fuerth.de\/onlineshop\/shop\/raeucherstaebchen-aus-indien\/satya-raeucherstaebchen\/palo-santo-raeucherstaebchen-satya\/#primaryimage"},"image":{"@id":"https:\/\/ganesha-shop-fuerth.de\/onlineshop\/shop\/raeucherstaebchen-aus-indien\/satya-raeucherstaebchen\/palo-santo-raeucherstaebchen-satya\/#primaryimage"},"thumbnailUrl":"https:\/\/ganesha-shop-fuerth.de\/onlineshop\/wp-content\/uploads\/R\u00e4ucherst\u00e4bchen\/Satya\/gso-rst-satya-0003-magnify.jpg","datePublished":"2020-11-05T12:12:54+00:00","dateModified":"2026-03-30T08:43:58+00:00","description":"Palo Santo R\u00e4ucherst\u00e4bchen von Satya im Ganesha Online Shop kaufen. Weitere R\u00e4ucherst\u00e4bchen von Satya aus Indien im Shop verf\u00fcgbar.","breadcrumb":{"@id":"https:\/\/ganesha-shop-fuerth.de\/onlineshop\/shop\/raeucherstaebchen-aus-indien\/satya-raeucherstaebchen\/palo-santo-raeucherstaebchen-satya\/#breadcrumb"},"inLanguage":"de","potentialAction":[{"@type":"ReadAction","target":["https:\/\/ganesha-shop-fuerth.de\/onlineshop\/shop\/raeucherstaebchen-aus-indien\/satya-raeucherstaebchen\/palo-santo-raeucherstaebchen-satya\/"]}]},{"@type":"ImageObject","inLanguage":"de","@id":"https:\/\/ganesha-shop-fuerth.de\/onlineshop\/shop\/raeucherstaebchen-aus-indien\/satya-raeucherstaebchen\/palo-santo-raeucherstaebchen-satya\/#primaryimage","url":"https:\/\/ganesha-shop-fuerth.de\/onlineshop\/wp-content\/uploads\/R\u00e4ucherst\u00e4bchen\/Satya\/gso-rst-satya-0003-magnify.jpg","contentUrl":"https:\/\/ganesha-shop-fuerth.de\/onlineshop\/wp-content\/uploads\/R\u00e4ucherst\u00e4bchen\/Satya\/gso-rst-satya-0003-magnify.jpg","width":1200,"height":800,"caption":"Palo Santo R\u00e4ucherst\u00e4bchen von Satya"},{"@type":"BreadcrumbList","@id":"https:\/\/ganesha-shop-fuerth.de\/onlineshop\/shop\/raeucherstaebchen-aus-indien\/satya-raeucherstaebchen\/palo-santo-raeucherstaebchen-satya\/#breadcrumb","itemListElement":[{"@type":"ListItem","position":1,"name":"Startseite","item":"https:\/\/ganesha-shop-fuerth.de\/onlineshop\/"},{"@type":"ListItem","position":2,"name":"Ganesha Online Shop","item":"https:\/\/ganesha-shop-fuerth.de\/onlineshop\/shop\/"},{"@type":"ListItem","position":3,"name":"Palo Santo R\u00e4ucherst\u00e4bchen"}]},{"@type":"WebSite","@id":"https:\/\/ganesha-shop-fuerth.de\/onlineshop\/#website","url":"https:\/\/ganesha-shop-fuerth.de\/onlineshop\/","name":"Ganesha Online Shop","description":"Schmuck Kleidung Accessoires aus Asien","publisher":{"@id":"https:\/\/ganesha-shop-fuerth.de\/onlineshop\/#organization"},"potentialAction":[{"@type":"SearchAction","target":{"@type":"EntryPoint","urlTemplate":"https:\/\/ganesha-shop-fuerth.de\/onlineshop\/?s={search_term_string}"},"query-input":{"@type":"PropertyValueSpecification","valueRequired":true,"valueName":"search_term_string"}}],"inLanguage":"de"},{"@type":"Organization","@id":"https:\/\/ganesha-shop-fuerth.de\/onlineshop\/#organization","name":"Ganesha Shop F\u00fcrth","url":"https:\/\/ganesha-shop-fuerth.de\/onlineshop\/","logo":{"@type":"ImageObject","inLanguage":"de","@id":"https:\/\/ganesha-shop-fuerth.de\/onlineshop\/#\/schema\/logo\/image\/","url":"https:\/\/ganesha-shop-fuerth.de\/onlineshop\/wp-content\/uploads\/Logos\/ganesha-onlineshop-footer-logo-19-Jahre.png","contentUrl":"https:\/\/ganesha-shop-fuerth.de\/onlineshop\/wp-content\/uploads\/Logos\/ganesha-onlineshop-footer-logo-19-Jahre.png","width":250,"height":299,"caption":"Ganesha Shop F\u00fcrth"},"image":{"@id":"https:\/\/ganesha-shop-fuerth.de\/onlineshop\/#\/schema\/logo\/image\/"},"sameAs":["https:\/\/de-de.facebook.com\/ganeshashopfuerth\/","https:\/\/www.youtube.com\/channel\/UCECWtim6iWB8dozVcmw-GcA"]}]}},"_links":{"self":[{"href":"https:\/\/ganesha-shop-fuerth.de\/onlineshop\/wp-json\/wp\/v2\/product\/3539","targetHints":{"allow":["GET"]}}],"collection":[{"href":"https:\/\/ganesha-shop-fuerth.de\/onlineshop\/wp-json\/wp\/v2\/product"}],"about":[{"href":"https:\/\/ganesha-shop-fuerth.de\/onlineshop\/wp-json\/wp\/v2\/types\/product"}],"replies":[{"embeddable":true,"href":"https:\/\/ganesha-shop-fuerth.de\/onlineshop\/wp-json\/wp\/v2\/comments?post=3539"}],"wp:featuredmedia":[{"embeddable":true,"href":"https:\/\/ganesha-shop-fuerth.de\/onlineshop\/wp-json\/wp\/v2\/media\/3536"}],"wp:attachment":[{"href":"https:\/\/ganesha-shop-fuerth.de\/onlineshop\/wp-json\/wp\/v2\/media?parent=3539"}],"wp:term":[{"taxonomy":"product_brand","embeddable":true,"href":"https:\/\/ganesha-shop-fuerth.de\/onlineshop\/wp-json\/wp\/v2\/product_brand?post=3539"},{"taxonomy":"product_cat","embeddable":true,"href":"https:\/\/ganesha-shop-fuerth.de\/onlineshop\/wp-json\/wp\/v2\/product_cat?post=3539"},{"taxonomy":"product_tag","embeddable":true,"href":"https:\/\/ganesha-shop-fuerth.de\/onlineshop\/wp-json\/wp\/v2\/product_tag?post=3539"}],"curies":[{"name":"wp","href":"https:\/\/api.w.org\/{rel}","templated":true}]}}