{"id":3634,"date":"2020-11-11T17:08:53","date_gmt":"2020-11-11T16:08:53","guid":{"rendered":"https:\/\/ganesha-shop-fuerth.de\/onlineshop\/?post_type=product&#038;p=3634"},"modified":"2025-12-07T13:20:11","modified_gmt":"2025-12-07T12:20:11","slug":"kleiner-silberring-mit-tuerkis","status":"publish","type":"product","link":"https:\/\/ganesha-shop-fuerth.de\/onlineshop\/shop\/silberringe-ringgroessen\/silberringe-ringgroesse-56\/kleiner-silberring-mit-tuerkis\/","title":{"rendered":"Kleiner Silberring mit T\u00fcrkis"},"content":{"rendered":"<p>Kleiner Silberring mit T\u00fcrkis Stein in 925 Sterling Silber Qualit\u00e4t. Der Ring ist nicht verstellbar und zur Zeit 1x in Ringgr\u00f6\u00dfe 56 verf\u00fcgbar. T\u00fcrkis Stein verarbeitet wie gewachsen. Ringl\u00e4nge am Finger: 1,3 cm; L\u00e4nge des T\u00fcrkis Steins: 0,8 cm; Informationen zur Wirkung und Bedeutung des T\u00fcrkis finden Sie z.B. <a href=\"https:\/\/de.wikipedia.org\/wiki\/T%C3%BCrkis_(Mineral)\" target=\"_blank\" rel=\"noopener noreferrer\">hier<\/a>.<\/p>\n<figure id=\"attachment_3633\" aria-describedby=\"caption-attachment-3633\" style=\"width: 380px\" class=\"wp-caption alignnone\"><a href=\"https:\/\/ganesha-shop-fuerth.de\/onlineshop\/wp-content\/uploads\/Silberschmuck\/Ringe-aus-Indien\/gso-ringe-ind-0173-magnify.jpg\" target=\"_blank\" rel=\"noopener noreferrer\"><img loading=\"lazy\" decoding=\"async\" class=\"wp-image-3633\" src=\"https:\/\/ganesha-shop-fuerth.de\/onlineshop\/wp-content\/uploads\/Silberschmuck\/Ringe-aus-Indien\/gso-ringe-ind-0173-magnify-258x300.jpg\" alt=\"Kleiner Silberring mit T\u00fcrkis im Ganesha Online Shop\" width=\"380\" height=\"441\" srcset=\"https:\/\/ganesha-shop-fuerth.de\/onlineshop\/wp-content\/uploads\/Silberschmuck\/Ringe-aus-Indien\/gso-ringe-ind-0173-magnify-258x300.jpg 258w, https:\/\/ganesha-shop-fuerth.de\/onlineshop\/wp-content\/uploads\/Silberschmuck\/Ringe-aus-Indien\/gso-ringe-ind-0173-magnify-882x1024.jpg 882w, https:\/\/ganesha-shop-fuerth.de\/onlineshop\/wp-content\/uploads\/Silberschmuck\/Ringe-aus-Indien\/gso-ringe-ind-0173-magnify-768x892.jpg 768w, https:\/\/ganesha-shop-fuerth.de\/onlineshop\/wp-content\/uploads\/Silberschmuck\/Ringe-aus-Indien\/gso-ringe-ind-0173-magnify-324x376.jpg 324w, https:\/\/ganesha-shop-fuerth.de\/onlineshop\/wp-content\/uploads\/Silberschmuck\/Ringe-aus-Indien\/gso-ringe-ind-0173-magnify-416x483.jpg 416w, https:\/\/ganesha-shop-fuerth.de\/onlineshop\/wp-content\/uploads\/Silberschmuck\/Ringe-aus-Indien\/gso-ringe-ind-0173-magnify.jpg 900w\" sizes=\"auto, (max-width: 380px) 100vw, 380px\" \/><\/a><figcaption id=\"caption-attachment-3633\" class=\"wp-caption-text\">Kleiner Silberring mit T\u00fcrkis Stein<\/figcaption><\/figure>\n<p>&nbsp;<\/p>\n","protected":false},"excerpt":{"rendered":"<p>Kleiner Silberring mit T\u00fcrkis aus Indien<\/p>\n","protected":false},"featured_media":3633,"comment_status":"open","ping_status":"closed","template":"","meta":[],"product_brand":[],"product_cat":[161,12,156,11],"product_tag":[191,49,46],"class_list":{"0":"post-3634","1":"product","2":"type-product","3":"status-publish","4":"has-post-thumbnail","6":"product_cat-silberringe-ringgroesse-56","7":"product_cat-silberringe-aus-indien","8":"product_cat-silberringe-ringgroessen","9":"product_cat-silberschmuck-aus-indien","10":"product_tag-edelstein-schmuck","11":"product_tag-silberring-indien","12":"product_tag-tuerkis-schmuck","14":"first","15":"instock","16":"sold-individually","17":"taxable","18":"shipping-taxable","19":"purchasable","20":"product-type-simple"},"yoast_head":"<!-- This site is optimized with the Yoast SEO plugin v27.4 - https:\/\/yoast.com\/product\/yoast-seo-wordpress\/ -->\n<title>Kleiner Silberring mit T\u00fcrkis im Ganesha Online Shop verf\u00fcgbar<\/title>\n<meta name=\"description\" content=\"Kleiner Silberring mit T\u00fcrkis Stein in 925 Sterling Silber Qualit\u00e4t. Ringgr\u00f6\u00dfe 56. Weitere Ringe mit Granat im Shop verf\u00fcgbar.\" \/>\n<meta name=\"robots\" content=\"index, follow, max-snippet:-1, max-image-preview:large, max-video-preview:-1\" \/>\n<link rel=\"canonical\" href=\"https:\/\/ganesha-shop-fuerth.de\/onlineshop\/shop\/silberringe-ringgroessen\/silberringe-ringgroesse-56\/kleiner-silberring-mit-tuerkis\/\" \/>\n<meta property=\"og:locale\" content=\"de_DE\" \/>\n<meta property=\"og:type\" content=\"article\" \/>\n<meta property=\"og:title\" content=\"Kleiner Silberring mit T\u00fcrkis im Ganesha Online Shop verf\u00fcgbar\" \/>\n<meta property=\"og:description\" content=\"Kleiner Silberring mit T\u00fcrkis Stein in 925 Sterling Silber Qualit\u00e4t. Ringgr\u00f6\u00dfe 56. Weitere Ringe mit Granat im Shop verf\u00fcgbar.\" \/>\n<meta property=\"og:url\" content=\"https:\/\/ganesha-shop-fuerth.de\/onlineshop\/shop\/silberringe-ringgroessen\/silberringe-ringgroesse-56\/kleiner-silberring-mit-tuerkis\/\" \/>\n<meta property=\"og:site_name\" content=\"Ganesha Online Shop\" \/>\n<meta property=\"article:publisher\" content=\"https:\/\/de-de.facebook.com\/ganeshashopfuerth\/\" \/>\n<meta property=\"article:modified_time\" content=\"2025-12-07T12:20:11+00:00\" \/>\n<meta property=\"og:image\" content=\"https:\/\/ganesha-shop-fuerth.de\/onlineshop\/wp-content\/uploads\/Silberschmuck\/Ringe-aus-Indien\/gso-ringe-ind-0173-magnify.jpg\" \/>\n\t<meta property=\"og:image:width\" content=\"900\" \/>\n\t<meta property=\"og:image:height\" content=\"1045\" \/>\n\t<meta property=\"og:image:type\" content=\"image\/jpeg\" \/>\n<meta name=\"twitter:card\" content=\"summary_large_image\" \/>\n<script type=\"application\/ld+json\" class=\"yoast-schema-graph\">{\"@context\":\"https:\\\/\\\/schema.org\",\"@graph\":[{\"@type\":\"WebPage\",\"@id\":\"https:\\\/\\\/ganesha-shop-fuerth.de\\\/onlineshop\\\/shop\\\/silberringe-ringgroessen\\\/silberringe-ringgroesse-56\\\/kleiner-silberring-mit-tuerkis\\\/\",\"url\":\"https:\\\/\\\/ganesha-shop-fuerth.de\\\/onlineshop\\\/shop\\\/silberringe-ringgroessen\\\/silberringe-ringgroesse-56\\\/kleiner-silberring-mit-tuerkis\\\/\",\"name\":\"Kleiner Silberring mit T\u00fcrkis im Ganesha Online Shop verf\u00fcgbar\",\"isPartOf\":{\"@id\":\"https:\\\/\\\/ganesha-shop-fuerth.de\\\/onlineshop\\\/#website\"},\"primaryImageOfPage\":{\"@id\":\"https:\\\/\\\/ganesha-shop-fuerth.de\\\/onlineshop\\\/shop\\\/silberringe-ringgroessen\\\/silberringe-ringgroesse-56\\\/kleiner-silberring-mit-tuerkis\\\/#primaryimage\"},\"image\":{\"@id\":\"https:\\\/\\\/ganesha-shop-fuerth.de\\\/onlineshop\\\/shop\\\/silberringe-ringgroessen\\\/silberringe-ringgroesse-56\\\/kleiner-silberring-mit-tuerkis\\\/#primaryimage\"},\"thumbnailUrl\":\"https:\\\/\\\/ganesha-shop-fuerth.de\\\/onlineshop\\\/wp-content\\\/uploads\\\/Silberschmuck\\\/Ringe-aus-Indien\\\/gso-ringe-ind-0173-magnify.jpg\",\"datePublished\":\"2020-11-11T16:08:53+00:00\",\"dateModified\":\"2025-12-07T12:20:11+00:00\",\"description\":\"Kleiner Silberring mit T\u00fcrkis Stein in 925 Sterling Silber Qualit\u00e4t. Ringgr\u00f6\u00dfe 56. Weitere Ringe mit Granat im Shop verf\u00fcgbar.\",\"breadcrumb\":{\"@id\":\"https:\\\/\\\/ganesha-shop-fuerth.de\\\/onlineshop\\\/shop\\\/silberringe-ringgroessen\\\/silberringe-ringgroesse-56\\\/kleiner-silberring-mit-tuerkis\\\/#breadcrumb\"},\"inLanguage\":\"de\",\"potentialAction\":[{\"@type\":\"ReadAction\",\"target\":[\"https:\\\/\\\/ganesha-shop-fuerth.de\\\/onlineshop\\\/shop\\\/silberringe-ringgroessen\\\/silberringe-ringgroesse-56\\\/kleiner-silberring-mit-tuerkis\\\/\"]}]},{\"@type\":\"ImageObject\",\"inLanguage\":\"de\",\"@id\":\"https:\\\/\\\/ganesha-shop-fuerth.de\\\/onlineshop\\\/shop\\\/silberringe-ringgroessen\\\/silberringe-ringgroesse-56\\\/kleiner-silberring-mit-tuerkis\\\/#primaryimage\",\"url\":\"https:\\\/\\\/ganesha-shop-fuerth.de\\\/onlineshop\\\/wp-content\\\/uploads\\\/Silberschmuck\\\/Ringe-aus-Indien\\\/gso-ringe-ind-0173-magnify.jpg\",\"contentUrl\":\"https:\\\/\\\/ganesha-shop-fuerth.de\\\/onlineshop\\\/wp-content\\\/uploads\\\/Silberschmuck\\\/Ringe-aus-Indien\\\/gso-ringe-ind-0173-magnify.jpg\",\"width\":900,\"height\":1045,\"caption\":\"Kleiner Silberring mit T\u00fcrkis Stein\"},{\"@type\":\"BreadcrumbList\",\"@id\":\"https:\\\/\\\/ganesha-shop-fuerth.de\\\/onlineshop\\\/shop\\\/silberringe-ringgroessen\\\/silberringe-ringgroesse-56\\\/kleiner-silberring-mit-tuerkis\\\/#breadcrumb\",\"itemListElement\":[{\"@type\":\"ListItem\",\"position\":1,\"name\":\"Startseite\",\"item\":\"https:\\\/\\\/ganesha-shop-fuerth.de\\\/onlineshop\\\/\"},{\"@type\":\"ListItem\",\"position\":2,\"name\":\"Ganesha Online Shop\",\"item\":\"https:\\\/\\\/ganesha-shop-fuerth.de\\\/onlineshop\\\/shop\\\/\"},{\"@type\":\"ListItem\",\"position\":3,\"name\":\"Kleiner Silberring mit T\u00fcrkis\"}]},{\"@type\":\"WebSite\",\"@id\":\"https:\\\/\\\/ganesha-shop-fuerth.de\\\/onlineshop\\\/#website\",\"url\":\"https:\\\/\\\/ganesha-shop-fuerth.de\\\/onlineshop\\\/\",\"name\":\"Ganesha Online Shop\",\"description\":\"Schmuck Kleidung Accessoires aus Asien\",\"publisher\":{\"@id\":\"https:\\\/\\\/ganesha-shop-fuerth.de\\\/onlineshop\\\/#organization\"},\"potentialAction\":[{\"@type\":\"SearchAction\",\"target\":{\"@type\":\"EntryPoint\",\"urlTemplate\":\"https:\\\/\\\/ganesha-shop-fuerth.de\\\/onlineshop\\\/?s={search_term_string}\"},\"query-input\":{\"@type\":\"PropertyValueSpecification\",\"valueRequired\":true,\"valueName\":\"search_term_string\"}}],\"inLanguage\":\"de\"},{\"@type\":\"Organization\",\"@id\":\"https:\\\/\\\/ganesha-shop-fuerth.de\\\/onlineshop\\\/#organization\",\"name\":\"Ganesha Shop F\u00fcrth\",\"url\":\"https:\\\/\\\/ganesha-shop-fuerth.de\\\/onlineshop\\\/\",\"logo\":{\"@type\":\"ImageObject\",\"inLanguage\":\"de\",\"@id\":\"https:\\\/\\\/ganesha-shop-fuerth.de\\\/onlineshop\\\/#\\\/schema\\\/logo\\\/image\\\/\",\"url\":\"https:\\\/\\\/ganesha-shop-fuerth.de\\\/onlineshop\\\/wp-content\\\/uploads\\\/Logos\\\/ganesha-onlineshop-footer-logo-19-Jahre.png\",\"contentUrl\":\"https:\\\/\\\/ganesha-shop-fuerth.de\\\/onlineshop\\\/wp-content\\\/uploads\\\/Logos\\\/ganesha-onlineshop-footer-logo-19-Jahre.png\",\"width\":250,\"height\":299,\"caption\":\"Ganesha Shop F\u00fcrth\"},\"image\":{\"@id\":\"https:\\\/\\\/ganesha-shop-fuerth.de\\\/onlineshop\\\/#\\\/schema\\\/logo\\\/image\\\/\"},\"sameAs\":[\"https:\\\/\\\/de-de.facebook.com\\\/ganeshashopfuerth\\\/\",\"https:\\\/\\\/www.youtube.com\\\/channel\\\/UCECWtim6iWB8dozVcmw-GcA\"]}]}<\/script>\n<!-- \/ Yoast SEO plugin. -->","yoast_head_json":{"title":"Kleiner Silberring mit T\u00fcrkis im Ganesha Online Shop verf\u00fcgbar","description":"Kleiner Silberring mit T\u00fcrkis Stein in 925 Sterling Silber Qualit\u00e4t. Ringgr\u00f6\u00dfe 56. Weitere Ringe mit Granat im Shop verf\u00fcgbar.","robots":{"index":"index","follow":"follow","max-snippet":"max-snippet:-1","max-image-preview":"max-image-preview:large","max-video-preview":"max-video-preview:-1"},"canonical":"https:\/\/ganesha-shop-fuerth.de\/onlineshop\/shop\/silberringe-ringgroessen\/silberringe-ringgroesse-56\/kleiner-silberring-mit-tuerkis\/","og_locale":"de_DE","og_type":"article","og_title":"Kleiner Silberring mit T\u00fcrkis im Ganesha Online Shop verf\u00fcgbar","og_description":"Kleiner Silberring mit T\u00fcrkis Stein in 925 Sterling Silber Qualit\u00e4t. Ringgr\u00f6\u00dfe 56. Weitere Ringe mit Granat im Shop verf\u00fcgbar.","og_url":"https:\/\/ganesha-shop-fuerth.de\/onlineshop\/shop\/silberringe-ringgroessen\/silberringe-ringgroesse-56\/kleiner-silberring-mit-tuerkis\/","og_site_name":"Ganesha Online Shop","article_publisher":"https:\/\/de-de.facebook.com\/ganeshashopfuerth\/","article_modified_time":"2025-12-07T12:20:11+00:00","og_image":[{"width":900,"height":1045,"url":"https:\/\/ganesha-shop-fuerth.de\/onlineshop\/wp-content\/uploads\/Silberschmuck\/Ringe-aus-Indien\/gso-ringe-ind-0173-magnify.jpg","type":"image\/jpeg"}],"twitter_card":"summary_large_image","schema":{"@context":"https:\/\/schema.org","@graph":[{"@type":"WebPage","@id":"https:\/\/ganesha-shop-fuerth.de\/onlineshop\/shop\/silberringe-ringgroessen\/silberringe-ringgroesse-56\/kleiner-silberring-mit-tuerkis\/","url":"https:\/\/ganesha-shop-fuerth.de\/onlineshop\/shop\/silberringe-ringgroessen\/silberringe-ringgroesse-56\/kleiner-silberring-mit-tuerkis\/","name":"Kleiner Silberring mit T\u00fcrkis im Ganesha Online Shop verf\u00fcgbar","isPartOf":{"@id":"https:\/\/ganesha-shop-fuerth.de\/onlineshop\/#website"},"primaryImageOfPage":{"@id":"https:\/\/ganesha-shop-fuerth.de\/onlineshop\/shop\/silberringe-ringgroessen\/silberringe-ringgroesse-56\/kleiner-silberring-mit-tuerkis\/#primaryimage"},"image":{"@id":"https:\/\/ganesha-shop-fuerth.de\/onlineshop\/shop\/silberringe-ringgroessen\/silberringe-ringgroesse-56\/kleiner-silberring-mit-tuerkis\/#primaryimage"},"thumbnailUrl":"https:\/\/ganesha-shop-fuerth.de\/onlineshop\/wp-content\/uploads\/Silberschmuck\/Ringe-aus-Indien\/gso-ringe-ind-0173-magnify.jpg","datePublished":"2020-11-11T16:08:53+00:00","dateModified":"2025-12-07T12:20:11+00:00","description":"Kleiner Silberring mit T\u00fcrkis Stein in 925 Sterling Silber Qualit\u00e4t. Ringgr\u00f6\u00dfe 56. Weitere Ringe mit Granat im Shop verf\u00fcgbar.","breadcrumb":{"@id":"https:\/\/ganesha-shop-fuerth.de\/onlineshop\/shop\/silberringe-ringgroessen\/silberringe-ringgroesse-56\/kleiner-silberring-mit-tuerkis\/#breadcrumb"},"inLanguage":"de","potentialAction":[{"@type":"ReadAction","target":["https:\/\/ganesha-shop-fuerth.de\/onlineshop\/shop\/silberringe-ringgroessen\/silberringe-ringgroesse-56\/kleiner-silberring-mit-tuerkis\/"]}]},{"@type":"ImageObject","inLanguage":"de","@id":"https:\/\/ganesha-shop-fuerth.de\/onlineshop\/shop\/silberringe-ringgroessen\/silberringe-ringgroesse-56\/kleiner-silberring-mit-tuerkis\/#primaryimage","url":"https:\/\/ganesha-shop-fuerth.de\/onlineshop\/wp-content\/uploads\/Silberschmuck\/Ringe-aus-Indien\/gso-ringe-ind-0173-magnify.jpg","contentUrl":"https:\/\/ganesha-shop-fuerth.de\/onlineshop\/wp-content\/uploads\/Silberschmuck\/Ringe-aus-Indien\/gso-ringe-ind-0173-magnify.jpg","width":900,"height":1045,"caption":"Kleiner Silberring mit T\u00fcrkis Stein"},{"@type":"BreadcrumbList","@id":"https:\/\/ganesha-shop-fuerth.de\/onlineshop\/shop\/silberringe-ringgroessen\/silberringe-ringgroesse-56\/kleiner-silberring-mit-tuerkis\/#breadcrumb","itemListElement":[{"@type":"ListItem","position":1,"name":"Startseite","item":"https:\/\/ganesha-shop-fuerth.de\/onlineshop\/"},{"@type":"ListItem","position":2,"name":"Ganesha Online Shop","item":"https:\/\/ganesha-shop-fuerth.de\/onlineshop\/shop\/"},{"@type":"ListItem","position":3,"name":"Kleiner Silberring mit T\u00fcrkis"}]},{"@type":"WebSite","@id":"https:\/\/ganesha-shop-fuerth.de\/onlineshop\/#website","url":"https:\/\/ganesha-shop-fuerth.de\/onlineshop\/","name":"Ganesha Online Shop","description":"Schmuck Kleidung Accessoires aus Asien","publisher":{"@id":"https:\/\/ganesha-shop-fuerth.de\/onlineshop\/#organization"},"potentialAction":[{"@type":"SearchAction","target":{"@type":"EntryPoint","urlTemplate":"https:\/\/ganesha-shop-fuerth.de\/onlineshop\/?s={search_term_string}"},"query-input":{"@type":"PropertyValueSpecification","valueRequired":true,"valueName":"search_term_string"}}],"inLanguage":"de"},{"@type":"Organization","@id":"https:\/\/ganesha-shop-fuerth.de\/onlineshop\/#organization","name":"Ganesha Shop F\u00fcrth","url":"https:\/\/ganesha-shop-fuerth.de\/onlineshop\/","logo":{"@type":"ImageObject","inLanguage":"de","@id":"https:\/\/ganesha-shop-fuerth.de\/onlineshop\/#\/schema\/logo\/image\/","url":"https:\/\/ganesha-shop-fuerth.de\/onlineshop\/wp-content\/uploads\/Logos\/ganesha-onlineshop-footer-logo-19-Jahre.png","contentUrl":"https:\/\/ganesha-shop-fuerth.de\/onlineshop\/wp-content\/uploads\/Logos\/ganesha-onlineshop-footer-logo-19-Jahre.png","width":250,"height":299,"caption":"Ganesha Shop F\u00fcrth"},"image":{"@id":"https:\/\/ganesha-shop-fuerth.de\/onlineshop\/#\/schema\/logo\/image\/"},"sameAs":["https:\/\/de-de.facebook.com\/ganeshashopfuerth\/","https:\/\/www.youtube.com\/channel\/UCECWtim6iWB8dozVcmw-GcA"]}]}},"_links":{"self":[{"href":"https:\/\/ganesha-shop-fuerth.de\/onlineshop\/wp-json\/wp\/v2\/product\/3634","targetHints":{"allow":["GET"]}}],"collection":[{"href":"https:\/\/ganesha-shop-fuerth.de\/onlineshop\/wp-json\/wp\/v2\/product"}],"about":[{"href":"https:\/\/ganesha-shop-fuerth.de\/onlineshop\/wp-json\/wp\/v2\/types\/product"}],"replies":[{"embeddable":true,"href":"https:\/\/ganesha-shop-fuerth.de\/onlineshop\/wp-json\/wp\/v2\/comments?post=3634"}],"wp:featuredmedia":[{"embeddable":true,"href":"https:\/\/ganesha-shop-fuerth.de\/onlineshop\/wp-json\/wp\/v2\/media\/3633"}],"wp:attachment":[{"href":"https:\/\/ganesha-shop-fuerth.de\/onlineshop\/wp-json\/wp\/v2\/media?parent=3634"}],"wp:term":[{"taxonomy":"product_brand","embeddable":true,"href":"https:\/\/ganesha-shop-fuerth.de\/onlineshop\/wp-json\/wp\/v2\/product_brand?post=3634"},{"taxonomy":"product_cat","embeddable":true,"href":"https:\/\/ganesha-shop-fuerth.de\/onlineshop\/wp-json\/wp\/v2\/product_cat?post=3634"},{"taxonomy":"product_tag","embeddable":true,"href":"https:\/\/ganesha-shop-fuerth.de\/onlineshop\/wp-json\/wp\/v2\/product_tag?post=3634"}],"curies":[{"name":"wp","href":"https:\/\/api.w.org\/{rel}","templated":true}]}}