{"id":3667,"date":"2020-11-18T19:40:27","date_gmt":"2020-11-18T18:40:27","guid":{"rendered":"https:\/\/ganesha-shop-fuerth.de\/onlineshop\/?post_type=product&#038;p=3667"},"modified":"2025-12-07T13:18:19","modified_gmt":"2025-12-07T12:18:19","slug":"silberring-mit-lapislazuli-und-pyrit-2","status":"publish","type":"product","link":"https:\/\/ganesha-shop-fuerth.de\/onlineshop\/shop\/silberringe-ringgroessen\/silberringe-ringgroesse-53\/silberring-mit-lapislazuli-und-pyrit-2\/","title":{"rendered":"Silberring mit Lapislazuli und Pyrit #2"},"content":{"rendered":"<p>Silberring mit Lapislazuli und Pyrit in 925 Sterling Silber. Lapislazuli Stein wie gewachsen. Der Ring ist nicht verstellbar. Gewicht: 3,7 g; Durchmesser des Lapilazuli Steins: 0,8 cm; Bitte w\u00e4hlen Sie die verf\u00fcgbaren Ringgr\u00f6\u00dfen im obigen Drop down Men\u00fc aus. Der Lapislazuli Stein ist auf nat\u00fcrliche Art und Weise mit eisenhaltigen <a href=\"https:\/\/de.wikipedia.org\/wiki\/Pyrit\" target=\"_blank\" rel=\"noopener noreferrer\">Pyrit<\/a> durchsetzt, das wie Sterne im Nachthimmel schimmert. Der Lapislazuli ist u.a. ein Schutzstein. Seine Wirkung macht sich auch auf die k\u00f6rperliche und die psychische Ebene bemerkbar. Weitere Informationen zum Lapislazuli finden Sie z.B. <a href=\"https:\/\/www.heilsteine-ratgeber.net\/lapislazuli.html\" target=\"_blank\" rel=\"noopener noreferrer\">hier<\/a>.<\/p>\n<figure id=\"attachment_3664\" aria-describedby=\"caption-attachment-3664\" style=\"width: 380px\" class=\"wp-caption alignnone\"><a href=\"https:\/\/ganesha-shop-fuerth.de\/onlineshop\/wp-content\/uploads\/Silberschmuck\/Ringe-aus-Indien\/gso-ringe-ind-0181-magnify.jpg\" target=\"_blank\" rel=\"noopener noreferrer\"><img loading=\"lazy\" decoding=\"async\" class=\"wp-image-3664\" src=\"https:\/\/ganesha-shop-fuerth.de\/onlineshop\/wp-content\/uploads\/Silberschmuck\/Ringe-aus-Indien\/gso-ringe-ind-0181-magnify-258x300.jpg\" alt=\"Silberring mit Lapislazuli und Pyrit online kaufen\" width=\"380\" height=\"441\" srcset=\"https:\/\/ganesha-shop-fuerth.de\/onlineshop\/wp-content\/uploads\/Silberschmuck\/Ringe-aus-Indien\/gso-ringe-ind-0181-magnify-258x300.jpg 258w, https:\/\/ganesha-shop-fuerth.de\/onlineshop\/wp-content\/uploads\/Silberschmuck\/Ringe-aus-Indien\/gso-ringe-ind-0181-magnify-882x1024.jpg 882w, https:\/\/ganesha-shop-fuerth.de\/onlineshop\/wp-content\/uploads\/Silberschmuck\/Ringe-aus-Indien\/gso-ringe-ind-0181-magnify-768x892.jpg 768w, https:\/\/ganesha-shop-fuerth.de\/onlineshop\/wp-content\/uploads\/Silberschmuck\/Ringe-aus-Indien\/gso-ringe-ind-0181-magnify-324x376.jpg 324w, https:\/\/ganesha-shop-fuerth.de\/onlineshop\/wp-content\/uploads\/Silberschmuck\/Ringe-aus-Indien\/gso-ringe-ind-0181-magnify-416x483.jpg 416w, https:\/\/ganesha-shop-fuerth.de\/onlineshop\/wp-content\/uploads\/Silberschmuck\/Ringe-aus-Indien\/gso-ringe-ind-0181-magnify.jpg 900w\" sizes=\"auto, (max-width: 380px) 100vw, 380px\" \/><\/a><figcaption id=\"caption-attachment-3664\" class=\"wp-caption-text\">Silberring mit Lapislazuli und Pyrit<\/figcaption><\/figure>\n","protected":false},"excerpt":{"rendered":"<p>Silberring mit Lapislazuli und Pyrit aus Indien<\/p>\n","protected":false},"featured_media":3664,"comment_status":"open","ping_status":"closed","template":"","meta":[],"product_brand":[],"product_cat":[158,12,156,11],"product_tag":[191,50,49],"class_list":{"0":"post-3667","1":"product","2":"type-product","3":"status-publish","4":"has-post-thumbnail","6":"product_cat-silberringe-ringgroesse-53","7":"product_cat-silberringe-aus-indien","8":"product_cat-silberringe-ringgroessen","9":"product_cat-silberschmuck-aus-indien","10":"product_tag-edelstein-schmuck","11":"product_tag-lapislazuli","12":"product_tag-silberring-indien","14":"first","15":"instock","16":"sold-individually","17":"taxable","18":"shipping-taxable","19":"purchasable","20":"product-type-variable"},"yoast_head":"<!-- This site is optimized with the Yoast SEO plugin v27.4 - https:\/\/yoast.com\/product\/yoast-seo-wordpress\/ -->\n<title>Silberring mit Lapislazuli und Pyrit im Ganesha Online Shop kaufen<\/title>\n<meta name=\"description\" content=\"Silberring mit Lapislazuli und Pyrit in 925 Sterling Silber Qualit\u00e4t im Ganesha Online Shop. Weitere Silberringe mit Lapislazuli im Shop.\" \/>\n<meta name=\"robots\" content=\"index, follow, max-snippet:-1, max-image-preview:large, max-video-preview:-1\" \/>\n<link rel=\"canonical\" href=\"https:\/\/ganesha-shop-fuerth.de\/onlineshop\/shop\/silberringe-ringgroessen\/silberringe-ringgroesse-53\/silberring-mit-lapislazuli-und-pyrit-2\/\" \/>\n<meta property=\"og:locale\" content=\"de_DE\" \/>\n<meta property=\"og:type\" content=\"article\" \/>\n<meta property=\"og:title\" content=\"Silberring mit Lapislazuli und Pyrit im Ganesha Online Shop kaufen\" \/>\n<meta property=\"og:description\" content=\"Silberring mit Lapislazuli und Pyrit in 925 Sterling Silber Qualit\u00e4t im Ganesha Online Shop. Weitere Silberringe mit Lapislazuli im Shop.\" \/>\n<meta property=\"og:url\" content=\"https:\/\/ganesha-shop-fuerth.de\/onlineshop\/shop\/silberringe-ringgroessen\/silberringe-ringgroesse-53\/silberring-mit-lapislazuli-und-pyrit-2\/\" \/>\n<meta property=\"og:site_name\" content=\"Ganesha Online Shop\" \/>\n<meta property=\"article:publisher\" content=\"https:\/\/de-de.facebook.com\/ganeshashopfuerth\/\" \/>\n<meta property=\"article:modified_time\" content=\"2025-12-07T12:18:19+00:00\" \/>\n<meta property=\"og:image\" content=\"https:\/\/ganesha-shop-fuerth.de\/onlineshop\/wp-content\/uploads\/Silberschmuck\/Ringe-aus-Indien\/gso-ringe-ind-0181-magnify.jpg\" \/>\n\t<meta property=\"og:image:width\" content=\"900\" \/>\n\t<meta property=\"og:image:height\" content=\"1045\" \/>\n\t<meta property=\"og:image:type\" content=\"image\/jpeg\" \/>\n<meta name=\"twitter:card\" content=\"summary_large_image\" \/>\n<meta name=\"twitter:label1\" content=\"Gesch\u00e4tzte Lesezeit\" \/>\n\t<meta name=\"twitter:data1\" content=\"1\u00a0Minute\" \/>\n<script type=\"application\/ld+json\" class=\"yoast-schema-graph\">{\"@context\":\"https:\\\/\\\/schema.org\",\"@graph\":[{\"@type\":\"WebPage\",\"@id\":\"https:\\\/\\\/ganesha-shop-fuerth.de\\\/onlineshop\\\/shop\\\/silberringe-ringgroessen\\\/silberringe-ringgroesse-53\\\/silberring-mit-lapislazuli-und-pyrit-2\\\/\",\"url\":\"https:\\\/\\\/ganesha-shop-fuerth.de\\\/onlineshop\\\/shop\\\/silberringe-ringgroessen\\\/silberringe-ringgroesse-53\\\/silberring-mit-lapislazuli-und-pyrit-2\\\/\",\"name\":\"Silberring mit Lapislazuli und Pyrit im Ganesha Online Shop kaufen\",\"isPartOf\":{\"@id\":\"https:\\\/\\\/ganesha-shop-fuerth.de\\\/onlineshop\\\/#website\"},\"primaryImageOfPage\":{\"@id\":\"https:\\\/\\\/ganesha-shop-fuerth.de\\\/onlineshop\\\/shop\\\/silberringe-ringgroessen\\\/silberringe-ringgroesse-53\\\/silberring-mit-lapislazuli-und-pyrit-2\\\/#primaryimage\"},\"image\":{\"@id\":\"https:\\\/\\\/ganesha-shop-fuerth.de\\\/onlineshop\\\/shop\\\/silberringe-ringgroessen\\\/silberringe-ringgroesse-53\\\/silberring-mit-lapislazuli-und-pyrit-2\\\/#primaryimage\"},\"thumbnailUrl\":\"https:\\\/\\\/ganesha-shop-fuerth.de\\\/onlineshop\\\/wp-content\\\/uploads\\\/Silberschmuck\\\/Ringe-aus-Indien\\\/gso-ringe-ind-0181-magnify.jpg\",\"datePublished\":\"2020-11-18T18:40:27+00:00\",\"dateModified\":\"2025-12-07T12:18:19+00:00\",\"description\":\"Silberring mit Lapislazuli und Pyrit in 925 Sterling Silber Qualit\u00e4t im Ganesha Online Shop. Weitere Silberringe mit Lapislazuli im Shop.\",\"breadcrumb\":{\"@id\":\"https:\\\/\\\/ganesha-shop-fuerth.de\\\/onlineshop\\\/shop\\\/silberringe-ringgroessen\\\/silberringe-ringgroesse-53\\\/silberring-mit-lapislazuli-und-pyrit-2\\\/#breadcrumb\"},\"inLanguage\":\"de\",\"potentialAction\":[{\"@type\":\"ReadAction\",\"target\":[\"https:\\\/\\\/ganesha-shop-fuerth.de\\\/onlineshop\\\/shop\\\/silberringe-ringgroessen\\\/silberringe-ringgroesse-53\\\/silberring-mit-lapislazuli-und-pyrit-2\\\/\"]}]},{\"@type\":\"ImageObject\",\"inLanguage\":\"de\",\"@id\":\"https:\\\/\\\/ganesha-shop-fuerth.de\\\/onlineshop\\\/shop\\\/silberringe-ringgroessen\\\/silberringe-ringgroesse-53\\\/silberring-mit-lapislazuli-und-pyrit-2\\\/#primaryimage\",\"url\":\"https:\\\/\\\/ganesha-shop-fuerth.de\\\/onlineshop\\\/wp-content\\\/uploads\\\/Silberschmuck\\\/Ringe-aus-Indien\\\/gso-ringe-ind-0181-magnify.jpg\",\"contentUrl\":\"https:\\\/\\\/ganesha-shop-fuerth.de\\\/onlineshop\\\/wp-content\\\/uploads\\\/Silberschmuck\\\/Ringe-aus-Indien\\\/gso-ringe-ind-0181-magnify.jpg\",\"width\":900,\"height\":1045,\"caption\":\"Silberring mit Lapislazuli und Pyrit\"},{\"@type\":\"BreadcrumbList\",\"@id\":\"https:\\\/\\\/ganesha-shop-fuerth.de\\\/onlineshop\\\/shop\\\/silberringe-ringgroessen\\\/silberringe-ringgroesse-53\\\/silberring-mit-lapislazuli-und-pyrit-2\\\/#breadcrumb\",\"itemListElement\":[{\"@type\":\"ListItem\",\"position\":1,\"name\":\"Startseite\",\"item\":\"https:\\\/\\\/ganesha-shop-fuerth.de\\\/onlineshop\\\/\"},{\"@type\":\"ListItem\",\"position\":2,\"name\":\"Ganesha Online Shop\",\"item\":\"https:\\\/\\\/ganesha-shop-fuerth.de\\\/onlineshop\\\/shop\\\/\"},{\"@type\":\"ListItem\",\"position\":3,\"name\":\"Silberring mit Lapislazuli und Pyrit #2\"}]},{\"@type\":\"WebSite\",\"@id\":\"https:\\\/\\\/ganesha-shop-fuerth.de\\\/onlineshop\\\/#website\",\"url\":\"https:\\\/\\\/ganesha-shop-fuerth.de\\\/onlineshop\\\/\",\"name\":\"Ganesha Online Shop\",\"description\":\"Schmuck Kleidung Accessoires aus Asien\",\"publisher\":{\"@id\":\"https:\\\/\\\/ganesha-shop-fuerth.de\\\/onlineshop\\\/#organization\"},\"potentialAction\":[{\"@type\":\"SearchAction\",\"target\":{\"@type\":\"EntryPoint\",\"urlTemplate\":\"https:\\\/\\\/ganesha-shop-fuerth.de\\\/onlineshop\\\/?s={search_term_string}\"},\"query-input\":{\"@type\":\"PropertyValueSpecification\",\"valueRequired\":true,\"valueName\":\"search_term_string\"}}],\"inLanguage\":\"de\"},{\"@type\":\"Organization\",\"@id\":\"https:\\\/\\\/ganesha-shop-fuerth.de\\\/onlineshop\\\/#organization\",\"name\":\"Ganesha Shop F\u00fcrth\",\"url\":\"https:\\\/\\\/ganesha-shop-fuerth.de\\\/onlineshop\\\/\",\"logo\":{\"@type\":\"ImageObject\",\"inLanguage\":\"de\",\"@id\":\"https:\\\/\\\/ganesha-shop-fuerth.de\\\/onlineshop\\\/#\\\/schema\\\/logo\\\/image\\\/\",\"url\":\"https:\\\/\\\/ganesha-shop-fuerth.de\\\/onlineshop\\\/wp-content\\\/uploads\\\/Logos\\\/ganesha-onlineshop-footer-logo-19-Jahre.png\",\"contentUrl\":\"https:\\\/\\\/ganesha-shop-fuerth.de\\\/onlineshop\\\/wp-content\\\/uploads\\\/Logos\\\/ganesha-onlineshop-footer-logo-19-Jahre.png\",\"width\":250,\"height\":299,\"caption\":\"Ganesha Shop F\u00fcrth\"},\"image\":{\"@id\":\"https:\\\/\\\/ganesha-shop-fuerth.de\\\/onlineshop\\\/#\\\/schema\\\/logo\\\/image\\\/\"},\"sameAs\":[\"https:\\\/\\\/de-de.facebook.com\\\/ganeshashopfuerth\\\/\",\"https:\\\/\\\/www.youtube.com\\\/channel\\\/UCECWtim6iWB8dozVcmw-GcA\"]}]}<\/script>\n<!-- \/ Yoast SEO plugin. -->","yoast_head_json":{"title":"Silberring mit Lapislazuli und Pyrit im Ganesha Online Shop kaufen","description":"Silberring mit Lapislazuli und Pyrit in 925 Sterling Silber Qualit\u00e4t im Ganesha Online Shop. Weitere Silberringe mit Lapislazuli im Shop.","robots":{"index":"index","follow":"follow","max-snippet":"max-snippet:-1","max-image-preview":"max-image-preview:large","max-video-preview":"max-video-preview:-1"},"canonical":"https:\/\/ganesha-shop-fuerth.de\/onlineshop\/shop\/silberringe-ringgroessen\/silberringe-ringgroesse-53\/silberring-mit-lapislazuli-und-pyrit-2\/","og_locale":"de_DE","og_type":"article","og_title":"Silberring mit Lapislazuli und Pyrit im Ganesha Online Shop kaufen","og_description":"Silberring mit Lapislazuli und Pyrit in 925 Sterling Silber Qualit\u00e4t im Ganesha Online Shop. Weitere Silberringe mit Lapislazuli im Shop.","og_url":"https:\/\/ganesha-shop-fuerth.de\/onlineshop\/shop\/silberringe-ringgroessen\/silberringe-ringgroesse-53\/silberring-mit-lapislazuli-und-pyrit-2\/","og_site_name":"Ganesha Online Shop","article_publisher":"https:\/\/de-de.facebook.com\/ganeshashopfuerth\/","article_modified_time":"2025-12-07T12:18:19+00:00","og_image":[{"width":900,"height":1045,"url":"https:\/\/ganesha-shop-fuerth.de\/onlineshop\/wp-content\/uploads\/Silberschmuck\/Ringe-aus-Indien\/gso-ringe-ind-0181-magnify.jpg","type":"image\/jpeg"}],"twitter_card":"summary_large_image","twitter_misc":{"Gesch\u00e4tzte Lesezeit":"1\u00a0Minute"},"schema":{"@context":"https:\/\/schema.org","@graph":[{"@type":"WebPage","@id":"https:\/\/ganesha-shop-fuerth.de\/onlineshop\/shop\/silberringe-ringgroessen\/silberringe-ringgroesse-53\/silberring-mit-lapislazuli-und-pyrit-2\/","url":"https:\/\/ganesha-shop-fuerth.de\/onlineshop\/shop\/silberringe-ringgroessen\/silberringe-ringgroesse-53\/silberring-mit-lapislazuli-und-pyrit-2\/","name":"Silberring mit Lapislazuli und Pyrit im Ganesha Online Shop kaufen","isPartOf":{"@id":"https:\/\/ganesha-shop-fuerth.de\/onlineshop\/#website"},"primaryImageOfPage":{"@id":"https:\/\/ganesha-shop-fuerth.de\/onlineshop\/shop\/silberringe-ringgroessen\/silberringe-ringgroesse-53\/silberring-mit-lapislazuli-und-pyrit-2\/#primaryimage"},"image":{"@id":"https:\/\/ganesha-shop-fuerth.de\/onlineshop\/shop\/silberringe-ringgroessen\/silberringe-ringgroesse-53\/silberring-mit-lapislazuli-und-pyrit-2\/#primaryimage"},"thumbnailUrl":"https:\/\/ganesha-shop-fuerth.de\/onlineshop\/wp-content\/uploads\/Silberschmuck\/Ringe-aus-Indien\/gso-ringe-ind-0181-magnify.jpg","datePublished":"2020-11-18T18:40:27+00:00","dateModified":"2025-12-07T12:18:19+00:00","description":"Silberring mit Lapislazuli und Pyrit in 925 Sterling Silber Qualit\u00e4t im Ganesha Online Shop. Weitere Silberringe mit Lapislazuli im Shop.","breadcrumb":{"@id":"https:\/\/ganesha-shop-fuerth.de\/onlineshop\/shop\/silberringe-ringgroessen\/silberringe-ringgroesse-53\/silberring-mit-lapislazuli-und-pyrit-2\/#breadcrumb"},"inLanguage":"de","potentialAction":[{"@type":"ReadAction","target":["https:\/\/ganesha-shop-fuerth.de\/onlineshop\/shop\/silberringe-ringgroessen\/silberringe-ringgroesse-53\/silberring-mit-lapislazuli-und-pyrit-2\/"]}]},{"@type":"ImageObject","inLanguage":"de","@id":"https:\/\/ganesha-shop-fuerth.de\/onlineshop\/shop\/silberringe-ringgroessen\/silberringe-ringgroesse-53\/silberring-mit-lapislazuli-und-pyrit-2\/#primaryimage","url":"https:\/\/ganesha-shop-fuerth.de\/onlineshop\/wp-content\/uploads\/Silberschmuck\/Ringe-aus-Indien\/gso-ringe-ind-0181-magnify.jpg","contentUrl":"https:\/\/ganesha-shop-fuerth.de\/onlineshop\/wp-content\/uploads\/Silberschmuck\/Ringe-aus-Indien\/gso-ringe-ind-0181-magnify.jpg","width":900,"height":1045,"caption":"Silberring mit Lapislazuli und Pyrit"},{"@type":"BreadcrumbList","@id":"https:\/\/ganesha-shop-fuerth.de\/onlineshop\/shop\/silberringe-ringgroessen\/silberringe-ringgroesse-53\/silberring-mit-lapislazuli-und-pyrit-2\/#breadcrumb","itemListElement":[{"@type":"ListItem","position":1,"name":"Startseite","item":"https:\/\/ganesha-shop-fuerth.de\/onlineshop\/"},{"@type":"ListItem","position":2,"name":"Ganesha Online Shop","item":"https:\/\/ganesha-shop-fuerth.de\/onlineshop\/shop\/"},{"@type":"ListItem","position":3,"name":"Silberring mit Lapislazuli und Pyrit #2"}]},{"@type":"WebSite","@id":"https:\/\/ganesha-shop-fuerth.de\/onlineshop\/#website","url":"https:\/\/ganesha-shop-fuerth.de\/onlineshop\/","name":"Ganesha Online Shop","description":"Schmuck Kleidung Accessoires aus Asien","publisher":{"@id":"https:\/\/ganesha-shop-fuerth.de\/onlineshop\/#organization"},"potentialAction":[{"@type":"SearchAction","target":{"@type":"EntryPoint","urlTemplate":"https:\/\/ganesha-shop-fuerth.de\/onlineshop\/?s={search_term_string}"},"query-input":{"@type":"PropertyValueSpecification","valueRequired":true,"valueName":"search_term_string"}}],"inLanguage":"de"},{"@type":"Organization","@id":"https:\/\/ganesha-shop-fuerth.de\/onlineshop\/#organization","name":"Ganesha Shop F\u00fcrth","url":"https:\/\/ganesha-shop-fuerth.de\/onlineshop\/","logo":{"@type":"ImageObject","inLanguage":"de","@id":"https:\/\/ganesha-shop-fuerth.de\/onlineshop\/#\/schema\/logo\/image\/","url":"https:\/\/ganesha-shop-fuerth.de\/onlineshop\/wp-content\/uploads\/Logos\/ganesha-onlineshop-footer-logo-19-Jahre.png","contentUrl":"https:\/\/ganesha-shop-fuerth.de\/onlineshop\/wp-content\/uploads\/Logos\/ganesha-onlineshop-footer-logo-19-Jahre.png","width":250,"height":299,"caption":"Ganesha Shop F\u00fcrth"},"image":{"@id":"https:\/\/ganesha-shop-fuerth.de\/onlineshop\/#\/schema\/logo\/image\/"},"sameAs":["https:\/\/de-de.facebook.com\/ganeshashopfuerth\/","https:\/\/www.youtube.com\/channel\/UCECWtim6iWB8dozVcmw-GcA"]}]}},"_links":{"self":[{"href":"https:\/\/ganesha-shop-fuerth.de\/onlineshop\/wp-json\/wp\/v2\/product\/3667","targetHints":{"allow":["GET"]}}],"collection":[{"href":"https:\/\/ganesha-shop-fuerth.de\/onlineshop\/wp-json\/wp\/v2\/product"}],"about":[{"href":"https:\/\/ganesha-shop-fuerth.de\/onlineshop\/wp-json\/wp\/v2\/types\/product"}],"replies":[{"embeddable":true,"href":"https:\/\/ganesha-shop-fuerth.de\/onlineshop\/wp-json\/wp\/v2\/comments?post=3667"}],"wp:featuredmedia":[{"embeddable":true,"href":"https:\/\/ganesha-shop-fuerth.de\/onlineshop\/wp-json\/wp\/v2\/media\/3664"}],"wp:attachment":[{"href":"https:\/\/ganesha-shop-fuerth.de\/onlineshop\/wp-json\/wp\/v2\/media?parent=3667"}],"wp:term":[{"taxonomy":"product_brand","embeddable":true,"href":"https:\/\/ganesha-shop-fuerth.de\/onlineshop\/wp-json\/wp\/v2\/product_brand?post=3667"},{"taxonomy":"product_cat","embeddable":true,"href":"https:\/\/ganesha-shop-fuerth.de\/onlineshop\/wp-json\/wp\/v2\/product_cat?post=3667"},{"taxonomy":"product_tag","embeddable":true,"href":"https:\/\/ganesha-shop-fuerth.de\/onlineshop\/wp-json\/wp\/v2\/product_tag?post=3667"}],"curies":[{"name":"wp","href":"https:\/\/api.w.org\/{rel}","templated":true}]}}