{"id":3850,"date":"2020-12-11T17:29:46","date_gmt":"2020-12-11T16:29:46","guid":{"rendered":"https:\/\/ganesha-shop-fuerth.de\/onlineshop\/?post_type=product&#038;p=3850"},"modified":"2026-02-20T11:21:34","modified_gmt":"2026-02-20T10:21:34","slug":"ayurvedic-masala-agarwood-raeucherstaebchen","status":"publish","type":"product","link":"https:\/\/ganesha-shop-fuerth.de\/onlineshop\/shop\/raeucherstaebchen-aus-indien\/ayurvedic\/ayurvedic-masala-agarwood-raeucherstaebchen\/","title":{"rendered":"Ayurvedic Masala Agarwood R\u00e4ucherst\u00e4bchen"},"content":{"rendered":"<p>Ayurvedic Masala Agarwood R\u00e4ucherst\u00e4bchen aus Indien. Packungsinhalt: 15 St\u00fcck. Gewicht mit Verpackung: ca. 27,0 g; Gewicht des Packungsinhalts: 16,0 g; L\u00e4nge der R\u00e4ucherst\u00e4bchen: ca. 20 cm inkl. Holzstab. Masala bedeutet im Indischen: Mischung oder Zutaten. Laut Hersteller sind alle Zutaten nat\u00fcrliche Indigrenzien, bestehend aus ausgew\u00e4hlten Kr\u00e4utern, Harzen, Bl\u00fcten, Honig und \u00d6len. Agarwood oder auch Adlerholzbaum genannt, ist ein \u00e4u\u00dferst seltenes und kostbares R\u00e4ucherholz, das in S\u00fcdostasien und Nordost-Indien erh\u00e4ltlich ist. Die Duftart dieser R\u00e4ucherst\u00e4bchen: s\u00fc\u00df-harzig, w\u00fcrzig, sandelholzig und beruhigend. Bitte w\u00e4hlen Sie im obigen Dropdown Men\u00fc die gew\u00fcnschte Anzahl an R\u00e4ucherst\u00e4bchen aus. Weitere Informationen zum Agarwood oder Adlerholzbaum finden Sie z.B. <a href=\"https:\/\/de.wikipedia.org\/wiki\/Adlerholzbaum\" target=\"_blank\" rel=\"noopener noreferrer\">hier<\/a>.<\/p>\n<figure id=\"attachment_3835\" aria-describedby=\"caption-attachment-3835\" style=\"width: 360px\" class=\"wp-caption alignnone\"><a href=\"https:\/\/ganesha-shop-fuerth.de\/onlineshop\/wp-content\/uploads\/R\u00e4ucherst\u00e4bchen\/Ayurvedic\/gso-rst-ayurvedic-agarwood-0001-magnify.jpg\" target=\"_blank\" rel=\"noopener noreferrer\"><img loading=\"lazy\" decoding=\"async\" class=\"wp-image-3835\" src=\"https:\/\/ganesha-shop-fuerth.de\/onlineshop\/wp-content\/uploads\/R\u00e4ucherst\u00e4bchen\/Ayurvedic\/gso-rst-ayurvedic-agarwood-0001-magnify-208x300.jpg\" alt=\"Ayurvedic Masala Agarwood R\u00e4ucherst\u00e4bchen kaufen\" width=\"360\" height=\"520\" srcset=\"https:\/\/ganesha-shop-fuerth.de\/onlineshop\/wp-content\/uploads\/R\u00e4ucherst\u00e4bchen\/Ayurvedic\/gso-rst-ayurvedic-agarwood-0001-magnify-208x300.jpg 208w, https:\/\/ganesha-shop-fuerth.de\/onlineshop\/wp-content\/uploads\/R\u00e4ucherst\u00e4bchen\/Ayurvedic\/gso-rst-ayurvedic-agarwood-0001-magnify-709x1024.jpg 709w, https:\/\/ganesha-shop-fuerth.de\/onlineshop\/wp-content\/uploads\/R\u00e4ucherst\u00e4bchen\/Ayurvedic\/gso-rst-ayurvedic-agarwood-0001-magnify-768x1109.jpg 768w, https:\/\/ganesha-shop-fuerth.de\/onlineshop\/wp-content\/uploads\/R\u00e4ucherst\u00e4bchen\/Ayurvedic\/gso-rst-ayurvedic-agarwood-0001-magnify-324x468.jpg 324w, https:\/\/ganesha-shop-fuerth.de\/onlineshop\/wp-content\/uploads\/R\u00e4ucherst\u00e4bchen\/Ayurvedic\/gso-rst-ayurvedic-agarwood-0001-magnify-416x601.jpg 416w, https:\/\/ganesha-shop-fuerth.de\/onlineshop\/wp-content\/uploads\/R\u00e4ucherst\u00e4bchen\/Ayurvedic\/gso-rst-ayurvedic-agarwood-0001-magnify.jpg 900w\" sizes=\"auto, (max-width: 360px) 100vw, 360px\" \/><\/a><figcaption id=\"caption-attachment-3835\" class=\"wp-caption-text\">Ayurvedic Masala Agarwood R\u00e4ucherst\u00e4bchen<\/figcaption><\/figure>\n","protected":false},"excerpt":{"rendered":"<p>Ayurvedic Masala Agarwood R\u00e4ucherst\u00e4bchen<\/p>\n","protected":false},"featured_media":3835,"comment_status":"open","ping_status":"closed","template":"","meta":[],"product_brand":[],"product_cat":[245,195],"product_tag":[260],"class_list":{"0":"post-3850","1":"product","2":"type-product","3":"status-publish","4":"has-post-thumbnail","6":"product_cat-ayurvedic","7":"product_cat-raeucherstaebchen-aus-indien","8":"product_tag-raeucherwerk-raeucherware","9":"pa_marke-ayurvedic","11":"first","12":"instock","13":"featured","14":"taxable","15":"shipping-taxable","16":"purchasable","17":"product-type-variable"},"yoast_head":"<!-- This site is optimized with the Yoast SEO plugin v27.5 - https:\/\/yoast.com\/product\/yoast-seo-wordpress\/ -->\n<title>Ayurvedic Masala Agarwood R\u00e4ucherst\u00e4bchen im Ganesha Online Shop<\/title>\n<meta name=\"description\" content=\"Ayurvedic Masala Agarwood R\u00e4ucherst\u00e4bchen im Ganesha Online Shop kaufen. Weitere R\u00e4ucherst\u00e4bchen von Ayurvedic im Shop verf\u00fcgbar.\" \/>\n<meta name=\"robots\" content=\"index, follow, max-snippet:-1, max-image-preview:large, max-video-preview:-1\" \/>\n<link rel=\"canonical\" href=\"https:\/\/ganesha-shop-fuerth.de\/onlineshop\/shop\/raeucherstaebchen-aus-indien\/ayurvedic\/ayurvedic-masala-agarwood-raeucherstaebchen\/\" \/>\n<meta property=\"og:locale\" content=\"de_DE\" \/>\n<meta property=\"og:type\" content=\"article\" \/>\n<meta property=\"og:title\" content=\"Ayurvedic Masala Agarwood R\u00e4ucherst\u00e4bchen im Ganesha Online Shop\" \/>\n<meta property=\"og:description\" content=\"Ayurvedic Masala Agarwood R\u00e4ucherst\u00e4bchen im Ganesha Online Shop kaufen. Weitere R\u00e4ucherst\u00e4bchen von Ayurvedic im Shop verf\u00fcgbar.\" \/>\n<meta property=\"og:url\" content=\"https:\/\/ganesha-shop-fuerth.de\/onlineshop\/shop\/raeucherstaebchen-aus-indien\/ayurvedic\/ayurvedic-masala-agarwood-raeucherstaebchen\/\" \/>\n<meta property=\"og:site_name\" content=\"Ganesha Online Shop\" \/>\n<meta property=\"article:publisher\" content=\"https:\/\/de-de.facebook.com\/ganeshashopfuerth\/\" \/>\n<meta property=\"article:modified_time\" content=\"2026-02-20T10:21:34+00:00\" \/>\n<meta property=\"og:image\" content=\"https:\/\/ganesha-shop-fuerth.de\/onlineshop\/wp-content\/uploads\/R\u00e4ucherst\u00e4bchen\/Ayurvedic\/gso-rst-ayurvedic-agarwood-0001-magnify.jpg\" \/>\n\t<meta property=\"og:image:width\" content=\"900\" \/>\n\t<meta property=\"og:image:height\" content=\"1300\" \/>\n\t<meta property=\"og:image:type\" content=\"image\/jpeg\" \/>\n<meta name=\"twitter:card\" content=\"summary_large_image\" \/>\n<meta name=\"twitter:label1\" content=\"Gesch\u00e4tzte Lesezeit\" \/>\n\t<meta name=\"twitter:data1\" content=\"2\u00a0Minuten\" \/>\n<script type=\"application\/ld+json\" class=\"yoast-schema-graph\">{\"@context\":\"https:\\\/\\\/schema.org\",\"@graph\":[{\"@type\":\"WebPage\",\"@id\":\"https:\\\/\\\/ganesha-shop-fuerth.de\\\/onlineshop\\\/shop\\\/raeucherstaebchen-aus-indien\\\/ayurvedic\\\/ayurvedic-masala-agarwood-raeucherstaebchen\\\/\",\"url\":\"https:\\\/\\\/ganesha-shop-fuerth.de\\\/onlineshop\\\/shop\\\/raeucherstaebchen-aus-indien\\\/ayurvedic\\\/ayurvedic-masala-agarwood-raeucherstaebchen\\\/\",\"name\":\"Ayurvedic Masala Agarwood R\u00e4ucherst\u00e4bchen im Ganesha Online Shop\",\"isPartOf\":{\"@id\":\"https:\\\/\\\/ganesha-shop-fuerth.de\\\/onlineshop\\\/#website\"},\"primaryImageOfPage\":{\"@id\":\"https:\\\/\\\/ganesha-shop-fuerth.de\\\/onlineshop\\\/shop\\\/raeucherstaebchen-aus-indien\\\/ayurvedic\\\/ayurvedic-masala-agarwood-raeucherstaebchen\\\/#primaryimage\"},\"image\":{\"@id\":\"https:\\\/\\\/ganesha-shop-fuerth.de\\\/onlineshop\\\/shop\\\/raeucherstaebchen-aus-indien\\\/ayurvedic\\\/ayurvedic-masala-agarwood-raeucherstaebchen\\\/#primaryimage\"},\"thumbnailUrl\":\"https:\\\/\\\/ganesha-shop-fuerth.de\\\/onlineshop\\\/wp-content\\\/uploads\\\/R\u00e4ucherst\u00e4bchen\\\/Ayurvedic\\\/gso-rst-ayurvedic-agarwood-0001-magnify.jpg\",\"datePublished\":\"2020-12-11T16:29:46+00:00\",\"dateModified\":\"2026-02-20T10:21:34+00:00\",\"description\":\"Ayurvedic Masala Agarwood R\u00e4ucherst\u00e4bchen im Ganesha Online Shop kaufen. Weitere R\u00e4ucherst\u00e4bchen von Ayurvedic im Shop verf\u00fcgbar.\",\"breadcrumb\":{\"@id\":\"https:\\\/\\\/ganesha-shop-fuerth.de\\\/onlineshop\\\/shop\\\/raeucherstaebchen-aus-indien\\\/ayurvedic\\\/ayurvedic-masala-agarwood-raeucherstaebchen\\\/#breadcrumb\"},\"inLanguage\":\"de\",\"potentialAction\":[{\"@type\":\"ReadAction\",\"target\":[\"https:\\\/\\\/ganesha-shop-fuerth.de\\\/onlineshop\\\/shop\\\/raeucherstaebchen-aus-indien\\\/ayurvedic\\\/ayurvedic-masala-agarwood-raeucherstaebchen\\\/\"]}]},{\"@type\":\"ImageObject\",\"inLanguage\":\"de\",\"@id\":\"https:\\\/\\\/ganesha-shop-fuerth.de\\\/onlineshop\\\/shop\\\/raeucherstaebchen-aus-indien\\\/ayurvedic\\\/ayurvedic-masala-agarwood-raeucherstaebchen\\\/#primaryimage\",\"url\":\"https:\\\/\\\/ganesha-shop-fuerth.de\\\/onlineshop\\\/wp-content\\\/uploads\\\/R\u00e4ucherst\u00e4bchen\\\/Ayurvedic\\\/gso-rst-ayurvedic-agarwood-0001-magnify.jpg\",\"contentUrl\":\"https:\\\/\\\/ganesha-shop-fuerth.de\\\/onlineshop\\\/wp-content\\\/uploads\\\/R\u00e4ucherst\u00e4bchen\\\/Ayurvedic\\\/gso-rst-ayurvedic-agarwood-0001-magnify.jpg\",\"width\":900,\"height\":1300,\"caption\":\"Ayurvedic Masala Agarwood R\u00e4ucherst\u00e4bchen\"},{\"@type\":\"BreadcrumbList\",\"@id\":\"https:\\\/\\\/ganesha-shop-fuerth.de\\\/onlineshop\\\/shop\\\/raeucherstaebchen-aus-indien\\\/ayurvedic\\\/ayurvedic-masala-agarwood-raeucherstaebchen\\\/#breadcrumb\",\"itemListElement\":[{\"@type\":\"ListItem\",\"position\":1,\"name\":\"Startseite\",\"item\":\"https:\\\/\\\/ganesha-shop-fuerth.de\\\/onlineshop\\\/\"},{\"@type\":\"ListItem\",\"position\":2,\"name\":\"Ganesha Online Shop\",\"item\":\"https:\\\/\\\/ganesha-shop-fuerth.de\\\/onlineshop\\\/shop\\\/\"},{\"@type\":\"ListItem\",\"position\":3,\"name\":\"Ayurvedic Masala Agarwood R\u00e4ucherst\u00e4bchen\"}]},{\"@type\":\"WebSite\",\"@id\":\"https:\\\/\\\/ganesha-shop-fuerth.de\\\/onlineshop\\\/#website\",\"url\":\"https:\\\/\\\/ganesha-shop-fuerth.de\\\/onlineshop\\\/\",\"name\":\"Ganesha Online Shop\",\"description\":\"Schmuck Kleidung Accessoires aus Asien\",\"publisher\":{\"@id\":\"https:\\\/\\\/ganesha-shop-fuerth.de\\\/onlineshop\\\/#organization\"},\"potentialAction\":[{\"@type\":\"SearchAction\",\"target\":{\"@type\":\"EntryPoint\",\"urlTemplate\":\"https:\\\/\\\/ganesha-shop-fuerth.de\\\/onlineshop\\\/?s={search_term_string}\"},\"query-input\":{\"@type\":\"PropertyValueSpecification\",\"valueRequired\":true,\"valueName\":\"search_term_string\"}}],\"inLanguage\":\"de\"},{\"@type\":\"Organization\",\"@id\":\"https:\\\/\\\/ganesha-shop-fuerth.de\\\/onlineshop\\\/#organization\",\"name\":\"Ganesha Shop F\u00fcrth\",\"url\":\"https:\\\/\\\/ganesha-shop-fuerth.de\\\/onlineshop\\\/\",\"logo\":{\"@type\":\"ImageObject\",\"inLanguage\":\"de\",\"@id\":\"https:\\\/\\\/ganesha-shop-fuerth.de\\\/onlineshop\\\/#\\\/schema\\\/logo\\\/image\\\/\",\"url\":\"https:\\\/\\\/ganesha-shop-fuerth.de\\\/onlineshop\\\/wp-content\\\/uploads\\\/Logos\\\/ganesha-onlineshop-footer-logo-19-Jahre.png\",\"contentUrl\":\"https:\\\/\\\/ganesha-shop-fuerth.de\\\/onlineshop\\\/wp-content\\\/uploads\\\/Logos\\\/ganesha-onlineshop-footer-logo-19-Jahre.png\",\"width\":250,\"height\":299,\"caption\":\"Ganesha Shop F\u00fcrth\"},\"image\":{\"@id\":\"https:\\\/\\\/ganesha-shop-fuerth.de\\\/onlineshop\\\/#\\\/schema\\\/logo\\\/image\\\/\"},\"sameAs\":[\"https:\\\/\\\/de-de.facebook.com\\\/ganeshashopfuerth\\\/\",\"https:\\\/\\\/www.youtube.com\\\/channel\\\/UCECWtim6iWB8dozVcmw-GcA\"]}]}<\/script>\n<!-- \/ Yoast SEO plugin. -->","yoast_head_json":{"title":"Ayurvedic Masala Agarwood R\u00e4ucherst\u00e4bchen im Ganesha Online Shop","description":"Ayurvedic Masala Agarwood R\u00e4ucherst\u00e4bchen im Ganesha Online Shop kaufen. Weitere R\u00e4ucherst\u00e4bchen von Ayurvedic im Shop verf\u00fcgbar.","robots":{"index":"index","follow":"follow","max-snippet":"max-snippet:-1","max-image-preview":"max-image-preview:large","max-video-preview":"max-video-preview:-1"},"canonical":"https:\/\/ganesha-shop-fuerth.de\/onlineshop\/shop\/raeucherstaebchen-aus-indien\/ayurvedic\/ayurvedic-masala-agarwood-raeucherstaebchen\/","og_locale":"de_DE","og_type":"article","og_title":"Ayurvedic Masala Agarwood R\u00e4ucherst\u00e4bchen im Ganesha Online Shop","og_description":"Ayurvedic Masala Agarwood R\u00e4ucherst\u00e4bchen im Ganesha Online Shop kaufen. Weitere R\u00e4ucherst\u00e4bchen von Ayurvedic im Shop verf\u00fcgbar.","og_url":"https:\/\/ganesha-shop-fuerth.de\/onlineshop\/shop\/raeucherstaebchen-aus-indien\/ayurvedic\/ayurvedic-masala-agarwood-raeucherstaebchen\/","og_site_name":"Ganesha Online Shop","article_publisher":"https:\/\/de-de.facebook.com\/ganeshashopfuerth\/","article_modified_time":"2026-02-20T10:21:34+00:00","og_image":[{"width":900,"height":1300,"url":"https:\/\/ganesha-shop-fuerth.de\/onlineshop\/wp-content\/uploads\/R\u00e4ucherst\u00e4bchen\/Ayurvedic\/gso-rst-ayurvedic-agarwood-0001-magnify.jpg","type":"image\/jpeg"}],"twitter_card":"summary_large_image","twitter_misc":{"Gesch\u00e4tzte Lesezeit":"2\u00a0Minuten"},"schema":{"@context":"https:\/\/schema.org","@graph":[{"@type":"WebPage","@id":"https:\/\/ganesha-shop-fuerth.de\/onlineshop\/shop\/raeucherstaebchen-aus-indien\/ayurvedic\/ayurvedic-masala-agarwood-raeucherstaebchen\/","url":"https:\/\/ganesha-shop-fuerth.de\/onlineshop\/shop\/raeucherstaebchen-aus-indien\/ayurvedic\/ayurvedic-masala-agarwood-raeucherstaebchen\/","name":"Ayurvedic Masala Agarwood R\u00e4ucherst\u00e4bchen im Ganesha Online Shop","isPartOf":{"@id":"https:\/\/ganesha-shop-fuerth.de\/onlineshop\/#website"},"primaryImageOfPage":{"@id":"https:\/\/ganesha-shop-fuerth.de\/onlineshop\/shop\/raeucherstaebchen-aus-indien\/ayurvedic\/ayurvedic-masala-agarwood-raeucherstaebchen\/#primaryimage"},"image":{"@id":"https:\/\/ganesha-shop-fuerth.de\/onlineshop\/shop\/raeucherstaebchen-aus-indien\/ayurvedic\/ayurvedic-masala-agarwood-raeucherstaebchen\/#primaryimage"},"thumbnailUrl":"https:\/\/ganesha-shop-fuerth.de\/onlineshop\/wp-content\/uploads\/R\u00e4ucherst\u00e4bchen\/Ayurvedic\/gso-rst-ayurvedic-agarwood-0001-magnify.jpg","datePublished":"2020-12-11T16:29:46+00:00","dateModified":"2026-02-20T10:21:34+00:00","description":"Ayurvedic Masala Agarwood R\u00e4ucherst\u00e4bchen im Ganesha Online Shop kaufen. Weitere R\u00e4ucherst\u00e4bchen von Ayurvedic im Shop verf\u00fcgbar.","breadcrumb":{"@id":"https:\/\/ganesha-shop-fuerth.de\/onlineshop\/shop\/raeucherstaebchen-aus-indien\/ayurvedic\/ayurvedic-masala-agarwood-raeucherstaebchen\/#breadcrumb"},"inLanguage":"de","potentialAction":[{"@type":"ReadAction","target":["https:\/\/ganesha-shop-fuerth.de\/onlineshop\/shop\/raeucherstaebchen-aus-indien\/ayurvedic\/ayurvedic-masala-agarwood-raeucherstaebchen\/"]}]},{"@type":"ImageObject","inLanguage":"de","@id":"https:\/\/ganesha-shop-fuerth.de\/onlineshop\/shop\/raeucherstaebchen-aus-indien\/ayurvedic\/ayurvedic-masala-agarwood-raeucherstaebchen\/#primaryimage","url":"https:\/\/ganesha-shop-fuerth.de\/onlineshop\/wp-content\/uploads\/R\u00e4ucherst\u00e4bchen\/Ayurvedic\/gso-rst-ayurvedic-agarwood-0001-magnify.jpg","contentUrl":"https:\/\/ganesha-shop-fuerth.de\/onlineshop\/wp-content\/uploads\/R\u00e4ucherst\u00e4bchen\/Ayurvedic\/gso-rst-ayurvedic-agarwood-0001-magnify.jpg","width":900,"height":1300,"caption":"Ayurvedic Masala Agarwood R\u00e4ucherst\u00e4bchen"},{"@type":"BreadcrumbList","@id":"https:\/\/ganesha-shop-fuerth.de\/onlineshop\/shop\/raeucherstaebchen-aus-indien\/ayurvedic\/ayurvedic-masala-agarwood-raeucherstaebchen\/#breadcrumb","itemListElement":[{"@type":"ListItem","position":1,"name":"Startseite","item":"https:\/\/ganesha-shop-fuerth.de\/onlineshop\/"},{"@type":"ListItem","position":2,"name":"Ganesha Online Shop","item":"https:\/\/ganesha-shop-fuerth.de\/onlineshop\/shop\/"},{"@type":"ListItem","position":3,"name":"Ayurvedic Masala Agarwood R\u00e4ucherst\u00e4bchen"}]},{"@type":"WebSite","@id":"https:\/\/ganesha-shop-fuerth.de\/onlineshop\/#website","url":"https:\/\/ganesha-shop-fuerth.de\/onlineshop\/","name":"Ganesha Online Shop","description":"Schmuck Kleidung Accessoires aus Asien","publisher":{"@id":"https:\/\/ganesha-shop-fuerth.de\/onlineshop\/#organization"},"potentialAction":[{"@type":"SearchAction","target":{"@type":"EntryPoint","urlTemplate":"https:\/\/ganesha-shop-fuerth.de\/onlineshop\/?s={search_term_string}"},"query-input":{"@type":"PropertyValueSpecification","valueRequired":true,"valueName":"search_term_string"}}],"inLanguage":"de"},{"@type":"Organization","@id":"https:\/\/ganesha-shop-fuerth.de\/onlineshop\/#organization","name":"Ganesha Shop F\u00fcrth","url":"https:\/\/ganesha-shop-fuerth.de\/onlineshop\/","logo":{"@type":"ImageObject","inLanguage":"de","@id":"https:\/\/ganesha-shop-fuerth.de\/onlineshop\/#\/schema\/logo\/image\/","url":"https:\/\/ganesha-shop-fuerth.de\/onlineshop\/wp-content\/uploads\/Logos\/ganesha-onlineshop-footer-logo-19-Jahre.png","contentUrl":"https:\/\/ganesha-shop-fuerth.de\/onlineshop\/wp-content\/uploads\/Logos\/ganesha-onlineshop-footer-logo-19-Jahre.png","width":250,"height":299,"caption":"Ganesha Shop F\u00fcrth"},"image":{"@id":"https:\/\/ganesha-shop-fuerth.de\/onlineshop\/#\/schema\/logo\/image\/"},"sameAs":["https:\/\/de-de.facebook.com\/ganeshashopfuerth\/","https:\/\/www.youtube.com\/channel\/UCECWtim6iWB8dozVcmw-GcA"]}]}},"_links":{"self":[{"href":"https:\/\/ganesha-shop-fuerth.de\/onlineshop\/wp-json\/wp\/v2\/product\/3850","targetHints":{"allow":["GET"]}}],"collection":[{"href":"https:\/\/ganesha-shop-fuerth.de\/onlineshop\/wp-json\/wp\/v2\/product"}],"about":[{"href":"https:\/\/ganesha-shop-fuerth.de\/onlineshop\/wp-json\/wp\/v2\/types\/product"}],"replies":[{"embeddable":true,"href":"https:\/\/ganesha-shop-fuerth.de\/onlineshop\/wp-json\/wp\/v2\/comments?post=3850"}],"wp:featuredmedia":[{"embeddable":true,"href":"https:\/\/ganesha-shop-fuerth.de\/onlineshop\/wp-json\/wp\/v2\/media\/3835"}],"wp:attachment":[{"href":"https:\/\/ganesha-shop-fuerth.de\/onlineshop\/wp-json\/wp\/v2\/media?parent=3850"}],"wp:term":[{"taxonomy":"product_brand","embeddable":true,"href":"https:\/\/ganesha-shop-fuerth.de\/onlineshop\/wp-json\/wp\/v2\/product_brand?post=3850"},{"taxonomy":"product_cat","embeddable":true,"href":"https:\/\/ganesha-shop-fuerth.de\/onlineshop\/wp-json\/wp\/v2\/product_cat?post=3850"},{"taxonomy":"product_tag","embeddable":true,"href":"https:\/\/ganesha-shop-fuerth.de\/onlineshop\/wp-json\/wp\/v2\/product_tag?post=3850"}],"curies":[{"name":"wp","href":"https:\/\/api.w.org\/{rel}","templated":true}]}}