{"id":3989,"date":"2023-06-02T12:31:16","date_gmt":"2023-06-02T10:31:16","guid":{"rendered":"https:\/\/ganesha-shop-fuerth.de\/onlineshop\/?post_type=product&#038;p=3989"},"modified":"2025-09-22T15:42:37","modified_gmt":"2025-09-22T13:42:37","slug":"neha-henna-paste-fuer-koerper-tattoos","status":"publish","type":"product","link":"https:\/\/ganesha-shop-fuerth.de\/onlineshop\/shop\/henna-paste-koerper-tattoos\/neha-henna-paste-fuer-koerper-tattoos\/","title":{"rendered":"Neha Henna Paste f\u00fcr K\u00f6rper Tattoos"},"content":{"rendered":"<p>Liebe Kunden,<br \/>\n<span style=\"font-size: 14pt;\">zur Zeit ist leider keinerlei Henna Paste verf\u00fcgbar. Weder im Laden noch im Online Shop.<\/span><\/p>\n<p>Neha Henna Paste f\u00fcr K\u00f6rper Tattoos aus Indien. Im Indischen bezeichnet man diese Kunst der K\u00f6rperbemalung auch als <a href=\"https:\/\/de.wikipedia.org\/wiki\/Mehndi\" target=\"_blank\" rel=\"noopener\">Mehndi oder Mehendi<\/a>. Diese Kunst gibt es seit dem Altertum und dient kosmetischen und rituellen Zwecken. Die Henna Paste des Herstellers Neha ist eine rot-braune Henna Paste und ein Direkt Import von uns vom Hersteller vor Ort in Indien.<br \/>\nZutaten laut Hersteller: Wasser, <a href=\"https:\/\/de.wikipedia.org\/wiki\/Hennastrauch\" target=\"_blank\" rel=\"noopener\">Henna<\/a>, <a href=\"https:\/\/de.wikipedia.org\/wiki\/Benzylalkohol\" target=\"_blank\" rel=\"noopener\">Benzyl Alkohol<\/a>, <a href=\"https:\/\/de.wikipedia.org\/wiki\/Terpineole\" target=\"_blank\" rel=\"noopener\">Terpineol<\/a>, <a href=\"https:\/\/de.wikipedia.org\/wiki\/Polysaccharide\" target=\"_blank\" rel=\"noopener\">Polysaccharide<\/a> und Eukalyptus \u00d6l. Bitte testen Sie vorsichtig vor dem gro\u00dffl\u00e4chigen Aufmalen eines Henna Tattoos die Hautvertr\u00e4glichkeit an einer gesunden Hautstelle.<br \/>\nGewicht einer Tube: 25 g; L\u00e4nge der Henna Tube: ca. 14,0 cm;<br \/>\nDie Henna Tuben haben an der unteren Spitze ein \u00d6ffnung, die mit einer Nadel, die nach innen f\u00fchrt (gr\u00fcner Nadelkopf), verschlossen sind. Nach Gebrauch, k\u00f6nnen Sie die Tube mit dieser Nadel wieder verschliessen. Die Neha Henna Paste ist die gr\u00fcne Tube rechts auf den obigen Produktfoto. Angaben zur roten Kaveri Tube finden Sie <a href=\"https:\/\/ganesha-shop-fuerth.de\/onlineshop\/shop\/neue-artikel-im-ganesha-online-shop\/kaveri-henna-paste-fuer-koerper-tattoos\/\">hier<\/a>. Bitte w\u00e4hlen Sie die gew\u00fcnschte Henna Pasten Anzahl im obigen Drop down Men\u00fc aus.<\/p>\n<figure id=\"attachment_3987\" aria-describedby=\"caption-attachment-3987\" style=\"width: 340px\" class=\"wp-caption alignnone\"><a href=\"https:\/\/ganesha-shop-fuerth.de\/onlineshop\/wp-content\/uploads\/Henna\/11063329_1034117399951378_706053426_n.jpg\" target=\"_blank\" rel=\"noopener\"><img loading=\"lazy\" decoding=\"async\" class=\"wp-image-3987\" src=\"https:\/\/ganesha-shop-fuerth.de\/onlineshop\/wp-content\/uploads\/Henna\/11063329_1034117399951378_706053426_n-225x300.jpg\" alt=\"Henna Tattoo Beispiel\" width=\"340\" height=\"453\" srcset=\"https:\/\/ganesha-shop-fuerth.de\/onlineshop\/wp-content\/uploads\/Henna\/11063329_1034117399951378_706053426_n-225x300.jpg 225w, https:\/\/ganesha-shop-fuerth.de\/onlineshop\/wp-content\/uploads\/Henna\/11063329_1034117399951378_706053426_n-324x432.jpg 324w, https:\/\/ganesha-shop-fuerth.de\/onlineshop\/wp-content\/uploads\/Henna\/11063329_1034117399951378_706053426_n-416x555.jpg 416w, https:\/\/ganesha-shop-fuerth.de\/onlineshop\/wp-content\/uploads\/Henna\/11063329_1034117399951378_706053426_n.jpg 720w\" sizes=\"auto, (max-width: 340px) 100vw, 340px\" \/><\/a><figcaption id=\"caption-attachment-3987\" class=\"wp-caption-text\">Rot-braunes Henna Tattoo im getrockneten Zustand<\/figcaption><\/figure>\n<p>Hier ein Henna Tattoo Zeitraffer Video (ohne Ton), der Henna K\u00fcnstlerin &#8222;Suryasol&#8220;.<br \/>\n<video preload=\"\" loop=\"loop\" controls=\"controls\" width=\"100%\" height=\"auto\"><source src=\"https:\/\/ganesha-shop-fuerth.de\/onlineshop\/wp-content\/video\/Henna-Tattoo-by-Suryasol.mp4\" type=\"video\/mp4\" \/><\/video><\/p>\n","protected":false},"excerpt":{"rendered":"<p>Neha Henna Paste aus Indien<\/p>\n","protected":false},"featured_media":4627,"comment_status":"open","ping_status":"closed","template":"","meta":[],"product_brand":[],"product_cat":[253,264],"product_tag":[],"class_list":{"0":"post-3989","1":"product","2":"type-product","3":"status-publish","4":"has-post-thumbnail","6":"product_cat-henna-paste-koerper-tattoos","7":"product_cat-kosmetikartikel-aus-indien","9":"first","10":"outofstock","11":"featured","12":"taxable","13":"shipping-taxable","14":"purchasable","15":"product-type-variable"},"yoast_head":"<!-- This site is optimized with the Yoast SEO plugin v27.4 - https:\/\/yoast.com\/product\/yoast-seo-wordpress\/ -->\n<title>Neha Henna Paste f\u00fcr K\u00f6rper Tattoos - Ganesha Online Shop<\/title>\n<meta name=\"description\" content=\"Neha Henna Paste aus Indien im Ganesha Online Shop kaufen. Rot-braune Hand-und K\u00f6rpertattos. Weitere Henna Pasten im Shop verf\u00fcgbar.\" \/>\n<meta name=\"robots\" content=\"index, follow, max-snippet:-1, max-image-preview:large, max-video-preview:-1\" \/>\n<link rel=\"canonical\" href=\"https:\/\/ganesha-shop-fuerth.de\/onlineshop\/shop\/henna-paste-koerper-tattoos\/neha-henna-paste-fuer-koerper-tattoos\/\" \/>\n<meta property=\"og:locale\" content=\"de_DE\" \/>\n<meta property=\"og:type\" content=\"article\" \/>\n<meta property=\"og:title\" content=\"Neha Henna Paste f\u00fcr K\u00f6rper Tattoos - Ganesha Online Shop\" \/>\n<meta property=\"og:description\" content=\"Neha Henna Paste aus Indien im Ganesha Online Shop kaufen. Rot-braune Hand-und K\u00f6rpertattos. Weitere Henna Pasten im Shop verf\u00fcgbar.\" \/>\n<meta property=\"og:url\" content=\"https:\/\/ganesha-shop-fuerth.de\/onlineshop\/shop\/henna-paste-koerper-tattoos\/neha-henna-paste-fuer-koerper-tattoos\/\" \/>\n<meta property=\"og:site_name\" content=\"Ganesha Online Shop\" \/>\n<meta property=\"article:publisher\" content=\"https:\/\/de-de.facebook.com\/ganeshashopfuerth\/\" \/>\n<meta property=\"article:modified_time\" content=\"2025-09-22T13:42:37+00:00\" \/>\n<meta property=\"og:image\" content=\"https:\/\/ganesha-shop-fuerth.de\/onlineshop\/wp-content\/uploads\/Henna\/gso-henna-indien-0002a-magnify.jpg\" \/>\n\t<meta property=\"og:image:width\" content=\"900\" \/>\n\t<meta property=\"og:image:height\" content=\"1045\" \/>\n\t<meta property=\"og:image:type\" content=\"image\/jpeg\" \/>\n<meta name=\"twitter:card\" content=\"summary_large_image\" \/>\n<meta name=\"twitter:label1\" content=\"Gesch\u00e4tzte Lesezeit\" \/>\n\t<meta name=\"twitter:data1\" content=\"2\u00a0Minuten\" \/>\n<script type=\"application\/ld+json\" class=\"yoast-schema-graph\">{\"@context\":\"https:\\\/\\\/schema.org\",\"@graph\":[{\"@type\":\"WebPage\",\"@id\":\"https:\\\/\\\/ganesha-shop-fuerth.de\\\/onlineshop\\\/shop\\\/henna-paste-koerper-tattoos\\\/neha-henna-paste-fuer-koerper-tattoos\\\/\",\"url\":\"https:\\\/\\\/ganesha-shop-fuerth.de\\\/onlineshop\\\/shop\\\/henna-paste-koerper-tattoos\\\/neha-henna-paste-fuer-koerper-tattoos\\\/\",\"name\":\"Neha Henna Paste f\u00fcr K\u00f6rper Tattoos - Ganesha Online Shop\",\"isPartOf\":{\"@id\":\"https:\\\/\\\/ganesha-shop-fuerth.de\\\/onlineshop\\\/#website\"},\"primaryImageOfPage\":{\"@id\":\"https:\\\/\\\/ganesha-shop-fuerth.de\\\/onlineshop\\\/shop\\\/henna-paste-koerper-tattoos\\\/neha-henna-paste-fuer-koerper-tattoos\\\/#primaryimage\"},\"image\":{\"@id\":\"https:\\\/\\\/ganesha-shop-fuerth.de\\\/onlineshop\\\/shop\\\/henna-paste-koerper-tattoos\\\/neha-henna-paste-fuer-koerper-tattoos\\\/#primaryimage\"},\"thumbnailUrl\":\"https:\\\/\\\/ganesha-shop-fuerth.de\\\/onlineshop\\\/wp-content\\\/uploads\\\/Henna\\\/gso-henna-indien-0002a-magnify.jpg\",\"datePublished\":\"2023-06-02T10:31:16+00:00\",\"dateModified\":\"2025-09-22T13:42:37+00:00\",\"description\":\"Neha Henna Paste aus Indien im Ganesha Online Shop kaufen. Rot-braune Hand-und K\u00f6rpertattos. Weitere Henna Pasten im Shop verf\u00fcgbar.\",\"breadcrumb\":{\"@id\":\"https:\\\/\\\/ganesha-shop-fuerth.de\\\/onlineshop\\\/shop\\\/henna-paste-koerper-tattoos\\\/neha-henna-paste-fuer-koerper-tattoos\\\/#breadcrumb\"},\"inLanguage\":\"de\",\"potentialAction\":[{\"@type\":\"ReadAction\",\"target\":[\"https:\\\/\\\/ganesha-shop-fuerth.de\\\/onlineshop\\\/shop\\\/henna-paste-koerper-tattoos\\\/neha-henna-paste-fuer-koerper-tattoos\\\/\"]}]},{\"@type\":\"ImageObject\",\"inLanguage\":\"de\",\"@id\":\"https:\\\/\\\/ganesha-shop-fuerth.de\\\/onlineshop\\\/shop\\\/henna-paste-koerper-tattoos\\\/neha-henna-paste-fuer-koerper-tattoos\\\/#primaryimage\",\"url\":\"https:\\\/\\\/ganesha-shop-fuerth.de\\\/onlineshop\\\/wp-content\\\/uploads\\\/Henna\\\/gso-henna-indien-0002a-magnify.jpg\",\"contentUrl\":\"https:\\\/\\\/ganesha-shop-fuerth.de\\\/onlineshop\\\/wp-content\\\/uploads\\\/Henna\\\/gso-henna-indien-0002a-magnify.jpg\",\"width\":900,\"height\":1045,\"caption\":\"Neha Henna Paste aus Indien\"},{\"@type\":\"BreadcrumbList\",\"@id\":\"https:\\\/\\\/ganesha-shop-fuerth.de\\\/onlineshop\\\/shop\\\/henna-paste-koerper-tattoos\\\/neha-henna-paste-fuer-koerper-tattoos\\\/#breadcrumb\",\"itemListElement\":[{\"@type\":\"ListItem\",\"position\":1,\"name\":\"Startseite\",\"item\":\"https:\\\/\\\/ganesha-shop-fuerth.de\\\/onlineshop\\\/\"},{\"@type\":\"ListItem\",\"position\":2,\"name\":\"Ganesha Online Shop\",\"item\":\"https:\\\/\\\/ganesha-shop-fuerth.de\\\/onlineshop\\\/shop\\\/\"},{\"@type\":\"ListItem\",\"position\":3,\"name\":\"Neha Henna Paste f\u00fcr K\u00f6rper Tattoos\"}]},{\"@type\":\"WebSite\",\"@id\":\"https:\\\/\\\/ganesha-shop-fuerth.de\\\/onlineshop\\\/#website\",\"url\":\"https:\\\/\\\/ganesha-shop-fuerth.de\\\/onlineshop\\\/\",\"name\":\"Ganesha Online Shop\",\"description\":\"Schmuck Kleidung Accessoires aus Asien\",\"publisher\":{\"@id\":\"https:\\\/\\\/ganesha-shop-fuerth.de\\\/onlineshop\\\/#organization\"},\"potentialAction\":[{\"@type\":\"SearchAction\",\"target\":{\"@type\":\"EntryPoint\",\"urlTemplate\":\"https:\\\/\\\/ganesha-shop-fuerth.de\\\/onlineshop\\\/?s={search_term_string}\"},\"query-input\":{\"@type\":\"PropertyValueSpecification\",\"valueRequired\":true,\"valueName\":\"search_term_string\"}}],\"inLanguage\":\"de\"},{\"@type\":\"Organization\",\"@id\":\"https:\\\/\\\/ganesha-shop-fuerth.de\\\/onlineshop\\\/#organization\",\"name\":\"Ganesha Shop F\u00fcrth\",\"url\":\"https:\\\/\\\/ganesha-shop-fuerth.de\\\/onlineshop\\\/\",\"logo\":{\"@type\":\"ImageObject\",\"inLanguage\":\"de\",\"@id\":\"https:\\\/\\\/ganesha-shop-fuerth.de\\\/onlineshop\\\/#\\\/schema\\\/logo\\\/image\\\/\",\"url\":\"https:\\\/\\\/ganesha-shop-fuerth.de\\\/onlineshop\\\/wp-content\\\/uploads\\\/Logos\\\/ganesha-onlineshop-footer-logo-19-Jahre.png\",\"contentUrl\":\"https:\\\/\\\/ganesha-shop-fuerth.de\\\/onlineshop\\\/wp-content\\\/uploads\\\/Logos\\\/ganesha-onlineshop-footer-logo-19-Jahre.png\",\"width\":250,\"height\":299,\"caption\":\"Ganesha Shop F\u00fcrth\"},\"image\":{\"@id\":\"https:\\\/\\\/ganesha-shop-fuerth.de\\\/onlineshop\\\/#\\\/schema\\\/logo\\\/image\\\/\"},\"sameAs\":[\"https:\\\/\\\/de-de.facebook.com\\\/ganeshashopfuerth\\\/\",\"https:\\\/\\\/www.youtube.com\\\/channel\\\/UCECWtim6iWB8dozVcmw-GcA\"]}]}<\/script>\n<!-- \/ Yoast SEO plugin. -->","yoast_head_json":{"title":"Neha Henna Paste f\u00fcr K\u00f6rper Tattoos - Ganesha Online Shop","description":"Neha Henna Paste aus Indien im Ganesha Online Shop kaufen. Rot-braune Hand-und K\u00f6rpertattos. Weitere Henna Pasten im Shop verf\u00fcgbar.","robots":{"index":"index","follow":"follow","max-snippet":"max-snippet:-1","max-image-preview":"max-image-preview:large","max-video-preview":"max-video-preview:-1"},"canonical":"https:\/\/ganesha-shop-fuerth.de\/onlineshop\/shop\/henna-paste-koerper-tattoos\/neha-henna-paste-fuer-koerper-tattoos\/","og_locale":"de_DE","og_type":"article","og_title":"Neha Henna Paste f\u00fcr K\u00f6rper Tattoos - Ganesha Online Shop","og_description":"Neha Henna Paste aus Indien im Ganesha Online Shop kaufen. Rot-braune Hand-und K\u00f6rpertattos. Weitere Henna Pasten im Shop verf\u00fcgbar.","og_url":"https:\/\/ganesha-shop-fuerth.de\/onlineshop\/shop\/henna-paste-koerper-tattoos\/neha-henna-paste-fuer-koerper-tattoos\/","og_site_name":"Ganesha Online Shop","article_publisher":"https:\/\/de-de.facebook.com\/ganeshashopfuerth\/","article_modified_time":"2025-09-22T13:42:37+00:00","og_image":[{"width":900,"height":1045,"url":"https:\/\/ganesha-shop-fuerth.de\/onlineshop\/wp-content\/uploads\/Henna\/gso-henna-indien-0002a-magnify.jpg","type":"image\/jpeg"}],"twitter_card":"summary_large_image","twitter_misc":{"Gesch\u00e4tzte Lesezeit":"2\u00a0Minuten"},"schema":{"@context":"https:\/\/schema.org","@graph":[{"@type":"WebPage","@id":"https:\/\/ganesha-shop-fuerth.de\/onlineshop\/shop\/henna-paste-koerper-tattoos\/neha-henna-paste-fuer-koerper-tattoos\/","url":"https:\/\/ganesha-shop-fuerth.de\/onlineshop\/shop\/henna-paste-koerper-tattoos\/neha-henna-paste-fuer-koerper-tattoos\/","name":"Neha Henna Paste f\u00fcr K\u00f6rper Tattoos - Ganesha Online Shop","isPartOf":{"@id":"https:\/\/ganesha-shop-fuerth.de\/onlineshop\/#website"},"primaryImageOfPage":{"@id":"https:\/\/ganesha-shop-fuerth.de\/onlineshop\/shop\/henna-paste-koerper-tattoos\/neha-henna-paste-fuer-koerper-tattoos\/#primaryimage"},"image":{"@id":"https:\/\/ganesha-shop-fuerth.de\/onlineshop\/shop\/henna-paste-koerper-tattoos\/neha-henna-paste-fuer-koerper-tattoos\/#primaryimage"},"thumbnailUrl":"https:\/\/ganesha-shop-fuerth.de\/onlineshop\/wp-content\/uploads\/Henna\/gso-henna-indien-0002a-magnify.jpg","datePublished":"2023-06-02T10:31:16+00:00","dateModified":"2025-09-22T13:42:37+00:00","description":"Neha Henna Paste aus Indien im Ganesha Online Shop kaufen. Rot-braune Hand-und K\u00f6rpertattos. Weitere Henna Pasten im Shop verf\u00fcgbar.","breadcrumb":{"@id":"https:\/\/ganesha-shop-fuerth.de\/onlineshop\/shop\/henna-paste-koerper-tattoos\/neha-henna-paste-fuer-koerper-tattoos\/#breadcrumb"},"inLanguage":"de","potentialAction":[{"@type":"ReadAction","target":["https:\/\/ganesha-shop-fuerth.de\/onlineshop\/shop\/henna-paste-koerper-tattoos\/neha-henna-paste-fuer-koerper-tattoos\/"]}]},{"@type":"ImageObject","inLanguage":"de","@id":"https:\/\/ganesha-shop-fuerth.de\/onlineshop\/shop\/henna-paste-koerper-tattoos\/neha-henna-paste-fuer-koerper-tattoos\/#primaryimage","url":"https:\/\/ganesha-shop-fuerth.de\/onlineshop\/wp-content\/uploads\/Henna\/gso-henna-indien-0002a-magnify.jpg","contentUrl":"https:\/\/ganesha-shop-fuerth.de\/onlineshop\/wp-content\/uploads\/Henna\/gso-henna-indien-0002a-magnify.jpg","width":900,"height":1045,"caption":"Neha Henna Paste aus Indien"},{"@type":"BreadcrumbList","@id":"https:\/\/ganesha-shop-fuerth.de\/onlineshop\/shop\/henna-paste-koerper-tattoos\/neha-henna-paste-fuer-koerper-tattoos\/#breadcrumb","itemListElement":[{"@type":"ListItem","position":1,"name":"Startseite","item":"https:\/\/ganesha-shop-fuerth.de\/onlineshop\/"},{"@type":"ListItem","position":2,"name":"Ganesha Online Shop","item":"https:\/\/ganesha-shop-fuerth.de\/onlineshop\/shop\/"},{"@type":"ListItem","position":3,"name":"Neha Henna Paste f\u00fcr K\u00f6rper Tattoos"}]},{"@type":"WebSite","@id":"https:\/\/ganesha-shop-fuerth.de\/onlineshop\/#website","url":"https:\/\/ganesha-shop-fuerth.de\/onlineshop\/","name":"Ganesha Online Shop","description":"Schmuck Kleidung Accessoires aus Asien","publisher":{"@id":"https:\/\/ganesha-shop-fuerth.de\/onlineshop\/#organization"},"potentialAction":[{"@type":"SearchAction","target":{"@type":"EntryPoint","urlTemplate":"https:\/\/ganesha-shop-fuerth.de\/onlineshop\/?s={search_term_string}"},"query-input":{"@type":"PropertyValueSpecification","valueRequired":true,"valueName":"search_term_string"}}],"inLanguage":"de"},{"@type":"Organization","@id":"https:\/\/ganesha-shop-fuerth.de\/onlineshop\/#organization","name":"Ganesha Shop F\u00fcrth","url":"https:\/\/ganesha-shop-fuerth.de\/onlineshop\/","logo":{"@type":"ImageObject","inLanguage":"de","@id":"https:\/\/ganesha-shop-fuerth.de\/onlineshop\/#\/schema\/logo\/image\/","url":"https:\/\/ganesha-shop-fuerth.de\/onlineshop\/wp-content\/uploads\/Logos\/ganesha-onlineshop-footer-logo-19-Jahre.png","contentUrl":"https:\/\/ganesha-shop-fuerth.de\/onlineshop\/wp-content\/uploads\/Logos\/ganesha-onlineshop-footer-logo-19-Jahre.png","width":250,"height":299,"caption":"Ganesha Shop F\u00fcrth"},"image":{"@id":"https:\/\/ganesha-shop-fuerth.de\/onlineshop\/#\/schema\/logo\/image\/"},"sameAs":["https:\/\/de-de.facebook.com\/ganeshashopfuerth\/","https:\/\/www.youtube.com\/channel\/UCECWtim6iWB8dozVcmw-GcA"]}]}},"_links":{"self":[{"href":"https:\/\/ganesha-shop-fuerth.de\/onlineshop\/wp-json\/wp\/v2\/product\/3989","targetHints":{"allow":["GET"]}}],"collection":[{"href":"https:\/\/ganesha-shop-fuerth.de\/onlineshop\/wp-json\/wp\/v2\/product"}],"about":[{"href":"https:\/\/ganesha-shop-fuerth.de\/onlineshop\/wp-json\/wp\/v2\/types\/product"}],"replies":[{"embeddable":true,"href":"https:\/\/ganesha-shop-fuerth.de\/onlineshop\/wp-json\/wp\/v2\/comments?post=3989"}],"wp:featuredmedia":[{"embeddable":true,"href":"https:\/\/ganesha-shop-fuerth.de\/onlineshop\/wp-json\/wp\/v2\/media\/4627"}],"wp:attachment":[{"href":"https:\/\/ganesha-shop-fuerth.de\/onlineshop\/wp-json\/wp\/v2\/media?parent=3989"}],"wp:term":[{"taxonomy":"product_brand","embeddable":true,"href":"https:\/\/ganesha-shop-fuerth.de\/onlineshop\/wp-json\/wp\/v2\/product_brand?post=3989"},{"taxonomy":"product_cat","embeddable":true,"href":"https:\/\/ganesha-shop-fuerth.de\/onlineshop\/wp-json\/wp\/v2\/product_cat?post=3989"},{"taxonomy":"product_tag","embeddable":true,"href":"https:\/\/ganesha-shop-fuerth.de\/onlineshop\/wp-json\/wp\/v2\/product_tag?post=3989"}],"curies":[{"name":"wp","href":"https:\/\/api.w.org\/{rel}","templated":true}]}}