{"id":4020,"date":"2021-01-22T11:39:19","date_gmt":"2021-01-22T10:39:19","guid":{"rendered":"https:\/\/ganesha-shop-fuerth.de\/onlineshop\/?post_type=product&#038;p=4020"},"modified":"2026-01-29T00:41:43","modified_gmt":"2026-01-28T23:41:43","slug":"himaalaya-raeucherstaebchen","status":"publish","type":"product","link":"https:\/\/ganesha-shop-fuerth.de\/onlineshop\/shop\/raeucherstaebchen-aus-indien\/vijayshree-raeucherstaebchen\/himaalaya-raeucherstaebchen\/","title":{"rendered":"Himaalaya R\u00e4ucherst\u00e4bchen"},"content":{"rendered":"<p>Himaalaya R\u00e4ucherst\u00e4bchen von Vijayshree aus Indien. Packungsinhalt: 15,0 g entspricht in etwa ca. 13 &#8211; 15 R\u00e4ucherst\u00e4bchen. L\u00e4nge der R\u00e4ucherst\u00e4bchen: ca. 20 cm inkl. Holzstab. Die Himaalaya R\u00e4ucherst\u00e4bchen setzten sich aus erlesenen Kr\u00e4utern, feinen Gew\u00fcrzen und H\u00f6lzern aus dem Hochland des Himalayas sowie Honig und Safran aus Indien zusammen.\u00a0 Die Duftnote ist angenehm s\u00fc\u00dflich, und auch harzig, w\u00fcrzig. Bitte w\u00e4hlen Sie im obigen Dropdown Men\u00fc die gew\u00fcnschte Anzahl an R\u00e4ucherst\u00e4bchen aus.<\/p>\n<figure id=\"attachment_4001\" aria-describedby=\"caption-attachment-4001\" style=\"width: 400px\" class=\"wp-caption alignnone\"><a href=\"https:\/\/ganesha-shop-fuerth.de\/onlineshop\/wp-content\/uploads\/R\u00e4ucherst\u00e4bchen\/Vijayshree\/gso-rst-vijayshree-0003-magnify.jpg\" target=\"_blank\" rel=\"noopener\"><img loading=\"lazy\" decoding=\"async\" class=\"wp-image-4001\" src=\"https:\/\/ganesha-shop-fuerth.de\/onlineshop\/wp-content\/uploads\/R\u00e4ucherst\u00e4bchen\/Vijayshree\/gso-rst-vijayshree-0003-magnify-300x200.jpg\" alt=\"Himaalaya R\u00e4ucherst\u00e4bchen von Vijayshree im Ganesha Shop\" width=\"400\" height=\"267\" srcset=\"https:\/\/ganesha-shop-fuerth.de\/onlineshop\/wp-content\/uploads\/R\u00e4ucherst\u00e4bchen\/Vijayshree\/gso-rst-vijayshree-0003-magnify-300x200.jpg 300w, https:\/\/ganesha-shop-fuerth.de\/onlineshop\/wp-content\/uploads\/R\u00e4ucherst\u00e4bchen\/Vijayshree\/gso-rst-vijayshree-0003-magnify-1024x683.jpg 1024w, https:\/\/ganesha-shop-fuerth.de\/onlineshop\/wp-content\/uploads\/R\u00e4ucherst\u00e4bchen\/Vijayshree\/gso-rst-vijayshree-0003-magnify-768x512.jpg 768w, https:\/\/ganesha-shop-fuerth.de\/onlineshop\/wp-content\/uploads\/R\u00e4ucherst\u00e4bchen\/Vijayshree\/gso-rst-vijayshree-0003-magnify-324x216.jpg 324w, https:\/\/ganesha-shop-fuerth.de\/onlineshop\/wp-content\/uploads\/R\u00e4ucherst\u00e4bchen\/Vijayshree\/gso-rst-vijayshree-0003-magnify-416x277.jpg 416w, https:\/\/ganesha-shop-fuerth.de\/onlineshop\/wp-content\/uploads\/R\u00e4ucherst\u00e4bchen\/Vijayshree\/gso-rst-vijayshree-0003-magnify.jpg 1200w\" sizes=\"auto, (max-width: 400px) 100vw, 400px\" \/><\/a><figcaption id=\"caption-attachment-4001\" class=\"wp-caption-text\">Himaalaya R\u00e4ucherst\u00e4bchen von Vijayshree<\/figcaption><\/figure>\n","protected":false},"excerpt":{"rendered":"<p>Himaalaya\u00a0R\u00e4ucherst\u00e4bchen von Vijayshree<\/p>\n","protected":false},"featured_media":4001,"comment_status":"open","ping_status":"closed","template":"","meta":[],"product_brand":[],"product_cat":[195,254],"product_tag":[260],"class_list":{"0":"post-4020","1":"product","2":"type-product","3":"status-publish","4":"has-post-thumbnail","6":"product_cat-raeucherstaebchen-aus-indien","7":"product_cat-vijayshree-raeucherstaebchen","8":"product_tag-raeucherwerk-raeucherware","9":"pa_marke-vijayshree","11":"first","12":"instock","13":"taxable","14":"shipping-taxable","15":"purchasable","16":"product-type-variable"},"yoast_head":"<!-- This site is optimized with the Yoast SEO plugin v27.5 - https:\/\/yoast.com\/product\/yoast-seo-wordpress\/ -->\n<title>Himaalaya R\u00e4ucherst\u00e4bchen im Ganesha Online Shop<\/title>\n<meta name=\"description\" content=\"Himaalaya R\u00e4ucherst\u00e4bchen von Vijayshree im Ganesha Online Shop kaufen. Weitere R\u00e4ucherst\u00e4bchen von Vijayshree aus Indien im Shop verf\u00fcgbar.\" \/>\n<meta name=\"robots\" content=\"index, follow, max-snippet:-1, max-image-preview:large, max-video-preview:-1\" \/>\n<link rel=\"canonical\" href=\"https:\/\/ganesha-shop-fuerth.de\/onlineshop\/shop\/raeucherstaebchen-aus-indien\/vijayshree-raeucherstaebchen\/himaalaya-raeucherstaebchen\/\" \/>\n<meta property=\"og:locale\" content=\"de_DE\" \/>\n<meta property=\"og:type\" content=\"article\" \/>\n<meta property=\"og:title\" content=\"Himaalaya R\u00e4ucherst\u00e4bchen im Ganesha Online Shop\" \/>\n<meta property=\"og:description\" content=\"Himaalaya R\u00e4ucherst\u00e4bchen von Vijayshree im Ganesha Online Shop kaufen. Weitere R\u00e4ucherst\u00e4bchen von Vijayshree aus Indien im Shop verf\u00fcgbar.\" \/>\n<meta property=\"og:url\" content=\"https:\/\/ganesha-shop-fuerth.de\/onlineshop\/shop\/raeucherstaebchen-aus-indien\/vijayshree-raeucherstaebchen\/himaalaya-raeucherstaebchen\/\" \/>\n<meta property=\"og:site_name\" content=\"Ganesha Online Shop\" \/>\n<meta property=\"article:publisher\" content=\"https:\/\/de-de.facebook.com\/ganeshashopfuerth\/\" \/>\n<meta property=\"article:modified_time\" content=\"2026-01-28T23:41:43+00:00\" \/>\n<meta property=\"og:image\" content=\"https:\/\/ganesha-shop-fuerth.de\/onlineshop\/wp-content\/uploads\/R\u00e4ucherst\u00e4bchen\/Vijayshree\/gso-rst-vijayshree-0003-magnify.jpg\" \/>\n\t<meta property=\"og:image:width\" content=\"1200\" \/>\n\t<meta property=\"og:image:height\" content=\"800\" \/>\n\t<meta property=\"og:image:type\" content=\"image\/jpeg\" \/>\n<meta name=\"twitter:card\" content=\"summary_large_image\" \/>\n<meta name=\"twitter:label1\" content=\"Gesch\u00e4tzte Lesezeit\" \/>\n\t<meta name=\"twitter:data1\" content=\"1\u00a0Minute\" \/>\n<script type=\"application\/ld+json\" class=\"yoast-schema-graph\">{\"@context\":\"https:\\\/\\\/schema.org\",\"@graph\":[{\"@type\":\"WebPage\",\"@id\":\"https:\\\/\\\/ganesha-shop-fuerth.de\\\/onlineshop\\\/shop\\\/raeucherstaebchen-aus-indien\\\/vijayshree-raeucherstaebchen\\\/himaalaya-raeucherstaebchen\\\/\",\"url\":\"https:\\\/\\\/ganesha-shop-fuerth.de\\\/onlineshop\\\/shop\\\/raeucherstaebchen-aus-indien\\\/vijayshree-raeucherstaebchen\\\/himaalaya-raeucherstaebchen\\\/\",\"name\":\"Himaalaya R\u00e4ucherst\u00e4bchen im Ganesha Online Shop\",\"isPartOf\":{\"@id\":\"https:\\\/\\\/ganesha-shop-fuerth.de\\\/onlineshop\\\/#website\"},\"primaryImageOfPage\":{\"@id\":\"https:\\\/\\\/ganesha-shop-fuerth.de\\\/onlineshop\\\/shop\\\/raeucherstaebchen-aus-indien\\\/vijayshree-raeucherstaebchen\\\/himaalaya-raeucherstaebchen\\\/#primaryimage\"},\"image\":{\"@id\":\"https:\\\/\\\/ganesha-shop-fuerth.de\\\/onlineshop\\\/shop\\\/raeucherstaebchen-aus-indien\\\/vijayshree-raeucherstaebchen\\\/himaalaya-raeucherstaebchen\\\/#primaryimage\"},\"thumbnailUrl\":\"https:\\\/\\\/ganesha-shop-fuerth.de\\\/onlineshop\\\/wp-content\\\/uploads\\\/R\u00e4ucherst\u00e4bchen\\\/Vijayshree\\\/gso-rst-vijayshree-0003-magnify.jpg\",\"datePublished\":\"2021-01-22T10:39:19+00:00\",\"dateModified\":\"2026-01-28T23:41:43+00:00\",\"description\":\"Himaalaya R\u00e4ucherst\u00e4bchen von Vijayshree im Ganesha Online Shop kaufen. Weitere R\u00e4ucherst\u00e4bchen von Vijayshree aus Indien im Shop verf\u00fcgbar.\",\"breadcrumb\":{\"@id\":\"https:\\\/\\\/ganesha-shop-fuerth.de\\\/onlineshop\\\/shop\\\/raeucherstaebchen-aus-indien\\\/vijayshree-raeucherstaebchen\\\/himaalaya-raeucherstaebchen\\\/#breadcrumb\"},\"inLanguage\":\"de\",\"potentialAction\":[{\"@type\":\"ReadAction\",\"target\":[\"https:\\\/\\\/ganesha-shop-fuerth.de\\\/onlineshop\\\/shop\\\/raeucherstaebchen-aus-indien\\\/vijayshree-raeucherstaebchen\\\/himaalaya-raeucherstaebchen\\\/\"]}]},{\"@type\":\"ImageObject\",\"inLanguage\":\"de\",\"@id\":\"https:\\\/\\\/ganesha-shop-fuerth.de\\\/onlineshop\\\/shop\\\/raeucherstaebchen-aus-indien\\\/vijayshree-raeucherstaebchen\\\/himaalaya-raeucherstaebchen\\\/#primaryimage\",\"url\":\"https:\\\/\\\/ganesha-shop-fuerth.de\\\/onlineshop\\\/wp-content\\\/uploads\\\/R\u00e4ucherst\u00e4bchen\\\/Vijayshree\\\/gso-rst-vijayshree-0003-magnify.jpg\",\"contentUrl\":\"https:\\\/\\\/ganesha-shop-fuerth.de\\\/onlineshop\\\/wp-content\\\/uploads\\\/R\u00e4ucherst\u00e4bchen\\\/Vijayshree\\\/gso-rst-vijayshree-0003-magnify.jpg\",\"width\":1200,\"height\":800,\"caption\":\"Himaalaya R\u00e4ucherst\u00e4bchen von Vijayshree\"},{\"@type\":\"BreadcrumbList\",\"@id\":\"https:\\\/\\\/ganesha-shop-fuerth.de\\\/onlineshop\\\/shop\\\/raeucherstaebchen-aus-indien\\\/vijayshree-raeucherstaebchen\\\/himaalaya-raeucherstaebchen\\\/#breadcrumb\",\"itemListElement\":[{\"@type\":\"ListItem\",\"position\":1,\"name\":\"Startseite\",\"item\":\"https:\\\/\\\/ganesha-shop-fuerth.de\\\/onlineshop\\\/\"},{\"@type\":\"ListItem\",\"position\":2,\"name\":\"Ganesha Online Shop\",\"item\":\"https:\\\/\\\/ganesha-shop-fuerth.de\\\/onlineshop\\\/shop\\\/\"},{\"@type\":\"ListItem\",\"position\":3,\"name\":\"Himaalaya R\u00e4ucherst\u00e4bchen\"}]},{\"@type\":\"WebSite\",\"@id\":\"https:\\\/\\\/ganesha-shop-fuerth.de\\\/onlineshop\\\/#website\",\"url\":\"https:\\\/\\\/ganesha-shop-fuerth.de\\\/onlineshop\\\/\",\"name\":\"Ganesha Online Shop\",\"description\":\"Schmuck Kleidung Accessoires aus Asien\",\"publisher\":{\"@id\":\"https:\\\/\\\/ganesha-shop-fuerth.de\\\/onlineshop\\\/#organization\"},\"potentialAction\":[{\"@type\":\"SearchAction\",\"target\":{\"@type\":\"EntryPoint\",\"urlTemplate\":\"https:\\\/\\\/ganesha-shop-fuerth.de\\\/onlineshop\\\/?s={search_term_string}\"},\"query-input\":{\"@type\":\"PropertyValueSpecification\",\"valueRequired\":true,\"valueName\":\"search_term_string\"}}],\"inLanguage\":\"de\"},{\"@type\":\"Organization\",\"@id\":\"https:\\\/\\\/ganesha-shop-fuerth.de\\\/onlineshop\\\/#organization\",\"name\":\"Ganesha Shop F\u00fcrth\",\"url\":\"https:\\\/\\\/ganesha-shop-fuerth.de\\\/onlineshop\\\/\",\"logo\":{\"@type\":\"ImageObject\",\"inLanguage\":\"de\",\"@id\":\"https:\\\/\\\/ganesha-shop-fuerth.de\\\/onlineshop\\\/#\\\/schema\\\/logo\\\/image\\\/\",\"url\":\"https:\\\/\\\/ganesha-shop-fuerth.de\\\/onlineshop\\\/wp-content\\\/uploads\\\/Logos\\\/ganesha-onlineshop-footer-logo-19-Jahre.png\",\"contentUrl\":\"https:\\\/\\\/ganesha-shop-fuerth.de\\\/onlineshop\\\/wp-content\\\/uploads\\\/Logos\\\/ganesha-onlineshop-footer-logo-19-Jahre.png\",\"width\":250,\"height\":299,\"caption\":\"Ganesha Shop F\u00fcrth\"},\"image\":{\"@id\":\"https:\\\/\\\/ganesha-shop-fuerth.de\\\/onlineshop\\\/#\\\/schema\\\/logo\\\/image\\\/\"},\"sameAs\":[\"https:\\\/\\\/de-de.facebook.com\\\/ganeshashopfuerth\\\/\",\"https:\\\/\\\/www.youtube.com\\\/channel\\\/UCECWtim6iWB8dozVcmw-GcA\"]}]}<\/script>\n<!-- \/ Yoast SEO plugin. -->","yoast_head_json":{"title":"Himaalaya R\u00e4ucherst\u00e4bchen im Ganesha Online Shop","description":"Himaalaya R\u00e4ucherst\u00e4bchen von Vijayshree im Ganesha Online Shop kaufen. Weitere R\u00e4ucherst\u00e4bchen von Vijayshree aus Indien im Shop verf\u00fcgbar.","robots":{"index":"index","follow":"follow","max-snippet":"max-snippet:-1","max-image-preview":"max-image-preview:large","max-video-preview":"max-video-preview:-1"},"canonical":"https:\/\/ganesha-shop-fuerth.de\/onlineshop\/shop\/raeucherstaebchen-aus-indien\/vijayshree-raeucherstaebchen\/himaalaya-raeucherstaebchen\/","og_locale":"de_DE","og_type":"article","og_title":"Himaalaya R\u00e4ucherst\u00e4bchen im Ganesha Online Shop","og_description":"Himaalaya R\u00e4ucherst\u00e4bchen von Vijayshree im Ganesha Online Shop kaufen. Weitere R\u00e4ucherst\u00e4bchen von Vijayshree aus Indien im Shop verf\u00fcgbar.","og_url":"https:\/\/ganesha-shop-fuerth.de\/onlineshop\/shop\/raeucherstaebchen-aus-indien\/vijayshree-raeucherstaebchen\/himaalaya-raeucherstaebchen\/","og_site_name":"Ganesha Online Shop","article_publisher":"https:\/\/de-de.facebook.com\/ganeshashopfuerth\/","article_modified_time":"2026-01-28T23:41:43+00:00","og_image":[{"width":1200,"height":800,"url":"https:\/\/ganesha-shop-fuerth.de\/onlineshop\/wp-content\/uploads\/R\u00e4ucherst\u00e4bchen\/Vijayshree\/gso-rst-vijayshree-0003-magnify.jpg","type":"image\/jpeg"}],"twitter_card":"summary_large_image","twitter_misc":{"Gesch\u00e4tzte Lesezeit":"1\u00a0Minute"},"schema":{"@context":"https:\/\/schema.org","@graph":[{"@type":"WebPage","@id":"https:\/\/ganesha-shop-fuerth.de\/onlineshop\/shop\/raeucherstaebchen-aus-indien\/vijayshree-raeucherstaebchen\/himaalaya-raeucherstaebchen\/","url":"https:\/\/ganesha-shop-fuerth.de\/onlineshop\/shop\/raeucherstaebchen-aus-indien\/vijayshree-raeucherstaebchen\/himaalaya-raeucherstaebchen\/","name":"Himaalaya R\u00e4ucherst\u00e4bchen im Ganesha Online Shop","isPartOf":{"@id":"https:\/\/ganesha-shop-fuerth.de\/onlineshop\/#website"},"primaryImageOfPage":{"@id":"https:\/\/ganesha-shop-fuerth.de\/onlineshop\/shop\/raeucherstaebchen-aus-indien\/vijayshree-raeucherstaebchen\/himaalaya-raeucherstaebchen\/#primaryimage"},"image":{"@id":"https:\/\/ganesha-shop-fuerth.de\/onlineshop\/shop\/raeucherstaebchen-aus-indien\/vijayshree-raeucherstaebchen\/himaalaya-raeucherstaebchen\/#primaryimage"},"thumbnailUrl":"https:\/\/ganesha-shop-fuerth.de\/onlineshop\/wp-content\/uploads\/R\u00e4ucherst\u00e4bchen\/Vijayshree\/gso-rst-vijayshree-0003-magnify.jpg","datePublished":"2021-01-22T10:39:19+00:00","dateModified":"2026-01-28T23:41:43+00:00","description":"Himaalaya R\u00e4ucherst\u00e4bchen von Vijayshree im Ganesha Online Shop kaufen. Weitere R\u00e4ucherst\u00e4bchen von Vijayshree aus Indien im Shop verf\u00fcgbar.","breadcrumb":{"@id":"https:\/\/ganesha-shop-fuerth.de\/onlineshop\/shop\/raeucherstaebchen-aus-indien\/vijayshree-raeucherstaebchen\/himaalaya-raeucherstaebchen\/#breadcrumb"},"inLanguage":"de","potentialAction":[{"@type":"ReadAction","target":["https:\/\/ganesha-shop-fuerth.de\/onlineshop\/shop\/raeucherstaebchen-aus-indien\/vijayshree-raeucherstaebchen\/himaalaya-raeucherstaebchen\/"]}]},{"@type":"ImageObject","inLanguage":"de","@id":"https:\/\/ganesha-shop-fuerth.de\/onlineshop\/shop\/raeucherstaebchen-aus-indien\/vijayshree-raeucherstaebchen\/himaalaya-raeucherstaebchen\/#primaryimage","url":"https:\/\/ganesha-shop-fuerth.de\/onlineshop\/wp-content\/uploads\/R\u00e4ucherst\u00e4bchen\/Vijayshree\/gso-rst-vijayshree-0003-magnify.jpg","contentUrl":"https:\/\/ganesha-shop-fuerth.de\/onlineshop\/wp-content\/uploads\/R\u00e4ucherst\u00e4bchen\/Vijayshree\/gso-rst-vijayshree-0003-magnify.jpg","width":1200,"height":800,"caption":"Himaalaya R\u00e4ucherst\u00e4bchen von Vijayshree"},{"@type":"BreadcrumbList","@id":"https:\/\/ganesha-shop-fuerth.de\/onlineshop\/shop\/raeucherstaebchen-aus-indien\/vijayshree-raeucherstaebchen\/himaalaya-raeucherstaebchen\/#breadcrumb","itemListElement":[{"@type":"ListItem","position":1,"name":"Startseite","item":"https:\/\/ganesha-shop-fuerth.de\/onlineshop\/"},{"@type":"ListItem","position":2,"name":"Ganesha Online Shop","item":"https:\/\/ganesha-shop-fuerth.de\/onlineshop\/shop\/"},{"@type":"ListItem","position":3,"name":"Himaalaya R\u00e4ucherst\u00e4bchen"}]},{"@type":"WebSite","@id":"https:\/\/ganesha-shop-fuerth.de\/onlineshop\/#website","url":"https:\/\/ganesha-shop-fuerth.de\/onlineshop\/","name":"Ganesha Online Shop","description":"Schmuck Kleidung Accessoires aus Asien","publisher":{"@id":"https:\/\/ganesha-shop-fuerth.de\/onlineshop\/#organization"},"potentialAction":[{"@type":"SearchAction","target":{"@type":"EntryPoint","urlTemplate":"https:\/\/ganesha-shop-fuerth.de\/onlineshop\/?s={search_term_string}"},"query-input":{"@type":"PropertyValueSpecification","valueRequired":true,"valueName":"search_term_string"}}],"inLanguage":"de"},{"@type":"Organization","@id":"https:\/\/ganesha-shop-fuerth.de\/onlineshop\/#organization","name":"Ganesha Shop F\u00fcrth","url":"https:\/\/ganesha-shop-fuerth.de\/onlineshop\/","logo":{"@type":"ImageObject","inLanguage":"de","@id":"https:\/\/ganesha-shop-fuerth.de\/onlineshop\/#\/schema\/logo\/image\/","url":"https:\/\/ganesha-shop-fuerth.de\/onlineshop\/wp-content\/uploads\/Logos\/ganesha-onlineshop-footer-logo-19-Jahre.png","contentUrl":"https:\/\/ganesha-shop-fuerth.de\/onlineshop\/wp-content\/uploads\/Logos\/ganesha-onlineshop-footer-logo-19-Jahre.png","width":250,"height":299,"caption":"Ganesha Shop F\u00fcrth"},"image":{"@id":"https:\/\/ganesha-shop-fuerth.de\/onlineshop\/#\/schema\/logo\/image\/"},"sameAs":["https:\/\/de-de.facebook.com\/ganeshashopfuerth\/","https:\/\/www.youtube.com\/channel\/UCECWtim6iWB8dozVcmw-GcA"]}]}},"_links":{"self":[{"href":"https:\/\/ganesha-shop-fuerth.de\/onlineshop\/wp-json\/wp\/v2\/product\/4020","targetHints":{"allow":["GET"]}}],"collection":[{"href":"https:\/\/ganesha-shop-fuerth.de\/onlineshop\/wp-json\/wp\/v2\/product"}],"about":[{"href":"https:\/\/ganesha-shop-fuerth.de\/onlineshop\/wp-json\/wp\/v2\/types\/product"}],"replies":[{"embeddable":true,"href":"https:\/\/ganesha-shop-fuerth.de\/onlineshop\/wp-json\/wp\/v2\/comments?post=4020"}],"wp:featuredmedia":[{"embeddable":true,"href":"https:\/\/ganesha-shop-fuerth.de\/onlineshop\/wp-json\/wp\/v2\/media\/4001"}],"wp:attachment":[{"href":"https:\/\/ganesha-shop-fuerth.de\/onlineshop\/wp-json\/wp\/v2\/media?parent=4020"}],"wp:term":[{"taxonomy":"product_brand","embeddable":true,"href":"https:\/\/ganesha-shop-fuerth.de\/onlineshop\/wp-json\/wp\/v2\/product_brand?post=4020"},{"taxonomy":"product_cat","embeddable":true,"href":"https:\/\/ganesha-shop-fuerth.de\/onlineshop\/wp-json\/wp\/v2\/product_cat?post=4020"},{"taxonomy":"product_tag","embeddable":true,"href":"https:\/\/ganesha-shop-fuerth.de\/onlineshop\/wp-json\/wp\/v2\/product_tag?post=4020"}],"curies":[{"name":"wp","href":"https:\/\/api.w.org\/{rel}","templated":true}]}}