{"id":4225,"date":"2021-03-22T16:09:36","date_gmt":"2021-03-22T15:09:36","guid":{"rendered":"https:\/\/ganesha-shop-fuerth.de\/onlineshop\/?post_type=product&#038;p=4225"},"modified":"2025-12-06T13:42:36","modified_gmt":"2025-12-06T12:42:36","slug":"larimar-silber-anhaenger-5","status":"publish","type":"product","link":"https:\/\/ganesha-shop-fuerth.de\/onlineshop\/shop\/silberschmuck-aus-indien\/silber-anhaenger-aus-indien\/larimar-silber-anhaenger-5\/","title":{"rendered":"Larimar Silber Anh\u00e4nger #5"},"content":{"rendered":"<p>Larimar Silber Anh\u00e4nger in 925 Sterling Silber Arbeit eingefasst. Larimar Stein verarbeitet wie gewachsen. Seltene Handarbeit aus Indien. L\u00e4nge des Anh\u00e4ngers mit \u00d6se: 5,0 cm; L\u00e4nge des Larimar Steins: 3,7 cm; Mittlere Breite des Larimar Steins: 2,0 cm; Gewicht: ca. 11,5 g; Der Larimar ist ein Heilstein mit gro\u00dfer Wirkung und Bedeutung. Weitere Informationen zum Larimar Stein finden Sie z.B. <a href=\"https:\/\/www.mineralienatlas.de\/lexikon\/index.php\/MineralData?lang=de&amp;mineral=Larimar\" target=\"_blank\" rel=\"noopener noreferrer\">hier<\/a>.<\/p>\n<figure id=\"attachment_4224\" aria-describedby=\"caption-attachment-4224\" style=\"width: 380px\" class=\"wp-caption alignnone\"><a href=\"https:\/\/ganesha-shop-fuerth.de\/onlineshop\/wp-content\/uploads\/Silberschmuck\/Anh\u00e4nger-aus-Indien\/gso-anhaenger-ind-0106-magnify.jpg\" target=\"_blank\" rel=\"noopener\"><img loading=\"lazy\" decoding=\"async\" class=\"wp-image-4224\" src=\"https:\/\/ganesha-shop-fuerth.de\/onlineshop\/wp-content\/uploads\/Silberschmuck\/Anh\u00e4nger-aus-Indien\/gso-anhaenger-ind-0106-magnify-258x300.jpg\" alt=\"Larimar Silber Anh\u00e4nger kaufen\" width=\"380\" height=\"441\" srcset=\"https:\/\/ganesha-shop-fuerth.de\/onlineshop\/wp-content\/uploads\/Silberschmuck\/Anh\u00e4nger-aus-Indien\/gso-anhaenger-ind-0106-magnify-258x300.jpg 258w, https:\/\/ganesha-shop-fuerth.de\/onlineshop\/wp-content\/uploads\/Silberschmuck\/Anh\u00e4nger-aus-Indien\/gso-anhaenger-ind-0106-magnify-882x1024.jpg 882w, https:\/\/ganesha-shop-fuerth.de\/onlineshop\/wp-content\/uploads\/Silberschmuck\/Anh\u00e4nger-aus-Indien\/gso-anhaenger-ind-0106-magnify-768x892.jpg 768w, https:\/\/ganesha-shop-fuerth.de\/onlineshop\/wp-content\/uploads\/Silberschmuck\/Anh\u00e4nger-aus-Indien\/gso-anhaenger-ind-0106-magnify-324x376.jpg 324w, https:\/\/ganesha-shop-fuerth.de\/onlineshop\/wp-content\/uploads\/Silberschmuck\/Anh\u00e4nger-aus-Indien\/gso-anhaenger-ind-0106-magnify-416x483.jpg 416w, https:\/\/ganesha-shop-fuerth.de\/onlineshop\/wp-content\/uploads\/Silberschmuck\/Anh\u00e4nger-aus-Indien\/gso-anhaenger-ind-0106-magnify.jpg 900w\" sizes=\"auto, (max-width: 380px) 100vw, 380px\" \/><\/a><figcaption id=\"caption-attachment-4224\" class=\"wp-caption-text\">Larimar Silber Anh\u00e4nger<\/figcaption><\/figure>\n","protected":false},"excerpt":{"rendered":"<p>Larimar Silber Anh\u00e4nger aus Indien<\/p>\n","protected":false},"featured_media":4224,"comment_status":"open","ping_status":"closed","template":"","meta":[],"product_brand":[],"product_cat":[13,11],"product_tag":[191,221,42],"class_list":{"0":"post-4225","1":"product","2":"type-product","3":"status-publish","4":"has-post-thumbnail","6":"product_cat-silber-anhaenger-aus-indien","7":"product_cat-silberschmuck-aus-indien","8":"product_tag-edelstein-schmuck","9":"product_tag-larimar-schmuck","10":"product_tag-silber-anhaenger-indien","12":"first","13":"instock","14":"sold-individually","15":"taxable","16":"shipping-taxable","17":"purchasable","18":"product-type-simple"},"yoast_head":"<!-- This site is optimized with the Yoast SEO plugin v27.4 - https:\/\/yoast.com\/product\/yoast-seo-wordpress\/ -->\n<title>Larimar Silber Anh\u00e4nger #5 im Ganesha Online Shop kaufen<\/title>\n<meta name=\"description\" content=\"Larimar Silber Anh\u00e4nger in 925 Sterling Silber aus Indien im Ganesha Online Shop. Weitere Larimar Anh\u00e4nger im Shop verf\u00fcgbar.\" \/>\n<meta name=\"robots\" content=\"index, follow, max-snippet:-1, max-image-preview:large, max-video-preview:-1\" \/>\n<link rel=\"canonical\" href=\"https:\/\/ganesha-shop-fuerth.de\/onlineshop\/shop\/silberschmuck-aus-indien\/silber-anhaenger-aus-indien\/larimar-silber-anhaenger-5\/\" \/>\n<meta property=\"og:locale\" content=\"de_DE\" \/>\n<meta property=\"og:type\" content=\"article\" \/>\n<meta property=\"og:title\" content=\"Larimar Silber Anh\u00e4nger #5 im Ganesha Online Shop kaufen\" \/>\n<meta property=\"og:description\" content=\"Larimar Silber Anh\u00e4nger in 925 Sterling Silber aus Indien im Ganesha Online Shop. Weitere Larimar Anh\u00e4nger im Shop verf\u00fcgbar.\" \/>\n<meta property=\"og:url\" content=\"https:\/\/ganesha-shop-fuerth.de\/onlineshop\/shop\/silberschmuck-aus-indien\/silber-anhaenger-aus-indien\/larimar-silber-anhaenger-5\/\" \/>\n<meta property=\"og:site_name\" content=\"Ganesha Online Shop\" \/>\n<meta property=\"article:publisher\" content=\"https:\/\/de-de.facebook.com\/ganeshashopfuerth\/\" \/>\n<meta property=\"article:modified_time\" content=\"2025-12-06T12:42:36+00:00\" \/>\n<meta property=\"og:image\" content=\"https:\/\/ganesha-shop-fuerth.de\/onlineshop\/wp-content\/uploads\/Silberschmuck\/Anh\u00e4nger-aus-Indien\/gso-anhaenger-ind-0106-magnify.jpg\" \/>\n\t<meta property=\"og:image:width\" content=\"900\" \/>\n\t<meta property=\"og:image:height\" content=\"1045\" \/>\n\t<meta property=\"og:image:type\" content=\"image\/jpeg\" \/>\n<meta name=\"twitter:card\" content=\"summary_large_image\" \/>\n<meta name=\"twitter:label1\" content=\"Gesch\u00e4tzte Lesezeit\" \/>\n\t<meta name=\"twitter:data1\" content=\"1\u00a0Minute\" \/>\n<script type=\"application\/ld+json\" class=\"yoast-schema-graph\">{\"@context\":\"https:\\\/\\\/schema.org\",\"@graph\":[{\"@type\":\"WebPage\",\"@id\":\"https:\\\/\\\/ganesha-shop-fuerth.de\\\/onlineshop\\\/shop\\\/silberschmuck-aus-indien\\\/silber-anhaenger-aus-indien\\\/larimar-silber-anhaenger-5\\\/\",\"url\":\"https:\\\/\\\/ganesha-shop-fuerth.de\\\/onlineshop\\\/shop\\\/silberschmuck-aus-indien\\\/silber-anhaenger-aus-indien\\\/larimar-silber-anhaenger-5\\\/\",\"name\":\"Larimar Silber Anh\u00e4nger #5 im Ganesha Online Shop kaufen\",\"isPartOf\":{\"@id\":\"https:\\\/\\\/ganesha-shop-fuerth.de\\\/onlineshop\\\/#website\"},\"primaryImageOfPage\":{\"@id\":\"https:\\\/\\\/ganesha-shop-fuerth.de\\\/onlineshop\\\/shop\\\/silberschmuck-aus-indien\\\/silber-anhaenger-aus-indien\\\/larimar-silber-anhaenger-5\\\/#primaryimage\"},\"image\":{\"@id\":\"https:\\\/\\\/ganesha-shop-fuerth.de\\\/onlineshop\\\/shop\\\/silberschmuck-aus-indien\\\/silber-anhaenger-aus-indien\\\/larimar-silber-anhaenger-5\\\/#primaryimage\"},\"thumbnailUrl\":\"https:\\\/\\\/ganesha-shop-fuerth.de\\\/onlineshop\\\/wp-content\\\/uploads\\\/Silberschmuck\\\/Anh\u00e4nger-aus-Indien\\\/gso-anhaenger-ind-0106-magnify.jpg\",\"datePublished\":\"2021-03-22T15:09:36+00:00\",\"dateModified\":\"2025-12-06T12:42:36+00:00\",\"description\":\"Larimar Silber Anh\u00e4nger in 925 Sterling Silber aus Indien im Ganesha Online Shop. Weitere Larimar Anh\u00e4nger im Shop verf\u00fcgbar.\",\"breadcrumb\":{\"@id\":\"https:\\\/\\\/ganesha-shop-fuerth.de\\\/onlineshop\\\/shop\\\/silberschmuck-aus-indien\\\/silber-anhaenger-aus-indien\\\/larimar-silber-anhaenger-5\\\/#breadcrumb\"},\"inLanguage\":\"de\",\"potentialAction\":[{\"@type\":\"ReadAction\",\"target\":[\"https:\\\/\\\/ganesha-shop-fuerth.de\\\/onlineshop\\\/shop\\\/silberschmuck-aus-indien\\\/silber-anhaenger-aus-indien\\\/larimar-silber-anhaenger-5\\\/\"]}]},{\"@type\":\"ImageObject\",\"inLanguage\":\"de\",\"@id\":\"https:\\\/\\\/ganesha-shop-fuerth.de\\\/onlineshop\\\/shop\\\/silberschmuck-aus-indien\\\/silber-anhaenger-aus-indien\\\/larimar-silber-anhaenger-5\\\/#primaryimage\",\"url\":\"https:\\\/\\\/ganesha-shop-fuerth.de\\\/onlineshop\\\/wp-content\\\/uploads\\\/Silberschmuck\\\/Anh\u00e4nger-aus-Indien\\\/gso-anhaenger-ind-0106-magnify.jpg\",\"contentUrl\":\"https:\\\/\\\/ganesha-shop-fuerth.de\\\/onlineshop\\\/wp-content\\\/uploads\\\/Silberschmuck\\\/Anh\u00e4nger-aus-Indien\\\/gso-anhaenger-ind-0106-magnify.jpg\",\"width\":900,\"height\":1045,\"caption\":\"Larimar Silber Anh\u00e4nger\"},{\"@type\":\"BreadcrumbList\",\"@id\":\"https:\\\/\\\/ganesha-shop-fuerth.de\\\/onlineshop\\\/shop\\\/silberschmuck-aus-indien\\\/silber-anhaenger-aus-indien\\\/larimar-silber-anhaenger-5\\\/#breadcrumb\",\"itemListElement\":[{\"@type\":\"ListItem\",\"position\":1,\"name\":\"Startseite\",\"item\":\"https:\\\/\\\/ganesha-shop-fuerth.de\\\/onlineshop\\\/\"},{\"@type\":\"ListItem\",\"position\":2,\"name\":\"Ganesha Online Shop\",\"item\":\"https:\\\/\\\/ganesha-shop-fuerth.de\\\/onlineshop\\\/shop\\\/\"},{\"@type\":\"ListItem\",\"position\":3,\"name\":\"Larimar Silber Anh\u00e4nger #5\"}]},{\"@type\":\"WebSite\",\"@id\":\"https:\\\/\\\/ganesha-shop-fuerth.de\\\/onlineshop\\\/#website\",\"url\":\"https:\\\/\\\/ganesha-shop-fuerth.de\\\/onlineshop\\\/\",\"name\":\"Ganesha Online Shop\",\"description\":\"Schmuck Kleidung Accessoires aus Asien\",\"publisher\":{\"@id\":\"https:\\\/\\\/ganesha-shop-fuerth.de\\\/onlineshop\\\/#organization\"},\"potentialAction\":[{\"@type\":\"SearchAction\",\"target\":{\"@type\":\"EntryPoint\",\"urlTemplate\":\"https:\\\/\\\/ganesha-shop-fuerth.de\\\/onlineshop\\\/?s={search_term_string}\"},\"query-input\":{\"@type\":\"PropertyValueSpecification\",\"valueRequired\":true,\"valueName\":\"search_term_string\"}}],\"inLanguage\":\"de\"},{\"@type\":\"Organization\",\"@id\":\"https:\\\/\\\/ganesha-shop-fuerth.de\\\/onlineshop\\\/#organization\",\"name\":\"Ganesha Shop F\u00fcrth\",\"url\":\"https:\\\/\\\/ganesha-shop-fuerth.de\\\/onlineshop\\\/\",\"logo\":{\"@type\":\"ImageObject\",\"inLanguage\":\"de\",\"@id\":\"https:\\\/\\\/ganesha-shop-fuerth.de\\\/onlineshop\\\/#\\\/schema\\\/logo\\\/image\\\/\",\"url\":\"https:\\\/\\\/ganesha-shop-fuerth.de\\\/onlineshop\\\/wp-content\\\/uploads\\\/Logos\\\/ganesha-onlineshop-footer-logo-19-Jahre.png\",\"contentUrl\":\"https:\\\/\\\/ganesha-shop-fuerth.de\\\/onlineshop\\\/wp-content\\\/uploads\\\/Logos\\\/ganesha-onlineshop-footer-logo-19-Jahre.png\",\"width\":250,\"height\":299,\"caption\":\"Ganesha Shop F\u00fcrth\"},\"image\":{\"@id\":\"https:\\\/\\\/ganesha-shop-fuerth.de\\\/onlineshop\\\/#\\\/schema\\\/logo\\\/image\\\/\"},\"sameAs\":[\"https:\\\/\\\/de-de.facebook.com\\\/ganeshashopfuerth\\\/\",\"https:\\\/\\\/www.youtube.com\\\/channel\\\/UCECWtim6iWB8dozVcmw-GcA\"]}]}<\/script>\n<!-- \/ Yoast SEO plugin. -->","yoast_head_json":{"title":"Larimar Silber Anh\u00e4nger #5 im Ganesha Online Shop kaufen","description":"Larimar Silber Anh\u00e4nger in 925 Sterling Silber aus Indien im Ganesha Online Shop. Weitere Larimar Anh\u00e4nger im Shop verf\u00fcgbar.","robots":{"index":"index","follow":"follow","max-snippet":"max-snippet:-1","max-image-preview":"max-image-preview:large","max-video-preview":"max-video-preview:-1"},"canonical":"https:\/\/ganesha-shop-fuerth.de\/onlineshop\/shop\/silberschmuck-aus-indien\/silber-anhaenger-aus-indien\/larimar-silber-anhaenger-5\/","og_locale":"de_DE","og_type":"article","og_title":"Larimar Silber Anh\u00e4nger #5 im Ganesha Online Shop kaufen","og_description":"Larimar Silber Anh\u00e4nger in 925 Sterling Silber aus Indien im Ganesha Online Shop. Weitere Larimar Anh\u00e4nger im Shop verf\u00fcgbar.","og_url":"https:\/\/ganesha-shop-fuerth.de\/onlineshop\/shop\/silberschmuck-aus-indien\/silber-anhaenger-aus-indien\/larimar-silber-anhaenger-5\/","og_site_name":"Ganesha Online Shop","article_publisher":"https:\/\/de-de.facebook.com\/ganeshashopfuerth\/","article_modified_time":"2025-12-06T12:42:36+00:00","og_image":[{"width":900,"height":1045,"url":"https:\/\/ganesha-shop-fuerth.de\/onlineshop\/wp-content\/uploads\/Silberschmuck\/Anh\u00e4nger-aus-Indien\/gso-anhaenger-ind-0106-magnify.jpg","type":"image\/jpeg"}],"twitter_card":"summary_large_image","twitter_misc":{"Gesch\u00e4tzte Lesezeit":"1\u00a0Minute"},"schema":{"@context":"https:\/\/schema.org","@graph":[{"@type":"WebPage","@id":"https:\/\/ganesha-shop-fuerth.de\/onlineshop\/shop\/silberschmuck-aus-indien\/silber-anhaenger-aus-indien\/larimar-silber-anhaenger-5\/","url":"https:\/\/ganesha-shop-fuerth.de\/onlineshop\/shop\/silberschmuck-aus-indien\/silber-anhaenger-aus-indien\/larimar-silber-anhaenger-5\/","name":"Larimar Silber Anh\u00e4nger #5 im Ganesha Online Shop kaufen","isPartOf":{"@id":"https:\/\/ganesha-shop-fuerth.de\/onlineshop\/#website"},"primaryImageOfPage":{"@id":"https:\/\/ganesha-shop-fuerth.de\/onlineshop\/shop\/silberschmuck-aus-indien\/silber-anhaenger-aus-indien\/larimar-silber-anhaenger-5\/#primaryimage"},"image":{"@id":"https:\/\/ganesha-shop-fuerth.de\/onlineshop\/shop\/silberschmuck-aus-indien\/silber-anhaenger-aus-indien\/larimar-silber-anhaenger-5\/#primaryimage"},"thumbnailUrl":"https:\/\/ganesha-shop-fuerth.de\/onlineshop\/wp-content\/uploads\/Silberschmuck\/Anh\u00e4nger-aus-Indien\/gso-anhaenger-ind-0106-magnify.jpg","datePublished":"2021-03-22T15:09:36+00:00","dateModified":"2025-12-06T12:42:36+00:00","description":"Larimar Silber Anh\u00e4nger in 925 Sterling Silber aus Indien im Ganesha Online Shop. Weitere Larimar Anh\u00e4nger im Shop verf\u00fcgbar.","breadcrumb":{"@id":"https:\/\/ganesha-shop-fuerth.de\/onlineshop\/shop\/silberschmuck-aus-indien\/silber-anhaenger-aus-indien\/larimar-silber-anhaenger-5\/#breadcrumb"},"inLanguage":"de","potentialAction":[{"@type":"ReadAction","target":["https:\/\/ganesha-shop-fuerth.de\/onlineshop\/shop\/silberschmuck-aus-indien\/silber-anhaenger-aus-indien\/larimar-silber-anhaenger-5\/"]}]},{"@type":"ImageObject","inLanguage":"de","@id":"https:\/\/ganesha-shop-fuerth.de\/onlineshop\/shop\/silberschmuck-aus-indien\/silber-anhaenger-aus-indien\/larimar-silber-anhaenger-5\/#primaryimage","url":"https:\/\/ganesha-shop-fuerth.de\/onlineshop\/wp-content\/uploads\/Silberschmuck\/Anh\u00e4nger-aus-Indien\/gso-anhaenger-ind-0106-magnify.jpg","contentUrl":"https:\/\/ganesha-shop-fuerth.de\/onlineshop\/wp-content\/uploads\/Silberschmuck\/Anh\u00e4nger-aus-Indien\/gso-anhaenger-ind-0106-magnify.jpg","width":900,"height":1045,"caption":"Larimar Silber Anh\u00e4nger"},{"@type":"BreadcrumbList","@id":"https:\/\/ganesha-shop-fuerth.de\/onlineshop\/shop\/silberschmuck-aus-indien\/silber-anhaenger-aus-indien\/larimar-silber-anhaenger-5\/#breadcrumb","itemListElement":[{"@type":"ListItem","position":1,"name":"Startseite","item":"https:\/\/ganesha-shop-fuerth.de\/onlineshop\/"},{"@type":"ListItem","position":2,"name":"Ganesha Online Shop","item":"https:\/\/ganesha-shop-fuerth.de\/onlineshop\/shop\/"},{"@type":"ListItem","position":3,"name":"Larimar Silber Anh\u00e4nger #5"}]},{"@type":"WebSite","@id":"https:\/\/ganesha-shop-fuerth.de\/onlineshop\/#website","url":"https:\/\/ganesha-shop-fuerth.de\/onlineshop\/","name":"Ganesha Online Shop","description":"Schmuck Kleidung Accessoires aus Asien","publisher":{"@id":"https:\/\/ganesha-shop-fuerth.de\/onlineshop\/#organization"},"potentialAction":[{"@type":"SearchAction","target":{"@type":"EntryPoint","urlTemplate":"https:\/\/ganesha-shop-fuerth.de\/onlineshop\/?s={search_term_string}"},"query-input":{"@type":"PropertyValueSpecification","valueRequired":true,"valueName":"search_term_string"}}],"inLanguage":"de"},{"@type":"Organization","@id":"https:\/\/ganesha-shop-fuerth.de\/onlineshop\/#organization","name":"Ganesha Shop F\u00fcrth","url":"https:\/\/ganesha-shop-fuerth.de\/onlineshop\/","logo":{"@type":"ImageObject","inLanguage":"de","@id":"https:\/\/ganesha-shop-fuerth.de\/onlineshop\/#\/schema\/logo\/image\/","url":"https:\/\/ganesha-shop-fuerth.de\/onlineshop\/wp-content\/uploads\/Logos\/ganesha-onlineshop-footer-logo-19-Jahre.png","contentUrl":"https:\/\/ganesha-shop-fuerth.de\/onlineshop\/wp-content\/uploads\/Logos\/ganesha-onlineshop-footer-logo-19-Jahre.png","width":250,"height":299,"caption":"Ganesha Shop F\u00fcrth"},"image":{"@id":"https:\/\/ganesha-shop-fuerth.de\/onlineshop\/#\/schema\/logo\/image\/"},"sameAs":["https:\/\/de-de.facebook.com\/ganeshashopfuerth\/","https:\/\/www.youtube.com\/channel\/UCECWtim6iWB8dozVcmw-GcA"]}]}},"_links":{"self":[{"href":"https:\/\/ganesha-shop-fuerth.de\/onlineshop\/wp-json\/wp\/v2\/product\/4225","targetHints":{"allow":["GET"]}}],"collection":[{"href":"https:\/\/ganesha-shop-fuerth.de\/onlineshop\/wp-json\/wp\/v2\/product"}],"about":[{"href":"https:\/\/ganesha-shop-fuerth.de\/onlineshop\/wp-json\/wp\/v2\/types\/product"}],"replies":[{"embeddable":true,"href":"https:\/\/ganesha-shop-fuerth.de\/onlineshop\/wp-json\/wp\/v2\/comments?post=4225"}],"wp:featuredmedia":[{"embeddable":true,"href":"https:\/\/ganesha-shop-fuerth.de\/onlineshop\/wp-json\/wp\/v2\/media\/4224"}],"wp:attachment":[{"href":"https:\/\/ganesha-shop-fuerth.de\/onlineshop\/wp-json\/wp\/v2\/media?parent=4225"}],"wp:term":[{"taxonomy":"product_brand","embeddable":true,"href":"https:\/\/ganesha-shop-fuerth.de\/onlineshop\/wp-json\/wp\/v2\/product_brand?post=4225"},{"taxonomy":"product_cat","embeddable":true,"href":"https:\/\/ganesha-shop-fuerth.de\/onlineshop\/wp-json\/wp\/v2\/product_cat?post=4225"},{"taxonomy":"product_tag","embeddable":true,"href":"https:\/\/ganesha-shop-fuerth.de\/onlineshop\/wp-json\/wp\/v2\/product_tag?post=4225"}],"curies":[{"name":"wp","href":"https:\/\/api.w.org\/{rel}","templated":true}]}}