{"id":4707,"date":"2021-12-16T16:21:53","date_gmt":"2021-12-16T15:21:53","guid":{"rendered":"https:\/\/ganesha-shop-fuerth.de\/onlineshop\/?post_type=product&#038;p=4707"},"modified":"2026-01-29T00:41:40","modified_gmt":"2026-01-28T23:41:40","slug":"raeucherkegel-jasmin-duft","status":"publish","type":"product","link":"https:\/\/ganesha-shop-fuerth.de\/onlineshop\/shop\/raeucherkegel\/raeucherkegel-jasmin-duft\/","title":{"rendered":"R\u00e4ucherkegel Jasmin Duft"},"content":{"rendered":"<p>R\u00e4ucherkegel Jasmin Duft als Duftkegel von Auroshikha. Inhalt:\u00a0 20 Duft-Kegel. Pck. 10,8 x 7,5 cm;\u00a0 Auroshikha R\u00e4ucherware wird sorgf\u00e4ltig mit nat\u00fcrlichen Zutaten gefertigt, um einen Duft zu schaffen, der der Natur treu ist. Das Ergebnis ist eine Auswahl der feinsten D\u00fcfte der Welt mit der Delikatesse und der Sch\u00f6nheit des urspr\u00fcnglichen Duftes selbst. Auroshikha R\u00e4ucherwerk gilt als eines der sch\u00f6nsten aus Indien. Sie sind alle nat\u00fcrlich, aus \u00e4therischen \u00d6len, Rinde, Blumen und duftenden W\u00e4ldern.<\/p>\n<figure id=\"attachment_4699\" aria-describedby=\"caption-attachment-4699\" style=\"width: 360px\" class=\"wp-caption alignnone\"><a href=\"https:\/\/ganesha-shop-fuerth.de\/onlineshop\/wp-content\/uploads\/Raeucherkegel\/Auroshikha\/gso-rkegel-auroshikha-0002.jpg\"><img loading=\"lazy\" decoding=\"async\" class=\"wp-image-4699\" src=\"https:\/\/ganesha-shop-fuerth.de\/onlineshop\/wp-content\/uploads\/Raeucherkegel\/Auroshikha\/gso-rkegel-auroshikha-0002-258x300.jpg\" alt=\"R\u00e4ucherkegel Jasmin Duft von Auroshikha\" width=\"360\" height=\"418\" srcset=\"https:\/\/ganesha-shop-fuerth.de\/onlineshop\/wp-content\/uploads\/Raeucherkegel\/Auroshikha\/gso-rkegel-auroshikha-0002-258x300.jpg 258w, https:\/\/ganesha-shop-fuerth.de\/onlineshop\/wp-content\/uploads\/Raeucherkegel\/Auroshikha\/gso-rkegel-auroshikha-0002-882x1024.jpg 882w, https:\/\/ganesha-shop-fuerth.de\/onlineshop\/wp-content\/uploads\/Raeucherkegel\/Auroshikha\/gso-rkegel-auroshikha-0002-768x892.jpg 768w, https:\/\/ganesha-shop-fuerth.de\/onlineshop\/wp-content\/uploads\/Raeucherkegel\/Auroshikha\/gso-rkegel-auroshikha-0002-324x376.jpg 324w, https:\/\/ganesha-shop-fuerth.de\/onlineshop\/wp-content\/uploads\/Raeucherkegel\/Auroshikha\/gso-rkegel-auroshikha-0002-416x483.jpg 416w, https:\/\/ganesha-shop-fuerth.de\/onlineshop\/wp-content\/uploads\/Raeucherkegel\/Auroshikha\/gso-rkegel-auroshikha-0002.jpg 900w\" sizes=\"auto, (max-width: 360px) 100vw, 360px\" \/><\/a><figcaption id=\"caption-attachment-4699\" class=\"wp-caption-text\">R\u00e4ucherkegel Jasmin Duft<\/figcaption><\/figure>\n","protected":false},"excerpt":{"rendered":"<p>R\u00e4ucherkegel aus Indien Jasmin Duft<\/p>\n","protected":false},"featured_media":4699,"comment_status":"open","ping_status":"closed","template":"","meta":[],"product_brand":[],"product_cat":[287],"product_tag":[260],"class_list":{"0":"post-4707","1":"product","2":"type-product","3":"status-publish","4":"has-post-thumbnail","6":"product_cat-raeucherkegel","7":"product_tag-raeucherwerk-raeucherware","8":"pa_marke-auroshikha","10":"first","11":"instock","12":"taxable","13":"shipping-taxable","14":"purchasable","15":"product-type-simple"},"yoast_head":"<!-- This site is optimized with the Yoast SEO plugin v27.5 - https:\/\/yoast.com\/product\/yoast-seo-wordpress\/ -->\n<title>R\u00e4ucherkegel Jasmin Duft - Ganesha Online Shop<\/title>\n<meta name=\"description\" content=\"R\u00e4ucherkegel Jasmin Duft von Auroshikha im Ganesha Online Shop kaufen. Weiter R\u00e4ucherkegel D\u00fcfte im Shop verf\u00fcgbar.\" \/>\n<meta name=\"robots\" content=\"index, follow, max-snippet:-1, max-image-preview:large, max-video-preview:-1\" \/>\n<link rel=\"canonical\" href=\"https:\/\/ganesha-shop-fuerth.de\/onlineshop\/shop\/raeucherkegel\/raeucherkegel-jasmin-duft\/\" \/>\n<meta property=\"og:locale\" content=\"de_DE\" \/>\n<meta property=\"og:type\" content=\"article\" \/>\n<meta property=\"og:title\" content=\"R\u00e4ucherkegel Jasmin Duft - Ganesha Online Shop\" \/>\n<meta property=\"og:description\" content=\"R\u00e4ucherkegel Jasmin Duft von Auroshikha im Ganesha Online Shop kaufen. Weiter R\u00e4ucherkegel D\u00fcfte im Shop verf\u00fcgbar.\" \/>\n<meta property=\"og:url\" content=\"https:\/\/ganesha-shop-fuerth.de\/onlineshop\/shop\/raeucherkegel\/raeucherkegel-jasmin-duft\/\" \/>\n<meta property=\"og:site_name\" content=\"Ganesha Online Shop\" \/>\n<meta property=\"article:publisher\" content=\"https:\/\/de-de.facebook.com\/ganeshashopfuerth\/\" \/>\n<meta property=\"article:modified_time\" content=\"2026-01-28T23:41:40+00:00\" \/>\n<meta property=\"og:image\" content=\"https:\/\/ganesha-shop-fuerth.de\/onlineshop\/wp-content\/uploads\/Raeucherkegel\/Auroshikha\/gso-rkegel-auroshikha-0002.jpg\" \/>\n\t<meta property=\"og:image:width\" content=\"900\" \/>\n\t<meta property=\"og:image:height\" content=\"1045\" \/>\n\t<meta property=\"og:image:type\" content=\"image\/jpeg\" \/>\n<meta name=\"twitter:card\" content=\"summary_large_image\" \/>\n<meta name=\"twitter:label1\" content=\"Gesch\u00e4tzte Lesezeit\" \/>\n\t<meta name=\"twitter:data1\" content=\"1\u00a0Minute\" \/>\n<script type=\"application\/ld+json\" class=\"yoast-schema-graph\">{\"@context\":\"https:\\\/\\\/schema.org\",\"@graph\":[{\"@type\":\"WebPage\",\"@id\":\"https:\\\/\\\/ganesha-shop-fuerth.de\\\/onlineshop\\\/shop\\\/raeucherkegel\\\/raeucherkegel-jasmin-duft\\\/\",\"url\":\"https:\\\/\\\/ganesha-shop-fuerth.de\\\/onlineshop\\\/shop\\\/raeucherkegel\\\/raeucherkegel-jasmin-duft\\\/\",\"name\":\"R\u00e4ucherkegel Jasmin Duft - Ganesha Online Shop\",\"isPartOf\":{\"@id\":\"https:\\\/\\\/ganesha-shop-fuerth.de\\\/onlineshop\\\/#website\"},\"primaryImageOfPage\":{\"@id\":\"https:\\\/\\\/ganesha-shop-fuerth.de\\\/onlineshop\\\/shop\\\/raeucherkegel\\\/raeucherkegel-jasmin-duft\\\/#primaryimage\"},\"image\":{\"@id\":\"https:\\\/\\\/ganesha-shop-fuerth.de\\\/onlineshop\\\/shop\\\/raeucherkegel\\\/raeucherkegel-jasmin-duft\\\/#primaryimage\"},\"thumbnailUrl\":\"https:\\\/\\\/ganesha-shop-fuerth.de\\\/onlineshop\\\/wp-content\\\/uploads\\\/Raeucherkegel\\\/Auroshikha\\\/gso-rkegel-auroshikha-0002.jpg\",\"datePublished\":\"2021-12-16T15:21:53+00:00\",\"dateModified\":\"2026-01-28T23:41:40+00:00\",\"description\":\"R\u00e4ucherkegel Jasmin Duft von Auroshikha im Ganesha Online Shop kaufen. Weiter R\u00e4ucherkegel D\u00fcfte im Shop verf\u00fcgbar.\",\"breadcrumb\":{\"@id\":\"https:\\\/\\\/ganesha-shop-fuerth.de\\\/onlineshop\\\/shop\\\/raeucherkegel\\\/raeucherkegel-jasmin-duft\\\/#breadcrumb\"},\"inLanguage\":\"de\",\"potentialAction\":[{\"@type\":\"ReadAction\",\"target\":[\"https:\\\/\\\/ganesha-shop-fuerth.de\\\/onlineshop\\\/shop\\\/raeucherkegel\\\/raeucherkegel-jasmin-duft\\\/\"]}]},{\"@type\":\"ImageObject\",\"inLanguage\":\"de\",\"@id\":\"https:\\\/\\\/ganesha-shop-fuerth.de\\\/onlineshop\\\/shop\\\/raeucherkegel\\\/raeucherkegel-jasmin-duft\\\/#primaryimage\",\"url\":\"https:\\\/\\\/ganesha-shop-fuerth.de\\\/onlineshop\\\/wp-content\\\/uploads\\\/Raeucherkegel\\\/Auroshikha\\\/gso-rkegel-auroshikha-0002.jpg\",\"contentUrl\":\"https:\\\/\\\/ganesha-shop-fuerth.de\\\/onlineshop\\\/wp-content\\\/uploads\\\/Raeucherkegel\\\/Auroshikha\\\/gso-rkegel-auroshikha-0002.jpg\",\"width\":900,\"height\":1045,\"caption\":\"R\u00e4ucherkegel Jasmin Duft\"},{\"@type\":\"BreadcrumbList\",\"@id\":\"https:\\\/\\\/ganesha-shop-fuerth.de\\\/onlineshop\\\/shop\\\/raeucherkegel\\\/raeucherkegel-jasmin-duft\\\/#breadcrumb\",\"itemListElement\":[{\"@type\":\"ListItem\",\"position\":1,\"name\":\"Startseite\",\"item\":\"https:\\\/\\\/ganesha-shop-fuerth.de\\\/onlineshop\\\/\"},{\"@type\":\"ListItem\",\"position\":2,\"name\":\"Ganesha Online Shop\",\"item\":\"https:\\\/\\\/ganesha-shop-fuerth.de\\\/onlineshop\\\/shop\\\/\"},{\"@type\":\"ListItem\",\"position\":3,\"name\":\"R\u00e4ucherkegel Jasmin Duft\"}]},{\"@type\":\"WebSite\",\"@id\":\"https:\\\/\\\/ganesha-shop-fuerth.de\\\/onlineshop\\\/#website\",\"url\":\"https:\\\/\\\/ganesha-shop-fuerth.de\\\/onlineshop\\\/\",\"name\":\"Ganesha Online Shop\",\"description\":\"Schmuck Kleidung Accessoires aus Asien\",\"publisher\":{\"@id\":\"https:\\\/\\\/ganesha-shop-fuerth.de\\\/onlineshop\\\/#organization\"},\"potentialAction\":[{\"@type\":\"SearchAction\",\"target\":{\"@type\":\"EntryPoint\",\"urlTemplate\":\"https:\\\/\\\/ganesha-shop-fuerth.de\\\/onlineshop\\\/?s={search_term_string}\"},\"query-input\":{\"@type\":\"PropertyValueSpecification\",\"valueRequired\":true,\"valueName\":\"search_term_string\"}}],\"inLanguage\":\"de\"},{\"@type\":\"Organization\",\"@id\":\"https:\\\/\\\/ganesha-shop-fuerth.de\\\/onlineshop\\\/#organization\",\"name\":\"Ganesha Shop F\u00fcrth\",\"url\":\"https:\\\/\\\/ganesha-shop-fuerth.de\\\/onlineshop\\\/\",\"logo\":{\"@type\":\"ImageObject\",\"inLanguage\":\"de\",\"@id\":\"https:\\\/\\\/ganesha-shop-fuerth.de\\\/onlineshop\\\/#\\\/schema\\\/logo\\\/image\\\/\",\"url\":\"https:\\\/\\\/ganesha-shop-fuerth.de\\\/onlineshop\\\/wp-content\\\/uploads\\\/Logos\\\/ganesha-onlineshop-footer-logo-19-Jahre.png\",\"contentUrl\":\"https:\\\/\\\/ganesha-shop-fuerth.de\\\/onlineshop\\\/wp-content\\\/uploads\\\/Logos\\\/ganesha-onlineshop-footer-logo-19-Jahre.png\",\"width\":250,\"height\":299,\"caption\":\"Ganesha Shop F\u00fcrth\"},\"image\":{\"@id\":\"https:\\\/\\\/ganesha-shop-fuerth.de\\\/onlineshop\\\/#\\\/schema\\\/logo\\\/image\\\/\"},\"sameAs\":[\"https:\\\/\\\/de-de.facebook.com\\\/ganeshashopfuerth\\\/\",\"https:\\\/\\\/www.youtube.com\\\/channel\\\/UCECWtim6iWB8dozVcmw-GcA\"]}]}<\/script>\n<!-- \/ Yoast SEO plugin. -->","yoast_head_json":{"title":"R\u00e4ucherkegel Jasmin Duft - Ganesha Online Shop","description":"R\u00e4ucherkegel Jasmin Duft von Auroshikha im Ganesha Online Shop kaufen. Weiter R\u00e4ucherkegel D\u00fcfte im Shop verf\u00fcgbar.","robots":{"index":"index","follow":"follow","max-snippet":"max-snippet:-1","max-image-preview":"max-image-preview:large","max-video-preview":"max-video-preview:-1"},"canonical":"https:\/\/ganesha-shop-fuerth.de\/onlineshop\/shop\/raeucherkegel\/raeucherkegel-jasmin-duft\/","og_locale":"de_DE","og_type":"article","og_title":"R\u00e4ucherkegel Jasmin Duft - Ganesha Online Shop","og_description":"R\u00e4ucherkegel Jasmin Duft von Auroshikha im Ganesha Online Shop kaufen. Weiter R\u00e4ucherkegel D\u00fcfte im Shop verf\u00fcgbar.","og_url":"https:\/\/ganesha-shop-fuerth.de\/onlineshop\/shop\/raeucherkegel\/raeucherkegel-jasmin-duft\/","og_site_name":"Ganesha Online Shop","article_publisher":"https:\/\/de-de.facebook.com\/ganeshashopfuerth\/","article_modified_time":"2026-01-28T23:41:40+00:00","og_image":[{"width":900,"height":1045,"url":"https:\/\/ganesha-shop-fuerth.de\/onlineshop\/wp-content\/uploads\/Raeucherkegel\/Auroshikha\/gso-rkegel-auroshikha-0002.jpg","type":"image\/jpeg"}],"twitter_card":"summary_large_image","twitter_misc":{"Gesch\u00e4tzte Lesezeit":"1\u00a0Minute"},"schema":{"@context":"https:\/\/schema.org","@graph":[{"@type":"WebPage","@id":"https:\/\/ganesha-shop-fuerth.de\/onlineshop\/shop\/raeucherkegel\/raeucherkegel-jasmin-duft\/","url":"https:\/\/ganesha-shop-fuerth.de\/onlineshop\/shop\/raeucherkegel\/raeucherkegel-jasmin-duft\/","name":"R\u00e4ucherkegel Jasmin Duft - Ganesha Online Shop","isPartOf":{"@id":"https:\/\/ganesha-shop-fuerth.de\/onlineshop\/#website"},"primaryImageOfPage":{"@id":"https:\/\/ganesha-shop-fuerth.de\/onlineshop\/shop\/raeucherkegel\/raeucherkegel-jasmin-duft\/#primaryimage"},"image":{"@id":"https:\/\/ganesha-shop-fuerth.de\/onlineshop\/shop\/raeucherkegel\/raeucherkegel-jasmin-duft\/#primaryimage"},"thumbnailUrl":"https:\/\/ganesha-shop-fuerth.de\/onlineshop\/wp-content\/uploads\/Raeucherkegel\/Auroshikha\/gso-rkegel-auroshikha-0002.jpg","datePublished":"2021-12-16T15:21:53+00:00","dateModified":"2026-01-28T23:41:40+00:00","description":"R\u00e4ucherkegel Jasmin Duft von Auroshikha im Ganesha Online Shop kaufen. Weiter R\u00e4ucherkegel D\u00fcfte im Shop verf\u00fcgbar.","breadcrumb":{"@id":"https:\/\/ganesha-shop-fuerth.de\/onlineshop\/shop\/raeucherkegel\/raeucherkegel-jasmin-duft\/#breadcrumb"},"inLanguage":"de","potentialAction":[{"@type":"ReadAction","target":["https:\/\/ganesha-shop-fuerth.de\/onlineshop\/shop\/raeucherkegel\/raeucherkegel-jasmin-duft\/"]}]},{"@type":"ImageObject","inLanguage":"de","@id":"https:\/\/ganesha-shop-fuerth.de\/onlineshop\/shop\/raeucherkegel\/raeucherkegel-jasmin-duft\/#primaryimage","url":"https:\/\/ganesha-shop-fuerth.de\/onlineshop\/wp-content\/uploads\/Raeucherkegel\/Auroshikha\/gso-rkegel-auroshikha-0002.jpg","contentUrl":"https:\/\/ganesha-shop-fuerth.de\/onlineshop\/wp-content\/uploads\/Raeucherkegel\/Auroshikha\/gso-rkegel-auroshikha-0002.jpg","width":900,"height":1045,"caption":"R\u00e4ucherkegel Jasmin Duft"},{"@type":"BreadcrumbList","@id":"https:\/\/ganesha-shop-fuerth.de\/onlineshop\/shop\/raeucherkegel\/raeucherkegel-jasmin-duft\/#breadcrumb","itemListElement":[{"@type":"ListItem","position":1,"name":"Startseite","item":"https:\/\/ganesha-shop-fuerth.de\/onlineshop\/"},{"@type":"ListItem","position":2,"name":"Ganesha Online Shop","item":"https:\/\/ganesha-shop-fuerth.de\/onlineshop\/shop\/"},{"@type":"ListItem","position":3,"name":"R\u00e4ucherkegel Jasmin Duft"}]},{"@type":"WebSite","@id":"https:\/\/ganesha-shop-fuerth.de\/onlineshop\/#website","url":"https:\/\/ganesha-shop-fuerth.de\/onlineshop\/","name":"Ganesha Online Shop","description":"Schmuck Kleidung Accessoires aus Asien","publisher":{"@id":"https:\/\/ganesha-shop-fuerth.de\/onlineshop\/#organization"},"potentialAction":[{"@type":"SearchAction","target":{"@type":"EntryPoint","urlTemplate":"https:\/\/ganesha-shop-fuerth.de\/onlineshop\/?s={search_term_string}"},"query-input":{"@type":"PropertyValueSpecification","valueRequired":true,"valueName":"search_term_string"}}],"inLanguage":"de"},{"@type":"Organization","@id":"https:\/\/ganesha-shop-fuerth.de\/onlineshop\/#organization","name":"Ganesha Shop F\u00fcrth","url":"https:\/\/ganesha-shop-fuerth.de\/onlineshop\/","logo":{"@type":"ImageObject","inLanguage":"de","@id":"https:\/\/ganesha-shop-fuerth.de\/onlineshop\/#\/schema\/logo\/image\/","url":"https:\/\/ganesha-shop-fuerth.de\/onlineshop\/wp-content\/uploads\/Logos\/ganesha-onlineshop-footer-logo-19-Jahre.png","contentUrl":"https:\/\/ganesha-shop-fuerth.de\/onlineshop\/wp-content\/uploads\/Logos\/ganesha-onlineshop-footer-logo-19-Jahre.png","width":250,"height":299,"caption":"Ganesha Shop F\u00fcrth"},"image":{"@id":"https:\/\/ganesha-shop-fuerth.de\/onlineshop\/#\/schema\/logo\/image\/"},"sameAs":["https:\/\/de-de.facebook.com\/ganeshashopfuerth\/","https:\/\/www.youtube.com\/channel\/UCECWtim6iWB8dozVcmw-GcA"]}]}},"_links":{"self":[{"href":"https:\/\/ganesha-shop-fuerth.de\/onlineshop\/wp-json\/wp\/v2\/product\/4707","targetHints":{"allow":["GET"]}}],"collection":[{"href":"https:\/\/ganesha-shop-fuerth.de\/onlineshop\/wp-json\/wp\/v2\/product"}],"about":[{"href":"https:\/\/ganesha-shop-fuerth.de\/onlineshop\/wp-json\/wp\/v2\/types\/product"}],"replies":[{"embeddable":true,"href":"https:\/\/ganesha-shop-fuerth.de\/onlineshop\/wp-json\/wp\/v2\/comments?post=4707"}],"wp:featuredmedia":[{"embeddable":true,"href":"https:\/\/ganesha-shop-fuerth.de\/onlineshop\/wp-json\/wp\/v2\/media\/4699"}],"wp:attachment":[{"href":"https:\/\/ganesha-shop-fuerth.de\/onlineshop\/wp-json\/wp\/v2\/media?parent=4707"}],"wp:term":[{"taxonomy":"product_brand","embeddable":true,"href":"https:\/\/ganesha-shop-fuerth.de\/onlineshop\/wp-json\/wp\/v2\/product_brand?post=4707"},{"taxonomy":"product_cat","embeddable":true,"href":"https:\/\/ganesha-shop-fuerth.de\/onlineshop\/wp-json\/wp\/v2\/product_cat?post=4707"},{"taxonomy":"product_tag","embeddable":true,"href":"https:\/\/ganesha-shop-fuerth.de\/onlineshop\/wp-json\/wp\/v2\/product_tag?post=4707"}],"curies":[{"name":"wp","href":"https:\/\/api.w.org\/{rel}","templated":true}]}}