{"id":4762,"date":"2021-12-27T20:22:23","date_gmt":"2021-12-27T19:22:23","guid":{"rendered":"https:\/\/ganesha-shop-fuerth.de\/onlineshop\/?post_type=product&#038;p=4762"},"modified":"2024-12-09T11:30:59","modified_gmt":"2024-12-09T10:30:59","slug":"aastha-raeucherstaebchen-von-satya","status":"publish","type":"product","link":"https:\/\/ganesha-shop-fuerth.de\/onlineshop\/shop\/raeucherstaebchen-aus-indien\/satya-raeucherstaebchen\/aastha-raeucherstaebchen-von-satya\/","title":{"rendered":"Aastha R\u00e4ucherst\u00e4bchen von Satya"},"content":{"rendered":"<p>Aastha R\u00e4ucherst\u00e4bchen von Satya aus Indien. Packungsinhalt: 15,0 g entspricht in etwa ca. 12 &#8211; 13 R\u00e4ucherst\u00e4bchen. L\u00e4nge der R\u00e4ucherst\u00e4bchen: ca. 20 cm inkl. Holzstab. Aastha R\u00e4ucherst\u00e4bchen mit Blumenextrakten, Harz, exotischen \u00d6len und anderen nat\u00fcrlichen Inhaltsstoffen, die sorgf\u00e4ltig ausgew\u00e4hlt und f\u00fcr ihren positiven Einfluss erzeugt werden. Satya Aastha ist ideal f\u00fcr Meditation und Yoga. Es beruhigt, entspannt und verbessert die Stimmung. Bitte w\u00e4hlen Sie im obigen Dropdown Men\u00fc die gew\u00fcnschte Anzahl an R\u00e4ucherst\u00e4bchen aus.<\/p>\n<figure id=\"attachment_4761\" aria-describedby=\"caption-attachment-4761\" style=\"width: 420px\" class=\"wp-caption alignnone\"><a href=\"https:\/\/ganesha-shop-fuerth.de\/onlineshop\/wp-content\/uploads\/R\u00e4ucherst\u00e4bchen\/Satya\/gso-rst-satya-aastha.jpg\"><img loading=\"lazy\" decoding=\"async\" class=\"wp-image-4761\" src=\"https:\/\/ganesha-shop-fuerth.de\/onlineshop\/wp-content\/uploads\/R\u00e4ucherst\u00e4bchen\/Satya\/gso-rst-satya-aastha-300x200.jpg\" alt=\"Aastha R\u00e4ucherst\u00e4bchen von Satya Ganesha Shop\" width=\"420\" height=\"280\" srcset=\"https:\/\/ganesha-shop-fuerth.de\/onlineshop\/wp-content\/uploads\/R\u00e4ucherst\u00e4bchen\/Satya\/gso-rst-satya-aastha-300x200.jpg 300w, https:\/\/ganesha-shop-fuerth.de\/onlineshop\/wp-content\/uploads\/R\u00e4ucherst\u00e4bchen\/Satya\/gso-rst-satya-aastha-1024x683.jpg 1024w, https:\/\/ganesha-shop-fuerth.de\/onlineshop\/wp-content\/uploads\/R\u00e4ucherst\u00e4bchen\/Satya\/gso-rst-satya-aastha-768x512.jpg 768w, https:\/\/ganesha-shop-fuerth.de\/onlineshop\/wp-content\/uploads\/R\u00e4ucherst\u00e4bchen\/Satya\/gso-rst-satya-aastha-324x216.jpg 324w, https:\/\/ganesha-shop-fuerth.de\/onlineshop\/wp-content\/uploads\/R\u00e4ucherst\u00e4bchen\/Satya\/gso-rst-satya-aastha-416x277.jpg 416w, https:\/\/ganesha-shop-fuerth.de\/onlineshop\/wp-content\/uploads\/R\u00e4ucherst\u00e4bchen\/Satya\/gso-rst-satya-aastha.jpg 1200w\" sizes=\"auto, (max-width: 420px) 100vw, 420px\" \/><\/a><figcaption id=\"caption-attachment-4761\" class=\"wp-caption-text\">Aastha R\u00e4ucherst\u00e4bchen von Satya<\/figcaption><\/figure>\n","protected":false},"excerpt":{"rendered":"<p>Aastha R\u00e4ucherst\u00e4bchen von Satya aus Indien<\/p>\n","protected":false},"featured_media":4761,"comment_status":"open","ping_status":"closed","template":"","meta":[],"product_brand":[],"product_cat":[195,238],"product_tag":[260],"class_list":{"0":"post-4762","1":"product","2":"type-product","3":"status-publish","4":"has-post-thumbnail","6":"product_cat-raeucherstaebchen-aus-indien","7":"product_cat-satya-raeucherstaebchen","8":"product_tag-raeucherwerk-raeucherware","9":"pa_marke-satya","11":"first","12":"instock","13":"featured","14":"taxable","15":"shipping-taxable","16":"purchasable","17":"product-type-variable"},"yoast_head":"<!-- This site is optimized with the Yoast SEO plugin v27.5 - https:\/\/yoast.com\/product\/yoast-seo-wordpress\/ -->\n<title>Aastha R\u00e4ucherst\u00e4bchen von Satya im Ganesha Online Shop<\/title>\n<meta name=\"description\" content=\"Aastha R\u00e4ucherst\u00e4bchen von Satya im Ganesha Online Shop kaufen. Weitere R\u00e4ucherst\u00e4bchen von Satya aus Indien im Shop verf\u00fcgbar.\" \/>\n<meta name=\"robots\" content=\"index, follow, max-snippet:-1, max-image-preview:large, max-video-preview:-1\" \/>\n<link rel=\"canonical\" href=\"https:\/\/ganesha-shop-fuerth.de\/onlineshop\/shop\/raeucherstaebchen-aus-indien\/satya-raeucherstaebchen\/aastha-raeucherstaebchen-von-satya\/\" \/>\n<meta property=\"og:locale\" content=\"de_DE\" \/>\n<meta property=\"og:type\" content=\"article\" \/>\n<meta property=\"og:title\" content=\"Aastha R\u00e4ucherst\u00e4bchen von Satya im Ganesha Online Shop\" \/>\n<meta property=\"og:description\" content=\"Aastha R\u00e4ucherst\u00e4bchen von Satya im Ganesha Online Shop kaufen. Weitere R\u00e4ucherst\u00e4bchen von Satya aus Indien im Shop verf\u00fcgbar.\" \/>\n<meta property=\"og:url\" content=\"https:\/\/ganesha-shop-fuerth.de\/onlineshop\/shop\/raeucherstaebchen-aus-indien\/satya-raeucherstaebchen\/aastha-raeucherstaebchen-von-satya\/\" \/>\n<meta property=\"og:site_name\" content=\"Ganesha Online Shop\" \/>\n<meta property=\"article:publisher\" content=\"https:\/\/de-de.facebook.com\/ganeshashopfuerth\/\" \/>\n<meta property=\"article:modified_time\" content=\"2024-12-09T10:30:59+00:00\" \/>\n<meta property=\"og:image\" content=\"https:\/\/ganesha-shop-fuerth.de\/onlineshop\/wp-content\/uploads\/R\u00e4ucherst\u00e4bchen\/Satya\/gso-rst-satya-aastha.jpg\" \/>\n\t<meta property=\"og:image:width\" content=\"1200\" \/>\n\t<meta property=\"og:image:height\" content=\"800\" \/>\n\t<meta property=\"og:image:type\" content=\"image\/jpeg\" \/>\n<meta name=\"twitter:card\" content=\"summary_large_image\" \/>\n<meta name=\"twitter:label1\" content=\"Gesch\u00e4tzte Lesezeit\" \/>\n\t<meta name=\"twitter:data1\" content=\"1\u00a0Minute\" \/>\n<script type=\"application\/ld+json\" class=\"yoast-schema-graph\">{\"@context\":\"https:\\\/\\\/schema.org\",\"@graph\":[{\"@type\":\"WebPage\",\"@id\":\"https:\\\/\\\/ganesha-shop-fuerth.de\\\/onlineshop\\\/shop\\\/raeucherstaebchen-aus-indien\\\/satya-raeucherstaebchen\\\/aastha-raeucherstaebchen-von-satya\\\/\",\"url\":\"https:\\\/\\\/ganesha-shop-fuerth.de\\\/onlineshop\\\/shop\\\/raeucherstaebchen-aus-indien\\\/satya-raeucherstaebchen\\\/aastha-raeucherstaebchen-von-satya\\\/\",\"name\":\"Aastha R\u00e4ucherst\u00e4bchen von Satya im Ganesha Online Shop\",\"isPartOf\":{\"@id\":\"https:\\\/\\\/ganesha-shop-fuerth.de\\\/onlineshop\\\/#website\"},\"primaryImageOfPage\":{\"@id\":\"https:\\\/\\\/ganesha-shop-fuerth.de\\\/onlineshop\\\/shop\\\/raeucherstaebchen-aus-indien\\\/satya-raeucherstaebchen\\\/aastha-raeucherstaebchen-von-satya\\\/#primaryimage\"},\"image\":{\"@id\":\"https:\\\/\\\/ganesha-shop-fuerth.de\\\/onlineshop\\\/shop\\\/raeucherstaebchen-aus-indien\\\/satya-raeucherstaebchen\\\/aastha-raeucherstaebchen-von-satya\\\/#primaryimage\"},\"thumbnailUrl\":\"https:\\\/\\\/ganesha-shop-fuerth.de\\\/onlineshop\\\/wp-content\\\/uploads\\\/R\u00e4ucherst\u00e4bchen\\\/Satya\\\/gso-rst-satya-aastha.jpg\",\"datePublished\":\"2021-12-27T19:22:23+00:00\",\"dateModified\":\"2024-12-09T10:30:59+00:00\",\"description\":\"Aastha R\u00e4ucherst\u00e4bchen von Satya im Ganesha Online Shop kaufen. Weitere R\u00e4ucherst\u00e4bchen von Satya aus Indien im Shop verf\u00fcgbar.\",\"breadcrumb\":{\"@id\":\"https:\\\/\\\/ganesha-shop-fuerth.de\\\/onlineshop\\\/shop\\\/raeucherstaebchen-aus-indien\\\/satya-raeucherstaebchen\\\/aastha-raeucherstaebchen-von-satya\\\/#breadcrumb\"},\"inLanguage\":\"de\",\"potentialAction\":[{\"@type\":\"ReadAction\",\"target\":[\"https:\\\/\\\/ganesha-shop-fuerth.de\\\/onlineshop\\\/shop\\\/raeucherstaebchen-aus-indien\\\/satya-raeucherstaebchen\\\/aastha-raeucherstaebchen-von-satya\\\/\"]}]},{\"@type\":\"ImageObject\",\"inLanguage\":\"de\",\"@id\":\"https:\\\/\\\/ganesha-shop-fuerth.de\\\/onlineshop\\\/shop\\\/raeucherstaebchen-aus-indien\\\/satya-raeucherstaebchen\\\/aastha-raeucherstaebchen-von-satya\\\/#primaryimage\",\"url\":\"https:\\\/\\\/ganesha-shop-fuerth.de\\\/onlineshop\\\/wp-content\\\/uploads\\\/R\u00e4ucherst\u00e4bchen\\\/Satya\\\/gso-rst-satya-aastha.jpg\",\"contentUrl\":\"https:\\\/\\\/ganesha-shop-fuerth.de\\\/onlineshop\\\/wp-content\\\/uploads\\\/R\u00e4ucherst\u00e4bchen\\\/Satya\\\/gso-rst-satya-aastha.jpg\",\"width\":1200,\"height\":800,\"caption\":\"Aastha R\u00e4ucherst\u00e4bchen von Satya\"},{\"@type\":\"BreadcrumbList\",\"@id\":\"https:\\\/\\\/ganesha-shop-fuerth.de\\\/onlineshop\\\/shop\\\/raeucherstaebchen-aus-indien\\\/satya-raeucherstaebchen\\\/aastha-raeucherstaebchen-von-satya\\\/#breadcrumb\",\"itemListElement\":[{\"@type\":\"ListItem\",\"position\":1,\"name\":\"Startseite\",\"item\":\"https:\\\/\\\/ganesha-shop-fuerth.de\\\/onlineshop\\\/\"},{\"@type\":\"ListItem\",\"position\":2,\"name\":\"Ganesha Online Shop\",\"item\":\"https:\\\/\\\/ganesha-shop-fuerth.de\\\/onlineshop\\\/shop\\\/\"},{\"@type\":\"ListItem\",\"position\":3,\"name\":\"Aastha R\u00e4ucherst\u00e4bchen von Satya\"}]},{\"@type\":\"WebSite\",\"@id\":\"https:\\\/\\\/ganesha-shop-fuerth.de\\\/onlineshop\\\/#website\",\"url\":\"https:\\\/\\\/ganesha-shop-fuerth.de\\\/onlineshop\\\/\",\"name\":\"Ganesha Online Shop\",\"description\":\"Schmuck Kleidung Accessoires aus Asien\",\"publisher\":{\"@id\":\"https:\\\/\\\/ganesha-shop-fuerth.de\\\/onlineshop\\\/#organization\"},\"potentialAction\":[{\"@type\":\"SearchAction\",\"target\":{\"@type\":\"EntryPoint\",\"urlTemplate\":\"https:\\\/\\\/ganesha-shop-fuerth.de\\\/onlineshop\\\/?s={search_term_string}\"},\"query-input\":{\"@type\":\"PropertyValueSpecification\",\"valueRequired\":true,\"valueName\":\"search_term_string\"}}],\"inLanguage\":\"de\"},{\"@type\":\"Organization\",\"@id\":\"https:\\\/\\\/ganesha-shop-fuerth.de\\\/onlineshop\\\/#organization\",\"name\":\"Ganesha Shop F\u00fcrth\",\"url\":\"https:\\\/\\\/ganesha-shop-fuerth.de\\\/onlineshop\\\/\",\"logo\":{\"@type\":\"ImageObject\",\"inLanguage\":\"de\",\"@id\":\"https:\\\/\\\/ganesha-shop-fuerth.de\\\/onlineshop\\\/#\\\/schema\\\/logo\\\/image\\\/\",\"url\":\"https:\\\/\\\/ganesha-shop-fuerth.de\\\/onlineshop\\\/wp-content\\\/uploads\\\/Logos\\\/ganesha-onlineshop-footer-logo-19-Jahre.png\",\"contentUrl\":\"https:\\\/\\\/ganesha-shop-fuerth.de\\\/onlineshop\\\/wp-content\\\/uploads\\\/Logos\\\/ganesha-onlineshop-footer-logo-19-Jahre.png\",\"width\":250,\"height\":299,\"caption\":\"Ganesha Shop F\u00fcrth\"},\"image\":{\"@id\":\"https:\\\/\\\/ganesha-shop-fuerth.de\\\/onlineshop\\\/#\\\/schema\\\/logo\\\/image\\\/\"},\"sameAs\":[\"https:\\\/\\\/de-de.facebook.com\\\/ganeshashopfuerth\\\/\",\"https:\\\/\\\/www.youtube.com\\\/channel\\\/UCECWtim6iWB8dozVcmw-GcA\"]}]}<\/script>\n<!-- \/ Yoast SEO plugin. -->","yoast_head_json":{"title":"Aastha R\u00e4ucherst\u00e4bchen von Satya im Ganesha Online Shop","description":"Aastha R\u00e4ucherst\u00e4bchen von Satya im Ganesha Online Shop kaufen. Weitere R\u00e4ucherst\u00e4bchen von Satya aus Indien im Shop verf\u00fcgbar.","robots":{"index":"index","follow":"follow","max-snippet":"max-snippet:-1","max-image-preview":"max-image-preview:large","max-video-preview":"max-video-preview:-1"},"canonical":"https:\/\/ganesha-shop-fuerth.de\/onlineshop\/shop\/raeucherstaebchen-aus-indien\/satya-raeucherstaebchen\/aastha-raeucherstaebchen-von-satya\/","og_locale":"de_DE","og_type":"article","og_title":"Aastha R\u00e4ucherst\u00e4bchen von Satya im Ganesha Online Shop","og_description":"Aastha R\u00e4ucherst\u00e4bchen von Satya im Ganesha Online Shop kaufen. Weitere R\u00e4ucherst\u00e4bchen von Satya aus Indien im Shop verf\u00fcgbar.","og_url":"https:\/\/ganesha-shop-fuerth.de\/onlineshop\/shop\/raeucherstaebchen-aus-indien\/satya-raeucherstaebchen\/aastha-raeucherstaebchen-von-satya\/","og_site_name":"Ganesha Online Shop","article_publisher":"https:\/\/de-de.facebook.com\/ganeshashopfuerth\/","article_modified_time":"2024-12-09T10:30:59+00:00","og_image":[{"width":1200,"height":800,"url":"https:\/\/ganesha-shop-fuerth.de\/onlineshop\/wp-content\/uploads\/R\u00e4ucherst\u00e4bchen\/Satya\/gso-rst-satya-aastha.jpg","type":"image\/jpeg"}],"twitter_card":"summary_large_image","twitter_misc":{"Gesch\u00e4tzte Lesezeit":"1\u00a0Minute"},"schema":{"@context":"https:\/\/schema.org","@graph":[{"@type":"WebPage","@id":"https:\/\/ganesha-shop-fuerth.de\/onlineshop\/shop\/raeucherstaebchen-aus-indien\/satya-raeucherstaebchen\/aastha-raeucherstaebchen-von-satya\/","url":"https:\/\/ganesha-shop-fuerth.de\/onlineshop\/shop\/raeucherstaebchen-aus-indien\/satya-raeucherstaebchen\/aastha-raeucherstaebchen-von-satya\/","name":"Aastha R\u00e4ucherst\u00e4bchen von Satya im Ganesha Online Shop","isPartOf":{"@id":"https:\/\/ganesha-shop-fuerth.de\/onlineshop\/#website"},"primaryImageOfPage":{"@id":"https:\/\/ganesha-shop-fuerth.de\/onlineshop\/shop\/raeucherstaebchen-aus-indien\/satya-raeucherstaebchen\/aastha-raeucherstaebchen-von-satya\/#primaryimage"},"image":{"@id":"https:\/\/ganesha-shop-fuerth.de\/onlineshop\/shop\/raeucherstaebchen-aus-indien\/satya-raeucherstaebchen\/aastha-raeucherstaebchen-von-satya\/#primaryimage"},"thumbnailUrl":"https:\/\/ganesha-shop-fuerth.de\/onlineshop\/wp-content\/uploads\/R\u00e4ucherst\u00e4bchen\/Satya\/gso-rst-satya-aastha.jpg","datePublished":"2021-12-27T19:22:23+00:00","dateModified":"2024-12-09T10:30:59+00:00","description":"Aastha R\u00e4ucherst\u00e4bchen von Satya im Ganesha Online Shop kaufen. Weitere R\u00e4ucherst\u00e4bchen von Satya aus Indien im Shop verf\u00fcgbar.","breadcrumb":{"@id":"https:\/\/ganesha-shop-fuerth.de\/onlineshop\/shop\/raeucherstaebchen-aus-indien\/satya-raeucherstaebchen\/aastha-raeucherstaebchen-von-satya\/#breadcrumb"},"inLanguage":"de","potentialAction":[{"@type":"ReadAction","target":["https:\/\/ganesha-shop-fuerth.de\/onlineshop\/shop\/raeucherstaebchen-aus-indien\/satya-raeucherstaebchen\/aastha-raeucherstaebchen-von-satya\/"]}]},{"@type":"ImageObject","inLanguage":"de","@id":"https:\/\/ganesha-shop-fuerth.de\/onlineshop\/shop\/raeucherstaebchen-aus-indien\/satya-raeucherstaebchen\/aastha-raeucherstaebchen-von-satya\/#primaryimage","url":"https:\/\/ganesha-shop-fuerth.de\/onlineshop\/wp-content\/uploads\/R\u00e4ucherst\u00e4bchen\/Satya\/gso-rst-satya-aastha.jpg","contentUrl":"https:\/\/ganesha-shop-fuerth.de\/onlineshop\/wp-content\/uploads\/R\u00e4ucherst\u00e4bchen\/Satya\/gso-rst-satya-aastha.jpg","width":1200,"height":800,"caption":"Aastha R\u00e4ucherst\u00e4bchen von Satya"},{"@type":"BreadcrumbList","@id":"https:\/\/ganesha-shop-fuerth.de\/onlineshop\/shop\/raeucherstaebchen-aus-indien\/satya-raeucherstaebchen\/aastha-raeucherstaebchen-von-satya\/#breadcrumb","itemListElement":[{"@type":"ListItem","position":1,"name":"Startseite","item":"https:\/\/ganesha-shop-fuerth.de\/onlineshop\/"},{"@type":"ListItem","position":2,"name":"Ganesha Online Shop","item":"https:\/\/ganesha-shop-fuerth.de\/onlineshop\/shop\/"},{"@type":"ListItem","position":3,"name":"Aastha R\u00e4ucherst\u00e4bchen von Satya"}]},{"@type":"WebSite","@id":"https:\/\/ganesha-shop-fuerth.de\/onlineshop\/#website","url":"https:\/\/ganesha-shop-fuerth.de\/onlineshop\/","name":"Ganesha Online Shop","description":"Schmuck Kleidung Accessoires aus Asien","publisher":{"@id":"https:\/\/ganesha-shop-fuerth.de\/onlineshop\/#organization"},"potentialAction":[{"@type":"SearchAction","target":{"@type":"EntryPoint","urlTemplate":"https:\/\/ganesha-shop-fuerth.de\/onlineshop\/?s={search_term_string}"},"query-input":{"@type":"PropertyValueSpecification","valueRequired":true,"valueName":"search_term_string"}}],"inLanguage":"de"},{"@type":"Organization","@id":"https:\/\/ganesha-shop-fuerth.de\/onlineshop\/#organization","name":"Ganesha Shop F\u00fcrth","url":"https:\/\/ganesha-shop-fuerth.de\/onlineshop\/","logo":{"@type":"ImageObject","inLanguage":"de","@id":"https:\/\/ganesha-shop-fuerth.de\/onlineshop\/#\/schema\/logo\/image\/","url":"https:\/\/ganesha-shop-fuerth.de\/onlineshop\/wp-content\/uploads\/Logos\/ganesha-onlineshop-footer-logo-19-Jahre.png","contentUrl":"https:\/\/ganesha-shop-fuerth.de\/onlineshop\/wp-content\/uploads\/Logos\/ganesha-onlineshop-footer-logo-19-Jahre.png","width":250,"height":299,"caption":"Ganesha Shop F\u00fcrth"},"image":{"@id":"https:\/\/ganesha-shop-fuerth.de\/onlineshop\/#\/schema\/logo\/image\/"},"sameAs":["https:\/\/de-de.facebook.com\/ganeshashopfuerth\/","https:\/\/www.youtube.com\/channel\/UCECWtim6iWB8dozVcmw-GcA"]}]}},"_links":{"self":[{"href":"https:\/\/ganesha-shop-fuerth.de\/onlineshop\/wp-json\/wp\/v2\/product\/4762","targetHints":{"allow":["GET"]}}],"collection":[{"href":"https:\/\/ganesha-shop-fuerth.de\/onlineshop\/wp-json\/wp\/v2\/product"}],"about":[{"href":"https:\/\/ganesha-shop-fuerth.de\/onlineshop\/wp-json\/wp\/v2\/types\/product"}],"replies":[{"embeddable":true,"href":"https:\/\/ganesha-shop-fuerth.de\/onlineshop\/wp-json\/wp\/v2\/comments?post=4762"}],"wp:featuredmedia":[{"embeddable":true,"href":"https:\/\/ganesha-shop-fuerth.de\/onlineshop\/wp-json\/wp\/v2\/media\/4761"}],"wp:attachment":[{"href":"https:\/\/ganesha-shop-fuerth.de\/onlineshop\/wp-json\/wp\/v2\/media?parent=4762"}],"wp:term":[{"taxonomy":"product_brand","embeddable":true,"href":"https:\/\/ganesha-shop-fuerth.de\/onlineshop\/wp-json\/wp\/v2\/product_brand?post=4762"},{"taxonomy":"product_cat","embeddable":true,"href":"https:\/\/ganesha-shop-fuerth.de\/onlineshop\/wp-json\/wp\/v2\/product_cat?post=4762"},{"taxonomy":"product_tag","embeddable":true,"href":"https:\/\/ganesha-shop-fuerth.de\/onlineshop\/wp-json\/wp\/v2\/product_tag?post=4762"}],"curies":[{"name":"wp","href":"https:\/\/api.w.org\/{rel}","templated":true}]}}