{"id":5164,"date":"2022-08-12T15:55:24","date_gmt":"2022-08-12T13:55:24","guid":{"rendered":"https:\/\/ganesha-shop-fuerth.de\/onlineshop\/?post_type=product&#038;p=5164"},"modified":"2026-01-07T15:07:47","modified_gmt":"2026-01-07T14:07:47","slug":"messing-armband-und-halskette-mit-glasperlen","status":"publish","type":"product","link":"https:\/\/ganesha-shop-fuerth.de\/onlineshop\/shop\/modeschmuck-aus-asien\/armband-und-halskette-als-set\/messing-armband-und-halskette-mit-glasperlen\/","title":{"rendered":"Messing Armband und Halskette mit Glasperlen"},"content":{"rendered":"<p>Messing Armband und Halskette mit Glasperlen aus Indien. Armband und Halskette sind best\u00fcckt mit Messingperlen und Glasperlen. Das Armband ist um 22 \u00d6sen (ca. 7cm;) erweiterbar. Die Halkette hat 20 \u00d6sen (ca. 6 cm) zum Erweitern oder k\u00fcrzen. L\u00e4nge des Armbands (ge\u00f6ffnet mit 22 \u00d6sen): ca 27 cm, geschlossen (wie auf dem Produktbild) ca. 12 cm. L\u00e4nge der Halskette (ge\u00f6ffnet mit 20 \u00d6sen): ca 56 cm, geschlossen (wie auf dem Produktbild) ca. 26 cm. Gewicht Armband: 28 g. Gewicht Halskette: 76 g. Preis = Set Preis.<\/p>\n<figure id=\"attachment_5163\" aria-describedby=\"caption-attachment-5163\" style=\"width: 360px\" class=\"wp-caption alignnone\"><a href=\"https:\/\/ganesha-shop-fuerth.de\/onlineshop\/wp-content\/uploads\/Modeschmuck\/Armbaender-und-Halsketten-Set\/gso-armband-halskette-set-ind-0001.jpg\"><img loading=\"lazy\" decoding=\"async\" class=\"wp-image-5163\" src=\"https:\/\/ganesha-shop-fuerth.de\/onlineshop\/wp-content\/uploads\/Modeschmuck\/Armbaender-und-Halsketten-Set\/gso-armband-halskette-set-ind-0001-258x300.jpg\" alt=\"Messing Armband und Halskette mit Glasperlen\" width=\"360\" height=\"418\" srcset=\"https:\/\/ganesha-shop-fuerth.de\/onlineshop\/wp-content\/uploads\/Modeschmuck\/Armbaender-und-Halsketten-Set\/gso-armband-halskette-set-ind-0001-258x300.jpg 258w, https:\/\/ganesha-shop-fuerth.de\/onlineshop\/wp-content\/uploads\/Modeschmuck\/Armbaender-und-Halsketten-Set\/gso-armband-halskette-set-ind-0001-881x1024.jpg 881w, https:\/\/ganesha-shop-fuerth.de\/onlineshop\/wp-content\/uploads\/Modeschmuck\/Armbaender-und-Halsketten-Set\/gso-armband-halskette-set-ind-0001-768x892.jpg 768w, https:\/\/ganesha-shop-fuerth.de\/onlineshop\/wp-content\/uploads\/Modeschmuck\/Armbaender-und-Halsketten-Set\/gso-armband-halskette-set-ind-0001-324x376.jpg 324w, https:\/\/ganesha-shop-fuerth.de\/onlineshop\/wp-content\/uploads\/Modeschmuck\/Armbaender-und-Halsketten-Set\/gso-armband-halskette-set-ind-0001-416x483.jpg 416w, https:\/\/ganesha-shop-fuerth.de\/onlineshop\/wp-content\/uploads\/Modeschmuck\/Armbaender-und-Halsketten-Set\/gso-armband-halskette-set-ind-0001.jpg 1033w\" sizes=\"auto, (max-width: 360px) 100vw, 360px\" \/><\/a><figcaption id=\"caption-attachment-5163\" class=\"wp-caption-text\">Messing Armband und Halskette mit Glasperlen im Set<\/figcaption><\/figure>\n","protected":false},"excerpt":{"rendered":"<p>Messing Armband und Halskette mit Glasperlen<\/p>\n","protected":false},"featured_media":5163,"comment_status":"open","ping_status":"closed","template":"","meta":[],"product_brand":[],"product_cat":[311,312,217,171,208,77],"product_tag":[211,117,116,173],"class_list":{"0":"post-5164","1":"product","2":"type-product","3":"status-publish","4":"has-post-thumbnail","6":"product_cat-armband-und-halskette-als-set","7":"product_cat-halsketten","8":"product_cat-messing-kette","9":"product_cat-messing-schmuck","10":"product_cat-modeschmuck-aus-asien","11":"product_cat-reduzierte-artikel","12":"product_tag-armbaender","13":"product_tag-armketten","14":"product_tag-halsketten","15":"product_tag-messing-schmuck","17":"first","18":"instock","19":"sale","20":"taxable","21":"shipping-taxable","22":"purchasable","23":"product-type-simple"},"yoast_head":"<!-- This site is optimized with the Yoast SEO plugin v27.4 - https:\/\/yoast.com\/product\/yoast-seo-wordpress\/ -->\n<title>Messing Armband und Halskette mit Glasperlen im Set<\/title>\n<meta name=\"description\" content=\"Messing Armband und Halskette mit Glasperlen im Set im Ganesha Online Shop kaufen. Weiterer Modeschmuck mit Messing oder Glasperlen im Shop verf\u00fcgbar.\" \/>\n<meta name=\"robots\" content=\"index, follow, max-snippet:-1, max-image-preview:large, max-video-preview:-1\" \/>\n<link rel=\"canonical\" href=\"https:\/\/ganesha-shop-fuerth.de\/onlineshop\/shop\/modeschmuck-aus-asien\/armband-und-halskette-als-set\/messing-armband-und-halskette-mit-glasperlen\/\" \/>\n<meta property=\"og:locale\" content=\"de_DE\" \/>\n<meta property=\"og:type\" content=\"article\" \/>\n<meta property=\"og:title\" content=\"Messing Armband und Halskette mit Glasperlen im Set\" \/>\n<meta property=\"og:description\" content=\"Messing Armband und Halskette mit Glasperlen im Set im Ganesha Online Shop kaufen. Weiterer Modeschmuck mit Messing oder Glasperlen im Shop verf\u00fcgbar.\" \/>\n<meta property=\"og:url\" content=\"https:\/\/ganesha-shop-fuerth.de\/onlineshop\/shop\/modeschmuck-aus-asien\/armband-und-halskette-als-set\/messing-armband-und-halskette-mit-glasperlen\/\" \/>\n<meta property=\"og:site_name\" content=\"Ganesha Online Shop\" \/>\n<meta property=\"article:publisher\" content=\"https:\/\/de-de.facebook.com\/ganeshashopfuerth\/\" \/>\n<meta property=\"article:modified_time\" content=\"2026-01-07T14:07:47+00:00\" \/>\n<meta property=\"og:image\" content=\"https:\/\/ganesha-shop-fuerth.de\/onlineshop\/wp-content\/uploads\/Modeschmuck\/Armbaender-und-Halsketten-Set\/gso-armband-halskette-set-ind-0001.jpg\" \/>\n\t<meta property=\"og:image:width\" content=\"1033\" \/>\n\t<meta property=\"og:image:height\" content=\"1200\" \/>\n\t<meta property=\"og:image:type\" content=\"image\/jpeg\" \/>\n<meta name=\"twitter:card\" content=\"summary_large_image\" \/>\n<meta name=\"twitter:label1\" content=\"Gesch\u00e4tzte Lesezeit\" \/>\n\t<meta name=\"twitter:data1\" content=\"1\u00a0Minute\" \/>\n<script type=\"application\/ld+json\" class=\"yoast-schema-graph\">{\"@context\":\"https:\\\/\\\/schema.org\",\"@graph\":[{\"@type\":\"WebPage\",\"@id\":\"https:\\\/\\\/ganesha-shop-fuerth.de\\\/onlineshop\\\/shop\\\/modeschmuck-aus-asien\\\/armband-und-halskette-als-set\\\/messing-armband-und-halskette-mit-glasperlen\\\/\",\"url\":\"https:\\\/\\\/ganesha-shop-fuerth.de\\\/onlineshop\\\/shop\\\/modeschmuck-aus-asien\\\/armband-und-halskette-als-set\\\/messing-armband-und-halskette-mit-glasperlen\\\/\",\"name\":\"Messing Armband und Halskette mit Glasperlen im Set\",\"isPartOf\":{\"@id\":\"https:\\\/\\\/ganesha-shop-fuerth.de\\\/onlineshop\\\/#website\"},\"primaryImageOfPage\":{\"@id\":\"https:\\\/\\\/ganesha-shop-fuerth.de\\\/onlineshop\\\/shop\\\/modeschmuck-aus-asien\\\/armband-und-halskette-als-set\\\/messing-armband-und-halskette-mit-glasperlen\\\/#primaryimage\"},\"image\":{\"@id\":\"https:\\\/\\\/ganesha-shop-fuerth.de\\\/onlineshop\\\/shop\\\/modeschmuck-aus-asien\\\/armband-und-halskette-als-set\\\/messing-armband-und-halskette-mit-glasperlen\\\/#primaryimage\"},\"thumbnailUrl\":\"https:\\\/\\\/ganesha-shop-fuerth.de\\\/onlineshop\\\/wp-content\\\/uploads\\\/Modeschmuck\\\/Armbaender-und-Halsketten-Set\\\/gso-armband-halskette-set-ind-0001.jpg\",\"datePublished\":\"2022-08-12T13:55:24+00:00\",\"dateModified\":\"2026-01-07T14:07:47+00:00\",\"description\":\"Messing Armband und Halskette mit Glasperlen im Set im Ganesha Online Shop kaufen. Weiterer Modeschmuck mit Messing oder Glasperlen im Shop verf\u00fcgbar.\",\"breadcrumb\":{\"@id\":\"https:\\\/\\\/ganesha-shop-fuerth.de\\\/onlineshop\\\/shop\\\/modeschmuck-aus-asien\\\/armband-und-halskette-als-set\\\/messing-armband-und-halskette-mit-glasperlen\\\/#breadcrumb\"},\"inLanguage\":\"de\",\"potentialAction\":[{\"@type\":\"ReadAction\",\"target\":[\"https:\\\/\\\/ganesha-shop-fuerth.de\\\/onlineshop\\\/shop\\\/modeschmuck-aus-asien\\\/armband-und-halskette-als-set\\\/messing-armband-und-halskette-mit-glasperlen\\\/\"]}]},{\"@type\":\"ImageObject\",\"inLanguage\":\"de\",\"@id\":\"https:\\\/\\\/ganesha-shop-fuerth.de\\\/onlineshop\\\/shop\\\/modeschmuck-aus-asien\\\/armband-und-halskette-als-set\\\/messing-armband-und-halskette-mit-glasperlen\\\/#primaryimage\",\"url\":\"https:\\\/\\\/ganesha-shop-fuerth.de\\\/onlineshop\\\/wp-content\\\/uploads\\\/Modeschmuck\\\/Armbaender-und-Halsketten-Set\\\/gso-armband-halskette-set-ind-0001.jpg\",\"contentUrl\":\"https:\\\/\\\/ganesha-shop-fuerth.de\\\/onlineshop\\\/wp-content\\\/uploads\\\/Modeschmuck\\\/Armbaender-und-Halsketten-Set\\\/gso-armband-halskette-set-ind-0001.jpg\",\"width\":1033,\"height\":1200,\"caption\":\"Messing Armband und Halskette mit Glasperlen im Set\"},{\"@type\":\"BreadcrumbList\",\"@id\":\"https:\\\/\\\/ganesha-shop-fuerth.de\\\/onlineshop\\\/shop\\\/modeschmuck-aus-asien\\\/armband-und-halskette-als-set\\\/messing-armband-und-halskette-mit-glasperlen\\\/#breadcrumb\",\"itemListElement\":[{\"@type\":\"ListItem\",\"position\":1,\"name\":\"Startseite\",\"item\":\"https:\\\/\\\/ganesha-shop-fuerth.de\\\/onlineshop\\\/\"},{\"@type\":\"ListItem\",\"position\":2,\"name\":\"Ganesha Online Shop\",\"item\":\"https:\\\/\\\/ganesha-shop-fuerth.de\\\/onlineshop\\\/shop\\\/\"},{\"@type\":\"ListItem\",\"position\":3,\"name\":\"Messing Armband und Halskette mit Glasperlen\"}]},{\"@type\":\"WebSite\",\"@id\":\"https:\\\/\\\/ganesha-shop-fuerth.de\\\/onlineshop\\\/#website\",\"url\":\"https:\\\/\\\/ganesha-shop-fuerth.de\\\/onlineshop\\\/\",\"name\":\"Ganesha Online Shop\",\"description\":\"Schmuck Kleidung Accessoires aus Asien\",\"publisher\":{\"@id\":\"https:\\\/\\\/ganesha-shop-fuerth.de\\\/onlineshop\\\/#organization\"},\"potentialAction\":[{\"@type\":\"SearchAction\",\"target\":{\"@type\":\"EntryPoint\",\"urlTemplate\":\"https:\\\/\\\/ganesha-shop-fuerth.de\\\/onlineshop\\\/?s={search_term_string}\"},\"query-input\":{\"@type\":\"PropertyValueSpecification\",\"valueRequired\":true,\"valueName\":\"search_term_string\"}}],\"inLanguage\":\"de\"},{\"@type\":\"Organization\",\"@id\":\"https:\\\/\\\/ganesha-shop-fuerth.de\\\/onlineshop\\\/#organization\",\"name\":\"Ganesha Shop F\u00fcrth\",\"url\":\"https:\\\/\\\/ganesha-shop-fuerth.de\\\/onlineshop\\\/\",\"logo\":{\"@type\":\"ImageObject\",\"inLanguage\":\"de\",\"@id\":\"https:\\\/\\\/ganesha-shop-fuerth.de\\\/onlineshop\\\/#\\\/schema\\\/logo\\\/image\\\/\",\"url\":\"https:\\\/\\\/ganesha-shop-fuerth.de\\\/onlineshop\\\/wp-content\\\/uploads\\\/Logos\\\/ganesha-onlineshop-footer-logo-19-Jahre.png\",\"contentUrl\":\"https:\\\/\\\/ganesha-shop-fuerth.de\\\/onlineshop\\\/wp-content\\\/uploads\\\/Logos\\\/ganesha-onlineshop-footer-logo-19-Jahre.png\",\"width\":250,\"height\":299,\"caption\":\"Ganesha Shop F\u00fcrth\"},\"image\":{\"@id\":\"https:\\\/\\\/ganesha-shop-fuerth.de\\\/onlineshop\\\/#\\\/schema\\\/logo\\\/image\\\/\"},\"sameAs\":[\"https:\\\/\\\/de-de.facebook.com\\\/ganeshashopfuerth\\\/\",\"https:\\\/\\\/www.youtube.com\\\/channel\\\/UCECWtim6iWB8dozVcmw-GcA\"]}]}<\/script>\n<!-- \/ Yoast SEO plugin. -->","yoast_head_json":{"title":"Messing Armband und Halskette mit Glasperlen im Set","description":"Messing Armband und Halskette mit Glasperlen im Set im Ganesha Online Shop kaufen. Weiterer Modeschmuck mit Messing oder Glasperlen im Shop verf\u00fcgbar.","robots":{"index":"index","follow":"follow","max-snippet":"max-snippet:-1","max-image-preview":"max-image-preview:large","max-video-preview":"max-video-preview:-1"},"canonical":"https:\/\/ganesha-shop-fuerth.de\/onlineshop\/shop\/modeschmuck-aus-asien\/armband-und-halskette-als-set\/messing-armband-und-halskette-mit-glasperlen\/","og_locale":"de_DE","og_type":"article","og_title":"Messing Armband und Halskette mit Glasperlen im Set","og_description":"Messing Armband und Halskette mit Glasperlen im Set im Ganesha Online Shop kaufen. Weiterer Modeschmuck mit Messing oder Glasperlen im Shop verf\u00fcgbar.","og_url":"https:\/\/ganesha-shop-fuerth.de\/onlineshop\/shop\/modeschmuck-aus-asien\/armband-und-halskette-als-set\/messing-armband-und-halskette-mit-glasperlen\/","og_site_name":"Ganesha Online Shop","article_publisher":"https:\/\/de-de.facebook.com\/ganeshashopfuerth\/","article_modified_time":"2026-01-07T14:07:47+00:00","og_image":[{"width":1033,"height":1200,"url":"https:\/\/ganesha-shop-fuerth.de\/onlineshop\/wp-content\/uploads\/Modeschmuck\/Armbaender-und-Halsketten-Set\/gso-armband-halskette-set-ind-0001.jpg","type":"image\/jpeg"}],"twitter_card":"summary_large_image","twitter_misc":{"Gesch\u00e4tzte Lesezeit":"1\u00a0Minute"},"schema":{"@context":"https:\/\/schema.org","@graph":[{"@type":"WebPage","@id":"https:\/\/ganesha-shop-fuerth.de\/onlineshop\/shop\/modeschmuck-aus-asien\/armband-und-halskette-als-set\/messing-armband-und-halskette-mit-glasperlen\/","url":"https:\/\/ganesha-shop-fuerth.de\/onlineshop\/shop\/modeschmuck-aus-asien\/armband-und-halskette-als-set\/messing-armband-und-halskette-mit-glasperlen\/","name":"Messing Armband und Halskette mit Glasperlen im Set","isPartOf":{"@id":"https:\/\/ganesha-shop-fuerth.de\/onlineshop\/#website"},"primaryImageOfPage":{"@id":"https:\/\/ganesha-shop-fuerth.de\/onlineshop\/shop\/modeschmuck-aus-asien\/armband-und-halskette-als-set\/messing-armband-und-halskette-mit-glasperlen\/#primaryimage"},"image":{"@id":"https:\/\/ganesha-shop-fuerth.de\/onlineshop\/shop\/modeschmuck-aus-asien\/armband-und-halskette-als-set\/messing-armband-und-halskette-mit-glasperlen\/#primaryimage"},"thumbnailUrl":"https:\/\/ganesha-shop-fuerth.de\/onlineshop\/wp-content\/uploads\/Modeschmuck\/Armbaender-und-Halsketten-Set\/gso-armband-halskette-set-ind-0001.jpg","datePublished":"2022-08-12T13:55:24+00:00","dateModified":"2026-01-07T14:07:47+00:00","description":"Messing Armband und Halskette mit Glasperlen im Set im Ganesha Online Shop kaufen. Weiterer Modeschmuck mit Messing oder Glasperlen im Shop verf\u00fcgbar.","breadcrumb":{"@id":"https:\/\/ganesha-shop-fuerth.de\/onlineshop\/shop\/modeschmuck-aus-asien\/armband-und-halskette-als-set\/messing-armband-und-halskette-mit-glasperlen\/#breadcrumb"},"inLanguage":"de","potentialAction":[{"@type":"ReadAction","target":["https:\/\/ganesha-shop-fuerth.de\/onlineshop\/shop\/modeschmuck-aus-asien\/armband-und-halskette-als-set\/messing-armband-und-halskette-mit-glasperlen\/"]}]},{"@type":"ImageObject","inLanguage":"de","@id":"https:\/\/ganesha-shop-fuerth.de\/onlineshop\/shop\/modeschmuck-aus-asien\/armband-und-halskette-als-set\/messing-armband-und-halskette-mit-glasperlen\/#primaryimage","url":"https:\/\/ganesha-shop-fuerth.de\/onlineshop\/wp-content\/uploads\/Modeschmuck\/Armbaender-und-Halsketten-Set\/gso-armband-halskette-set-ind-0001.jpg","contentUrl":"https:\/\/ganesha-shop-fuerth.de\/onlineshop\/wp-content\/uploads\/Modeschmuck\/Armbaender-und-Halsketten-Set\/gso-armband-halskette-set-ind-0001.jpg","width":1033,"height":1200,"caption":"Messing Armband und Halskette mit Glasperlen im Set"},{"@type":"BreadcrumbList","@id":"https:\/\/ganesha-shop-fuerth.de\/onlineshop\/shop\/modeschmuck-aus-asien\/armband-und-halskette-als-set\/messing-armband-und-halskette-mit-glasperlen\/#breadcrumb","itemListElement":[{"@type":"ListItem","position":1,"name":"Startseite","item":"https:\/\/ganesha-shop-fuerth.de\/onlineshop\/"},{"@type":"ListItem","position":2,"name":"Ganesha Online Shop","item":"https:\/\/ganesha-shop-fuerth.de\/onlineshop\/shop\/"},{"@type":"ListItem","position":3,"name":"Messing Armband und Halskette mit Glasperlen"}]},{"@type":"WebSite","@id":"https:\/\/ganesha-shop-fuerth.de\/onlineshop\/#website","url":"https:\/\/ganesha-shop-fuerth.de\/onlineshop\/","name":"Ganesha Online Shop","description":"Schmuck Kleidung Accessoires aus Asien","publisher":{"@id":"https:\/\/ganesha-shop-fuerth.de\/onlineshop\/#organization"},"potentialAction":[{"@type":"SearchAction","target":{"@type":"EntryPoint","urlTemplate":"https:\/\/ganesha-shop-fuerth.de\/onlineshop\/?s={search_term_string}"},"query-input":{"@type":"PropertyValueSpecification","valueRequired":true,"valueName":"search_term_string"}}],"inLanguage":"de"},{"@type":"Organization","@id":"https:\/\/ganesha-shop-fuerth.de\/onlineshop\/#organization","name":"Ganesha Shop F\u00fcrth","url":"https:\/\/ganesha-shop-fuerth.de\/onlineshop\/","logo":{"@type":"ImageObject","inLanguage":"de","@id":"https:\/\/ganesha-shop-fuerth.de\/onlineshop\/#\/schema\/logo\/image\/","url":"https:\/\/ganesha-shop-fuerth.de\/onlineshop\/wp-content\/uploads\/Logos\/ganesha-onlineshop-footer-logo-19-Jahre.png","contentUrl":"https:\/\/ganesha-shop-fuerth.de\/onlineshop\/wp-content\/uploads\/Logos\/ganesha-onlineshop-footer-logo-19-Jahre.png","width":250,"height":299,"caption":"Ganesha Shop F\u00fcrth"},"image":{"@id":"https:\/\/ganesha-shop-fuerth.de\/onlineshop\/#\/schema\/logo\/image\/"},"sameAs":["https:\/\/de-de.facebook.com\/ganeshashopfuerth\/","https:\/\/www.youtube.com\/channel\/UCECWtim6iWB8dozVcmw-GcA"]}]}},"_links":{"self":[{"href":"https:\/\/ganesha-shop-fuerth.de\/onlineshop\/wp-json\/wp\/v2\/product\/5164","targetHints":{"allow":["GET"]}}],"collection":[{"href":"https:\/\/ganesha-shop-fuerth.de\/onlineshop\/wp-json\/wp\/v2\/product"}],"about":[{"href":"https:\/\/ganesha-shop-fuerth.de\/onlineshop\/wp-json\/wp\/v2\/types\/product"}],"replies":[{"embeddable":true,"href":"https:\/\/ganesha-shop-fuerth.de\/onlineshop\/wp-json\/wp\/v2\/comments?post=5164"}],"wp:featuredmedia":[{"embeddable":true,"href":"https:\/\/ganesha-shop-fuerth.de\/onlineshop\/wp-json\/wp\/v2\/media\/5163"}],"wp:attachment":[{"href":"https:\/\/ganesha-shop-fuerth.de\/onlineshop\/wp-json\/wp\/v2\/media?parent=5164"}],"wp:term":[{"taxonomy":"product_brand","embeddable":true,"href":"https:\/\/ganesha-shop-fuerth.de\/onlineshop\/wp-json\/wp\/v2\/product_brand?post=5164"},{"taxonomy":"product_cat","embeddable":true,"href":"https:\/\/ganesha-shop-fuerth.de\/onlineshop\/wp-json\/wp\/v2\/product_cat?post=5164"},{"taxonomy":"product_tag","embeddable":true,"href":"https:\/\/ganesha-shop-fuerth.de\/onlineshop\/wp-json\/wp\/v2\/product_tag?post=5164"}],"curies":[{"name":"wp","href":"https:\/\/api.w.org\/{rel}","templated":true}]}}