{"id":5166,"date":"2022-08-18T18:29:55","date_gmt":"2022-08-18T16:29:55","guid":{"rendered":"https:\/\/ganesha-shop-fuerth.de\/onlineshop\/?post_type=product&#038;p=5166"},"modified":"2026-01-07T15:07:29","modified_gmt":"2026-01-07T14:07:29","slug":"messing-anhaenger-augen-des-buddha","status":"publish","type":"product","link":"https:\/\/ganesha-shop-fuerth.de\/onlineshop\/shop\/messing-schmuck\/messing-anhaenger\/messing-anhaenger-augen-des-buddha\/","title":{"rendered":"Messing Anh\u00e4nger &#8222;Augen des Buddha&#8220;"},"content":{"rendered":"<p>Messing Anh\u00e4nger &#8222;Augen des Buddha&#8220; aus Indien. Der Anh\u00e4nger ist beidseitig tragbar. Durchmesser: 3,5 cm; L\u00e4nge mit \u00d6se: 4,3 cm; Gewicht 8,0 cm; Der Anh\u00e4nger ist aus folgenden Materialien gefertigt: Messing, Wei\u00dfmetall, Bone und Kunstharz. Informationen zur Symbolik und Bedeutung &#8222;Augen des Buddha&#8220; finden Sie z.B. <a href=\"http:\/\/www.ayurvedatrends.com\/thema\/buddha-augen-bedeutung\" target=\"_blank\" rel=\"noopener\">hier<\/a>.<\/p>\n<figure id=\"attachment_5167\" aria-describedby=\"caption-attachment-5167\" style=\"width: 300px\" class=\"wp-caption alignleft\"><a href=\"https:\/\/ganesha-shop-fuerth.de\/onlineshop\/wp-content\/uploads\/Messing-Schmuck\/Messing-Anhaenger\/gso-messing-anhaenger-0012.jpg\"><img loading=\"lazy\" decoding=\"async\" class=\"wp-image-5167\" src=\"https:\/\/ganesha-shop-fuerth.de\/onlineshop\/wp-content\/uploads\/Messing-Schmuck\/Messing-Anhaenger\/gso-messing-anhaenger-0012-258x300.jpg\" alt=\"Messing Anh\u00e4nger Augen des Buddha\" width=\"300\" height=\"348\" srcset=\"https:\/\/ganesha-shop-fuerth.de\/onlineshop\/wp-content\/uploads\/Messing-Schmuck\/Messing-Anhaenger\/gso-messing-anhaenger-0012-258x300.jpg 258w, https:\/\/ganesha-shop-fuerth.de\/onlineshop\/wp-content\/uploads\/Messing-Schmuck\/Messing-Anhaenger\/gso-messing-anhaenger-0012-881x1024.jpg 881w, https:\/\/ganesha-shop-fuerth.de\/onlineshop\/wp-content\/uploads\/Messing-Schmuck\/Messing-Anhaenger\/gso-messing-anhaenger-0012-768x892.jpg 768w, https:\/\/ganesha-shop-fuerth.de\/onlineshop\/wp-content\/uploads\/Messing-Schmuck\/Messing-Anhaenger\/gso-messing-anhaenger-0012-324x376.jpg 324w, https:\/\/ganesha-shop-fuerth.de\/onlineshop\/wp-content\/uploads\/Messing-Schmuck\/Messing-Anhaenger\/gso-messing-anhaenger-0012-416x483.jpg 416w, https:\/\/ganesha-shop-fuerth.de\/onlineshop\/wp-content\/uploads\/Messing-Schmuck\/Messing-Anhaenger\/gso-messing-anhaenger-0012.jpg 1033w\" sizes=\"auto, (max-width: 300px) 100vw, 300px\" \/><\/a><figcaption id=\"caption-attachment-5167\" class=\"wp-caption-text\">Messing Anh\u00e4nger &#8222;Augen des Buddha&#8220; &#8211; Vorderseite<\/figcaption><\/figure>\n<figure id=\"attachment_5168\" aria-describedby=\"caption-attachment-5168\" style=\"width: 300px\" class=\"wp-caption alignleft\"><a href=\"https:\/\/ganesha-shop-fuerth.de\/onlineshop\/wp-content\/uploads\/Messing-Schmuck\/Messing-Anhaenger\/gso-messing-anhaenger-0012a.jpg\"><img loading=\"lazy\" decoding=\"async\" class=\"wp-image-5168\" src=\"https:\/\/ganesha-shop-fuerth.de\/onlineshop\/wp-content\/uploads\/Messing-Schmuck\/Messing-Anhaenger\/gso-messing-anhaenger-0012a-258x300.jpg\" alt=\"Messing Anh\u00e4nger Augen des Buddha\" width=\"300\" height=\"348\" srcset=\"https:\/\/ganesha-shop-fuerth.de\/onlineshop\/wp-content\/uploads\/Messing-Schmuck\/Messing-Anhaenger\/gso-messing-anhaenger-0012a-258x300.jpg 258w, https:\/\/ganesha-shop-fuerth.de\/onlineshop\/wp-content\/uploads\/Messing-Schmuck\/Messing-Anhaenger\/gso-messing-anhaenger-0012a-881x1024.jpg 881w, https:\/\/ganesha-shop-fuerth.de\/onlineshop\/wp-content\/uploads\/Messing-Schmuck\/Messing-Anhaenger\/gso-messing-anhaenger-0012a-768x892.jpg 768w, https:\/\/ganesha-shop-fuerth.de\/onlineshop\/wp-content\/uploads\/Messing-Schmuck\/Messing-Anhaenger\/gso-messing-anhaenger-0012a-324x376.jpg 324w, https:\/\/ganesha-shop-fuerth.de\/onlineshop\/wp-content\/uploads\/Messing-Schmuck\/Messing-Anhaenger\/gso-messing-anhaenger-0012a-416x483.jpg 416w, https:\/\/ganesha-shop-fuerth.de\/onlineshop\/wp-content\/uploads\/Messing-Schmuck\/Messing-Anhaenger\/gso-messing-anhaenger-0012a.jpg 1033w\" sizes=\"auto, (max-width: 300px) 100vw, 300px\" \/><\/a><figcaption id=\"caption-attachment-5168\" class=\"wp-caption-text\">Messing Anh\u00e4nger &#8222;Augen des Buddha&#8220; &#8211; R\u00fcckseite<\/figcaption><\/figure>\n","protected":false},"excerpt":{"rendered":"<p>Messing Anh\u00e4nger &#8222;Augen des Buddha&#8220;<\/p>\n","protected":false},"featured_media":5167,"comment_status":"open","ping_status":"closed","template":"","meta":[],"product_brand":[],"product_cat":[215,172,171,77],"product_tag":[56,228,173],"class_list":{"0":"post-5166","1":"product","2":"type-product","3":"status-publish","4":"has-post-thumbnail","6":"product_cat-esoterik-schmuck","7":"product_cat-messing-anhaenger","8":"product_cat-messing-schmuck","9":"product_cat-reduzierte-artikel","10":"product_tag-buddha-anhaenger-statuen","11":"product_tag-esoterik-artikel","12":"product_tag-messing-schmuck","14":"first","15":"instock","16":"sale","17":"taxable","18":"shipping-taxable","19":"purchasable","20":"product-type-simple"},"yoast_head":"<!-- This site is optimized with the Yoast SEO plugin v27.3 - https:\/\/yoast.com\/product\/yoast-seo-wordpress\/ -->\n<title>Messing Anh\u00e4nger &quot;Augen des Buddha&quot; - Ganesha Online Shop<\/title>\n<meta name=\"description\" content=\"Messing Anh\u00e4nger &quot;Augen des Buddha&quot; im Ganesha Online Shop im Angebot. Weitere Messing Anh\u00e4nger und sonstiger Messing Schmuck im Shop verf\u00fcgbar.\" \/>\n<meta name=\"robots\" content=\"index, follow, max-snippet:-1, max-image-preview:large, max-video-preview:-1\" \/>\n<link rel=\"canonical\" href=\"https:\/\/ganesha-shop-fuerth.de\/onlineshop\/shop\/messing-schmuck\/messing-anhaenger\/messing-anhaenger-augen-des-buddha\/\" \/>\n<meta property=\"og:locale\" content=\"de_DE\" \/>\n<meta property=\"og:type\" content=\"article\" \/>\n<meta property=\"og:title\" content=\"Messing Anh\u00e4nger &quot;Augen des Buddha&quot; - Ganesha Online Shop\" \/>\n<meta property=\"og:description\" content=\"Messing Anh\u00e4nger &quot;Augen des Buddha&quot; im Ganesha Online Shop im Angebot. Weitere Messing Anh\u00e4nger und sonstiger Messing Schmuck im Shop verf\u00fcgbar.\" \/>\n<meta property=\"og:url\" content=\"https:\/\/ganesha-shop-fuerth.de\/onlineshop\/shop\/messing-schmuck\/messing-anhaenger\/messing-anhaenger-augen-des-buddha\/\" \/>\n<meta property=\"og:site_name\" content=\"Ganesha Online Shop\" \/>\n<meta property=\"article:publisher\" content=\"https:\/\/de-de.facebook.com\/ganeshashopfuerth\/\" \/>\n<meta property=\"article:modified_time\" content=\"2026-01-07T14:07:29+00:00\" \/>\n<meta property=\"og:image\" content=\"https:\/\/ganesha-shop-fuerth.de\/onlineshop\/wp-content\/uploads\/Messing-Schmuck\/Messing-Anhaenger\/gso-messing-anhaenger-0012.jpg\" \/>\n\t<meta property=\"og:image:width\" content=\"1033\" \/>\n\t<meta property=\"og:image:height\" content=\"1200\" \/>\n\t<meta property=\"og:image:type\" content=\"image\/jpeg\" \/>\n<meta name=\"twitter:card\" content=\"summary_large_image\" \/>\n<meta name=\"twitter:label1\" content=\"Gesch\u00e4tzte Lesezeit\" \/>\n\t<meta name=\"twitter:data1\" content=\"1\u00a0Minute\" \/>\n<script type=\"application\/ld+json\" class=\"yoast-schema-graph\">{\"@context\":\"https:\\\/\\\/schema.org\",\"@graph\":[{\"@type\":\"WebPage\",\"@id\":\"https:\\\/\\\/ganesha-shop-fuerth.de\\\/onlineshop\\\/shop\\\/messing-schmuck\\\/messing-anhaenger\\\/messing-anhaenger-augen-des-buddha\\\/\",\"url\":\"https:\\\/\\\/ganesha-shop-fuerth.de\\\/onlineshop\\\/shop\\\/messing-schmuck\\\/messing-anhaenger\\\/messing-anhaenger-augen-des-buddha\\\/\",\"name\":\"Messing Anh\u00e4nger \\\"Augen des Buddha\\\" - Ganesha Online Shop\",\"isPartOf\":{\"@id\":\"https:\\\/\\\/ganesha-shop-fuerth.de\\\/onlineshop\\\/#website\"},\"primaryImageOfPage\":{\"@id\":\"https:\\\/\\\/ganesha-shop-fuerth.de\\\/onlineshop\\\/shop\\\/messing-schmuck\\\/messing-anhaenger\\\/messing-anhaenger-augen-des-buddha\\\/#primaryimage\"},\"image\":{\"@id\":\"https:\\\/\\\/ganesha-shop-fuerth.de\\\/onlineshop\\\/shop\\\/messing-schmuck\\\/messing-anhaenger\\\/messing-anhaenger-augen-des-buddha\\\/#primaryimage\"},\"thumbnailUrl\":\"https:\\\/\\\/ganesha-shop-fuerth.de\\\/onlineshop\\\/wp-content\\\/uploads\\\/Messing-Schmuck\\\/Messing-Anhaenger\\\/gso-messing-anhaenger-0012.jpg\",\"datePublished\":\"2022-08-18T16:29:55+00:00\",\"dateModified\":\"2026-01-07T14:07:29+00:00\",\"description\":\"Messing Anh\u00e4nger \\\"Augen des Buddha\\\" im Ganesha Online Shop im Angebot. Weitere Messing Anh\u00e4nger und sonstiger Messing Schmuck im Shop verf\u00fcgbar.\",\"breadcrumb\":{\"@id\":\"https:\\\/\\\/ganesha-shop-fuerth.de\\\/onlineshop\\\/shop\\\/messing-schmuck\\\/messing-anhaenger\\\/messing-anhaenger-augen-des-buddha\\\/#breadcrumb\"},\"inLanguage\":\"de\",\"potentialAction\":[{\"@type\":\"ReadAction\",\"target\":[\"https:\\\/\\\/ganesha-shop-fuerth.de\\\/onlineshop\\\/shop\\\/messing-schmuck\\\/messing-anhaenger\\\/messing-anhaenger-augen-des-buddha\\\/\"]}]},{\"@type\":\"ImageObject\",\"inLanguage\":\"de\",\"@id\":\"https:\\\/\\\/ganesha-shop-fuerth.de\\\/onlineshop\\\/shop\\\/messing-schmuck\\\/messing-anhaenger\\\/messing-anhaenger-augen-des-buddha\\\/#primaryimage\",\"url\":\"https:\\\/\\\/ganesha-shop-fuerth.de\\\/onlineshop\\\/wp-content\\\/uploads\\\/Messing-Schmuck\\\/Messing-Anhaenger\\\/gso-messing-anhaenger-0012.jpg\",\"contentUrl\":\"https:\\\/\\\/ganesha-shop-fuerth.de\\\/onlineshop\\\/wp-content\\\/uploads\\\/Messing-Schmuck\\\/Messing-Anhaenger\\\/gso-messing-anhaenger-0012.jpg\",\"width\":1033,\"height\":1200,\"caption\":\"Messing Anh\u00e4nger \\\"Augen des Buddha\\\" - Vorderseite\"},{\"@type\":\"BreadcrumbList\",\"@id\":\"https:\\\/\\\/ganesha-shop-fuerth.de\\\/onlineshop\\\/shop\\\/messing-schmuck\\\/messing-anhaenger\\\/messing-anhaenger-augen-des-buddha\\\/#breadcrumb\",\"itemListElement\":[{\"@type\":\"ListItem\",\"position\":1,\"name\":\"Startseite\",\"item\":\"https:\\\/\\\/ganesha-shop-fuerth.de\\\/onlineshop\\\/\"},{\"@type\":\"ListItem\",\"position\":2,\"name\":\"Ganesha Online Shop\",\"item\":\"https:\\\/\\\/ganesha-shop-fuerth.de\\\/onlineshop\\\/shop\\\/\"},{\"@type\":\"ListItem\",\"position\":3,\"name\":\"Messing Anh\u00e4nger &#8222;Augen des Buddha&#8220;\"}]},{\"@type\":\"WebSite\",\"@id\":\"https:\\\/\\\/ganesha-shop-fuerth.de\\\/onlineshop\\\/#website\",\"url\":\"https:\\\/\\\/ganesha-shop-fuerth.de\\\/onlineshop\\\/\",\"name\":\"Ganesha Online Shop\",\"description\":\"Schmuck Kleidung Accessoires aus Asien\",\"publisher\":{\"@id\":\"https:\\\/\\\/ganesha-shop-fuerth.de\\\/onlineshop\\\/#organization\"},\"potentialAction\":[{\"@type\":\"SearchAction\",\"target\":{\"@type\":\"EntryPoint\",\"urlTemplate\":\"https:\\\/\\\/ganesha-shop-fuerth.de\\\/onlineshop\\\/?s={search_term_string}\"},\"query-input\":{\"@type\":\"PropertyValueSpecification\",\"valueRequired\":true,\"valueName\":\"search_term_string\"}}],\"inLanguage\":\"de\"},{\"@type\":\"Organization\",\"@id\":\"https:\\\/\\\/ganesha-shop-fuerth.de\\\/onlineshop\\\/#organization\",\"name\":\"Ganesha Shop F\u00fcrth\",\"url\":\"https:\\\/\\\/ganesha-shop-fuerth.de\\\/onlineshop\\\/\",\"logo\":{\"@type\":\"ImageObject\",\"inLanguage\":\"de\",\"@id\":\"https:\\\/\\\/ganesha-shop-fuerth.de\\\/onlineshop\\\/#\\\/schema\\\/logo\\\/image\\\/\",\"url\":\"https:\\\/\\\/ganesha-shop-fuerth.de\\\/onlineshop\\\/wp-content\\\/uploads\\\/Logos\\\/ganesha-onlineshop-footer-logo-19-Jahre.png\",\"contentUrl\":\"https:\\\/\\\/ganesha-shop-fuerth.de\\\/onlineshop\\\/wp-content\\\/uploads\\\/Logos\\\/ganesha-onlineshop-footer-logo-19-Jahre.png\",\"width\":250,\"height\":299,\"caption\":\"Ganesha Shop F\u00fcrth\"},\"image\":{\"@id\":\"https:\\\/\\\/ganesha-shop-fuerth.de\\\/onlineshop\\\/#\\\/schema\\\/logo\\\/image\\\/\"},\"sameAs\":[\"https:\\\/\\\/de-de.facebook.com\\\/ganeshashopfuerth\\\/\",\"https:\\\/\\\/www.youtube.com\\\/channel\\\/UCECWtim6iWB8dozVcmw-GcA\"]}]}<\/script>\n<!-- \/ Yoast SEO plugin. -->","yoast_head_json":{"title":"Messing Anh\u00e4nger \"Augen des Buddha\" - Ganesha Online Shop","description":"Messing Anh\u00e4nger \"Augen des Buddha\" im Ganesha Online Shop im Angebot. Weitere Messing Anh\u00e4nger und sonstiger Messing Schmuck im Shop verf\u00fcgbar.","robots":{"index":"index","follow":"follow","max-snippet":"max-snippet:-1","max-image-preview":"max-image-preview:large","max-video-preview":"max-video-preview:-1"},"canonical":"https:\/\/ganesha-shop-fuerth.de\/onlineshop\/shop\/messing-schmuck\/messing-anhaenger\/messing-anhaenger-augen-des-buddha\/","og_locale":"de_DE","og_type":"article","og_title":"Messing Anh\u00e4nger \"Augen des Buddha\" - Ganesha Online Shop","og_description":"Messing Anh\u00e4nger \"Augen des Buddha\" im Ganesha Online Shop im Angebot. Weitere Messing Anh\u00e4nger und sonstiger Messing Schmuck im Shop verf\u00fcgbar.","og_url":"https:\/\/ganesha-shop-fuerth.de\/onlineshop\/shop\/messing-schmuck\/messing-anhaenger\/messing-anhaenger-augen-des-buddha\/","og_site_name":"Ganesha Online Shop","article_publisher":"https:\/\/de-de.facebook.com\/ganeshashopfuerth\/","article_modified_time":"2026-01-07T14:07:29+00:00","og_image":[{"width":1033,"height":1200,"url":"https:\/\/ganesha-shop-fuerth.de\/onlineshop\/wp-content\/uploads\/Messing-Schmuck\/Messing-Anhaenger\/gso-messing-anhaenger-0012.jpg","type":"image\/jpeg"}],"twitter_card":"summary_large_image","twitter_misc":{"Gesch\u00e4tzte Lesezeit":"1\u00a0Minute"},"schema":{"@context":"https:\/\/schema.org","@graph":[{"@type":"WebPage","@id":"https:\/\/ganesha-shop-fuerth.de\/onlineshop\/shop\/messing-schmuck\/messing-anhaenger\/messing-anhaenger-augen-des-buddha\/","url":"https:\/\/ganesha-shop-fuerth.de\/onlineshop\/shop\/messing-schmuck\/messing-anhaenger\/messing-anhaenger-augen-des-buddha\/","name":"Messing Anh\u00e4nger \"Augen des Buddha\" - Ganesha Online Shop","isPartOf":{"@id":"https:\/\/ganesha-shop-fuerth.de\/onlineshop\/#website"},"primaryImageOfPage":{"@id":"https:\/\/ganesha-shop-fuerth.de\/onlineshop\/shop\/messing-schmuck\/messing-anhaenger\/messing-anhaenger-augen-des-buddha\/#primaryimage"},"image":{"@id":"https:\/\/ganesha-shop-fuerth.de\/onlineshop\/shop\/messing-schmuck\/messing-anhaenger\/messing-anhaenger-augen-des-buddha\/#primaryimage"},"thumbnailUrl":"https:\/\/ganesha-shop-fuerth.de\/onlineshop\/wp-content\/uploads\/Messing-Schmuck\/Messing-Anhaenger\/gso-messing-anhaenger-0012.jpg","datePublished":"2022-08-18T16:29:55+00:00","dateModified":"2026-01-07T14:07:29+00:00","description":"Messing Anh\u00e4nger \"Augen des Buddha\" im Ganesha Online Shop im Angebot. Weitere Messing Anh\u00e4nger und sonstiger Messing Schmuck im Shop verf\u00fcgbar.","breadcrumb":{"@id":"https:\/\/ganesha-shop-fuerth.de\/onlineshop\/shop\/messing-schmuck\/messing-anhaenger\/messing-anhaenger-augen-des-buddha\/#breadcrumb"},"inLanguage":"de","potentialAction":[{"@type":"ReadAction","target":["https:\/\/ganesha-shop-fuerth.de\/onlineshop\/shop\/messing-schmuck\/messing-anhaenger\/messing-anhaenger-augen-des-buddha\/"]}]},{"@type":"ImageObject","inLanguage":"de","@id":"https:\/\/ganesha-shop-fuerth.de\/onlineshop\/shop\/messing-schmuck\/messing-anhaenger\/messing-anhaenger-augen-des-buddha\/#primaryimage","url":"https:\/\/ganesha-shop-fuerth.de\/onlineshop\/wp-content\/uploads\/Messing-Schmuck\/Messing-Anhaenger\/gso-messing-anhaenger-0012.jpg","contentUrl":"https:\/\/ganesha-shop-fuerth.de\/onlineshop\/wp-content\/uploads\/Messing-Schmuck\/Messing-Anhaenger\/gso-messing-anhaenger-0012.jpg","width":1033,"height":1200,"caption":"Messing Anh\u00e4nger \"Augen des Buddha\" - Vorderseite"},{"@type":"BreadcrumbList","@id":"https:\/\/ganesha-shop-fuerth.de\/onlineshop\/shop\/messing-schmuck\/messing-anhaenger\/messing-anhaenger-augen-des-buddha\/#breadcrumb","itemListElement":[{"@type":"ListItem","position":1,"name":"Startseite","item":"https:\/\/ganesha-shop-fuerth.de\/onlineshop\/"},{"@type":"ListItem","position":2,"name":"Ganesha Online Shop","item":"https:\/\/ganesha-shop-fuerth.de\/onlineshop\/shop\/"},{"@type":"ListItem","position":3,"name":"Messing Anh\u00e4nger &#8222;Augen des Buddha&#8220;"}]},{"@type":"WebSite","@id":"https:\/\/ganesha-shop-fuerth.de\/onlineshop\/#website","url":"https:\/\/ganesha-shop-fuerth.de\/onlineshop\/","name":"Ganesha Online Shop","description":"Schmuck Kleidung Accessoires aus Asien","publisher":{"@id":"https:\/\/ganesha-shop-fuerth.de\/onlineshop\/#organization"},"potentialAction":[{"@type":"SearchAction","target":{"@type":"EntryPoint","urlTemplate":"https:\/\/ganesha-shop-fuerth.de\/onlineshop\/?s={search_term_string}"},"query-input":{"@type":"PropertyValueSpecification","valueRequired":true,"valueName":"search_term_string"}}],"inLanguage":"de"},{"@type":"Organization","@id":"https:\/\/ganesha-shop-fuerth.de\/onlineshop\/#organization","name":"Ganesha Shop F\u00fcrth","url":"https:\/\/ganesha-shop-fuerth.de\/onlineshop\/","logo":{"@type":"ImageObject","inLanguage":"de","@id":"https:\/\/ganesha-shop-fuerth.de\/onlineshop\/#\/schema\/logo\/image\/","url":"https:\/\/ganesha-shop-fuerth.de\/onlineshop\/wp-content\/uploads\/Logos\/ganesha-onlineshop-footer-logo-19-Jahre.png","contentUrl":"https:\/\/ganesha-shop-fuerth.de\/onlineshop\/wp-content\/uploads\/Logos\/ganesha-onlineshop-footer-logo-19-Jahre.png","width":250,"height":299,"caption":"Ganesha Shop F\u00fcrth"},"image":{"@id":"https:\/\/ganesha-shop-fuerth.de\/onlineshop\/#\/schema\/logo\/image\/"},"sameAs":["https:\/\/de-de.facebook.com\/ganeshashopfuerth\/","https:\/\/www.youtube.com\/channel\/UCECWtim6iWB8dozVcmw-GcA"]}]}},"_links":{"self":[{"href":"https:\/\/ganesha-shop-fuerth.de\/onlineshop\/wp-json\/wp\/v2\/product\/5166","targetHints":{"allow":["GET"]}}],"collection":[{"href":"https:\/\/ganesha-shop-fuerth.de\/onlineshop\/wp-json\/wp\/v2\/product"}],"about":[{"href":"https:\/\/ganesha-shop-fuerth.de\/onlineshop\/wp-json\/wp\/v2\/types\/product"}],"replies":[{"embeddable":true,"href":"https:\/\/ganesha-shop-fuerth.de\/onlineshop\/wp-json\/wp\/v2\/comments?post=5166"}],"wp:featuredmedia":[{"embeddable":true,"href":"https:\/\/ganesha-shop-fuerth.de\/onlineshop\/wp-json\/wp\/v2\/media\/5167"}],"wp:attachment":[{"href":"https:\/\/ganesha-shop-fuerth.de\/onlineshop\/wp-json\/wp\/v2\/media?parent=5166"}],"wp:term":[{"taxonomy":"product_brand","embeddable":true,"href":"https:\/\/ganesha-shop-fuerth.de\/onlineshop\/wp-json\/wp\/v2\/product_brand?post=5166"},{"taxonomy":"product_cat","embeddable":true,"href":"https:\/\/ganesha-shop-fuerth.de\/onlineshop\/wp-json\/wp\/v2\/product_cat?post=5166"},{"taxonomy":"product_tag","embeddable":true,"href":"https:\/\/ganesha-shop-fuerth.de\/onlineshop\/wp-json\/wp\/v2\/product_tag?post=5166"}],"curies":[{"name":"wp","href":"https:\/\/api.w.org\/{rel}","templated":true}]}}