{"id":5214,"date":"2022-10-05T12:30:55","date_gmt":"2022-10-05T10:30:55","guid":{"rendered":"https:\/\/ganesha-shop-fuerth.de\/onlineshop\/?post_type=product&#038;p=5214"},"modified":"2025-10-07T16:32:33","modified_gmt":"2025-10-07T14:32:33","slug":"halskette-mit-kleinen-holzperlen","status":"publish","type":"product","link":"https:\/\/ganesha-shop-fuerth.de\/onlineshop\/shop\/modeschmuck-aus-asien\/halsketten\/halskette-mit-kleinen-holzperlen\/","title":{"rendered":"Halskette mit kleinen Holzperlen"},"content":{"rendered":"<p>Halskette mit kleinen Holzperlen. Der Verschluss ist aus Metall und in Form eines Hakenverschluss in eine \u00d6se. Gewicht: ca. 32 g; L\u00e4nge der Kette ge\u00f6ffnet: 51,5 cm; L\u00e4nge der Kette geschlossen: ca. 23,5 cm. Bitte w\u00e4hlen Sie oben die verf\u00fcgbare Variante aus.<\/p>\n<figure id=\"attachment_5213\" aria-describedby=\"caption-attachment-5213\" style=\"width: 258px\" class=\"wp-caption alignleft\"><a href=\"https:\/\/ganesha-shop-fuerth.de\/onlineshop\/wp-content\/uploads\/Modeschmuck\/Halsketten\/gso-halskette-holz-0002.jpg\"><img loading=\"lazy\" decoding=\"async\" class=\"wp-image-5213 size-medium\" src=\"https:\/\/ganesha-shop-fuerth.de\/onlineshop\/wp-content\/uploads\/Modeschmuck\/Halsketten\/gso-halskette-holz-0002-258x300.jpg\" alt=\"Halskette mit kleinen Holzperlen\" width=\"258\" height=\"300\" srcset=\"https:\/\/ganesha-shop-fuerth.de\/onlineshop\/wp-content\/uploads\/Modeschmuck\/Halsketten\/gso-halskette-holz-0002-258x300.jpg 258w, https:\/\/ganesha-shop-fuerth.de\/onlineshop\/wp-content\/uploads\/Modeschmuck\/Halsketten\/gso-halskette-holz-0002-881x1024.jpg 881w, https:\/\/ganesha-shop-fuerth.de\/onlineshop\/wp-content\/uploads\/Modeschmuck\/Halsketten\/gso-halskette-holz-0002-768x892.jpg 768w, https:\/\/ganesha-shop-fuerth.de\/onlineshop\/wp-content\/uploads\/Modeschmuck\/Halsketten\/gso-halskette-holz-0002-324x376.jpg 324w, https:\/\/ganesha-shop-fuerth.de\/onlineshop\/wp-content\/uploads\/Modeschmuck\/Halsketten\/gso-halskette-holz-0002-416x483.jpg 416w, https:\/\/ganesha-shop-fuerth.de\/onlineshop\/wp-content\/uploads\/Modeschmuck\/Halsketten\/gso-halskette-holz-0002.jpg 1033w\" sizes=\"auto, (max-width: 258px) 100vw, 258px\" \/><\/a><figcaption id=\"caption-attachment-5213\" class=\"wp-caption-text\">Halskette mit kleinen schwarzen Holzperlen<\/figcaption><\/figure>\n<figure id=\"attachment_5212\" aria-describedby=\"caption-attachment-5212\" style=\"width: 258px\" class=\"wp-caption alignleft\"><a href=\"https:\/\/ganesha-shop-fuerth.de\/onlineshop\/wp-content\/uploads\/Modeschmuck\/Halsketten\/gso-halskette-holz-0002a.jpg\"><img loading=\"lazy\" decoding=\"async\" class=\"size-medium wp-image-5212\" src=\"https:\/\/ganesha-shop-fuerth.de\/onlineshop\/wp-content\/uploads\/Modeschmuck\/Halsketten\/gso-halskette-holz-0002a-258x300.jpg\" alt=\"Halskette mit kleinen Holzperlen\" width=\"258\" height=\"300\" srcset=\"https:\/\/ganesha-shop-fuerth.de\/onlineshop\/wp-content\/uploads\/Modeschmuck\/Halsketten\/gso-halskette-holz-0002a-258x300.jpg 258w, https:\/\/ganesha-shop-fuerth.de\/onlineshop\/wp-content\/uploads\/Modeschmuck\/Halsketten\/gso-halskette-holz-0002a-881x1024.jpg 881w, https:\/\/ganesha-shop-fuerth.de\/onlineshop\/wp-content\/uploads\/Modeschmuck\/Halsketten\/gso-halskette-holz-0002a-768x892.jpg 768w, https:\/\/ganesha-shop-fuerth.de\/onlineshop\/wp-content\/uploads\/Modeschmuck\/Halsketten\/gso-halskette-holz-0002a-324x376.jpg 324w, https:\/\/ganesha-shop-fuerth.de\/onlineshop\/wp-content\/uploads\/Modeschmuck\/Halsketten\/gso-halskette-holz-0002a-416x483.jpg 416w, https:\/\/ganesha-shop-fuerth.de\/onlineshop\/wp-content\/uploads\/Modeschmuck\/Halsketten\/gso-halskette-holz-0002a.jpg 1033w\" sizes=\"auto, (max-width: 258px) 100vw, 258px\" \/><\/a><figcaption id=\"caption-attachment-5212\" class=\"wp-caption-text\">Halskette mit kleinen hellen Holzperlen<\/figcaption><\/figure>\n<p>&nbsp;<\/p>\n<p>&nbsp;<\/p>\n","protected":false},"excerpt":{"rendered":"<p>Halskette mit kleinen Holzperlen<\/p>\n","protected":false},"featured_media":5213,"comment_status":"open","ping_status":"closed","template":"","meta":[],"product_brand":[],"product_cat":[312,208,77],"product_tag":[116],"class_list":{"0":"post-5214","1":"product","2":"type-product","3":"status-publish","4":"has-post-thumbnail","6":"product_cat-halsketten","7":"product_cat-modeschmuck-aus-asien","8":"product_cat-reduzierte-artikel","9":"product_tag-halsketten","11":"first","12":"instock","13":"sale","14":"featured","15":"taxable","16":"shipping-taxable","17":"purchasable","18":"product-type-variable"},"yoast_head":"<!-- This site is optimized with the Yoast SEO plugin v27.4 - https:\/\/yoast.com\/product\/yoast-seo-wordpress\/ -->\n<title>Halskette mit kleinen Holzperlen - Ganesha Online Shop<\/title>\n<meta name=\"description\" content=\"Halskette mit kleinen Holzperlen im Ganesha Shop kaufen. Weitere Halsketten im Online Shop verf\u00fcgbar.\" \/>\n<meta name=\"robots\" content=\"index, follow, max-snippet:-1, max-image-preview:large, max-video-preview:-1\" \/>\n<link rel=\"canonical\" href=\"https:\/\/ganesha-shop-fuerth.de\/onlineshop\/shop\/modeschmuck-aus-asien\/halsketten\/halskette-mit-kleinen-holzperlen\/\" \/>\n<meta property=\"og:locale\" content=\"de_DE\" \/>\n<meta property=\"og:type\" content=\"article\" \/>\n<meta property=\"og:title\" content=\"Halskette mit kleinen Holzperlen - Ganesha Online Shop\" \/>\n<meta property=\"og:description\" content=\"Halskette mit kleinen Holzperlen im Ganesha Shop kaufen. Weitere Halsketten im Online Shop verf\u00fcgbar.\" \/>\n<meta property=\"og:url\" content=\"https:\/\/ganesha-shop-fuerth.de\/onlineshop\/shop\/modeschmuck-aus-asien\/halsketten\/halskette-mit-kleinen-holzperlen\/\" \/>\n<meta property=\"og:site_name\" content=\"Ganesha Online Shop\" \/>\n<meta property=\"article:publisher\" content=\"https:\/\/de-de.facebook.com\/ganeshashopfuerth\/\" \/>\n<meta property=\"article:modified_time\" content=\"2025-10-07T14:32:33+00:00\" \/>\n<meta property=\"og:image\" content=\"https:\/\/ganesha-shop-fuerth.de\/onlineshop\/wp-content\/uploads\/Modeschmuck\/Halsketten\/gso-halskette-holz-0002.jpg\" \/>\n\t<meta property=\"og:image:width\" content=\"1033\" \/>\n\t<meta property=\"og:image:height\" content=\"1200\" \/>\n\t<meta property=\"og:image:type\" content=\"image\/jpeg\" \/>\n<meta name=\"twitter:card\" content=\"summary_large_image\" \/>\n<meta name=\"twitter:label1\" content=\"Gesch\u00e4tzte Lesezeit\" \/>\n\t<meta name=\"twitter:data1\" content=\"1\u00a0Minute\" \/>\n<script type=\"application\/ld+json\" class=\"yoast-schema-graph\">{\"@context\":\"https:\\\/\\\/schema.org\",\"@graph\":[{\"@type\":\"WebPage\",\"@id\":\"https:\\\/\\\/ganesha-shop-fuerth.de\\\/onlineshop\\\/shop\\\/modeschmuck-aus-asien\\\/halsketten\\\/halskette-mit-kleinen-holzperlen\\\/\",\"url\":\"https:\\\/\\\/ganesha-shop-fuerth.de\\\/onlineshop\\\/shop\\\/modeschmuck-aus-asien\\\/halsketten\\\/halskette-mit-kleinen-holzperlen\\\/\",\"name\":\"Halskette mit kleinen Holzperlen - Ganesha Online Shop\",\"isPartOf\":{\"@id\":\"https:\\\/\\\/ganesha-shop-fuerth.de\\\/onlineshop\\\/#website\"},\"primaryImageOfPage\":{\"@id\":\"https:\\\/\\\/ganesha-shop-fuerth.de\\\/onlineshop\\\/shop\\\/modeschmuck-aus-asien\\\/halsketten\\\/halskette-mit-kleinen-holzperlen\\\/#primaryimage\"},\"image\":{\"@id\":\"https:\\\/\\\/ganesha-shop-fuerth.de\\\/onlineshop\\\/shop\\\/modeschmuck-aus-asien\\\/halsketten\\\/halskette-mit-kleinen-holzperlen\\\/#primaryimage\"},\"thumbnailUrl\":\"https:\\\/\\\/ganesha-shop-fuerth.de\\\/onlineshop\\\/wp-content\\\/uploads\\\/Modeschmuck\\\/Halsketten\\\/gso-halskette-holz-0002.jpg\",\"datePublished\":\"2022-10-05T10:30:55+00:00\",\"dateModified\":\"2025-10-07T14:32:33+00:00\",\"description\":\"Halskette mit kleinen Holzperlen im Ganesha Shop kaufen. Weitere Halsketten im Online Shop verf\u00fcgbar.\",\"breadcrumb\":{\"@id\":\"https:\\\/\\\/ganesha-shop-fuerth.de\\\/onlineshop\\\/shop\\\/modeschmuck-aus-asien\\\/halsketten\\\/halskette-mit-kleinen-holzperlen\\\/#breadcrumb\"},\"inLanguage\":\"de\",\"potentialAction\":[{\"@type\":\"ReadAction\",\"target\":[\"https:\\\/\\\/ganesha-shop-fuerth.de\\\/onlineshop\\\/shop\\\/modeschmuck-aus-asien\\\/halsketten\\\/halskette-mit-kleinen-holzperlen\\\/\"]}]},{\"@type\":\"ImageObject\",\"inLanguage\":\"de\",\"@id\":\"https:\\\/\\\/ganesha-shop-fuerth.de\\\/onlineshop\\\/shop\\\/modeschmuck-aus-asien\\\/halsketten\\\/halskette-mit-kleinen-holzperlen\\\/#primaryimage\",\"url\":\"https:\\\/\\\/ganesha-shop-fuerth.de\\\/onlineshop\\\/wp-content\\\/uploads\\\/Modeschmuck\\\/Halsketten\\\/gso-halskette-holz-0002.jpg\",\"contentUrl\":\"https:\\\/\\\/ganesha-shop-fuerth.de\\\/onlineshop\\\/wp-content\\\/uploads\\\/Modeschmuck\\\/Halsketten\\\/gso-halskette-holz-0002.jpg\",\"width\":1033,\"height\":1200,\"caption\":\"Halskette mit kleinen schwarzen Holzperlen\"},{\"@type\":\"BreadcrumbList\",\"@id\":\"https:\\\/\\\/ganesha-shop-fuerth.de\\\/onlineshop\\\/shop\\\/modeschmuck-aus-asien\\\/halsketten\\\/halskette-mit-kleinen-holzperlen\\\/#breadcrumb\",\"itemListElement\":[{\"@type\":\"ListItem\",\"position\":1,\"name\":\"Startseite\",\"item\":\"https:\\\/\\\/ganesha-shop-fuerth.de\\\/onlineshop\\\/\"},{\"@type\":\"ListItem\",\"position\":2,\"name\":\"Ganesha Online Shop\",\"item\":\"https:\\\/\\\/ganesha-shop-fuerth.de\\\/onlineshop\\\/shop\\\/\"},{\"@type\":\"ListItem\",\"position\":3,\"name\":\"Halskette mit kleinen Holzperlen\"}]},{\"@type\":\"WebSite\",\"@id\":\"https:\\\/\\\/ganesha-shop-fuerth.de\\\/onlineshop\\\/#website\",\"url\":\"https:\\\/\\\/ganesha-shop-fuerth.de\\\/onlineshop\\\/\",\"name\":\"Ganesha Online Shop\",\"description\":\"Schmuck Kleidung Accessoires aus Asien\",\"publisher\":{\"@id\":\"https:\\\/\\\/ganesha-shop-fuerth.de\\\/onlineshop\\\/#organization\"},\"potentialAction\":[{\"@type\":\"SearchAction\",\"target\":{\"@type\":\"EntryPoint\",\"urlTemplate\":\"https:\\\/\\\/ganesha-shop-fuerth.de\\\/onlineshop\\\/?s={search_term_string}\"},\"query-input\":{\"@type\":\"PropertyValueSpecification\",\"valueRequired\":true,\"valueName\":\"search_term_string\"}}],\"inLanguage\":\"de\"},{\"@type\":\"Organization\",\"@id\":\"https:\\\/\\\/ganesha-shop-fuerth.de\\\/onlineshop\\\/#organization\",\"name\":\"Ganesha Shop F\u00fcrth\",\"url\":\"https:\\\/\\\/ganesha-shop-fuerth.de\\\/onlineshop\\\/\",\"logo\":{\"@type\":\"ImageObject\",\"inLanguage\":\"de\",\"@id\":\"https:\\\/\\\/ganesha-shop-fuerth.de\\\/onlineshop\\\/#\\\/schema\\\/logo\\\/image\\\/\",\"url\":\"https:\\\/\\\/ganesha-shop-fuerth.de\\\/onlineshop\\\/wp-content\\\/uploads\\\/Logos\\\/ganesha-onlineshop-footer-logo-19-Jahre.png\",\"contentUrl\":\"https:\\\/\\\/ganesha-shop-fuerth.de\\\/onlineshop\\\/wp-content\\\/uploads\\\/Logos\\\/ganesha-onlineshop-footer-logo-19-Jahre.png\",\"width\":250,\"height\":299,\"caption\":\"Ganesha Shop F\u00fcrth\"},\"image\":{\"@id\":\"https:\\\/\\\/ganesha-shop-fuerth.de\\\/onlineshop\\\/#\\\/schema\\\/logo\\\/image\\\/\"},\"sameAs\":[\"https:\\\/\\\/de-de.facebook.com\\\/ganeshashopfuerth\\\/\",\"https:\\\/\\\/www.youtube.com\\\/channel\\\/UCECWtim6iWB8dozVcmw-GcA\"]}]}<\/script>\n<!-- \/ Yoast SEO plugin. -->","yoast_head_json":{"title":"Halskette mit kleinen Holzperlen - Ganesha Online Shop","description":"Halskette mit kleinen Holzperlen im Ganesha Shop kaufen. Weitere Halsketten im Online Shop verf\u00fcgbar.","robots":{"index":"index","follow":"follow","max-snippet":"max-snippet:-1","max-image-preview":"max-image-preview:large","max-video-preview":"max-video-preview:-1"},"canonical":"https:\/\/ganesha-shop-fuerth.de\/onlineshop\/shop\/modeschmuck-aus-asien\/halsketten\/halskette-mit-kleinen-holzperlen\/","og_locale":"de_DE","og_type":"article","og_title":"Halskette mit kleinen Holzperlen - Ganesha Online Shop","og_description":"Halskette mit kleinen Holzperlen im Ganesha Shop kaufen. Weitere Halsketten im Online Shop verf\u00fcgbar.","og_url":"https:\/\/ganesha-shop-fuerth.de\/onlineshop\/shop\/modeschmuck-aus-asien\/halsketten\/halskette-mit-kleinen-holzperlen\/","og_site_name":"Ganesha Online Shop","article_publisher":"https:\/\/de-de.facebook.com\/ganeshashopfuerth\/","article_modified_time":"2025-10-07T14:32:33+00:00","og_image":[{"width":1033,"height":1200,"url":"https:\/\/ganesha-shop-fuerth.de\/onlineshop\/wp-content\/uploads\/Modeschmuck\/Halsketten\/gso-halskette-holz-0002.jpg","type":"image\/jpeg"}],"twitter_card":"summary_large_image","twitter_misc":{"Gesch\u00e4tzte Lesezeit":"1\u00a0Minute"},"schema":{"@context":"https:\/\/schema.org","@graph":[{"@type":"WebPage","@id":"https:\/\/ganesha-shop-fuerth.de\/onlineshop\/shop\/modeschmuck-aus-asien\/halsketten\/halskette-mit-kleinen-holzperlen\/","url":"https:\/\/ganesha-shop-fuerth.de\/onlineshop\/shop\/modeschmuck-aus-asien\/halsketten\/halskette-mit-kleinen-holzperlen\/","name":"Halskette mit kleinen Holzperlen - Ganesha Online Shop","isPartOf":{"@id":"https:\/\/ganesha-shop-fuerth.de\/onlineshop\/#website"},"primaryImageOfPage":{"@id":"https:\/\/ganesha-shop-fuerth.de\/onlineshop\/shop\/modeschmuck-aus-asien\/halsketten\/halskette-mit-kleinen-holzperlen\/#primaryimage"},"image":{"@id":"https:\/\/ganesha-shop-fuerth.de\/onlineshop\/shop\/modeschmuck-aus-asien\/halsketten\/halskette-mit-kleinen-holzperlen\/#primaryimage"},"thumbnailUrl":"https:\/\/ganesha-shop-fuerth.de\/onlineshop\/wp-content\/uploads\/Modeschmuck\/Halsketten\/gso-halskette-holz-0002.jpg","datePublished":"2022-10-05T10:30:55+00:00","dateModified":"2025-10-07T14:32:33+00:00","description":"Halskette mit kleinen Holzperlen im Ganesha Shop kaufen. Weitere Halsketten im Online Shop verf\u00fcgbar.","breadcrumb":{"@id":"https:\/\/ganesha-shop-fuerth.de\/onlineshop\/shop\/modeschmuck-aus-asien\/halsketten\/halskette-mit-kleinen-holzperlen\/#breadcrumb"},"inLanguage":"de","potentialAction":[{"@type":"ReadAction","target":["https:\/\/ganesha-shop-fuerth.de\/onlineshop\/shop\/modeschmuck-aus-asien\/halsketten\/halskette-mit-kleinen-holzperlen\/"]}]},{"@type":"ImageObject","inLanguage":"de","@id":"https:\/\/ganesha-shop-fuerth.de\/onlineshop\/shop\/modeschmuck-aus-asien\/halsketten\/halskette-mit-kleinen-holzperlen\/#primaryimage","url":"https:\/\/ganesha-shop-fuerth.de\/onlineshop\/wp-content\/uploads\/Modeschmuck\/Halsketten\/gso-halskette-holz-0002.jpg","contentUrl":"https:\/\/ganesha-shop-fuerth.de\/onlineshop\/wp-content\/uploads\/Modeschmuck\/Halsketten\/gso-halskette-holz-0002.jpg","width":1033,"height":1200,"caption":"Halskette mit kleinen schwarzen Holzperlen"},{"@type":"BreadcrumbList","@id":"https:\/\/ganesha-shop-fuerth.de\/onlineshop\/shop\/modeschmuck-aus-asien\/halsketten\/halskette-mit-kleinen-holzperlen\/#breadcrumb","itemListElement":[{"@type":"ListItem","position":1,"name":"Startseite","item":"https:\/\/ganesha-shop-fuerth.de\/onlineshop\/"},{"@type":"ListItem","position":2,"name":"Ganesha Online Shop","item":"https:\/\/ganesha-shop-fuerth.de\/onlineshop\/shop\/"},{"@type":"ListItem","position":3,"name":"Halskette mit kleinen Holzperlen"}]},{"@type":"WebSite","@id":"https:\/\/ganesha-shop-fuerth.de\/onlineshop\/#website","url":"https:\/\/ganesha-shop-fuerth.de\/onlineshop\/","name":"Ganesha Online Shop","description":"Schmuck Kleidung Accessoires aus Asien","publisher":{"@id":"https:\/\/ganesha-shop-fuerth.de\/onlineshop\/#organization"},"potentialAction":[{"@type":"SearchAction","target":{"@type":"EntryPoint","urlTemplate":"https:\/\/ganesha-shop-fuerth.de\/onlineshop\/?s={search_term_string}"},"query-input":{"@type":"PropertyValueSpecification","valueRequired":true,"valueName":"search_term_string"}}],"inLanguage":"de"},{"@type":"Organization","@id":"https:\/\/ganesha-shop-fuerth.de\/onlineshop\/#organization","name":"Ganesha Shop F\u00fcrth","url":"https:\/\/ganesha-shop-fuerth.de\/onlineshop\/","logo":{"@type":"ImageObject","inLanguage":"de","@id":"https:\/\/ganesha-shop-fuerth.de\/onlineshop\/#\/schema\/logo\/image\/","url":"https:\/\/ganesha-shop-fuerth.de\/onlineshop\/wp-content\/uploads\/Logos\/ganesha-onlineshop-footer-logo-19-Jahre.png","contentUrl":"https:\/\/ganesha-shop-fuerth.de\/onlineshop\/wp-content\/uploads\/Logos\/ganesha-onlineshop-footer-logo-19-Jahre.png","width":250,"height":299,"caption":"Ganesha Shop F\u00fcrth"},"image":{"@id":"https:\/\/ganesha-shop-fuerth.de\/onlineshop\/#\/schema\/logo\/image\/"},"sameAs":["https:\/\/de-de.facebook.com\/ganeshashopfuerth\/","https:\/\/www.youtube.com\/channel\/UCECWtim6iWB8dozVcmw-GcA"]}]}},"_links":{"self":[{"href":"https:\/\/ganesha-shop-fuerth.de\/onlineshop\/wp-json\/wp\/v2\/product\/5214","targetHints":{"allow":["GET"]}}],"collection":[{"href":"https:\/\/ganesha-shop-fuerth.de\/onlineshop\/wp-json\/wp\/v2\/product"}],"about":[{"href":"https:\/\/ganesha-shop-fuerth.de\/onlineshop\/wp-json\/wp\/v2\/types\/product"}],"replies":[{"embeddable":true,"href":"https:\/\/ganesha-shop-fuerth.de\/onlineshop\/wp-json\/wp\/v2\/comments?post=5214"}],"wp:featuredmedia":[{"embeddable":true,"href":"https:\/\/ganesha-shop-fuerth.de\/onlineshop\/wp-json\/wp\/v2\/media\/5213"}],"wp:attachment":[{"href":"https:\/\/ganesha-shop-fuerth.de\/onlineshop\/wp-json\/wp\/v2\/media?parent=5214"}],"wp:term":[{"taxonomy":"product_brand","embeddable":true,"href":"https:\/\/ganesha-shop-fuerth.de\/onlineshop\/wp-json\/wp\/v2\/product_brand?post=5214"},{"taxonomy":"product_cat","embeddable":true,"href":"https:\/\/ganesha-shop-fuerth.de\/onlineshop\/wp-json\/wp\/v2\/product_cat?post=5214"},{"taxonomy":"product_tag","embeddable":true,"href":"https:\/\/ganesha-shop-fuerth.de\/onlineshop\/wp-json\/wp\/v2\/product_tag?post=5214"}],"curies":[{"name":"wp","href":"https:\/\/api.w.org\/{rel}","templated":true}]}}