{"id":5235,"date":"2022-10-13T17:02:12","date_gmt":"2022-10-13T15:02:12","guid":{"rendered":"https:\/\/ganesha-shop-fuerth.de\/onlineshop\/?post_type=product&#038;p=5235"},"modified":"2025-12-27T13:41:10","modified_gmt":"2025-12-27T12:41:10","slug":"halskette-mit-grossen-holzperlen-2","status":"publish","type":"product","link":"https:\/\/ganesha-shop-fuerth.de\/onlineshop\/shop\/modeschmuck-aus-asien\/halsketten\/halskette-mit-grossen-holzperlen-2\/","title":{"rendered":"Halskette mit gro\u00dfen Holzperlen #2"},"content":{"rendered":"<p>Halskette mit gro\u00dfen Holzperlen und Stoffperlen. Der Verschluss ist ebenfalls aus Stoff in Form einer Schlaufe in die ein Stoffballen durchgef\u00fchrt wird. Diese Halskette gibt es in zwei Varianten. Rote Holzperlen sowie braune Holzperlen. Bitte w\u00e4hlen Sie die verf\u00fcgbare Varianten im obigen Drop-down Men\u00fc unter Optionen aus.<\/p>\n<figure id=\"attachment_5233\" aria-describedby=\"caption-attachment-5233\" style=\"width: 300px\" class=\"wp-caption alignleft\"><a href=\"https:\/\/ganesha-shop-fuerth.de\/onlineshop\/wp-content\/uploads\/Modeschmuck\/Halsketten\/gso-halskette-holz-0003.jpg\"><img loading=\"lazy\" decoding=\"async\" class=\"wp-image-5233\" src=\"https:\/\/ganesha-shop-fuerth.de\/onlineshop\/wp-content\/uploads\/Modeschmuck\/Halsketten\/gso-halskette-holz-0003-258x300.jpg\" alt=\"Halskette mit gro\u00dfen Holzperlen\" width=\"300\" height=\"348\" srcset=\"https:\/\/ganesha-shop-fuerth.de\/onlineshop\/wp-content\/uploads\/Modeschmuck\/Halsketten\/gso-halskette-holz-0003-258x300.jpg 258w, https:\/\/ganesha-shop-fuerth.de\/onlineshop\/wp-content\/uploads\/Modeschmuck\/Halsketten\/gso-halskette-holz-0003-881x1024.jpg 881w, https:\/\/ganesha-shop-fuerth.de\/onlineshop\/wp-content\/uploads\/Modeschmuck\/Halsketten\/gso-halskette-holz-0003-768x892.jpg 768w, https:\/\/ganesha-shop-fuerth.de\/onlineshop\/wp-content\/uploads\/Modeschmuck\/Halsketten\/gso-halskette-holz-0003-324x376.jpg 324w, https:\/\/ganesha-shop-fuerth.de\/onlineshop\/wp-content\/uploads\/Modeschmuck\/Halsketten\/gso-halskette-holz-0003-416x483.jpg 416w, https:\/\/ganesha-shop-fuerth.de\/onlineshop\/wp-content\/uploads\/Modeschmuck\/Halsketten\/gso-halskette-holz-0003.jpg 1033w\" sizes=\"auto, (max-width: 300px) 100vw, 300px\" \/><\/a><figcaption id=\"caption-attachment-5233\" class=\"wp-caption-text\">Halskette mit gro\u00dfen Holzperlen &#8211; Variante 1<\/figcaption><\/figure>\n<figure id=\"attachment_5232\" aria-describedby=\"caption-attachment-5232\" style=\"width: 464px\" class=\"wp-caption alignleft\"><a href=\"https:\/\/ganesha-shop-fuerth.de\/onlineshop\/wp-content\/uploads\/Modeschmuck\/Halsketten\/gso-halskette-holz-0003b.jpg\"><img loading=\"lazy\" decoding=\"async\" class=\"wp-image-5232\" src=\"https:\/\/ganesha-shop-fuerth.de\/onlineshop\/wp-content\/uploads\/Modeschmuck\/Halsketten\/gso-halskette-holz-0003b-300x225.jpg\" alt=\"Halskette mit gro\u00dfen Holzperlen\" width=\"464\" height=\"348\" srcset=\"https:\/\/ganesha-shop-fuerth.de\/onlineshop\/wp-content\/uploads\/Modeschmuck\/Halsketten\/gso-halskette-holz-0003b-300x225.jpg 300w, https:\/\/ganesha-shop-fuerth.de\/onlineshop\/wp-content\/uploads\/Modeschmuck\/Halsketten\/gso-halskette-holz-0003b-1024x768.jpg 1024w, https:\/\/ganesha-shop-fuerth.de\/onlineshop\/wp-content\/uploads\/Modeschmuck\/Halsketten\/gso-halskette-holz-0003b-768x576.jpg 768w, https:\/\/ganesha-shop-fuerth.de\/onlineshop\/wp-content\/uploads\/Modeschmuck\/Halsketten\/gso-halskette-holz-0003b-324x243.jpg 324w, https:\/\/ganesha-shop-fuerth.de\/onlineshop\/wp-content\/uploads\/Modeschmuck\/Halsketten\/gso-halskette-holz-0003b-416x312.jpg 416w, https:\/\/ganesha-shop-fuerth.de\/onlineshop\/wp-content\/uploads\/Modeschmuck\/Halsketten\/gso-halskette-holz-0003b.jpg 1200w\" sizes=\"auto, (max-width: 464px) 100vw, 464px\" \/><\/a><figcaption id=\"caption-attachment-5232\" class=\"wp-caption-text\">Halskette mit gro\u00dfen Holzperlen &#8211; Variante 2<\/figcaption><\/figure>\n<p>&nbsp;<\/p>\n<p>&nbsp;<\/p>\n","protected":false},"excerpt":{"rendered":"<p>Halskette mit gro\u00dfen Holzperlen #2<\/p>\n","protected":false},"featured_media":5233,"comment_status":"open","ping_status":"closed","template":"","meta":[],"product_brand":[],"product_cat":[312,208,77],"product_tag":[116],"class_list":{"0":"post-5235","1":"product","2":"type-product","3":"status-publish","4":"has-post-thumbnail","6":"product_cat-halsketten","7":"product_cat-modeschmuck-aus-asien","8":"product_cat-reduzierte-artikel","9":"product_tag-halsketten","11":"first","12":"instock","13":"sale","14":"taxable","15":"shipping-taxable","16":"purchasable","17":"product-type-variable"},"yoast_head":"<!-- This site is optimized with the Yoast SEO plugin v27.3 - https:\/\/yoast.com\/product\/yoast-seo-wordpress\/ -->\n<title>Halskette mit gro\u00dfen Holzperlen #2 - Ganesha Online Shop<\/title>\n<meta name=\"description\" content=\"Halskette mit gro\u00dfen Holzperlen und Stoffperlen im Ganesha Shop kaufen. Weitere Halsketten aus Holz oder Horn im Shop verf\u00fcgbar.\" \/>\n<meta name=\"robots\" content=\"index, follow, max-snippet:-1, max-image-preview:large, max-video-preview:-1\" \/>\n<link rel=\"canonical\" href=\"https:\/\/ganesha-shop-fuerth.de\/onlineshop\/shop\/modeschmuck-aus-asien\/halsketten\/halskette-mit-grossen-holzperlen-2\/\" \/>\n<meta property=\"og:locale\" content=\"de_DE\" \/>\n<meta property=\"og:type\" content=\"article\" \/>\n<meta property=\"og:title\" content=\"Halskette mit gro\u00dfen Holzperlen #2 - Ganesha Online Shop\" \/>\n<meta property=\"og:description\" content=\"Halskette mit gro\u00dfen Holzperlen und Stoffperlen im Ganesha Shop kaufen. Weitere Halsketten aus Holz oder Horn im Shop verf\u00fcgbar.\" \/>\n<meta property=\"og:url\" content=\"https:\/\/ganesha-shop-fuerth.de\/onlineshop\/shop\/modeschmuck-aus-asien\/halsketten\/halskette-mit-grossen-holzperlen-2\/\" \/>\n<meta property=\"og:site_name\" content=\"Ganesha Online Shop\" \/>\n<meta property=\"article:publisher\" content=\"https:\/\/de-de.facebook.com\/ganeshashopfuerth\/\" \/>\n<meta property=\"article:modified_time\" content=\"2025-12-27T12:41:10+00:00\" \/>\n<meta property=\"og:image\" content=\"https:\/\/ganesha-shop-fuerth.de\/onlineshop\/wp-content\/uploads\/Modeschmuck\/Halsketten\/gso-halskette-holz-0003.jpg\" \/>\n\t<meta property=\"og:image:width\" content=\"1033\" \/>\n\t<meta property=\"og:image:height\" content=\"1200\" \/>\n\t<meta property=\"og:image:type\" content=\"image\/jpeg\" \/>\n<meta name=\"twitter:card\" content=\"summary_large_image\" \/>\n<meta name=\"twitter:label1\" content=\"Gesch\u00e4tzte Lesezeit\" \/>\n\t<meta name=\"twitter:data1\" content=\"1\u00a0Minute\" \/>\n<script type=\"application\/ld+json\" class=\"yoast-schema-graph\">{\"@context\":\"https:\\\/\\\/schema.org\",\"@graph\":[{\"@type\":\"WebPage\",\"@id\":\"https:\\\/\\\/ganesha-shop-fuerth.de\\\/onlineshop\\\/shop\\\/modeschmuck-aus-asien\\\/halsketten\\\/halskette-mit-grossen-holzperlen-2\\\/\",\"url\":\"https:\\\/\\\/ganesha-shop-fuerth.de\\\/onlineshop\\\/shop\\\/modeschmuck-aus-asien\\\/halsketten\\\/halskette-mit-grossen-holzperlen-2\\\/\",\"name\":\"Halskette mit gro\u00dfen Holzperlen #2 - Ganesha Online Shop\",\"isPartOf\":{\"@id\":\"https:\\\/\\\/ganesha-shop-fuerth.de\\\/onlineshop\\\/#website\"},\"primaryImageOfPage\":{\"@id\":\"https:\\\/\\\/ganesha-shop-fuerth.de\\\/onlineshop\\\/shop\\\/modeschmuck-aus-asien\\\/halsketten\\\/halskette-mit-grossen-holzperlen-2\\\/#primaryimage\"},\"image\":{\"@id\":\"https:\\\/\\\/ganesha-shop-fuerth.de\\\/onlineshop\\\/shop\\\/modeschmuck-aus-asien\\\/halsketten\\\/halskette-mit-grossen-holzperlen-2\\\/#primaryimage\"},\"thumbnailUrl\":\"https:\\\/\\\/ganesha-shop-fuerth.de\\\/onlineshop\\\/wp-content\\\/uploads\\\/Modeschmuck\\\/Halsketten\\\/gso-halskette-holz-0003.jpg\",\"datePublished\":\"2022-10-13T15:02:12+00:00\",\"dateModified\":\"2025-12-27T12:41:10+00:00\",\"description\":\"Halskette mit gro\u00dfen Holzperlen und Stoffperlen im Ganesha Shop kaufen. Weitere Halsketten aus Holz oder Horn im Shop verf\u00fcgbar.\",\"breadcrumb\":{\"@id\":\"https:\\\/\\\/ganesha-shop-fuerth.de\\\/onlineshop\\\/shop\\\/modeschmuck-aus-asien\\\/halsketten\\\/halskette-mit-grossen-holzperlen-2\\\/#breadcrumb\"},\"inLanguage\":\"de\",\"potentialAction\":[{\"@type\":\"ReadAction\",\"target\":[\"https:\\\/\\\/ganesha-shop-fuerth.de\\\/onlineshop\\\/shop\\\/modeschmuck-aus-asien\\\/halsketten\\\/halskette-mit-grossen-holzperlen-2\\\/\"]}]},{\"@type\":\"ImageObject\",\"inLanguage\":\"de\",\"@id\":\"https:\\\/\\\/ganesha-shop-fuerth.de\\\/onlineshop\\\/shop\\\/modeschmuck-aus-asien\\\/halsketten\\\/halskette-mit-grossen-holzperlen-2\\\/#primaryimage\",\"url\":\"https:\\\/\\\/ganesha-shop-fuerth.de\\\/onlineshop\\\/wp-content\\\/uploads\\\/Modeschmuck\\\/Halsketten\\\/gso-halskette-holz-0003.jpg\",\"contentUrl\":\"https:\\\/\\\/ganesha-shop-fuerth.de\\\/onlineshop\\\/wp-content\\\/uploads\\\/Modeschmuck\\\/Halsketten\\\/gso-halskette-holz-0003.jpg\",\"width\":1033,\"height\":1200,\"caption\":\"Halskette mit gro\u00dfen Holzperlen - Variante 1\"},{\"@type\":\"BreadcrumbList\",\"@id\":\"https:\\\/\\\/ganesha-shop-fuerth.de\\\/onlineshop\\\/shop\\\/modeschmuck-aus-asien\\\/halsketten\\\/halskette-mit-grossen-holzperlen-2\\\/#breadcrumb\",\"itemListElement\":[{\"@type\":\"ListItem\",\"position\":1,\"name\":\"Startseite\",\"item\":\"https:\\\/\\\/ganesha-shop-fuerth.de\\\/onlineshop\\\/\"},{\"@type\":\"ListItem\",\"position\":2,\"name\":\"Ganesha Online Shop\",\"item\":\"https:\\\/\\\/ganesha-shop-fuerth.de\\\/onlineshop\\\/shop\\\/\"},{\"@type\":\"ListItem\",\"position\":3,\"name\":\"Halskette mit gro\u00dfen Holzperlen #2\"}]},{\"@type\":\"WebSite\",\"@id\":\"https:\\\/\\\/ganesha-shop-fuerth.de\\\/onlineshop\\\/#website\",\"url\":\"https:\\\/\\\/ganesha-shop-fuerth.de\\\/onlineshop\\\/\",\"name\":\"Ganesha Online Shop\",\"description\":\"Schmuck Kleidung Accessoires aus Asien\",\"publisher\":{\"@id\":\"https:\\\/\\\/ganesha-shop-fuerth.de\\\/onlineshop\\\/#organization\"},\"potentialAction\":[{\"@type\":\"SearchAction\",\"target\":{\"@type\":\"EntryPoint\",\"urlTemplate\":\"https:\\\/\\\/ganesha-shop-fuerth.de\\\/onlineshop\\\/?s={search_term_string}\"},\"query-input\":{\"@type\":\"PropertyValueSpecification\",\"valueRequired\":true,\"valueName\":\"search_term_string\"}}],\"inLanguage\":\"de\"},{\"@type\":\"Organization\",\"@id\":\"https:\\\/\\\/ganesha-shop-fuerth.de\\\/onlineshop\\\/#organization\",\"name\":\"Ganesha Shop F\u00fcrth\",\"url\":\"https:\\\/\\\/ganesha-shop-fuerth.de\\\/onlineshop\\\/\",\"logo\":{\"@type\":\"ImageObject\",\"inLanguage\":\"de\",\"@id\":\"https:\\\/\\\/ganesha-shop-fuerth.de\\\/onlineshop\\\/#\\\/schema\\\/logo\\\/image\\\/\",\"url\":\"https:\\\/\\\/ganesha-shop-fuerth.de\\\/onlineshop\\\/wp-content\\\/uploads\\\/Logos\\\/ganesha-onlineshop-footer-logo-19-Jahre.png\",\"contentUrl\":\"https:\\\/\\\/ganesha-shop-fuerth.de\\\/onlineshop\\\/wp-content\\\/uploads\\\/Logos\\\/ganesha-onlineshop-footer-logo-19-Jahre.png\",\"width\":250,\"height\":299,\"caption\":\"Ganesha Shop F\u00fcrth\"},\"image\":{\"@id\":\"https:\\\/\\\/ganesha-shop-fuerth.de\\\/onlineshop\\\/#\\\/schema\\\/logo\\\/image\\\/\"},\"sameAs\":[\"https:\\\/\\\/de-de.facebook.com\\\/ganeshashopfuerth\\\/\",\"https:\\\/\\\/www.youtube.com\\\/channel\\\/UCECWtim6iWB8dozVcmw-GcA\"]}]}<\/script>\n<!-- \/ Yoast SEO plugin. -->","yoast_head_json":{"title":"Halskette mit gro\u00dfen Holzperlen #2 - Ganesha Online Shop","description":"Halskette mit gro\u00dfen Holzperlen und Stoffperlen im Ganesha Shop kaufen. Weitere Halsketten aus Holz oder Horn im Shop verf\u00fcgbar.","robots":{"index":"index","follow":"follow","max-snippet":"max-snippet:-1","max-image-preview":"max-image-preview:large","max-video-preview":"max-video-preview:-1"},"canonical":"https:\/\/ganesha-shop-fuerth.de\/onlineshop\/shop\/modeschmuck-aus-asien\/halsketten\/halskette-mit-grossen-holzperlen-2\/","og_locale":"de_DE","og_type":"article","og_title":"Halskette mit gro\u00dfen Holzperlen #2 - Ganesha Online Shop","og_description":"Halskette mit gro\u00dfen Holzperlen und Stoffperlen im Ganesha Shop kaufen. Weitere Halsketten aus Holz oder Horn im Shop verf\u00fcgbar.","og_url":"https:\/\/ganesha-shop-fuerth.de\/onlineshop\/shop\/modeschmuck-aus-asien\/halsketten\/halskette-mit-grossen-holzperlen-2\/","og_site_name":"Ganesha Online Shop","article_publisher":"https:\/\/de-de.facebook.com\/ganeshashopfuerth\/","article_modified_time":"2025-12-27T12:41:10+00:00","og_image":[{"width":1033,"height":1200,"url":"https:\/\/ganesha-shop-fuerth.de\/onlineshop\/wp-content\/uploads\/Modeschmuck\/Halsketten\/gso-halskette-holz-0003.jpg","type":"image\/jpeg"}],"twitter_card":"summary_large_image","twitter_misc":{"Gesch\u00e4tzte Lesezeit":"1\u00a0Minute"},"schema":{"@context":"https:\/\/schema.org","@graph":[{"@type":"WebPage","@id":"https:\/\/ganesha-shop-fuerth.de\/onlineshop\/shop\/modeschmuck-aus-asien\/halsketten\/halskette-mit-grossen-holzperlen-2\/","url":"https:\/\/ganesha-shop-fuerth.de\/onlineshop\/shop\/modeschmuck-aus-asien\/halsketten\/halskette-mit-grossen-holzperlen-2\/","name":"Halskette mit gro\u00dfen Holzperlen #2 - Ganesha Online Shop","isPartOf":{"@id":"https:\/\/ganesha-shop-fuerth.de\/onlineshop\/#website"},"primaryImageOfPage":{"@id":"https:\/\/ganesha-shop-fuerth.de\/onlineshop\/shop\/modeschmuck-aus-asien\/halsketten\/halskette-mit-grossen-holzperlen-2\/#primaryimage"},"image":{"@id":"https:\/\/ganesha-shop-fuerth.de\/onlineshop\/shop\/modeschmuck-aus-asien\/halsketten\/halskette-mit-grossen-holzperlen-2\/#primaryimage"},"thumbnailUrl":"https:\/\/ganesha-shop-fuerth.de\/onlineshop\/wp-content\/uploads\/Modeschmuck\/Halsketten\/gso-halskette-holz-0003.jpg","datePublished":"2022-10-13T15:02:12+00:00","dateModified":"2025-12-27T12:41:10+00:00","description":"Halskette mit gro\u00dfen Holzperlen und Stoffperlen im Ganesha Shop kaufen. Weitere Halsketten aus Holz oder Horn im Shop verf\u00fcgbar.","breadcrumb":{"@id":"https:\/\/ganesha-shop-fuerth.de\/onlineshop\/shop\/modeschmuck-aus-asien\/halsketten\/halskette-mit-grossen-holzperlen-2\/#breadcrumb"},"inLanguage":"de","potentialAction":[{"@type":"ReadAction","target":["https:\/\/ganesha-shop-fuerth.de\/onlineshop\/shop\/modeschmuck-aus-asien\/halsketten\/halskette-mit-grossen-holzperlen-2\/"]}]},{"@type":"ImageObject","inLanguage":"de","@id":"https:\/\/ganesha-shop-fuerth.de\/onlineshop\/shop\/modeschmuck-aus-asien\/halsketten\/halskette-mit-grossen-holzperlen-2\/#primaryimage","url":"https:\/\/ganesha-shop-fuerth.de\/onlineshop\/wp-content\/uploads\/Modeschmuck\/Halsketten\/gso-halskette-holz-0003.jpg","contentUrl":"https:\/\/ganesha-shop-fuerth.de\/onlineshop\/wp-content\/uploads\/Modeschmuck\/Halsketten\/gso-halskette-holz-0003.jpg","width":1033,"height":1200,"caption":"Halskette mit gro\u00dfen Holzperlen - Variante 1"},{"@type":"BreadcrumbList","@id":"https:\/\/ganesha-shop-fuerth.de\/onlineshop\/shop\/modeschmuck-aus-asien\/halsketten\/halskette-mit-grossen-holzperlen-2\/#breadcrumb","itemListElement":[{"@type":"ListItem","position":1,"name":"Startseite","item":"https:\/\/ganesha-shop-fuerth.de\/onlineshop\/"},{"@type":"ListItem","position":2,"name":"Ganesha Online Shop","item":"https:\/\/ganesha-shop-fuerth.de\/onlineshop\/shop\/"},{"@type":"ListItem","position":3,"name":"Halskette mit gro\u00dfen Holzperlen #2"}]},{"@type":"WebSite","@id":"https:\/\/ganesha-shop-fuerth.de\/onlineshop\/#website","url":"https:\/\/ganesha-shop-fuerth.de\/onlineshop\/","name":"Ganesha Online Shop","description":"Schmuck Kleidung Accessoires aus Asien","publisher":{"@id":"https:\/\/ganesha-shop-fuerth.de\/onlineshop\/#organization"},"potentialAction":[{"@type":"SearchAction","target":{"@type":"EntryPoint","urlTemplate":"https:\/\/ganesha-shop-fuerth.de\/onlineshop\/?s={search_term_string}"},"query-input":{"@type":"PropertyValueSpecification","valueRequired":true,"valueName":"search_term_string"}}],"inLanguage":"de"},{"@type":"Organization","@id":"https:\/\/ganesha-shop-fuerth.de\/onlineshop\/#organization","name":"Ganesha Shop F\u00fcrth","url":"https:\/\/ganesha-shop-fuerth.de\/onlineshop\/","logo":{"@type":"ImageObject","inLanguage":"de","@id":"https:\/\/ganesha-shop-fuerth.de\/onlineshop\/#\/schema\/logo\/image\/","url":"https:\/\/ganesha-shop-fuerth.de\/onlineshop\/wp-content\/uploads\/Logos\/ganesha-onlineshop-footer-logo-19-Jahre.png","contentUrl":"https:\/\/ganesha-shop-fuerth.de\/onlineshop\/wp-content\/uploads\/Logos\/ganesha-onlineshop-footer-logo-19-Jahre.png","width":250,"height":299,"caption":"Ganesha Shop F\u00fcrth"},"image":{"@id":"https:\/\/ganesha-shop-fuerth.de\/onlineshop\/#\/schema\/logo\/image\/"},"sameAs":["https:\/\/de-de.facebook.com\/ganeshashopfuerth\/","https:\/\/www.youtube.com\/channel\/UCECWtim6iWB8dozVcmw-GcA"]}]}},"_links":{"self":[{"href":"https:\/\/ganesha-shop-fuerth.de\/onlineshop\/wp-json\/wp\/v2\/product\/5235","targetHints":{"allow":["GET"]}}],"collection":[{"href":"https:\/\/ganesha-shop-fuerth.de\/onlineshop\/wp-json\/wp\/v2\/product"}],"about":[{"href":"https:\/\/ganesha-shop-fuerth.de\/onlineshop\/wp-json\/wp\/v2\/types\/product"}],"replies":[{"embeddable":true,"href":"https:\/\/ganesha-shop-fuerth.de\/onlineshop\/wp-json\/wp\/v2\/comments?post=5235"}],"wp:featuredmedia":[{"embeddable":true,"href":"https:\/\/ganesha-shop-fuerth.de\/onlineshop\/wp-json\/wp\/v2\/media\/5233"}],"wp:attachment":[{"href":"https:\/\/ganesha-shop-fuerth.de\/onlineshop\/wp-json\/wp\/v2\/media?parent=5235"}],"wp:term":[{"taxonomy":"product_brand","embeddable":true,"href":"https:\/\/ganesha-shop-fuerth.de\/onlineshop\/wp-json\/wp\/v2\/product_brand?post=5235"},{"taxonomy":"product_cat","embeddable":true,"href":"https:\/\/ganesha-shop-fuerth.de\/onlineshop\/wp-json\/wp\/v2\/product_cat?post=5235"},{"taxonomy":"product_tag","embeddable":true,"href":"https:\/\/ganesha-shop-fuerth.de\/onlineshop\/wp-json\/wp\/v2\/product_tag?post=5235"}],"curies":[{"name":"wp","href":"https:\/\/api.w.org\/{rel}","templated":true}]}}