{"id":5284,"date":"2022-12-05T15:11:44","date_gmt":"2022-12-05T14:11:44","guid":{"rendered":"https:\/\/ganesha-shop-fuerth.de\/onlineshop\/?post_type=product&#038;p=5284"},"modified":"2026-01-07T15:03:54","modified_gmt":"2026-01-07T14:03:54","slug":"messing-halskette-mit-glasperlen","status":"publish","type":"product","link":"https:\/\/ganesha-shop-fuerth.de\/onlineshop\/shop\/modeschmuck-aus-asien\/halsketten\/messing-halskette-mit-glasperlen\/","title":{"rendered":"Messing Halskette mit Glasperlen"},"content":{"rendered":"<p>Messing Halskette mit Glasperlen aus Indien. Die Kette besteht aus unterschiedlich geformten Messing Perlen untersetzt mit diversen Glasperlen.\u00a0 Der einklickbare Verschluss der Kette ist ebenfalls aus Messing. Gewicht: ca. 82 &#8211; 88 g, je nach Variante. L\u00e4nge der Kette ge\u00f6ffnet von Verschlu\u00df zu Verschlu\u00df: ca. 49 cm. Bitte messen Sie vorab ihren Halsumfang. L\u00e4nge der Kette geschlossen: ca. 24,5 cm.\u00a0 Bitte w\u00e4hlen Sie in obigen Drop-down Men\u00fc die verf\u00fcgbare Variante aus. Allgemeine Informationen zum\u00a0 Messing finden Sie z.B. <a href=\"https:\/\/de.wikipedia.org\/wiki\/Messing\" target=\"_blank\" rel=\"noopener noreferrer\">hier<\/a>.<\/p>\n<figure id=\"attachment_5283\" aria-describedby=\"caption-attachment-5283\" style=\"width: 280px\" class=\"wp-caption alignleft\"><a href=\"https:\/\/ganesha-shop-fuerth.de\/onlineshop\/wp-content\/uploads\/Messing-Schmuck\/Messing-Kette\/gso-messing-kette-0003.jpg\"><img loading=\"lazy\" decoding=\"async\" class=\"wp-image-5283\" src=\"https:\/\/ganesha-shop-fuerth.de\/onlineshop\/wp-content\/uploads\/Messing-Schmuck\/Messing-Kette\/gso-messing-kette-0003-258x300.jpg\" alt=\"Messing Halskette mit Glasperlen\" width=\"280\" height=\"325\" srcset=\"https:\/\/ganesha-shop-fuerth.de\/onlineshop\/wp-content\/uploads\/Messing-Schmuck\/Messing-Kette\/gso-messing-kette-0003-258x300.jpg 258w, https:\/\/ganesha-shop-fuerth.de\/onlineshop\/wp-content\/uploads\/Messing-Schmuck\/Messing-Kette\/gso-messing-kette-0003-881x1024.jpg 881w, https:\/\/ganesha-shop-fuerth.de\/onlineshop\/wp-content\/uploads\/Messing-Schmuck\/Messing-Kette\/gso-messing-kette-0003-768x892.jpg 768w, https:\/\/ganesha-shop-fuerth.de\/onlineshop\/wp-content\/uploads\/Messing-Schmuck\/Messing-Kette\/gso-messing-kette-0003-324x376.jpg 324w, https:\/\/ganesha-shop-fuerth.de\/onlineshop\/wp-content\/uploads\/Messing-Schmuck\/Messing-Kette\/gso-messing-kette-0003-416x483.jpg 416w, https:\/\/ganesha-shop-fuerth.de\/onlineshop\/wp-content\/uploads\/Messing-Schmuck\/Messing-Kette\/gso-messing-kette-0003.jpg 1033w\" sizes=\"auto, (max-width: 280px) 100vw, 280px\" \/><\/a><figcaption id=\"caption-attachment-5283\" class=\"wp-caption-text\">Messing Halskette mit Glasperlen &#8211; Variante 1<\/figcaption><\/figure>\n<figure id=\"attachment_5282\" aria-describedby=\"caption-attachment-5282\" style=\"width: 280px\" class=\"wp-caption alignleft\"><a href=\"https:\/\/ganesha-shop-fuerth.de\/onlineshop\/wp-content\/uploads\/Messing-Schmuck\/Messing-Kette\/gso-messing-kette-0003a.jpg\"><img loading=\"lazy\" decoding=\"async\" class=\"wp-image-5282\" src=\"https:\/\/ganesha-shop-fuerth.de\/onlineshop\/wp-content\/uploads\/Messing-Schmuck\/Messing-Kette\/gso-messing-kette-0003a-258x300.jpg\" alt=\"Messing Halskette mit Glasperlen\" width=\"280\" height=\"325\" srcset=\"https:\/\/ganesha-shop-fuerth.de\/onlineshop\/wp-content\/uploads\/Messing-Schmuck\/Messing-Kette\/gso-messing-kette-0003a-258x300.jpg 258w, https:\/\/ganesha-shop-fuerth.de\/onlineshop\/wp-content\/uploads\/Messing-Schmuck\/Messing-Kette\/gso-messing-kette-0003a-881x1024.jpg 881w, https:\/\/ganesha-shop-fuerth.de\/onlineshop\/wp-content\/uploads\/Messing-Schmuck\/Messing-Kette\/gso-messing-kette-0003a-768x892.jpg 768w, https:\/\/ganesha-shop-fuerth.de\/onlineshop\/wp-content\/uploads\/Messing-Schmuck\/Messing-Kette\/gso-messing-kette-0003a-324x376.jpg 324w, https:\/\/ganesha-shop-fuerth.de\/onlineshop\/wp-content\/uploads\/Messing-Schmuck\/Messing-Kette\/gso-messing-kette-0003a-416x483.jpg 416w, https:\/\/ganesha-shop-fuerth.de\/onlineshop\/wp-content\/uploads\/Messing-Schmuck\/Messing-Kette\/gso-messing-kette-0003a.jpg 1033w\" sizes=\"auto, (max-width: 280px) 100vw, 280px\" \/><\/a><figcaption id=\"caption-attachment-5282\" class=\"wp-caption-text\">Messing Halskette mit Glasperlen &#8211; Variante 2<\/figcaption><\/figure>\n","protected":false},"excerpt":{"rendered":"<p>Messing Halskette mit Glasperlen\u00a0aus Indien<\/p>\n","protected":false},"featured_media":5283,"comment_status":"open","ping_status":"closed","template":"","meta":[],"product_brand":[],"product_cat":[312,217,171,208,77],"product_tag":[116,173],"class_list":{"0":"post-5284","1":"product","2":"type-product","3":"status-publish","4":"has-post-thumbnail","6":"product_cat-halsketten","7":"product_cat-messing-kette","8":"product_cat-messing-schmuck","9":"product_cat-modeschmuck-aus-asien","10":"product_cat-reduzierte-artikel","11":"product_tag-halsketten","12":"product_tag-messing-schmuck","14":"first","15":"instock","16":"sale","17":"sold-individually","18":"taxable","19":"shipping-taxable","20":"purchasable","21":"product-type-variable"},"yoast_head":"<!-- This site is optimized with the Yoast SEO plugin v27.4 - https:\/\/yoast.com\/product\/yoast-seo-wordpress\/ -->\n<title>Messing Halskette mit Glasperlen - Ganesha Online Shop<\/title>\n<meta name=\"description\" content=\"Messing Halskette mit Glasperlen im Ganesha Online Shop kaufen. Weiterer Schmuck aus Messing, Anh\u00e4nger oder Ohrringe im Shop erh\u00e4ltlich.\" \/>\n<meta name=\"robots\" content=\"index, follow, max-snippet:-1, max-image-preview:large, max-video-preview:-1\" \/>\n<link rel=\"canonical\" href=\"https:\/\/ganesha-shop-fuerth.de\/onlineshop\/shop\/modeschmuck-aus-asien\/halsketten\/messing-halskette-mit-glasperlen\/\" \/>\n<meta property=\"og:locale\" content=\"de_DE\" \/>\n<meta property=\"og:type\" content=\"article\" \/>\n<meta property=\"og:title\" content=\"Messing Halskette mit Glasperlen - Ganesha Online Shop\" \/>\n<meta property=\"og:description\" content=\"Messing Halskette mit Glasperlen im Ganesha Online Shop kaufen. Weiterer Schmuck aus Messing, Anh\u00e4nger oder Ohrringe im Shop erh\u00e4ltlich.\" \/>\n<meta property=\"og:url\" content=\"https:\/\/ganesha-shop-fuerth.de\/onlineshop\/shop\/modeschmuck-aus-asien\/halsketten\/messing-halskette-mit-glasperlen\/\" \/>\n<meta property=\"og:site_name\" content=\"Ganesha Online Shop\" \/>\n<meta property=\"article:publisher\" content=\"https:\/\/de-de.facebook.com\/ganeshashopfuerth\/\" \/>\n<meta property=\"article:modified_time\" content=\"2026-01-07T14:03:54+00:00\" \/>\n<meta property=\"og:image\" content=\"https:\/\/ganesha-shop-fuerth.de\/onlineshop\/wp-content\/uploads\/Messing-Schmuck\/Messing-Kette\/gso-messing-kette-0003.jpg\" \/>\n\t<meta property=\"og:image:width\" content=\"1033\" \/>\n\t<meta property=\"og:image:height\" content=\"1200\" \/>\n\t<meta property=\"og:image:type\" content=\"image\/jpeg\" \/>\n<meta name=\"twitter:card\" content=\"summary_large_image\" \/>\n<meta name=\"twitter:label1\" content=\"Gesch\u00e4tzte Lesezeit\" \/>\n\t<meta name=\"twitter:data1\" content=\"1\u00a0Minute\" \/>\n<script type=\"application\/ld+json\" class=\"yoast-schema-graph\">{\"@context\":\"https:\\\/\\\/schema.org\",\"@graph\":[{\"@type\":\"WebPage\",\"@id\":\"https:\\\/\\\/ganesha-shop-fuerth.de\\\/onlineshop\\\/shop\\\/modeschmuck-aus-asien\\\/halsketten\\\/messing-halskette-mit-glasperlen\\\/\",\"url\":\"https:\\\/\\\/ganesha-shop-fuerth.de\\\/onlineshop\\\/shop\\\/modeschmuck-aus-asien\\\/halsketten\\\/messing-halskette-mit-glasperlen\\\/\",\"name\":\"Messing Halskette mit Glasperlen - Ganesha Online Shop\",\"isPartOf\":{\"@id\":\"https:\\\/\\\/ganesha-shop-fuerth.de\\\/onlineshop\\\/#website\"},\"primaryImageOfPage\":{\"@id\":\"https:\\\/\\\/ganesha-shop-fuerth.de\\\/onlineshop\\\/shop\\\/modeschmuck-aus-asien\\\/halsketten\\\/messing-halskette-mit-glasperlen\\\/#primaryimage\"},\"image\":{\"@id\":\"https:\\\/\\\/ganesha-shop-fuerth.de\\\/onlineshop\\\/shop\\\/modeschmuck-aus-asien\\\/halsketten\\\/messing-halskette-mit-glasperlen\\\/#primaryimage\"},\"thumbnailUrl\":\"https:\\\/\\\/ganesha-shop-fuerth.de\\\/onlineshop\\\/wp-content\\\/uploads\\\/Messing-Schmuck\\\/Messing-Kette\\\/gso-messing-kette-0003.jpg\",\"datePublished\":\"2022-12-05T14:11:44+00:00\",\"dateModified\":\"2026-01-07T14:03:54+00:00\",\"description\":\"Messing Halskette mit Glasperlen im Ganesha Online Shop kaufen. Weiterer Schmuck aus Messing, Anh\u00e4nger oder Ohrringe im Shop erh\u00e4ltlich.\",\"breadcrumb\":{\"@id\":\"https:\\\/\\\/ganesha-shop-fuerth.de\\\/onlineshop\\\/shop\\\/modeschmuck-aus-asien\\\/halsketten\\\/messing-halskette-mit-glasperlen\\\/#breadcrumb\"},\"inLanguage\":\"de\",\"potentialAction\":[{\"@type\":\"ReadAction\",\"target\":[\"https:\\\/\\\/ganesha-shop-fuerth.de\\\/onlineshop\\\/shop\\\/modeschmuck-aus-asien\\\/halsketten\\\/messing-halskette-mit-glasperlen\\\/\"]}]},{\"@type\":\"ImageObject\",\"inLanguage\":\"de\",\"@id\":\"https:\\\/\\\/ganesha-shop-fuerth.de\\\/onlineshop\\\/shop\\\/modeschmuck-aus-asien\\\/halsketten\\\/messing-halskette-mit-glasperlen\\\/#primaryimage\",\"url\":\"https:\\\/\\\/ganesha-shop-fuerth.de\\\/onlineshop\\\/wp-content\\\/uploads\\\/Messing-Schmuck\\\/Messing-Kette\\\/gso-messing-kette-0003.jpg\",\"contentUrl\":\"https:\\\/\\\/ganesha-shop-fuerth.de\\\/onlineshop\\\/wp-content\\\/uploads\\\/Messing-Schmuck\\\/Messing-Kette\\\/gso-messing-kette-0003.jpg\",\"width\":1033,\"height\":1200,\"caption\":\"Messing Halskette mit Glasperlen - Variante 1\"},{\"@type\":\"BreadcrumbList\",\"@id\":\"https:\\\/\\\/ganesha-shop-fuerth.de\\\/onlineshop\\\/shop\\\/modeschmuck-aus-asien\\\/halsketten\\\/messing-halskette-mit-glasperlen\\\/#breadcrumb\",\"itemListElement\":[{\"@type\":\"ListItem\",\"position\":1,\"name\":\"Startseite\",\"item\":\"https:\\\/\\\/ganesha-shop-fuerth.de\\\/onlineshop\\\/\"},{\"@type\":\"ListItem\",\"position\":2,\"name\":\"Ganesha Online Shop\",\"item\":\"https:\\\/\\\/ganesha-shop-fuerth.de\\\/onlineshop\\\/shop\\\/\"},{\"@type\":\"ListItem\",\"position\":3,\"name\":\"Messing Halskette mit Glasperlen\"}]},{\"@type\":\"WebSite\",\"@id\":\"https:\\\/\\\/ganesha-shop-fuerth.de\\\/onlineshop\\\/#website\",\"url\":\"https:\\\/\\\/ganesha-shop-fuerth.de\\\/onlineshop\\\/\",\"name\":\"Ganesha Online Shop\",\"description\":\"Schmuck Kleidung Accessoires aus Asien\",\"publisher\":{\"@id\":\"https:\\\/\\\/ganesha-shop-fuerth.de\\\/onlineshop\\\/#organization\"},\"potentialAction\":[{\"@type\":\"SearchAction\",\"target\":{\"@type\":\"EntryPoint\",\"urlTemplate\":\"https:\\\/\\\/ganesha-shop-fuerth.de\\\/onlineshop\\\/?s={search_term_string}\"},\"query-input\":{\"@type\":\"PropertyValueSpecification\",\"valueRequired\":true,\"valueName\":\"search_term_string\"}}],\"inLanguage\":\"de\"},{\"@type\":\"Organization\",\"@id\":\"https:\\\/\\\/ganesha-shop-fuerth.de\\\/onlineshop\\\/#organization\",\"name\":\"Ganesha Shop F\u00fcrth\",\"url\":\"https:\\\/\\\/ganesha-shop-fuerth.de\\\/onlineshop\\\/\",\"logo\":{\"@type\":\"ImageObject\",\"inLanguage\":\"de\",\"@id\":\"https:\\\/\\\/ganesha-shop-fuerth.de\\\/onlineshop\\\/#\\\/schema\\\/logo\\\/image\\\/\",\"url\":\"https:\\\/\\\/ganesha-shop-fuerth.de\\\/onlineshop\\\/wp-content\\\/uploads\\\/Logos\\\/ganesha-onlineshop-footer-logo-19-Jahre.png\",\"contentUrl\":\"https:\\\/\\\/ganesha-shop-fuerth.de\\\/onlineshop\\\/wp-content\\\/uploads\\\/Logos\\\/ganesha-onlineshop-footer-logo-19-Jahre.png\",\"width\":250,\"height\":299,\"caption\":\"Ganesha Shop F\u00fcrth\"},\"image\":{\"@id\":\"https:\\\/\\\/ganesha-shop-fuerth.de\\\/onlineshop\\\/#\\\/schema\\\/logo\\\/image\\\/\"},\"sameAs\":[\"https:\\\/\\\/de-de.facebook.com\\\/ganeshashopfuerth\\\/\",\"https:\\\/\\\/www.youtube.com\\\/channel\\\/UCECWtim6iWB8dozVcmw-GcA\"]}]}<\/script>\n<!-- \/ Yoast SEO plugin. -->","yoast_head_json":{"title":"Messing Halskette mit Glasperlen - Ganesha Online Shop","description":"Messing Halskette mit Glasperlen im Ganesha Online Shop kaufen. Weiterer Schmuck aus Messing, Anh\u00e4nger oder Ohrringe im Shop erh\u00e4ltlich.","robots":{"index":"index","follow":"follow","max-snippet":"max-snippet:-1","max-image-preview":"max-image-preview:large","max-video-preview":"max-video-preview:-1"},"canonical":"https:\/\/ganesha-shop-fuerth.de\/onlineshop\/shop\/modeschmuck-aus-asien\/halsketten\/messing-halskette-mit-glasperlen\/","og_locale":"de_DE","og_type":"article","og_title":"Messing Halskette mit Glasperlen - Ganesha Online Shop","og_description":"Messing Halskette mit Glasperlen im Ganesha Online Shop kaufen. Weiterer Schmuck aus Messing, Anh\u00e4nger oder Ohrringe im Shop erh\u00e4ltlich.","og_url":"https:\/\/ganesha-shop-fuerth.de\/onlineshop\/shop\/modeschmuck-aus-asien\/halsketten\/messing-halskette-mit-glasperlen\/","og_site_name":"Ganesha Online Shop","article_publisher":"https:\/\/de-de.facebook.com\/ganeshashopfuerth\/","article_modified_time":"2026-01-07T14:03:54+00:00","og_image":[{"width":1033,"height":1200,"url":"https:\/\/ganesha-shop-fuerth.de\/onlineshop\/wp-content\/uploads\/Messing-Schmuck\/Messing-Kette\/gso-messing-kette-0003.jpg","type":"image\/jpeg"}],"twitter_card":"summary_large_image","twitter_misc":{"Gesch\u00e4tzte Lesezeit":"1\u00a0Minute"},"schema":{"@context":"https:\/\/schema.org","@graph":[{"@type":"WebPage","@id":"https:\/\/ganesha-shop-fuerth.de\/onlineshop\/shop\/modeschmuck-aus-asien\/halsketten\/messing-halskette-mit-glasperlen\/","url":"https:\/\/ganesha-shop-fuerth.de\/onlineshop\/shop\/modeschmuck-aus-asien\/halsketten\/messing-halskette-mit-glasperlen\/","name":"Messing Halskette mit Glasperlen - Ganesha Online Shop","isPartOf":{"@id":"https:\/\/ganesha-shop-fuerth.de\/onlineshop\/#website"},"primaryImageOfPage":{"@id":"https:\/\/ganesha-shop-fuerth.de\/onlineshop\/shop\/modeschmuck-aus-asien\/halsketten\/messing-halskette-mit-glasperlen\/#primaryimage"},"image":{"@id":"https:\/\/ganesha-shop-fuerth.de\/onlineshop\/shop\/modeschmuck-aus-asien\/halsketten\/messing-halskette-mit-glasperlen\/#primaryimage"},"thumbnailUrl":"https:\/\/ganesha-shop-fuerth.de\/onlineshop\/wp-content\/uploads\/Messing-Schmuck\/Messing-Kette\/gso-messing-kette-0003.jpg","datePublished":"2022-12-05T14:11:44+00:00","dateModified":"2026-01-07T14:03:54+00:00","description":"Messing Halskette mit Glasperlen im Ganesha Online Shop kaufen. Weiterer Schmuck aus Messing, Anh\u00e4nger oder Ohrringe im Shop erh\u00e4ltlich.","breadcrumb":{"@id":"https:\/\/ganesha-shop-fuerth.de\/onlineshop\/shop\/modeschmuck-aus-asien\/halsketten\/messing-halskette-mit-glasperlen\/#breadcrumb"},"inLanguage":"de","potentialAction":[{"@type":"ReadAction","target":["https:\/\/ganesha-shop-fuerth.de\/onlineshop\/shop\/modeschmuck-aus-asien\/halsketten\/messing-halskette-mit-glasperlen\/"]}]},{"@type":"ImageObject","inLanguage":"de","@id":"https:\/\/ganesha-shop-fuerth.de\/onlineshop\/shop\/modeschmuck-aus-asien\/halsketten\/messing-halskette-mit-glasperlen\/#primaryimage","url":"https:\/\/ganesha-shop-fuerth.de\/onlineshop\/wp-content\/uploads\/Messing-Schmuck\/Messing-Kette\/gso-messing-kette-0003.jpg","contentUrl":"https:\/\/ganesha-shop-fuerth.de\/onlineshop\/wp-content\/uploads\/Messing-Schmuck\/Messing-Kette\/gso-messing-kette-0003.jpg","width":1033,"height":1200,"caption":"Messing Halskette mit Glasperlen - Variante 1"},{"@type":"BreadcrumbList","@id":"https:\/\/ganesha-shop-fuerth.de\/onlineshop\/shop\/modeschmuck-aus-asien\/halsketten\/messing-halskette-mit-glasperlen\/#breadcrumb","itemListElement":[{"@type":"ListItem","position":1,"name":"Startseite","item":"https:\/\/ganesha-shop-fuerth.de\/onlineshop\/"},{"@type":"ListItem","position":2,"name":"Ganesha Online Shop","item":"https:\/\/ganesha-shop-fuerth.de\/onlineshop\/shop\/"},{"@type":"ListItem","position":3,"name":"Messing Halskette mit Glasperlen"}]},{"@type":"WebSite","@id":"https:\/\/ganesha-shop-fuerth.de\/onlineshop\/#website","url":"https:\/\/ganesha-shop-fuerth.de\/onlineshop\/","name":"Ganesha Online Shop","description":"Schmuck Kleidung Accessoires aus Asien","publisher":{"@id":"https:\/\/ganesha-shop-fuerth.de\/onlineshop\/#organization"},"potentialAction":[{"@type":"SearchAction","target":{"@type":"EntryPoint","urlTemplate":"https:\/\/ganesha-shop-fuerth.de\/onlineshop\/?s={search_term_string}"},"query-input":{"@type":"PropertyValueSpecification","valueRequired":true,"valueName":"search_term_string"}}],"inLanguage":"de"},{"@type":"Organization","@id":"https:\/\/ganesha-shop-fuerth.de\/onlineshop\/#organization","name":"Ganesha Shop F\u00fcrth","url":"https:\/\/ganesha-shop-fuerth.de\/onlineshop\/","logo":{"@type":"ImageObject","inLanguage":"de","@id":"https:\/\/ganesha-shop-fuerth.de\/onlineshop\/#\/schema\/logo\/image\/","url":"https:\/\/ganesha-shop-fuerth.de\/onlineshop\/wp-content\/uploads\/Logos\/ganesha-onlineshop-footer-logo-19-Jahre.png","contentUrl":"https:\/\/ganesha-shop-fuerth.de\/onlineshop\/wp-content\/uploads\/Logos\/ganesha-onlineshop-footer-logo-19-Jahre.png","width":250,"height":299,"caption":"Ganesha Shop F\u00fcrth"},"image":{"@id":"https:\/\/ganesha-shop-fuerth.de\/onlineshop\/#\/schema\/logo\/image\/"},"sameAs":["https:\/\/de-de.facebook.com\/ganeshashopfuerth\/","https:\/\/www.youtube.com\/channel\/UCECWtim6iWB8dozVcmw-GcA"]}]}},"_links":{"self":[{"href":"https:\/\/ganesha-shop-fuerth.de\/onlineshop\/wp-json\/wp\/v2\/product\/5284","targetHints":{"allow":["GET"]}}],"collection":[{"href":"https:\/\/ganesha-shop-fuerth.de\/onlineshop\/wp-json\/wp\/v2\/product"}],"about":[{"href":"https:\/\/ganesha-shop-fuerth.de\/onlineshop\/wp-json\/wp\/v2\/types\/product"}],"replies":[{"embeddable":true,"href":"https:\/\/ganesha-shop-fuerth.de\/onlineshop\/wp-json\/wp\/v2\/comments?post=5284"}],"wp:featuredmedia":[{"embeddable":true,"href":"https:\/\/ganesha-shop-fuerth.de\/onlineshop\/wp-json\/wp\/v2\/media\/5283"}],"wp:attachment":[{"href":"https:\/\/ganesha-shop-fuerth.de\/onlineshop\/wp-json\/wp\/v2\/media?parent=5284"}],"wp:term":[{"taxonomy":"product_brand","embeddable":true,"href":"https:\/\/ganesha-shop-fuerth.de\/onlineshop\/wp-json\/wp\/v2\/product_brand?post=5284"},{"taxonomy":"product_cat","embeddable":true,"href":"https:\/\/ganesha-shop-fuerth.de\/onlineshop\/wp-json\/wp\/v2\/product_cat?post=5284"},{"taxonomy":"product_tag","embeddable":true,"href":"https:\/\/ganesha-shop-fuerth.de\/onlineshop\/wp-json\/wp\/v2\/product_tag?post=5284"}],"curies":[{"name":"wp","href":"https:\/\/api.w.org\/{rel}","templated":true}]}}