{"id":5371,"date":"2023-03-11T18:09:17","date_gmt":"2023-03-11T17:09:17","guid":{"rendered":"https:\/\/ganesha-shop-fuerth.de\/onlineshop\/?post_type=product&#038;p=5371"},"modified":"2025-07-15T19:42:49","modified_gmt":"2025-07-15T17:42:49","slug":"opium-raeucherstaebchen-von-auroshikha","status":"publish","type":"product","link":"https:\/\/ganesha-shop-fuerth.de\/onlineshop\/shop\/raeucherstaebchen-aus-indien\/auroshikha-raeucherstaebchen\/opium-raeucherstaebchen-von-auroshikha\/","title":{"rendered":"Opium R\u00e4ucherst\u00e4bchen von Auroshikha"},"content":{"rendered":"<p>Opium R\u00e4ucherst\u00e4bchen von Auroshikha aus Indien, handgemacht. Packungsinhalt: 10,0 g entspricht in etwa ca. 10 &#8211; 12 R\u00e4ucherst\u00e4bchen. L\u00e4nge der R\u00e4ucherst\u00e4bchen: ca. 20 cm inkl. Holzstab. Die Duftnote dieser Opium R\u00e4ucherst\u00e4bchen: klassischer samtweicher s\u00fc\u00dflicher Duft mit einer leichten herben Note.<br \/>\nAuroshikha R\u00e4ucherwerk gilt als eines der sch\u00f6nsten aus Indien. <strong>Angaben laut Hersteller:<\/strong> Auroshikha R\u00e4ucherware wird sorgf\u00e4ltig mit nat\u00fcrlichen Zutaten gefertigt, um einen Duft zu schaffen, der der Natur treu ist. Das Ergebnis ist eine Auswahl der feinsten D\u00fcfte der Welt mit der Delikatesse und der Sch\u00f6nheit des urspr\u00fcnglichen Duftes selbst. Sie sind alle nat\u00fcrlich, aus \u00e4therischen \u00d6len, Rinde, Blumen und duftenden W\u00e4ldern. Auroshikha R\u00e4ucherduft wird laut den Richtlinien der &#8222;<a href=\"https:\/\/en.wikipedia.org\/wiki\/International_Fragrance_Association\" target=\"_blank\" rel=\"noopener\">Internationalen Duft Association, Genf, Schweiz<\/a>&#8220; hergestellt. Bitte w\u00e4hlen Sie im obigen Dropdown Men\u00fc die gew\u00fcnschte Anzahl an R\u00e4ucherst\u00e4bchen aus.<\/p>\n<figure id=\"attachment_5370\" aria-describedby=\"caption-attachment-5370\" style=\"width: 380px\" class=\"wp-caption alignnone\"><a href=\"https:\/\/ganesha-shop-fuerth.de\/onlineshop\/wp-content\/uploads\/R\u00e4ucherst\u00e4bchen\/Auroshikha\/gso-rst-auroshikha-opium.jpg\"><img loading=\"lazy\" decoding=\"async\" class=\"wp-image-5370\" src=\"https:\/\/ganesha-shop-fuerth.de\/onlineshop\/wp-content\/uploads\/R\u00e4ucherst\u00e4bchen\/Auroshikha\/gso-rst-auroshikha-opium-300x200.jpg\" alt=\"Opium R\u00e4ucherst\u00e4bchen von Auroshikha\" width=\"380\" height=\"253\" srcset=\"https:\/\/ganesha-shop-fuerth.de\/onlineshop\/wp-content\/uploads\/R\u00e4ucherst\u00e4bchen\/Auroshikha\/gso-rst-auroshikha-opium-300x200.jpg 300w, https:\/\/ganesha-shop-fuerth.de\/onlineshop\/wp-content\/uploads\/R\u00e4ucherst\u00e4bchen\/Auroshikha\/gso-rst-auroshikha-opium-1024x682.jpg 1024w, https:\/\/ganesha-shop-fuerth.de\/onlineshop\/wp-content\/uploads\/R\u00e4ucherst\u00e4bchen\/Auroshikha\/gso-rst-auroshikha-opium-768x512.jpg 768w, https:\/\/ganesha-shop-fuerth.de\/onlineshop\/wp-content\/uploads\/R\u00e4ucherst\u00e4bchen\/Auroshikha\/gso-rst-auroshikha-opium-324x216.jpg 324w, https:\/\/ganesha-shop-fuerth.de\/onlineshop\/wp-content\/uploads\/R\u00e4ucherst\u00e4bchen\/Auroshikha\/gso-rst-auroshikha-opium-416x277.jpg 416w, https:\/\/ganesha-shop-fuerth.de\/onlineshop\/wp-content\/uploads\/R\u00e4ucherst\u00e4bchen\/Auroshikha\/gso-rst-auroshikha-opium.jpg 1400w\" sizes=\"auto, (max-width: 380px) 100vw, 380px\" \/><\/a><figcaption id=\"caption-attachment-5370\" class=\"wp-caption-text\">Opium R\u00e4ucherst\u00e4bchen von Auroshikha<\/figcaption><\/figure>\n","protected":false},"excerpt":{"rendered":"<p>Opium R\u00e4ucherst\u00e4bchen von Auroshikha<\/p>\n","protected":false},"featured_media":5370,"comment_status":"open","ping_status":"closed","template":"","meta":[],"product_brand":[],"product_cat":[289,195],"product_tag":[260],"class_list":{"0":"post-5371","1":"product","2":"type-product","3":"status-publish","4":"has-post-thumbnail","6":"product_cat-auroshikha-raeucherstaebchen","7":"product_cat-raeucherstaebchen-aus-indien","8":"product_tag-raeucherwerk-raeucherware","9":"pa_marke-auroshikha","11":"first","12":"instock","13":"taxable","14":"shipping-taxable","15":"purchasable","16":"product-type-variable"},"yoast_head":"<!-- This site is optimized with the Yoast SEO plugin v27.4 - https:\/\/yoast.com\/product\/yoast-seo-wordpress\/ -->\n<title>Opium R\u00e4ucherst\u00e4bchen von Auroshikha im Ganesha Online Shop<\/title>\n<meta name=\"description\" content=\"Opium R\u00e4ucherst\u00e4bchen von Auroshikha im Ganesha Online Shop. Weitere R\u00e4ucherst\u00e4bchen von Auroshikha im Shop verf\u00fcgbar.\" \/>\n<meta name=\"robots\" content=\"index, follow, max-snippet:-1, max-image-preview:large, max-video-preview:-1\" \/>\n<link rel=\"canonical\" href=\"https:\/\/ganesha-shop-fuerth.de\/onlineshop\/shop\/raeucherstaebchen-aus-indien\/auroshikha-raeucherstaebchen\/opium-raeucherstaebchen-von-auroshikha\/\" \/>\n<meta property=\"og:locale\" content=\"de_DE\" \/>\n<meta property=\"og:type\" content=\"article\" \/>\n<meta property=\"og:title\" content=\"Opium R\u00e4ucherst\u00e4bchen von Auroshikha im Ganesha Online Shop\" \/>\n<meta property=\"og:description\" content=\"Opium R\u00e4ucherst\u00e4bchen von Auroshikha im Ganesha Online Shop. Weitere R\u00e4ucherst\u00e4bchen von Auroshikha im Shop verf\u00fcgbar.\" \/>\n<meta property=\"og:url\" content=\"https:\/\/ganesha-shop-fuerth.de\/onlineshop\/shop\/raeucherstaebchen-aus-indien\/auroshikha-raeucherstaebchen\/opium-raeucherstaebchen-von-auroshikha\/\" \/>\n<meta property=\"og:site_name\" content=\"Ganesha Online Shop\" \/>\n<meta property=\"article:publisher\" content=\"https:\/\/de-de.facebook.com\/ganeshashopfuerth\/\" \/>\n<meta property=\"article:modified_time\" content=\"2025-07-15T17:42:49+00:00\" \/>\n<meta property=\"og:image\" content=\"https:\/\/ganesha-shop-fuerth.de\/onlineshop\/wp-content\/uploads\/R\u00e4ucherst\u00e4bchen\/Auroshikha\/gso-rst-auroshikha-opium.jpg\" \/>\n\t<meta property=\"og:image:width\" content=\"1400\" \/>\n\t<meta property=\"og:image:height\" content=\"933\" \/>\n\t<meta property=\"og:image:type\" content=\"image\/jpeg\" \/>\n<meta name=\"twitter:card\" content=\"summary_large_image\" \/>\n<meta name=\"twitter:label1\" content=\"Gesch\u00e4tzte Lesezeit\" \/>\n\t<meta name=\"twitter:data1\" content=\"2\u00a0Minuten\" \/>\n<script type=\"application\/ld+json\" class=\"yoast-schema-graph\">{\"@context\":\"https:\\\/\\\/schema.org\",\"@graph\":[{\"@type\":\"WebPage\",\"@id\":\"https:\\\/\\\/ganesha-shop-fuerth.de\\\/onlineshop\\\/shop\\\/raeucherstaebchen-aus-indien\\\/auroshikha-raeucherstaebchen\\\/opium-raeucherstaebchen-von-auroshikha\\\/\",\"url\":\"https:\\\/\\\/ganesha-shop-fuerth.de\\\/onlineshop\\\/shop\\\/raeucherstaebchen-aus-indien\\\/auroshikha-raeucherstaebchen\\\/opium-raeucherstaebchen-von-auroshikha\\\/\",\"name\":\"Opium R\u00e4ucherst\u00e4bchen von Auroshikha im Ganesha Online Shop\",\"isPartOf\":{\"@id\":\"https:\\\/\\\/ganesha-shop-fuerth.de\\\/onlineshop\\\/#website\"},\"primaryImageOfPage\":{\"@id\":\"https:\\\/\\\/ganesha-shop-fuerth.de\\\/onlineshop\\\/shop\\\/raeucherstaebchen-aus-indien\\\/auroshikha-raeucherstaebchen\\\/opium-raeucherstaebchen-von-auroshikha\\\/#primaryimage\"},\"image\":{\"@id\":\"https:\\\/\\\/ganesha-shop-fuerth.de\\\/onlineshop\\\/shop\\\/raeucherstaebchen-aus-indien\\\/auroshikha-raeucherstaebchen\\\/opium-raeucherstaebchen-von-auroshikha\\\/#primaryimage\"},\"thumbnailUrl\":\"https:\\\/\\\/ganesha-shop-fuerth.de\\\/onlineshop\\\/wp-content\\\/uploads\\\/R\u00e4ucherst\u00e4bchen\\\/Auroshikha\\\/gso-rst-auroshikha-opium.jpg\",\"datePublished\":\"2023-03-11T17:09:17+00:00\",\"dateModified\":\"2025-07-15T17:42:49+00:00\",\"description\":\"Opium R\u00e4ucherst\u00e4bchen von Auroshikha im Ganesha Online Shop. Weitere R\u00e4ucherst\u00e4bchen von Auroshikha im Shop verf\u00fcgbar.\",\"breadcrumb\":{\"@id\":\"https:\\\/\\\/ganesha-shop-fuerth.de\\\/onlineshop\\\/shop\\\/raeucherstaebchen-aus-indien\\\/auroshikha-raeucherstaebchen\\\/opium-raeucherstaebchen-von-auroshikha\\\/#breadcrumb\"},\"inLanguage\":\"de\",\"potentialAction\":[{\"@type\":\"ReadAction\",\"target\":[\"https:\\\/\\\/ganesha-shop-fuerth.de\\\/onlineshop\\\/shop\\\/raeucherstaebchen-aus-indien\\\/auroshikha-raeucherstaebchen\\\/opium-raeucherstaebchen-von-auroshikha\\\/\"]}]},{\"@type\":\"ImageObject\",\"inLanguage\":\"de\",\"@id\":\"https:\\\/\\\/ganesha-shop-fuerth.de\\\/onlineshop\\\/shop\\\/raeucherstaebchen-aus-indien\\\/auroshikha-raeucherstaebchen\\\/opium-raeucherstaebchen-von-auroshikha\\\/#primaryimage\",\"url\":\"https:\\\/\\\/ganesha-shop-fuerth.de\\\/onlineshop\\\/wp-content\\\/uploads\\\/R\u00e4ucherst\u00e4bchen\\\/Auroshikha\\\/gso-rst-auroshikha-opium.jpg\",\"contentUrl\":\"https:\\\/\\\/ganesha-shop-fuerth.de\\\/onlineshop\\\/wp-content\\\/uploads\\\/R\u00e4ucherst\u00e4bchen\\\/Auroshikha\\\/gso-rst-auroshikha-opium.jpg\",\"width\":1400,\"height\":933,\"caption\":\"Opium R\u00e4ucherst\u00e4bchen von Auroshikha\"},{\"@type\":\"BreadcrumbList\",\"@id\":\"https:\\\/\\\/ganesha-shop-fuerth.de\\\/onlineshop\\\/shop\\\/raeucherstaebchen-aus-indien\\\/auroshikha-raeucherstaebchen\\\/opium-raeucherstaebchen-von-auroshikha\\\/#breadcrumb\",\"itemListElement\":[{\"@type\":\"ListItem\",\"position\":1,\"name\":\"Startseite\",\"item\":\"https:\\\/\\\/ganesha-shop-fuerth.de\\\/onlineshop\\\/\"},{\"@type\":\"ListItem\",\"position\":2,\"name\":\"Ganesha Online Shop\",\"item\":\"https:\\\/\\\/ganesha-shop-fuerth.de\\\/onlineshop\\\/shop\\\/\"},{\"@type\":\"ListItem\",\"position\":3,\"name\":\"Opium R\u00e4ucherst\u00e4bchen von Auroshikha\"}]},{\"@type\":\"WebSite\",\"@id\":\"https:\\\/\\\/ganesha-shop-fuerth.de\\\/onlineshop\\\/#website\",\"url\":\"https:\\\/\\\/ganesha-shop-fuerth.de\\\/onlineshop\\\/\",\"name\":\"Ganesha Online Shop\",\"description\":\"Schmuck Kleidung Accessoires aus Asien\",\"publisher\":{\"@id\":\"https:\\\/\\\/ganesha-shop-fuerth.de\\\/onlineshop\\\/#organization\"},\"potentialAction\":[{\"@type\":\"SearchAction\",\"target\":{\"@type\":\"EntryPoint\",\"urlTemplate\":\"https:\\\/\\\/ganesha-shop-fuerth.de\\\/onlineshop\\\/?s={search_term_string}\"},\"query-input\":{\"@type\":\"PropertyValueSpecification\",\"valueRequired\":true,\"valueName\":\"search_term_string\"}}],\"inLanguage\":\"de\"},{\"@type\":\"Organization\",\"@id\":\"https:\\\/\\\/ganesha-shop-fuerth.de\\\/onlineshop\\\/#organization\",\"name\":\"Ganesha Shop F\u00fcrth\",\"url\":\"https:\\\/\\\/ganesha-shop-fuerth.de\\\/onlineshop\\\/\",\"logo\":{\"@type\":\"ImageObject\",\"inLanguage\":\"de\",\"@id\":\"https:\\\/\\\/ganesha-shop-fuerth.de\\\/onlineshop\\\/#\\\/schema\\\/logo\\\/image\\\/\",\"url\":\"https:\\\/\\\/ganesha-shop-fuerth.de\\\/onlineshop\\\/wp-content\\\/uploads\\\/Logos\\\/ganesha-onlineshop-footer-logo-19-Jahre.png\",\"contentUrl\":\"https:\\\/\\\/ganesha-shop-fuerth.de\\\/onlineshop\\\/wp-content\\\/uploads\\\/Logos\\\/ganesha-onlineshop-footer-logo-19-Jahre.png\",\"width\":250,\"height\":299,\"caption\":\"Ganesha Shop F\u00fcrth\"},\"image\":{\"@id\":\"https:\\\/\\\/ganesha-shop-fuerth.de\\\/onlineshop\\\/#\\\/schema\\\/logo\\\/image\\\/\"},\"sameAs\":[\"https:\\\/\\\/de-de.facebook.com\\\/ganeshashopfuerth\\\/\",\"https:\\\/\\\/www.youtube.com\\\/channel\\\/UCECWtim6iWB8dozVcmw-GcA\"]}]}<\/script>\n<!-- \/ Yoast SEO plugin. -->","yoast_head_json":{"title":"Opium R\u00e4ucherst\u00e4bchen von Auroshikha im Ganesha Online Shop","description":"Opium R\u00e4ucherst\u00e4bchen von Auroshikha im Ganesha Online Shop. Weitere R\u00e4ucherst\u00e4bchen von Auroshikha im Shop verf\u00fcgbar.","robots":{"index":"index","follow":"follow","max-snippet":"max-snippet:-1","max-image-preview":"max-image-preview:large","max-video-preview":"max-video-preview:-1"},"canonical":"https:\/\/ganesha-shop-fuerth.de\/onlineshop\/shop\/raeucherstaebchen-aus-indien\/auroshikha-raeucherstaebchen\/opium-raeucherstaebchen-von-auroshikha\/","og_locale":"de_DE","og_type":"article","og_title":"Opium R\u00e4ucherst\u00e4bchen von Auroshikha im Ganesha Online Shop","og_description":"Opium R\u00e4ucherst\u00e4bchen von Auroshikha im Ganesha Online Shop. Weitere R\u00e4ucherst\u00e4bchen von Auroshikha im Shop verf\u00fcgbar.","og_url":"https:\/\/ganesha-shop-fuerth.de\/onlineshop\/shop\/raeucherstaebchen-aus-indien\/auroshikha-raeucherstaebchen\/opium-raeucherstaebchen-von-auroshikha\/","og_site_name":"Ganesha Online Shop","article_publisher":"https:\/\/de-de.facebook.com\/ganeshashopfuerth\/","article_modified_time":"2025-07-15T17:42:49+00:00","og_image":[{"width":1400,"height":933,"url":"https:\/\/ganesha-shop-fuerth.de\/onlineshop\/wp-content\/uploads\/R\u00e4ucherst\u00e4bchen\/Auroshikha\/gso-rst-auroshikha-opium.jpg","type":"image\/jpeg"}],"twitter_card":"summary_large_image","twitter_misc":{"Gesch\u00e4tzte Lesezeit":"2\u00a0Minuten"},"schema":{"@context":"https:\/\/schema.org","@graph":[{"@type":"WebPage","@id":"https:\/\/ganesha-shop-fuerth.de\/onlineshop\/shop\/raeucherstaebchen-aus-indien\/auroshikha-raeucherstaebchen\/opium-raeucherstaebchen-von-auroshikha\/","url":"https:\/\/ganesha-shop-fuerth.de\/onlineshop\/shop\/raeucherstaebchen-aus-indien\/auroshikha-raeucherstaebchen\/opium-raeucherstaebchen-von-auroshikha\/","name":"Opium R\u00e4ucherst\u00e4bchen von Auroshikha im Ganesha Online Shop","isPartOf":{"@id":"https:\/\/ganesha-shop-fuerth.de\/onlineshop\/#website"},"primaryImageOfPage":{"@id":"https:\/\/ganesha-shop-fuerth.de\/onlineshop\/shop\/raeucherstaebchen-aus-indien\/auroshikha-raeucherstaebchen\/opium-raeucherstaebchen-von-auroshikha\/#primaryimage"},"image":{"@id":"https:\/\/ganesha-shop-fuerth.de\/onlineshop\/shop\/raeucherstaebchen-aus-indien\/auroshikha-raeucherstaebchen\/opium-raeucherstaebchen-von-auroshikha\/#primaryimage"},"thumbnailUrl":"https:\/\/ganesha-shop-fuerth.de\/onlineshop\/wp-content\/uploads\/R\u00e4ucherst\u00e4bchen\/Auroshikha\/gso-rst-auroshikha-opium.jpg","datePublished":"2023-03-11T17:09:17+00:00","dateModified":"2025-07-15T17:42:49+00:00","description":"Opium R\u00e4ucherst\u00e4bchen von Auroshikha im Ganesha Online Shop. Weitere R\u00e4ucherst\u00e4bchen von Auroshikha im Shop verf\u00fcgbar.","breadcrumb":{"@id":"https:\/\/ganesha-shop-fuerth.de\/onlineshop\/shop\/raeucherstaebchen-aus-indien\/auroshikha-raeucherstaebchen\/opium-raeucherstaebchen-von-auroshikha\/#breadcrumb"},"inLanguage":"de","potentialAction":[{"@type":"ReadAction","target":["https:\/\/ganesha-shop-fuerth.de\/onlineshop\/shop\/raeucherstaebchen-aus-indien\/auroshikha-raeucherstaebchen\/opium-raeucherstaebchen-von-auroshikha\/"]}]},{"@type":"ImageObject","inLanguage":"de","@id":"https:\/\/ganesha-shop-fuerth.de\/onlineshop\/shop\/raeucherstaebchen-aus-indien\/auroshikha-raeucherstaebchen\/opium-raeucherstaebchen-von-auroshikha\/#primaryimage","url":"https:\/\/ganesha-shop-fuerth.de\/onlineshop\/wp-content\/uploads\/R\u00e4ucherst\u00e4bchen\/Auroshikha\/gso-rst-auroshikha-opium.jpg","contentUrl":"https:\/\/ganesha-shop-fuerth.de\/onlineshop\/wp-content\/uploads\/R\u00e4ucherst\u00e4bchen\/Auroshikha\/gso-rst-auroshikha-opium.jpg","width":1400,"height":933,"caption":"Opium R\u00e4ucherst\u00e4bchen von Auroshikha"},{"@type":"BreadcrumbList","@id":"https:\/\/ganesha-shop-fuerth.de\/onlineshop\/shop\/raeucherstaebchen-aus-indien\/auroshikha-raeucherstaebchen\/opium-raeucherstaebchen-von-auroshikha\/#breadcrumb","itemListElement":[{"@type":"ListItem","position":1,"name":"Startseite","item":"https:\/\/ganesha-shop-fuerth.de\/onlineshop\/"},{"@type":"ListItem","position":2,"name":"Ganesha Online Shop","item":"https:\/\/ganesha-shop-fuerth.de\/onlineshop\/shop\/"},{"@type":"ListItem","position":3,"name":"Opium R\u00e4ucherst\u00e4bchen von Auroshikha"}]},{"@type":"WebSite","@id":"https:\/\/ganesha-shop-fuerth.de\/onlineshop\/#website","url":"https:\/\/ganesha-shop-fuerth.de\/onlineshop\/","name":"Ganesha Online Shop","description":"Schmuck Kleidung Accessoires aus Asien","publisher":{"@id":"https:\/\/ganesha-shop-fuerth.de\/onlineshop\/#organization"},"potentialAction":[{"@type":"SearchAction","target":{"@type":"EntryPoint","urlTemplate":"https:\/\/ganesha-shop-fuerth.de\/onlineshop\/?s={search_term_string}"},"query-input":{"@type":"PropertyValueSpecification","valueRequired":true,"valueName":"search_term_string"}}],"inLanguage":"de"},{"@type":"Organization","@id":"https:\/\/ganesha-shop-fuerth.de\/onlineshop\/#organization","name":"Ganesha Shop F\u00fcrth","url":"https:\/\/ganesha-shop-fuerth.de\/onlineshop\/","logo":{"@type":"ImageObject","inLanguage":"de","@id":"https:\/\/ganesha-shop-fuerth.de\/onlineshop\/#\/schema\/logo\/image\/","url":"https:\/\/ganesha-shop-fuerth.de\/onlineshop\/wp-content\/uploads\/Logos\/ganesha-onlineshop-footer-logo-19-Jahre.png","contentUrl":"https:\/\/ganesha-shop-fuerth.de\/onlineshop\/wp-content\/uploads\/Logos\/ganesha-onlineshop-footer-logo-19-Jahre.png","width":250,"height":299,"caption":"Ganesha Shop F\u00fcrth"},"image":{"@id":"https:\/\/ganesha-shop-fuerth.de\/onlineshop\/#\/schema\/logo\/image\/"},"sameAs":["https:\/\/de-de.facebook.com\/ganeshashopfuerth\/","https:\/\/www.youtube.com\/channel\/UCECWtim6iWB8dozVcmw-GcA"]}]}},"_links":{"self":[{"href":"https:\/\/ganesha-shop-fuerth.de\/onlineshop\/wp-json\/wp\/v2\/product\/5371","targetHints":{"allow":["GET"]}}],"collection":[{"href":"https:\/\/ganesha-shop-fuerth.de\/onlineshop\/wp-json\/wp\/v2\/product"}],"about":[{"href":"https:\/\/ganesha-shop-fuerth.de\/onlineshop\/wp-json\/wp\/v2\/types\/product"}],"replies":[{"embeddable":true,"href":"https:\/\/ganesha-shop-fuerth.de\/onlineshop\/wp-json\/wp\/v2\/comments?post=5371"}],"wp:featuredmedia":[{"embeddable":true,"href":"https:\/\/ganesha-shop-fuerth.de\/onlineshop\/wp-json\/wp\/v2\/media\/5370"}],"wp:attachment":[{"href":"https:\/\/ganesha-shop-fuerth.de\/onlineshop\/wp-json\/wp\/v2\/media?parent=5371"}],"wp:term":[{"taxonomy":"product_brand","embeddable":true,"href":"https:\/\/ganesha-shop-fuerth.de\/onlineshop\/wp-json\/wp\/v2\/product_brand?post=5371"},{"taxonomy":"product_cat","embeddable":true,"href":"https:\/\/ganesha-shop-fuerth.de\/onlineshop\/wp-json\/wp\/v2\/product_cat?post=5371"},{"taxonomy":"product_tag","embeddable":true,"href":"https:\/\/ganesha-shop-fuerth.de\/onlineshop\/wp-json\/wp\/v2\/product_tag?post=5371"}],"curies":[{"name":"wp","href":"https:\/\/api.w.org\/{rel}","templated":true}]}}