{"id":5389,"date":"2023-03-27T16:49:11","date_gmt":"2023-03-27T14:49:11","guid":{"rendered":"https:\/\/ganesha-shop-fuerth.de\/onlineshop\/?post_type=product&#038;p=5389"},"modified":"2026-01-07T15:03:16","modified_gmt":"2026-01-07T14:03:16","slug":"buddha-anhaenger-in-lotusblume","status":"publish","type":"product","link":"https:\/\/ganesha-shop-fuerth.de\/onlineshop\/shop\/messing-schmuck\/messing-anhaenger\/buddha-anhaenger-in-lotusblume\/","title":{"rendered":"Buddha Anh\u00e4nger in Lotusblume"},"content":{"rendered":"<p>Buddha Anh\u00e4nger in Lotusblume aus Messing. Gewicht: 7,0 g; L\u00e4nge mit \u00d6se: 4,8 cm; Breite max.: 5,0 cm; Buddha ist der Name des indischen Religionsstifters Siddhartha Gautama, dessen Lehre die Weltreligion des Buddhismus begr\u00fcndet hat. Weitere Informationen zum Buddha finden Sie z.B. <a href=\"https:\/\/de.wikipedia.org\/wiki\/Buddha\" target=\"_blank\" rel=\"noopener noreferrer\">hier<\/a>.<\/p>\n<figure id=\"attachment_5386\" aria-describedby=\"caption-attachment-5386\" style=\"width: 360px\" class=\"wp-caption alignnone\"><a href=\"https:\/\/ganesha-shop-fuerth.de\/onlineshop\/wp-content\/uploads\/Messing-Schmuck\/Messing-Anhaenger\/gso-messing-anhaenger-0013.jpg\"><img loading=\"lazy\" decoding=\"async\" class=\"wp-image-5386\" src=\"https:\/\/ganesha-shop-fuerth.de\/onlineshop\/wp-content\/uploads\/Messing-Schmuck\/Messing-Anhaenger\/gso-messing-anhaenger-0013-258x300.jpg\" alt=\"Buddha Anh\u00e4nger in Lotusblume im Ganesha Online Shop.\" width=\"360\" height=\"418\" srcset=\"https:\/\/ganesha-shop-fuerth.de\/onlineshop\/wp-content\/uploads\/Messing-Schmuck\/Messing-Anhaenger\/gso-messing-anhaenger-0013-258x300.jpg 258w, https:\/\/ganesha-shop-fuerth.de\/onlineshop\/wp-content\/uploads\/Messing-Schmuck\/Messing-Anhaenger\/gso-messing-anhaenger-0013-881x1024.jpg 881w, https:\/\/ganesha-shop-fuerth.de\/onlineshop\/wp-content\/uploads\/Messing-Schmuck\/Messing-Anhaenger\/gso-messing-anhaenger-0013-768x892.jpg 768w, https:\/\/ganesha-shop-fuerth.de\/onlineshop\/wp-content\/uploads\/Messing-Schmuck\/Messing-Anhaenger\/gso-messing-anhaenger-0013-324x376.jpg 324w, https:\/\/ganesha-shop-fuerth.de\/onlineshop\/wp-content\/uploads\/Messing-Schmuck\/Messing-Anhaenger\/gso-messing-anhaenger-0013-416x483.jpg 416w, https:\/\/ganesha-shop-fuerth.de\/onlineshop\/wp-content\/uploads\/Messing-Schmuck\/Messing-Anhaenger\/gso-messing-anhaenger-0013.jpg 1033w\" sizes=\"auto, (max-width: 360px) 100vw, 360px\" \/><\/a><figcaption id=\"caption-attachment-5386\" class=\"wp-caption-text\">Buddha Anh\u00e4nger in Lotusblume<\/figcaption><\/figure>\n","protected":false},"excerpt":{"rendered":"<p>Buddha Anh\u00e4nger in Lotusblume aus Indien<\/p>\n","protected":false},"featured_media":5386,"comment_status":"open","ping_status":"closed","template":"","meta":[],"product_brand":[],"product_cat":[215,172,171],"product_tag":[56,64,173],"class_list":{"0":"post-5389","1":"product","2":"type-product","3":"status-publish","4":"has-post-thumbnail","6":"product_cat-esoterik-schmuck","7":"product_cat-messing-anhaenger","8":"product_cat-messing-schmuck","9":"product_tag-buddha-anhaenger-statuen","10":"product_tag-kultsymbole","11":"product_tag-messing-schmuck","13":"first","14":"instock","15":"taxable","16":"shipping-taxable","17":"purchasable","18":"product-type-simple"},"yoast_head":"<!-- This site is optimized with the Yoast SEO plugin v27.4 - https:\/\/yoast.com\/product\/yoast-seo-wordpress\/ -->\n<title>Buddha Anh\u00e4nger in Lotusblume - Ganesha Online Shop<\/title>\n<meta name=\"description\" content=\"Buddha Anh\u00e4nger in Lotusblume aus Messing im Ganesha Online Shop kaufen. Weitere Messinganh\u00e4nger aus Indien im Online Shop mit Lotus Motiven vorr\u00e4tig.\" \/>\n<meta name=\"robots\" content=\"index, follow, max-snippet:-1, max-image-preview:large, max-video-preview:-1\" \/>\n<link rel=\"canonical\" href=\"https:\/\/ganesha-shop-fuerth.de\/onlineshop\/shop\/messing-schmuck\/messing-anhaenger\/buddha-anhaenger-in-lotusblume\/\" \/>\n<meta property=\"og:locale\" content=\"de_DE\" \/>\n<meta property=\"og:type\" content=\"article\" \/>\n<meta property=\"og:title\" content=\"Buddha Anh\u00e4nger in Lotusblume - Ganesha Online Shop\" \/>\n<meta property=\"og:description\" content=\"Buddha Anh\u00e4nger in Lotusblume aus Messing im Ganesha Online Shop kaufen. Weitere Messinganh\u00e4nger aus Indien im Online Shop mit Lotus Motiven vorr\u00e4tig.\" \/>\n<meta property=\"og:url\" content=\"https:\/\/ganesha-shop-fuerth.de\/onlineshop\/shop\/messing-schmuck\/messing-anhaenger\/buddha-anhaenger-in-lotusblume\/\" \/>\n<meta property=\"og:site_name\" content=\"Ganesha Online Shop\" \/>\n<meta property=\"article:publisher\" content=\"https:\/\/de-de.facebook.com\/ganeshashopfuerth\/\" \/>\n<meta property=\"article:modified_time\" content=\"2026-01-07T14:03:16+00:00\" \/>\n<meta property=\"og:image\" content=\"https:\/\/ganesha-shop-fuerth.de\/onlineshop\/wp-content\/uploads\/Messing-Schmuck\/Messing-Anhaenger\/gso-messing-anhaenger-0013.jpg\" \/>\n\t<meta property=\"og:image:width\" content=\"1033\" \/>\n\t<meta property=\"og:image:height\" content=\"1200\" \/>\n\t<meta property=\"og:image:type\" content=\"image\/jpeg\" \/>\n<meta name=\"twitter:card\" content=\"summary_large_image\" \/>\n<meta name=\"twitter:label1\" content=\"Gesch\u00e4tzte Lesezeit\" \/>\n\t<meta name=\"twitter:data1\" content=\"1\u00a0Minute\" \/>\n<script type=\"application\/ld+json\" class=\"yoast-schema-graph\">{\"@context\":\"https:\\\/\\\/schema.org\",\"@graph\":[{\"@type\":\"WebPage\",\"@id\":\"https:\\\/\\\/ganesha-shop-fuerth.de\\\/onlineshop\\\/shop\\\/messing-schmuck\\\/messing-anhaenger\\\/buddha-anhaenger-in-lotusblume\\\/\",\"url\":\"https:\\\/\\\/ganesha-shop-fuerth.de\\\/onlineshop\\\/shop\\\/messing-schmuck\\\/messing-anhaenger\\\/buddha-anhaenger-in-lotusblume\\\/\",\"name\":\"Buddha Anh\u00e4nger in Lotusblume - Ganesha Online Shop\",\"isPartOf\":{\"@id\":\"https:\\\/\\\/ganesha-shop-fuerth.de\\\/onlineshop\\\/#website\"},\"primaryImageOfPage\":{\"@id\":\"https:\\\/\\\/ganesha-shop-fuerth.de\\\/onlineshop\\\/shop\\\/messing-schmuck\\\/messing-anhaenger\\\/buddha-anhaenger-in-lotusblume\\\/#primaryimage\"},\"image\":{\"@id\":\"https:\\\/\\\/ganesha-shop-fuerth.de\\\/onlineshop\\\/shop\\\/messing-schmuck\\\/messing-anhaenger\\\/buddha-anhaenger-in-lotusblume\\\/#primaryimage\"},\"thumbnailUrl\":\"https:\\\/\\\/ganesha-shop-fuerth.de\\\/onlineshop\\\/wp-content\\\/uploads\\\/Messing-Schmuck\\\/Messing-Anhaenger\\\/gso-messing-anhaenger-0013.jpg\",\"datePublished\":\"2023-03-27T14:49:11+00:00\",\"dateModified\":\"2026-01-07T14:03:16+00:00\",\"description\":\"Buddha Anh\u00e4nger in Lotusblume aus Messing im Ganesha Online Shop kaufen. Weitere Messinganh\u00e4nger aus Indien im Online Shop mit Lotus Motiven vorr\u00e4tig.\",\"breadcrumb\":{\"@id\":\"https:\\\/\\\/ganesha-shop-fuerth.de\\\/onlineshop\\\/shop\\\/messing-schmuck\\\/messing-anhaenger\\\/buddha-anhaenger-in-lotusblume\\\/#breadcrumb\"},\"inLanguage\":\"de\",\"potentialAction\":[{\"@type\":\"ReadAction\",\"target\":[\"https:\\\/\\\/ganesha-shop-fuerth.de\\\/onlineshop\\\/shop\\\/messing-schmuck\\\/messing-anhaenger\\\/buddha-anhaenger-in-lotusblume\\\/\"]}]},{\"@type\":\"ImageObject\",\"inLanguage\":\"de\",\"@id\":\"https:\\\/\\\/ganesha-shop-fuerth.de\\\/onlineshop\\\/shop\\\/messing-schmuck\\\/messing-anhaenger\\\/buddha-anhaenger-in-lotusblume\\\/#primaryimage\",\"url\":\"https:\\\/\\\/ganesha-shop-fuerth.de\\\/onlineshop\\\/wp-content\\\/uploads\\\/Messing-Schmuck\\\/Messing-Anhaenger\\\/gso-messing-anhaenger-0013.jpg\",\"contentUrl\":\"https:\\\/\\\/ganesha-shop-fuerth.de\\\/onlineshop\\\/wp-content\\\/uploads\\\/Messing-Schmuck\\\/Messing-Anhaenger\\\/gso-messing-anhaenger-0013.jpg\",\"width\":1033,\"height\":1200,\"caption\":\"Buddha Anh\u00e4nger in Lotusblume\"},{\"@type\":\"BreadcrumbList\",\"@id\":\"https:\\\/\\\/ganesha-shop-fuerth.de\\\/onlineshop\\\/shop\\\/messing-schmuck\\\/messing-anhaenger\\\/buddha-anhaenger-in-lotusblume\\\/#breadcrumb\",\"itemListElement\":[{\"@type\":\"ListItem\",\"position\":1,\"name\":\"Startseite\",\"item\":\"https:\\\/\\\/ganesha-shop-fuerth.de\\\/onlineshop\\\/\"},{\"@type\":\"ListItem\",\"position\":2,\"name\":\"Ganesha Online Shop\",\"item\":\"https:\\\/\\\/ganesha-shop-fuerth.de\\\/onlineshop\\\/shop\\\/\"},{\"@type\":\"ListItem\",\"position\":3,\"name\":\"Buddha Anh\u00e4nger in Lotusblume\"}]},{\"@type\":\"WebSite\",\"@id\":\"https:\\\/\\\/ganesha-shop-fuerth.de\\\/onlineshop\\\/#website\",\"url\":\"https:\\\/\\\/ganesha-shop-fuerth.de\\\/onlineshop\\\/\",\"name\":\"Ganesha Online Shop\",\"description\":\"Schmuck Kleidung Accessoires aus Asien\",\"publisher\":{\"@id\":\"https:\\\/\\\/ganesha-shop-fuerth.de\\\/onlineshop\\\/#organization\"},\"potentialAction\":[{\"@type\":\"SearchAction\",\"target\":{\"@type\":\"EntryPoint\",\"urlTemplate\":\"https:\\\/\\\/ganesha-shop-fuerth.de\\\/onlineshop\\\/?s={search_term_string}\"},\"query-input\":{\"@type\":\"PropertyValueSpecification\",\"valueRequired\":true,\"valueName\":\"search_term_string\"}}],\"inLanguage\":\"de\"},{\"@type\":\"Organization\",\"@id\":\"https:\\\/\\\/ganesha-shop-fuerth.de\\\/onlineshop\\\/#organization\",\"name\":\"Ganesha Shop F\u00fcrth\",\"url\":\"https:\\\/\\\/ganesha-shop-fuerth.de\\\/onlineshop\\\/\",\"logo\":{\"@type\":\"ImageObject\",\"inLanguage\":\"de\",\"@id\":\"https:\\\/\\\/ganesha-shop-fuerth.de\\\/onlineshop\\\/#\\\/schema\\\/logo\\\/image\\\/\",\"url\":\"https:\\\/\\\/ganesha-shop-fuerth.de\\\/onlineshop\\\/wp-content\\\/uploads\\\/Logos\\\/ganesha-onlineshop-footer-logo-19-Jahre.png\",\"contentUrl\":\"https:\\\/\\\/ganesha-shop-fuerth.de\\\/onlineshop\\\/wp-content\\\/uploads\\\/Logos\\\/ganesha-onlineshop-footer-logo-19-Jahre.png\",\"width\":250,\"height\":299,\"caption\":\"Ganesha Shop F\u00fcrth\"},\"image\":{\"@id\":\"https:\\\/\\\/ganesha-shop-fuerth.de\\\/onlineshop\\\/#\\\/schema\\\/logo\\\/image\\\/\"},\"sameAs\":[\"https:\\\/\\\/de-de.facebook.com\\\/ganeshashopfuerth\\\/\",\"https:\\\/\\\/www.youtube.com\\\/channel\\\/UCECWtim6iWB8dozVcmw-GcA\"]}]}<\/script>\n<!-- \/ Yoast SEO plugin. -->","yoast_head_json":{"title":"Buddha Anh\u00e4nger in Lotusblume - Ganesha Online Shop","description":"Buddha Anh\u00e4nger in Lotusblume aus Messing im Ganesha Online Shop kaufen. Weitere Messinganh\u00e4nger aus Indien im Online Shop mit Lotus Motiven vorr\u00e4tig.","robots":{"index":"index","follow":"follow","max-snippet":"max-snippet:-1","max-image-preview":"max-image-preview:large","max-video-preview":"max-video-preview:-1"},"canonical":"https:\/\/ganesha-shop-fuerth.de\/onlineshop\/shop\/messing-schmuck\/messing-anhaenger\/buddha-anhaenger-in-lotusblume\/","og_locale":"de_DE","og_type":"article","og_title":"Buddha Anh\u00e4nger in Lotusblume - Ganesha Online Shop","og_description":"Buddha Anh\u00e4nger in Lotusblume aus Messing im Ganesha Online Shop kaufen. Weitere Messinganh\u00e4nger aus Indien im Online Shop mit Lotus Motiven vorr\u00e4tig.","og_url":"https:\/\/ganesha-shop-fuerth.de\/onlineshop\/shop\/messing-schmuck\/messing-anhaenger\/buddha-anhaenger-in-lotusblume\/","og_site_name":"Ganesha Online Shop","article_publisher":"https:\/\/de-de.facebook.com\/ganeshashopfuerth\/","article_modified_time":"2026-01-07T14:03:16+00:00","og_image":[{"width":1033,"height":1200,"url":"https:\/\/ganesha-shop-fuerth.de\/onlineshop\/wp-content\/uploads\/Messing-Schmuck\/Messing-Anhaenger\/gso-messing-anhaenger-0013.jpg","type":"image\/jpeg"}],"twitter_card":"summary_large_image","twitter_misc":{"Gesch\u00e4tzte Lesezeit":"1\u00a0Minute"},"schema":{"@context":"https:\/\/schema.org","@graph":[{"@type":"WebPage","@id":"https:\/\/ganesha-shop-fuerth.de\/onlineshop\/shop\/messing-schmuck\/messing-anhaenger\/buddha-anhaenger-in-lotusblume\/","url":"https:\/\/ganesha-shop-fuerth.de\/onlineshop\/shop\/messing-schmuck\/messing-anhaenger\/buddha-anhaenger-in-lotusblume\/","name":"Buddha Anh\u00e4nger in Lotusblume - Ganesha Online Shop","isPartOf":{"@id":"https:\/\/ganesha-shop-fuerth.de\/onlineshop\/#website"},"primaryImageOfPage":{"@id":"https:\/\/ganesha-shop-fuerth.de\/onlineshop\/shop\/messing-schmuck\/messing-anhaenger\/buddha-anhaenger-in-lotusblume\/#primaryimage"},"image":{"@id":"https:\/\/ganesha-shop-fuerth.de\/onlineshop\/shop\/messing-schmuck\/messing-anhaenger\/buddha-anhaenger-in-lotusblume\/#primaryimage"},"thumbnailUrl":"https:\/\/ganesha-shop-fuerth.de\/onlineshop\/wp-content\/uploads\/Messing-Schmuck\/Messing-Anhaenger\/gso-messing-anhaenger-0013.jpg","datePublished":"2023-03-27T14:49:11+00:00","dateModified":"2026-01-07T14:03:16+00:00","description":"Buddha Anh\u00e4nger in Lotusblume aus Messing im Ganesha Online Shop kaufen. Weitere Messinganh\u00e4nger aus Indien im Online Shop mit Lotus Motiven vorr\u00e4tig.","breadcrumb":{"@id":"https:\/\/ganesha-shop-fuerth.de\/onlineshop\/shop\/messing-schmuck\/messing-anhaenger\/buddha-anhaenger-in-lotusblume\/#breadcrumb"},"inLanguage":"de","potentialAction":[{"@type":"ReadAction","target":["https:\/\/ganesha-shop-fuerth.de\/onlineshop\/shop\/messing-schmuck\/messing-anhaenger\/buddha-anhaenger-in-lotusblume\/"]}]},{"@type":"ImageObject","inLanguage":"de","@id":"https:\/\/ganesha-shop-fuerth.de\/onlineshop\/shop\/messing-schmuck\/messing-anhaenger\/buddha-anhaenger-in-lotusblume\/#primaryimage","url":"https:\/\/ganesha-shop-fuerth.de\/onlineshop\/wp-content\/uploads\/Messing-Schmuck\/Messing-Anhaenger\/gso-messing-anhaenger-0013.jpg","contentUrl":"https:\/\/ganesha-shop-fuerth.de\/onlineshop\/wp-content\/uploads\/Messing-Schmuck\/Messing-Anhaenger\/gso-messing-anhaenger-0013.jpg","width":1033,"height":1200,"caption":"Buddha Anh\u00e4nger in Lotusblume"},{"@type":"BreadcrumbList","@id":"https:\/\/ganesha-shop-fuerth.de\/onlineshop\/shop\/messing-schmuck\/messing-anhaenger\/buddha-anhaenger-in-lotusblume\/#breadcrumb","itemListElement":[{"@type":"ListItem","position":1,"name":"Startseite","item":"https:\/\/ganesha-shop-fuerth.de\/onlineshop\/"},{"@type":"ListItem","position":2,"name":"Ganesha Online Shop","item":"https:\/\/ganesha-shop-fuerth.de\/onlineshop\/shop\/"},{"@type":"ListItem","position":3,"name":"Buddha Anh\u00e4nger in Lotusblume"}]},{"@type":"WebSite","@id":"https:\/\/ganesha-shop-fuerth.de\/onlineshop\/#website","url":"https:\/\/ganesha-shop-fuerth.de\/onlineshop\/","name":"Ganesha Online Shop","description":"Schmuck Kleidung Accessoires aus Asien","publisher":{"@id":"https:\/\/ganesha-shop-fuerth.de\/onlineshop\/#organization"},"potentialAction":[{"@type":"SearchAction","target":{"@type":"EntryPoint","urlTemplate":"https:\/\/ganesha-shop-fuerth.de\/onlineshop\/?s={search_term_string}"},"query-input":{"@type":"PropertyValueSpecification","valueRequired":true,"valueName":"search_term_string"}}],"inLanguage":"de"},{"@type":"Organization","@id":"https:\/\/ganesha-shop-fuerth.de\/onlineshop\/#organization","name":"Ganesha Shop F\u00fcrth","url":"https:\/\/ganesha-shop-fuerth.de\/onlineshop\/","logo":{"@type":"ImageObject","inLanguage":"de","@id":"https:\/\/ganesha-shop-fuerth.de\/onlineshop\/#\/schema\/logo\/image\/","url":"https:\/\/ganesha-shop-fuerth.de\/onlineshop\/wp-content\/uploads\/Logos\/ganesha-onlineshop-footer-logo-19-Jahre.png","contentUrl":"https:\/\/ganesha-shop-fuerth.de\/onlineshop\/wp-content\/uploads\/Logos\/ganesha-onlineshop-footer-logo-19-Jahre.png","width":250,"height":299,"caption":"Ganesha Shop F\u00fcrth"},"image":{"@id":"https:\/\/ganesha-shop-fuerth.de\/onlineshop\/#\/schema\/logo\/image\/"},"sameAs":["https:\/\/de-de.facebook.com\/ganeshashopfuerth\/","https:\/\/www.youtube.com\/channel\/UCECWtim6iWB8dozVcmw-GcA"]}]}},"_links":{"self":[{"href":"https:\/\/ganesha-shop-fuerth.de\/onlineshop\/wp-json\/wp\/v2\/product\/5389","targetHints":{"allow":["GET"]}}],"collection":[{"href":"https:\/\/ganesha-shop-fuerth.de\/onlineshop\/wp-json\/wp\/v2\/product"}],"about":[{"href":"https:\/\/ganesha-shop-fuerth.de\/onlineshop\/wp-json\/wp\/v2\/types\/product"}],"replies":[{"embeddable":true,"href":"https:\/\/ganesha-shop-fuerth.de\/onlineshop\/wp-json\/wp\/v2\/comments?post=5389"}],"wp:featuredmedia":[{"embeddable":true,"href":"https:\/\/ganesha-shop-fuerth.de\/onlineshop\/wp-json\/wp\/v2\/media\/5386"}],"wp:attachment":[{"href":"https:\/\/ganesha-shop-fuerth.de\/onlineshop\/wp-json\/wp\/v2\/media?parent=5389"}],"wp:term":[{"taxonomy":"product_brand","embeddable":true,"href":"https:\/\/ganesha-shop-fuerth.de\/onlineshop\/wp-json\/wp\/v2\/product_brand?post=5389"},{"taxonomy":"product_cat","embeddable":true,"href":"https:\/\/ganesha-shop-fuerth.de\/onlineshop\/wp-json\/wp\/v2\/product_cat?post=5389"},{"taxonomy":"product_tag","embeddable":true,"href":"https:\/\/ganesha-shop-fuerth.de\/onlineshop\/wp-json\/wp\/v2\/product_tag?post=5389"}],"curies":[{"name":"wp","href":"https:\/\/api.w.org\/{rel}","templated":true}]}}