{"id":5491,"date":"2023-05-30T14:02:51","date_gmt":"2023-05-30T12:02:51","guid":{"rendered":"https:\/\/ganesha-shop-fuerth.de\/onlineshop\/?post_type=product&#038;p=5491"},"modified":"2026-01-31T10:19:18","modified_gmt":"2026-01-31T09:19:18","slug":"stehende-gruene-tara-statue-aus-messing-2","status":"publish","type":"product","link":"https:\/\/ganesha-shop-fuerth.de\/onlineshop\/shop\/messing-statuen\/stehende-gruene-tara-statue-aus-messing-2\/","title":{"rendered":"Stehende Gr\u00fcne Tara Statue aus Messing #2"},"content":{"rendered":"<p>Stehende Gr\u00fcne Tara Statue aus Messing. H\u00f6he: 12,5 cm; Breite: ca. 8,5 cm; Gewicht: 240 g; Messingguss, bemalt.<\/p>\n<p>Diese Messing Statue ist in erster Linie f\u00fcr den Innenbereich geeignet. Im Outdoor Bereich nur mit \u00dcberdachung.<\/p>\n<p>Die gr\u00fcne Tara verk\u00f6rpert das aktive Mitgef\u00fchl aller Buddhas und sie soll vor den acht Arten der Angst sch\u00fctzen. Desgleichen soll sie die urspr\u00fcngliche Weisheit vermehren und wird f\u00fcr ihre wunscherf\u00fcllenden Qualit\u00e4ten gepriesen. Eine ausf\u00fchrliche Beschreibung \u00fcber die Geschichte und Bedeutung der &#8222;Gr\u00fcnen Tara&#8220; finden Sie <a href=\"https:\/\/de.wikipedia.org\/wiki\/Gr%C3%BCne_Tara\" target=\"_blank\" rel=\"noopener noreferrer\">hier<\/a><\/p>\n<figure id=\"attachment_5445\" aria-describedby=\"caption-attachment-5445\" style=\"width: 320px\" class=\"wp-caption alignnone\"><a href=\"https:\/\/ganesha-shop-fuerth.de\/onlineshop\/wp-content\/uploads\/Messing-Statuen\/gso-tara-messing-0007.jpg\" target=\"_blank\" rel=\"noopener\"><img loading=\"lazy\" decoding=\"async\" class=\"wp-image-5445\" src=\"https:\/\/ganesha-shop-fuerth.de\/onlineshop\/wp-content\/uploads\/Messing-Statuen\/gso-tara-messing-0007-225x300.jpg\" alt=\"Stehende Gr\u00fcne Tara Statue aus Messing\" width=\"320\" height=\"427\" srcset=\"https:\/\/ganesha-shop-fuerth.de\/onlineshop\/wp-content\/uploads\/Messing-Statuen\/gso-tara-messing-0007-225x300.jpg 225w, https:\/\/ganesha-shop-fuerth.de\/onlineshop\/wp-content\/uploads\/Messing-Statuen\/gso-tara-messing-0007-768x1024.jpg 768w, https:\/\/ganesha-shop-fuerth.de\/onlineshop\/wp-content\/uploads\/Messing-Statuen\/gso-tara-messing-0007-324x432.jpg 324w, https:\/\/ganesha-shop-fuerth.de\/onlineshop\/wp-content\/uploads\/Messing-Statuen\/gso-tara-messing-0007-416x555.jpg 416w, https:\/\/ganesha-shop-fuerth.de\/onlineshop\/wp-content\/uploads\/Messing-Statuen\/gso-tara-messing-0007.jpg 900w\" sizes=\"auto, (max-width: 320px) 100vw, 320px\" \/><\/a><figcaption id=\"caption-attachment-5445\" class=\"wp-caption-text\">Stehende Gr\u00fcne Tara Statue aus Messing<\/figcaption><\/figure>\n","protected":false},"excerpt":{"rendered":"<p>Stehende Gr\u00fcne Tara Statue aus Indien #2<\/p>\n","protected":false},"featured_media":5444,"comment_status":"open","ping_status":"closed","template":"","meta":[],"product_brand":[],"product_cat":[131],"product_tag":[56,66,132,133],"class_list":{"0":"post-5491","1":"product","2":"type-product","3":"status-publish","4":"has-post-thumbnail","6":"product_cat-messing-statuen","7":"product_tag-buddha-anhaenger-statuen","8":"product_tag-indische-goetter","9":"product_tag-messing-statuen","10":"product_tag-wohnaccessoires-aus-asien","12":"first","13":"outofstock","14":"featured","15":"sold-individually","16":"taxable","17":"shipping-taxable","18":"purchasable","19":"product-type-simple"},"yoast_head":"<!-- This site is optimized with the Yoast SEO plugin v27.4 - https:\/\/yoast.com\/product\/yoast-seo-wordpress\/ -->\n<title>Stehende Gr\u00fcne Tara aus Messing im Ganesha Online Shop<\/title>\n<meta name=\"description\" content=\"Stehende Gr\u00fcne Tara Messing Statue bemalt aus Indien im Ganesha Online Shop F\u00fcrth. Weitere Tara Messing Figuren verf\u00fcgbar.\" \/>\n<meta name=\"robots\" content=\"index, follow, max-snippet:-1, max-image-preview:large, max-video-preview:-1\" \/>\n<link rel=\"canonical\" href=\"https:\/\/ganesha-shop-fuerth.de\/onlineshop\/shop\/messing-statuen\/stehende-gruene-tara-statue-aus-messing-2\/\" \/>\n<meta property=\"og:locale\" content=\"de_DE\" \/>\n<meta property=\"og:type\" content=\"article\" \/>\n<meta property=\"og:title\" content=\"Stehende Gr\u00fcne Tara aus Messing im Ganesha Online Shop\" \/>\n<meta property=\"og:description\" content=\"Stehende Gr\u00fcne Tara Messing Statue bemalt aus Indien im Ganesha Online Shop F\u00fcrth. Weitere Tara Messing Figuren verf\u00fcgbar.\" \/>\n<meta property=\"og:url\" content=\"https:\/\/ganesha-shop-fuerth.de\/onlineshop\/shop\/messing-statuen\/stehende-gruene-tara-statue-aus-messing-2\/\" \/>\n<meta property=\"og:site_name\" content=\"Ganesha Online Shop\" \/>\n<meta property=\"article:publisher\" content=\"https:\/\/de-de.facebook.com\/ganeshashopfuerth\/\" \/>\n<meta property=\"article:modified_time\" content=\"2026-01-31T09:19:18+00:00\" \/>\n<meta property=\"og:image\" content=\"https:\/\/ganesha-shop-fuerth.de\/onlineshop\/wp-content\/uploads\/Messing-Statuen\/gso-tara-messing-0007a.jpg\" \/>\n\t<meta property=\"og:image:width\" content=\"900\" \/>\n\t<meta property=\"og:image:height\" content=\"1200\" \/>\n\t<meta property=\"og:image:type\" content=\"image\/jpeg\" \/>\n<meta name=\"twitter:card\" content=\"summary_large_image\" \/>\n<meta name=\"twitter:label1\" content=\"Gesch\u00e4tzte Lesezeit\" \/>\n\t<meta name=\"twitter:data1\" content=\"1\u00a0Minute\" \/>\n<script type=\"application\/ld+json\" class=\"yoast-schema-graph\">{\"@context\":\"https:\\\/\\\/schema.org\",\"@graph\":[{\"@type\":\"WebPage\",\"@id\":\"https:\\\/\\\/ganesha-shop-fuerth.de\\\/onlineshop\\\/shop\\\/messing-statuen\\\/stehende-gruene-tara-statue-aus-messing-2\\\/\",\"url\":\"https:\\\/\\\/ganesha-shop-fuerth.de\\\/onlineshop\\\/shop\\\/messing-statuen\\\/stehende-gruene-tara-statue-aus-messing-2\\\/\",\"name\":\"Stehende Gr\u00fcne Tara aus Messing im Ganesha Online Shop\",\"isPartOf\":{\"@id\":\"https:\\\/\\\/ganesha-shop-fuerth.de\\\/onlineshop\\\/#website\"},\"primaryImageOfPage\":{\"@id\":\"https:\\\/\\\/ganesha-shop-fuerth.de\\\/onlineshop\\\/shop\\\/messing-statuen\\\/stehende-gruene-tara-statue-aus-messing-2\\\/#primaryimage\"},\"image\":{\"@id\":\"https:\\\/\\\/ganesha-shop-fuerth.de\\\/onlineshop\\\/shop\\\/messing-statuen\\\/stehende-gruene-tara-statue-aus-messing-2\\\/#primaryimage\"},\"thumbnailUrl\":\"https:\\\/\\\/ganesha-shop-fuerth.de\\\/onlineshop\\\/wp-content\\\/uploads\\\/Messing-Statuen\\\/gso-tara-messing-0007a.jpg\",\"datePublished\":\"2023-05-30T12:02:51+00:00\",\"dateModified\":\"2026-01-31T09:19:18+00:00\",\"description\":\"Stehende Gr\u00fcne Tara Messing Statue bemalt aus Indien im Ganesha Online Shop F\u00fcrth. Weitere Tara Messing Figuren verf\u00fcgbar.\",\"breadcrumb\":{\"@id\":\"https:\\\/\\\/ganesha-shop-fuerth.de\\\/onlineshop\\\/shop\\\/messing-statuen\\\/stehende-gruene-tara-statue-aus-messing-2\\\/#breadcrumb\"},\"inLanguage\":\"de\",\"potentialAction\":[{\"@type\":\"ReadAction\",\"target\":[\"https:\\\/\\\/ganesha-shop-fuerth.de\\\/onlineshop\\\/shop\\\/messing-statuen\\\/stehende-gruene-tara-statue-aus-messing-2\\\/\"]}]},{\"@type\":\"ImageObject\",\"inLanguage\":\"de\",\"@id\":\"https:\\\/\\\/ganesha-shop-fuerth.de\\\/onlineshop\\\/shop\\\/messing-statuen\\\/stehende-gruene-tara-statue-aus-messing-2\\\/#primaryimage\",\"url\":\"https:\\\/\\\/ganesha-shop-fuerth.de\\\/onlineshop\\\/wp-content\\\/uploads\\\/Messing-Statuen\\\/gso-tara-messing-0007a.jpg\",\"contentUrl\":\"https:\\\/\\\/ganesha-shop-fuerth.de\\\/onlineshop\\\/wp-content\\\/uploads\\\/Messing-Statuen\\\/gso-tara-messing-0007a.jpg\",\"width\":900,\"height\":1200,\"caption\":\"Stehende Gr\u00fcne Tara Statue aus Messing\"},{\"@type\":\"BreadcrumbList\",\"@id\":\"https:\\\/\\\/ganesha-shop-fuerth.de\\\/onlineshop\\\/shop\\\/messing-statuen\\\/stehende-gruene-tara-statue-aus-messing-2\\\/#breadcrumb\",\"itemListElement\":[{\"@type\":\"ListItem\",\"position\":1,\"name\":\"Startseite\",\"item\":\"https:\\\/\\\/ganesha-shop-fuerth.de\\\/onlineshop\\\/\"},{\"@type\":\"ListItem\",\"position\":2,\"name\":\"Ganesha Online Shop\",\"item\":\"https:\\\/\\\/ganesha-shop-fuerth.de\\\/onlineshop\\\/shop\\\/\"},{\"@type\":\"ListItem\",\"position\":3,\"name\":\"Stehende Gr\u00fcne Tara Statue aus Messing #2\"}]},{\"@type\":\"WebSite\",\"@id\":\"https:\\\/\\\/ganesha-shop-fuerth.de\\\/onlineshop\\\/#website\",\"url\":\"https:\\\/\\\/ganesha-shop-fuerth.de\\\/onlineshop\\\/\",\"name\":\"Ganesha Online Shop\",\"description\":\"Schmuck Kleidung Accessoires aus Asien\",\"publisher\":{\"@id\":\"https:\\\/\\\/ganesha-shop-fuerth.de\\\/onlineshop\\\/#organization\"},\"potentialAction\":[{\"@type\":\"SearchAction\",\"target\":{\"@type\":\"EntryPoint\",\"urlTemplate\":\"https:\\\/\\\/ganesha-shop-fuerth.de\\\/onlineshop\\\/?s={search_term_string}\"},\"query-input\":{\"@type\":\"PropertyValueSpecification\",\"valueRequired\":true,\"valueName\":\"search_term_string\"}}],\"inLanguage\":\"de\"},{\"@type\":\"Organization\",\"@id\":\"https:\\\/\\\/ganesha-shop-fuerth.de\\\/onlineshop\\\/#organization\",\"name\":\"Ganesha Shop F\u00fcrth\",\"url\":\"https:\\\/\\\/ganesha-shop-fuerth.de\\\/onlineshop\\\/\",\"logo\":{\"@type\":\"ImageObject\",\"inLanguage\":\"de\",\"@id\":\"https:\\\/\\\/ganesha-shop-fuerth.de\\\/onlineshop\\\/#\\\/schema\\\/logo\\\/image\\\/\",\"url\":\"https:\\\/\\\/ganesha-shop-fuerth.de\\\/onlineshop\\\/wp-content\\\/uploads\\\/Logos\\\/ganesha-onlineshop-footer-logo-19-Jahre.png\",\"contentUrl\":\"https:\\\/\\\/ganesha-shop-fuerth.de\\\/onlineshop\\\/wp-content\\\/uploads\\\/Logos\\\/ganesha-onlineshop-footer-logo-19-Jahre.png\",\"width\":250,\"height\":299,\"caption\":\"Ganesha Shop F\u00fcrth\"},\"image\":{\"@id\":\"https:\\\/\\\/ganesha-shop-fuerth.de\\\/onlineshop\\\/#\\\/schema\\\/logo\\\/image\\\/\"},\"sameAs\":[\"https:\\\/\\\/de-de.facebook.com\\\/ganeshashopfuerth\\\/\",\"https:\\\/\\\/www.youtube.com\\\/channel\\\/UCECWtim6iWB8dozVcmw-GcA\"]}]}<\/script>\n<!-- \/ Yoast SEO plugin. -->","yoast_head_json":{"title":"Stehende Gr\u00fcne Tara aus Messing im Ganesha Online Shop","description":"Stehende Gr\u00fcne Tara Messing Statue bemalt aus Indien im Ganesha Online Shop F\u00fcrth. Weitere Tara Messing Figuren verf\u00fcgbar.","robots":{"index":"index","follow":"follow","max-snippet":"max-snippet:-1","max-image-preview":"max-image-preview:large","max-video-preview":"max-video-preview:-1"},"canonical":"https:\/\/ganesha-shop-fuerth.de\/onlineshop\/shop\/messing-statuen\/stehende-gruene-tara-statue-aus-messing-2\/","og_locale":"de_DE","og_type":"article","og_title":"Stehende Gr\u00fcne Tara aus Messing im Ganesha Online Shop","og_description":"Stehende Gr\u00fcne Tara Messing Statue bemalt aus Indien im Ganesha Online Shop F\u00fcrth. Weitere Tara Messing Figuren verf\u00fcgbar.","og_url":"https:\/\/ganesha-shop-fuerth.de\/onlineshop\/shop\/messing-statuen\/stehende-gruene-tara-statue-aus-messing-2\/","og_site_name":"Ganesha Online Shop","article_publisher":"https:\/\/de-de.facebook.com\/ganeshashopfuerth\/","article_modified_time":"2026-01-31T09:19:18+00:00","og_image":[{"width":900,"height":1200,"url":"https:\/\/ganesha-shop-fuerth.de\/onlineshop\/wp-content\/uploads\/Messing-Statuen\/gso-tara-messing-0007a.jpg","type":"image\/jpeg"}],"twitter_card":"summary_large_image","twitter_misc":{"Gesch\u00e4tzte Lesezeit":"1\u00a0Minute"},"schema":{"@context":"https:\/\/schema.org","@graph":[{"@type":"WebPage","@id":"https:\/\/ganesha-shop-fuerth.de\/onlineshop\/shop\/messing-statuen\/stehende-gruene-tara-statue-aus-messing-2\/","url":"https:\/\/ganesha-shop-fuerth.de\/onlineshop\/shop\/messing-statuen\/stehende-gruene-tara-statue-aus-messing-2\/","name":"Stehende Gr\u00fcne Tara aus Messing im Ganesha Online Shop","isPartOf":{"@id":"https:\/\/ganesha-shop-fuerth.de\/onlineshop\/#website"},"primaryImageOfPage":{"@id":"https:\/\/ganesha-shop-fuerth.de\/onlineshop\/shop\/messing-statuen\/stehende-gruene-tara-statue-aus-messing-2\/#primaryimage"},"image":{"@id":"https:\/\/ganesha-shop-fuerth.de\/onlineshop\/shop\/messing-statuen\/stehende-gruene-tara-statue-aus-messing-2\/#primaryimage"},"thumbnailUrl":"https:\/\/ganesha-shop-fuerth.de\/onlineshop\/wp-content\/uploads\/Messing-Statuen\/gso-tara-messing-0007a.jpg","datePublished":"2023-05-30T12:02:51+00:00","dateModified":"2026-01-31T09:19:18+00:00","description":"Stehende Gr\u00fcne Tara Messing Statue bemalt aus Indien im Ganesha Online Shop F\u00fcrth. Weitere Tara Messing Figuren verf\u00fcgbar.","breadcrumb":{"@id":"https:\/\/ganesha-shop-fuerth.de\/onlineshop\/shop\/messing-statuen\/stehende-gruene-tara-statue-aus-messing-2\/#breadcrumb"},"inLanguage":"de","potentialAction":[{"@type":"ReadAction","target":["https:\/\/ganesha-shop-fuerth.de\/onlineshop\/shop\/messing-statuen\/stehende-gruene-tara-statue-aus-messing-2\/"]}]},{"@type":"ImageObject","inLanguage":"de","@id":"https:\/\/ganesha-shop-fuerth.de\/onlineshop\/shop\/messing-statuen\/stehende-gruene-tara-statue-aus-messing-2\/#primaryimage","url":"https:\/\/ganesha-shop-fuerth.de\/onlineshop\/wp-content\/uploads\/Messing-Statuen\/gso-tara-messing-0007a.jpg","contentUrl":"https:\/\/ganesha-shop-fuerth.de\/onlineshop\/wp-content\/uploads\/Messing-Statuen\/gso-tara-messing-0007a.jpg","width":900,"height":1200,"caption":"Stehende Gr\u00fcne Tara Statue aus Messing"},{"@type":"BreadcrumbList","@id":"https:\/\/ganesha-shop-fuerth.de\/onlineshop\/shop\/messing-statuen\/stehende-gruene-tara-statue-aus-messing-2\/#breadcrumb","itemListElement":[{"@type":"ListItem","position":1,"name":"Startseite","item":"https:\/\/ganesha-shop-fuerth.de\/onlineshop\/"},{"@type":"ListItem","position":2,"name":"Ganesha Online Shop","item":"https:\/\/ganesha-shop-fuerth.de\/onlineshop\/shop\/"},{"@type":"ListItem","position":3,"name":"Stehende Gr\u00fcne Tara Statue aus Messing #2"}]},{"@type":"WebSite","@id":"https:\/\/ganesha-shop-fuerth.de\/onlineshop\/#website","url":"https:\/\/ganesha-shop-fuerth.de\/onlineshop\/","name":"Ganesha Online Shop","description":"Schmuck Kleidung Accessoires aus Asien","publisher":{"@id":"https:\/\/ganesha-shop-fuerth.de\/onlineshop\/#organization"},"potentialAction":[{"@type":"SearchAction","target":{"@type":"EntryPoint","urlTemplate":"https:\/\/ganesha-shop-fuerth.de\/onlineshop\/?s={search_term_string}"},"query-input":{"@type":"PropertyValueSpecification","valueRequired":true,"valueName":"search_term_string"}}],"inLanguage":"de"},{"@type":"Organization","@id":"https:\/\/ganesha-shop-fuerth.de\/onlineshop\/#organization","name":"Ganesha Shop F\u00fcrth","url":"https:\/\/ganesha-shop-fuerth.de\/onlineshop\/","logo":{"@type":"ImageObject","inLanguage":"de","@id":"https:\/\/ganesha-shop-fuerth.de\/onlineshop\/#\/schema\/logo\/image\/","url":"https:\/\/ganesha-shop-fuerth.de\/onlineshop\/wp-content\/uploads\/Logos\/ganesha-onlineshop-footer-logo-19-Jahre.png","contentUrl":"https:\/\/ganesha-shop-fuerth.de\/onlineshop\/wp-content\/uploads\/Logos\/ganesha-onlineshop-footer-logo-19-Jahre.png","width":250,"height":299,"caption":"Ganesha Shop F\u00fcrth"},"image":{"@id":"https:\/\/ganesha-shop-fuerth.de\/onlineshop\/#\/schema\/logo\/image\/"},"sameAs":["https:\/\/de-de.facebook.com\/ganeshashopfuerth\/","https:\/\/www.youtube.com\/channel\/UCECWtim6iWB8dozVcmw-GcA"]}]}},"_links":{"self":[{"href":"https:\/\/ganesha-shop-fuerth.de\/onlineshop\/wp-json\/wp\/v2\/product\/5491","targetHints":{"allow":["GET"]}}],"collection":[{"href":"https:\/\/ganesha-shop-fuerth.de\/onlineshop\/wp-json\/wp\/v2\/product"}],"about":[{"href":"https:\/\/ganesha-shop-fuerth.de\/onlineshop\/wp-json\/wp\/v2\/types\/product"}],"replies":[{"embeddable":true,"href":"https:\/\/ganesha-shop-fuerth.de\/onlineshop\/wp-json\/wp\/v2\/comments?post=5491"}],"wp:featuredmedia":[{"embeddable":true,"href":"https:\/\/ganesha-shop-fuerth.de\/onlineshop\/wp-json\/wp\/v2\/media\/5444"}],"wp:attachment":[{"href":"https:\/\/ganesha-shop-fuerth.de\/onlineshop\/wp-json\/wp\/v2\/media?parent=5491"}],"wp:term":[{"taxonomy":"product_brand","embeddable":true,"href":"https:\/\/ganesha-shop-fuerth.de\/onlineshop\/wp-json\/wp\/v2\/product_brand?post=5491"},{"taxonomy":"product_cat","embeddable":true,"href":"https:\/\/ganesha-shop-fuerth.de\/onlineshop\/wp-json\/wp\/v2\/product_cat?post=5491"},{"taxonomy":"product_tag","embeddable":true,"href":"https:\/\/ganesha-shop-fuerth.de\/onlineshop\/wp-json\/wp\/v2\/product_tag?post=5491"}],"curies":[{"name":"wp","href":"https:\/\/api.w.org\/{rel}","templated":true}]}}