{"id":5778,"date":"2023-12-04T17:48:25","date_gmt":"2023-12-04T16:48:25","guid":{"rendered":"https:\/\/ganesha-shop-fuerth.de\/onlineshop\/?post_type=product&#038;p=5778"},"modified":"2026-01-29T00:41:40","modified_gmt":"2026-01-28T23:41:40","slug":"satya-sai-baba-nagchampa-raeucherkegel","status":"publish","type":"product","link":"https:\/\/ganesha-shop-fuerth.de\/onlineshop\/shop\/raeucherkegel\/satya-sai-baba-nagchampa-raeucherkegel\/","title":{"rendered":"Satya Sai Baba Nagchampa R\u00e4ucherkegel"},"content":{"rendered":"<p>Satya Sai Baba Nagchampa R\u00e4ucherkegel. Inhalt:\u00a0 12 Duft-Kegel. je Pck. Pck. Gr\u00f6\u00dfe: 6,8 x 6,8 cm; Gewicht: 38,0g. Ein kleiner Kegel Halter aus Ton ist in jeder Pck. enthalten.<br \/>\nAngaben zum Artikel laut Hersteller:<br \/>\nSatya Sai Baba Nagchampa ist eine orientalische &amp; florale Kombination aus Sandelholz, <a href=\"https:\/\/de.wikipedia.org\/wiki\/Champaka\" target=\"_blank\" rel=\"noopener\">Champaca<\/a>, Frangipani und Magnolie. Um eine perfekte Zierwirkung zu haben, verbrennen Sie bitte die R\u00e4ucherkegel bei windstillen Bedingungen. Anwendung: Meditation und Zimmererfrischer. <span class=\"HwtZe\" lang=\"de\"><span class=\"jCAhz ChMk0b\"><span class=\"ryNqvb\">Kernnoten: erdig, harmonisierend<\/span><\/span><\/span>.<\/p>\n<figure id=\"attachment_5777\" aria-describedby=\"caption-attachment-5777\" style=\"width: 360px\" class=\"wp-caption alignleft\"><img loading=\"lazy\" decoding=\"async\" class=\"wp-image-5777\" src=\"https:\/\/ganesha-shop-fuerth.de\/onlineshop\/wp-content\/uploads\/Raeucherkegel\/Satya\/gso-rkegel-satya-sai-baba-0006-258x300.jpg\" alt=\"Satya Sai Baba Nagchampa R\u00e4ucherkegel\" width=\"360\" height=\"418\" srcset=\"https:\/\/ganesha-shop-fuerth.de\/onlineshop\/wp-content\/uploads\/Raeucherkegel\/Satya\/gso-rkegel-satya-sai-baba-0006-258x300.jpg 258w, https:\/\/ganesha-shop-fuerth.de\/onlineshop\/wp-content\/uploads\/Raeucherkegel\/Satya\/gso-rkegel-satya-sai-baba-0006-881x1024.jpg 881w, https:\/\/ganesha-shop-fuerth.de\/onlineshop\/wp-content\/uploads\/Raeucherkegel\/Satya\/gso-rkegel-satya-sai-baba-0006-768x892.jpg 768w, https:\/\/ganesha-shop-fuerth.de\/onlineshop\/wp-content\/uploads\/Raeucherkegel\/Satya\/gso-rkegel-satya-sai-baba-0006-324x376.jpg 324w, https:\/\/ganesha-shop-fuerth.de\/onlineshop\/wp-content\/uploads\/Raeucherkegel\/Satya\/gso-rkegel-satya-sai-baba-0006-416x483.jpg 416w, https:\/\/ganesha-shop-fuerth.de\/onlineshop\/wp-content\/uploads\/Raeucherkegel\/Satya\/gso-rkegel-satya-sai-baba-0006.jpg 1033w\" sizes=\"auto, (max-width: 360px) 100vw, 360px\" \/><figcaption id=\"caption-attachment-5777\" class=\"wp-caption-text\">Satya Sai Baba Nagchampa R\u00e4ucherkegel<\/figcaption><\/figure>\n","protected":false},"excerpt":{"rendered":"<p>Satya Sai Baba Nagchampa R\u00e4ucherkegel<\/p>\n","protected":false},"featured_media":5777,"comment_status":"open","ping_status":"closed","template":"","meta":[],"product_brand":[],"product_cat":[287],"product_tag":[260],"class_list":{"0":"post-5778","1":"product","2":"type-product","3":"status-publish","4":"has-post-thumbnail","6":"product_cat-raeucherkegel","7":"product_tag-raeucherwerk-raeucherware","8":"pa_marke-satya","10":"first","11":"instock","12":"featured","13":"taxable","14":"shipping-taxable","15":"purchasable","16":"product-type-simple"},"yoast_head":"<!-- This site is optimized with the Yoast SEO plugin v27.5 - https:\/\/yoast.com\/product\/yoast-seo-wordpress\/ -->\n<title>Satya Nagchampa R\u00e4ucherkegel Sai Baba- Ganesha Online Shop<\/title>\n<meta name=\"description\" content=\"Satya Nagchampa R\u00e4ucherkegel Sai Baba im Ganesha Online Shop kaufen. Weitere R\u00e4ucherkegel Sorten aus Indien im Shop verf\u00fcgbar.\" \/>\n<meta name=\"robots\" content=\"index, follow, max-snippet:-1, max-image-preview:large, max-video-preview:-1\" \/>\n<link rel=\"canonical\" href=\"https:\/\/ganesha-shop-fuerth.de\/onlineshop\/shop\/raeucherkegel\/satya-sai-baba-nagchampa-raeucherkegel\/\" \/>\n<meta property=\"og:locale\" content=\"de_DE\" \/>\n<meta property=\"og:type\" content=\"article\" \/>\n<meta property=\"og:title\" content=\"Satya Nagchampa R\u00e4ucherkegel Sai Baba- Ganesha Online Shop\" \/>\n<meta property=\"og:description\" content=\"Satya Nagchampa R\u00e4ucherkegel Sai Baba im Ganesha Online Shop kaufen. Weitere R\u00e4ucherkegel Sorten aus Indien im Shop verf\u00fcgbar.\" \/>\n<meta property=\"og:url\" content=\"https:\/\/ganesha-shop-fuerth.de\/onlineshop\/shop\/raeucherkegel\/satya-sai-baba-nagchampa-raeucherkegel\/\" \/>\n<meta property=\"og:site_name\" content=\"Ganesha Online Shop\" \/>\n<meta property=\"article:publisher\" content=\"https:\/\/de-de.facebook.com\/ganeshashopfuerth\/\" \/>\n<meta property=\"article:modified_time\" content=\"2026-01-28T23:41:40+00:00\" \/>\n<meta property=\"og:image\" content=\"https:\/\/ganesha-shop-fuerth.de\/onlineshop\/wp-content\/uploads\/Raeucherkegel\/Satya\/gso-rkegel-satya-sai-baba-0006.jpg\" \/>\n\t<meta property=\"og:image:width\" content=\"1033\" \/>\n\t<meta property=\"og:image:height\" content=\"1200\" \/>\n\t<meta property=\"og:image:type\" content=\"image\/jpeg\" \/>\n<meta name=\"twitter:card\" content=\"summary_large_image\" \/>\n<meta name=\"twitter:label1\" content=\"Gesch\u00e4tzte Lesezeit\" \/>\n\t<meta name=\"twitter:data1\" content=\"1\u00a0Minute\" \/>\n<script type=\"application\/ld+json\" class=\"yoast-schema-graph\">{\"@context\":\"https:\\\/\\\/schema.org\",\"@graph\":[{\"@type\":\"WebPage\",\"@id\":\"https:\\\/\\\/ganesha-shop-fuerth.de\\\/onlineshop\\\/shop\\\/raeucherkegel\\\/satya-sai-baba-nagchampa-raeucherkegel\\\/\",\"url\":\"https:\\\/\\\/ganesha-shop-fuerth.de\\\/onlineshop\\\/shop\\\/raeucherkegel\\\/satya-sai-baba-nagchampa-raeucherkegel\\\/\",\"name\":\"Satya Nagchampa R\u00e4ucherkegel Sai Baba- Ganesha Online Shop\",\"isPartOf\":{\"@id\":\"https:\\\/\\\/ganesha-shop-fuerth.de\\\/onlineshop\\\/#website\"},\"primaryImageOfPage\":{\"@id\":\"https:\\\/\\\/ganesha-shop-fuerth.de\\\/onlineshop\\\/shop\\\/raeucherkegel\\\/satya-sai-baba-nagchampa-raeucherkegel\\\/#primaryimage\"},\"image\":{\"@id\":\"https:\\\/\\\/ganesha-shop-fuerth.de\\\/onlineshop\\\/shop\\\/raeucherkegel\\\/satya-sai-baba-nagchampa-raeucherkegel\\\/#primaryimage\"},\"thumbnailUrl\":\"https:\\\/\\\/ganesha-shop-fuerth.de\\\/onlineshop\\\/wp-content\\\/uploads\\\/Raeucherkegel\\\/Satya\\\/gso-rkegel-satya-sai-baba-0006.jpg\",\"datePublished\":\"2023-12-04T16:48:25+00:00\",\"dateModified\":\"2026-01-28T23:41:40+00:00\",\"description\":\"Satya Nagchampa R\u00e4ucherkegel Sai Baba im Ganesha Online Shop kaufen. Weitere R\u00e4ucherkegel Sorten aus Indien im Shop verf\u00fcgbar.\",\"breadcrumb\":{\"@id\":\"https:\\\/\\\/ganesha-shop-fuerth.de\\\/onlineshop\\\/shop\\\/raeucherkegel\\\/satya-sai-baba-nagchampa-raeucherkegel\\\/#breadcrumb\"},\"inLanguage\":\"de\",\"potentialAction\":[{\"@type\":\"ReadAction\",\"target\":[\"https:\\\/\\\/ganesha-shop-fuerth.de\\\/onlineshop\\\/shop\\\/raeucherkegel\\\/satya-sai-baba-nagchampa-raeucherkegel\\\/\"]}]},{\"@type\":\"ImageObject\",\"inLanguage\":\"de\",\"@id\":\"https:\\\/\\\/ganesha-shop-fuerth.de\\\/onlineshop\\\/shop\\\/raeucherkegel\\\/satya-sai-baba-nagchampa-raeucherkegel\\\/#primaryimage\",\"url\":\"https:\\\/\\\/ganesha-shop-fuerth.de\\\/onlineshop\\\/wp-content\\\/uploads\\\/Raeucherkegel\\\/Satya\\\/gso-rkegel-satya-sai-baba-0006.jpg\",\"contentUrl\":\"https:\\\/\\\/ganesha-shop-fuerth.de\\\/onlineshop\\\/wp-content\\\/uploads\\\/Raeucherkegel\\\/Satya\\\/gso-rkegel-satya-sai-baba-0006.jpg\",\"width\":1033,\"height\":1200,\"caption\":\"Satya Sai Baba Nagchampa R\u00e4ucherkegel\"},{\"@type\":\"BreadcrumbList\",\"@id\":\"https:\\\/\\\/ganesha-shop-fuerth.de\\\/onlineshop\\\/shop\\\/raeucherkegel\\\/satya-sai-baba-nagchampa-raeucherkegel\\\/#breadcrumb\",\"itemListElement\":[{\"@type\":\"ListItem\",\"position\":1,\"name\":\"Startseite\",\"item\":\"https:\\\/\\\/ganesha-shop-fuerth.de\\\/onlineshop\\\/\"},{\"@type\":\"ListItem\",\"position\":2,\"name\":\"Ganesha Online Shop\",\"item\":\"https:\\\/\\\/ganesha-shop-fuerth.de\\\/onlineshop\\\/shop\\\/\"},{\"@type\":\"ListItem\",\"position\":3,\"name\":\"Satya Sai Baba Nagchampa R\u00e4ucherkegel\"}]},{\"@type\":\"WebSite\",\"@id\":\"https:\\\/\\\/ganesha-shop-fuerth.de\\\/onlineshop\\\/#website\",\"url\":\"https:\\\/\\\/ganesha-shop-fuerth.de\\\/onlineshop\\\/\",\"name\":\"Ganesha Online Shop\",\"description\":\"Schmuck Kleidung Accessoires aus Asien\",\"publisher\":{\"@id\":\"https:\\\/\\\/ganesha-shop-fuerth.de\\\/onlineshop\\\/#organization\"},\"potentialAction\":[{\"@type\":\"SearchAction\",\"target\":{\"@type\":\"EntryPoint\",\"urlTemplate\":\"https:\\\/\\\/ganesha-shop-fuerth.de\\\/onlineshop\\\/?s={search_term_string}\"},\"query-input\":{\"@type\":\"PropertyValueSpecification\",\"valueRequired\":true,\"valueName\":\"search_term_string\"}}],\"inLanguage\":\"de\"},{\"@type\":\"Organization\",\"@id\":\"https:\\\/\\\/ganesha-shop-fuerth.de\\\/onlineshop\\\/#organization\",\"name\":\"Ganesha Shop F\u00fcrth\",\"url\":\"https:\\\/\\\/ganesha-shop-fuerth.de\\\/onlineshop\\\/\",\"logo\":{\"@type\":\"ImageObject\",\"inLanguage\":\"de\",\"@id\":\"https:\\\/\\\/ganesha-shop-fuerth.de\\\/onlineshop\\\/#\\\/schema\\\/logo\\\/image\\\/\",\"url\":\"https:\\\/\\\/ganesha-shop-fuerth.de\\\/onlineshop\\\/wp-content\\\/uploads\\\/Logos\\\/ganesha-onlineshop-footer-logo-19-Jahre.png\",\"contentUrl\":\"https:\\\/\\\/ganesha-shop-fuerth.de\\\/onlineshop\\\/wp-content\\\/uploads\\\/Logos\\\/ganesha-onlineshop-footer-logo-19-Jahre.png\",\"width\":250,\"height\":299,\"caption\":\"Ganesha Shop F\u00fcrth\"},\"image\":{\"@id\":\"https:\\\/\\\/ganesha-shop-fuerth.de\\\/onlineshop\\\/#\\\/schema\\\/logo\\\/image\\\/\"},\"sameAs\":[\"https:\\\/\\\/de-de.facebook.com\\\/ganeshashopfuerth\\\/\",\"https:\\\/\\\/www.youtube.com\\\/channel\\\/UCECWtim6iWB8dozVcmw-GcA\"]}]}<\/script>\n<!-- \/ Yoast SEO plugin. -->","yoast_head_json":{"title":"Satya Nagchampa R\u00e4ucherkegel Sai Baba- Ganesha Online Shop","description":"Satya Nagchampa R\u00e4ucherkegel Sai Baba im Ganesha Online Shop kaufen. Weitere R\u00e4ucherkegel Sorten aus Indien im Shop verf\u00fcgbar.","robots":{"index":"index","follow":"follow","max-snippet":"max-snippet:-1","max-image-preview":"max-image-preview:large","max-video-preview":"max-video-preview:-1"},"canonical":"https:\/\/ganesha-shop-fuerth.de\/onlineshop\/shop\/raeucherkegel\/satya-sai-baba-nagchampa-raeucherkegel\/","og_locale":"de_DE","og_type":"article","og_title":"Satya Nagchampa R\u00e4ucherkegel Sai Baba- Ganesha Online Shop","og_description":"Satya Nagchampa R\u00e4ucherkegel Sai Baba im Ganesha Online Shop kaufen. Weitere R\u00e4ucherkegel Sorten aus Indien im Shop verf\u00fcgbar.","og_url":"https:\/\/ganesha-shop-fuerth.de\/onlineshop\/shop\/raeucherkegel\/satya-sai-baba-nagchampa-raeucherkegel\/","og_site_name":"Ganesha Online Shop","article_publisher":"https:\/\/de-de.facebook.com\/ganeshashopfuerth\/","article_modified_time":"2026-01-28T23:41:40+00:00","og_image":[{"width":1033,"height":1200,"url":"https:\/\/ganesha-shop-fuerth.de\/onlineshop\/wp-content\/uploads\/Raeucherkegel\/Satya\/gso-rkegel-satya-sai-baba-0006.jpg","type":"image\/jpeg"}],"twitter_card":"summary_large_image","twitter_misc":{"Gesch\u00e4tzte Lesezeit":"1\u00a0Minute"},"schema":{"@context":"https:\/\/schema.org","@graph":[{"@type":"WebPage","@id":"https:\/\/ganesha-shop-fuerth.de\/onlineshop\/shop\/raeucherkegel\/satya-sai-baba-nagchampa-raeucherkegel\/","url":"https:\/\/ganesha-shop-fuerth.de\/onlineshop\/shop\/raeucherkegel\/satya-sai-baba-nagchampa-raeucherkegel\/","name":"Satya Nagchampa R\u00e4ucherkegel Sai Baba- Ganesha Online Shop","isPartOf":{"@id":"https:\/\/ganesha-shop-fuerth.de\/onlineshop\/#website"},"primaryImageOfPage":{"@id":"https:\/\/ganesha-shop-fuerth.de\/onlineshop\/shop\/raeucherkegel\/satya-sai-baba-nagchampa-raeucherkegel\/#primaryimage"},"image":{"@id":"https:\/\/ganesha-shop-fuerth.de\/onlineshop\/shop\/raeucherkegel\/satya-sai-baba-nagchampa-raeucherkegel\/#primaryimage"},"thumbnailUrl":"https:\/\/ganesha-shop-fuerth.de\/onlineshop\/wp-content\/uploads\/Raeucherkegel\/Satya\/gso-rkegel-satya-sai-baba-0006.jpg","datePublished":"2023-12-04T16:48:25+00:00","dateModified":"2026-01-28T23:41:40+00:00","description":"Satya Nagchampa R\u00e4ucherkegel Sai Baba im Ganesha Online Shop kaufen. Weitere R\u00e4ucherkegel Sorten aus Indien im Shop verf\u00fcgbar.","breadcrumb":{"@id":"https:\/\/ganesha-shop-fuerth.de\/onlineshop\/shop\/raeucherkegel\/satya-sai-baba-nagchampa-raeucherkegel\/#breadcrumb"},"inLanguage":"de","potentialAction":[{"@type":"ReadAction","target":["https:\/\/ganesha-shop-fuerth.de\/onlineshop\/shop\/raeucherkegel\/satya-sai-baba-nagchampa-raeucherkegel\/"]}]},{"@type":"ImageObject","inLanguage":"de","@id":"https:\/\/ganesha-shop-fuerth.de\/onlineshop\/shop\/raeucherkegel\/satya-sai-baba-nagchampa-raeucherkegel\/#primaryimage","url":"https:\/\/ganesha-shop-fuerth.de\/onlineshop\/wp-content\/uploads\/Raeucherkegel\/Satya\/gso-rkegel-satya-sai-baba-0006.jpg","contentUrl":"https:\/\/ganesha-shop-fuerth.de\/onlineshop\/wp-content\/uploads\/Raeucherkegel\/Satya\/gso-rkegel-satya-sai-baba-0006.jpg","width":1033,"height":1200,"caption":"Satya Sai Baba Nagchampa R\u00e4ucherkegel"},{"@type":"BreadcrumbList","@id":"https:\/\/ganesha-shop-fuerth.de\/onlineshop\/shop\/raeucherkegel\/satya-sai-baba-nagchampa-raeucherkegel\/#breadcrumb","itemListElement":[{"@type":"ListItem","position":1,"name":"Startseite","item":"https:\/\/ganesha-shop-fuerth.de\/onlineshop\/"},{"@type":"ListItem","position":2,"name":"Ganesha Online Shop","item":"https:\/\/ganesha-shop-fuerth.de\/onlineshop\/shop\/"},{"@type":"ListItem","position":3,"name":"Satya Sai Baba Nagchampa R\u00e4ucherkegel"}]},{"@type":"WebSite","@id":"https:\/\/ganesha-shop-fuerth.de\/onlineshop\/#website","url":"https:\/\/ganesha-shop-fuerth.de\/onlineshop\/","name":"Ganesha Online Shop","description":"Schmuck Kleidung Accessoires aus Asien","publisher":{"@id":"https:\/\/ganesha-shop-fuerth.de\/onlineshop\/#organization"},"potentialAction":[{"@type":"SearchAction","target":{"@type":"EntryPoint","urlTemplate":"https:\/\/ganesha-shop-fuerth.de\/onlineshop\/?s={search_term_string}"},"query-input":{"@type":"PropertyValueSpecification","valueRequired":true,"valueName":"search_term_string"}}],"inLanguage":"de"},{"@type":"Organization","@id":"https:\/\/ganesha-shop-fuerth.de\/onlineshop\/#organization","name":"Ganesha Shop F\u00fcrth","url":"https:\/\/ganesha-shop-fuerth.de\/onlineshop\/","logo":{"@type":"ImageObject","inLanguage":"de","@id":"https:\/\/ganesha-shop-fuerth.de\/onlineshop\/#\/schema\/logo\/image\/","url":"https:\/\/ganesha-shop-fuerth.de\/onlineshop\/wp-content\/uploads\/Logos\/ganesha-onlineshop-footer-logo-19-Jahre.png","contentUrl":"https:\/\/ganesha-shop-fuerth.de\/onlineshop\/wp-content\/uploads\/Logos\/ganesha-onlineshop-footer-logo-19-Jahre.png","width":250,"height":299,"caption":"Ganesha Shop F\u00fcrth"},"image":{"@id":"https:\/\/ganesha-shop-fuerth.de\/onlineshop\/#\/schema\/logo\/image\/"},"sameAs":["https:\/\/de-de.facebook.com\/ganeshashopfuerth\/","https:\/\/www.youtube.com\/channel\/UCECWtim6iWB8dozVcmw-GcA"]}]}},"_links":{"self":[{"href":"https:\/\/ganesha-shop-fuerth.de\/onlineshop\/wp-json\/wp\/v2\/product\/5778","targetHints":{"allow":["GET"]}}],"collection":[{"href":"https:\/\/ganesha-shop-fuerth.de\/onlineshop\/wp-json\/wp\/v2\/product"}],"about":[{"href":"https:\/\/ganesha-shop-fuerth.de\/onlineshop\/wp-json\/wp\/v2\/types\/product"}],"replies":[{"embeddable":true,"href":"https:\/\/ganesha-shop-fuerth.de\/onlineshop\/wp-json\/wp\/v2\/comments?post=5778"}],"wp:featuredmedia":[{"embeddable":true,"href":"https:\/\/ganesha-shop-fuerth.de\/onlineshop\/wp-json\/wp\/v2\/media\/5777"}],"wp:attachment":[{"href":"https:\/\/ganesha-shop-fuerth.de\/onlineshop\/wp-json\/wp\/v2\/media?parent=5778"}],"wp:term":[{"taxonomy":"product_brand","embeddable":true,"href":"https:\/\/ganesha-shop-fuerth.de\/onlineshop\/wp-json\/wp\/v2\/product_brand?post=5778"},{"taxonomy":"product_cat","embeddable":true,"href":"https:\/\/ganesha-shop-fuerth.de\/onlineshop\/wp-json\/wp\/v2\/product_cat?post=5778"},{"taxonomy":"product_tag","embeddable":true,"href":"https:\/\/ganesha-shop-fuerth.de\/onlineshop\/wp-json\/wp\/v2\/product_tag?post=5778"}],"curies":[{"name":"wp","href":"https:\/\/api.w.org\/{rel}","templated":true}]}}