{"id":5913,"date":"2024-03-13T14:50:49","date_gmt":"2024-03-13T13:50:49","guid":{"rendered":"https:\/\/ganesha-shop-fuerth.de\/onlineshop\/?post_type=product&#038;p=5913"},"modified":"2024-07-30T14:48:02","modified_gmt":"2024-07-30T12:48:02","slug":"herz-anhaenger-aus-edelsteinen","status":"publish","type":"product","link":"https:\/\/ganesha-shop-fuerth.de\/onlineshop\/shop\/heilsteine-als-anhaenger\/herz-anhaenger-aus-edelsteinen\/","title":{"rendered":"Herz Anh\u00e4nger aus Edelsteinen"},"content":{"rendered":"<p>Herz Anh\u00e4nger aus Edelsteinen. L\u00e4nge der Herzen ca. 3,3 cm. Max. Breite ca. 2,5 cm. Das Herz ist oben gelocht und kann z.B. mit einem Lederband als Anh\u00e4nger getragen werden. \u2205 der Lochnung: 3 mm; Bitte w\u00e4hlen Sie die verf\u00fcgbaren Herzen in obigen Drop Down Men\u00fc aus.<\/p>\n<figure id=\"attachment_5912\" aria-describedby=\"caption-attachment-5912\" style=\"width: 300px\" class=\"wp-caption alignleft\"><a href=\"https:\/\/ganesha-shop-fuerth.de\/onlineshop\/wp-content\/uploads\/Heilsteine\/gso-anhaenger-heilstein-0001-magnify.jpg\" target=\"_blank\" rel=\"noopener\"><img loading=\"lazy\" decoding=\"async\" class=\"wp-image-5912\" src=\"https:\/\/ganesha-shop-fuerth.de\/onlineshop\/wp-content\/uploads\/Heilsteine\/gso-anhaenger-heilstein-0001-magnify-215x300.jpg\" alt=\"Herz Anh\u00e4nger aus Edelsteinen\" width=\"300\" height=\"419\" srcset=\"https:\/\/ganesha-shop-fuerth.de\/onlineshop\/wp-content\/uploads\/Heilsteine\/gso-anhaenger-heilstein-0001-magnify-215x300.jpg 215w, https:\/\/ganesha-shop-fuerth.de\/onlineshop\/wp-content\/uploads\/Heilsteine\/gso-anhaenger-heilstein-0001-magnify-733x1024.jpg 733w, https:\/\/ganesha-shop-fuerth.de\/onlineshop\/wp-content\/uploads\/Heilsteine\/gso-anhaenger-heilstein-0001-magnify-768x1073.jpg 768w, https:\/\/ganesha-shop-fuerth.de\/onlineshop\/wp-content\/uploads\/Heilsteine\/gso-anhaenger-heilstein-0001-magnify-324x453.jpg 324w, https:\/\/ganesha-shop-fuerth.de\/onlineshop\/wp-content\/uploads\/Heilsteine\/gso-anhaenger-heilstein-0001-magnify-416x581.jpg 416w, https:\/\/ganesha-shop-fuerth.de\/onlineshop\/wp-content\/uploads\/Heilsteine\/gso-anhaenger-heilstein-0001-magnify.jpg 1033w\" sizes=\"auto, (max-width: 300px) 100vw, 300px\" \/><\/a><figcaption id=\"caption-attachment-5912\" class=\"wp-caption-text\">Herz Anh\u00e4nger aus Edelsteinen<\/figcaption><\/figure>\n","protected":false},"excerpt":{"rendered":"<p>Herz Anh\u00e4nger aus Edelsteinen<\/p>\n","protected":false},"featured_media":5912,"comment_status":"open","ping_status":"closed","template":"","meta":[],"product_brand":[],"product_cat":[213],"product_tag":[67,191,228,54,61,50,239,182],"class_list":{"0":"post-5913","1":"product","2":"type-product","3":"status-publish","4":"has-post-thumbnail","6":"product_cat-heilsteine-als-anhaenger","7":"product_tag-bergkristall","8":"product_tag-edelstein-schmuck","9":"product_tag-esoterik-artikel","10":"product_tag-herz","11":"product_tag-karneol","12":"product_tag-lapislazuli","13":"product_tag-rosenquarz-schmuck","14":"product_tag-tigerauge","16":"first","17":"instock","18":"taxable","19":"shipping-taxable","20":"purchasable","21":"product-type-variable"},"yoast_head":"<!-- This site is optimized with the Yoast SEO plugin v27.4 - https:\/\/yoast.com\/product\/yoast-seo-wordpress\/ -->\n<title>Herz Anh\u00e4nger aus Edelsteinen - Ganesha Online Shop<\/title>\n<meta name=\"description\" content=\"Herz Anh\u00e4nger aus Edelsteinen im Ganesha Online Shop. Heilstein Anh\u00e4nger aus Karneol, Lapislazuli, Bergkristall, Rosenquarz und Tigerauge.\" \/>\n<meta name=\"robots\" content=\"index, follow, max-snippet:-1, max-image-preview:large, max-video-preview:-1\" \/>\n<link rel=\"canonical\" href=\"https:\/\/ganesha-shop-fuerth.de\/onlineshop\/shop\/heilsteine-als-anhaenger\/herz-anhaenger-aus-edelsteinen\/\" \/>\n<meta property=\"og:locale\" content=\"de_DE\" \/>\n<meta property=\"og:type\" content=\"article\" \/>\n<meta property=\"og:title\" content=\"Herz Anh\u00e4nger aus Edelsteinen - Ganesha Online Shop\" \/>\n<meta property=\"og:description\" content=\"Herz Anh\u00e4nger aus Edelsteinen im Ganesha Online Shop. Heilstein Anh\u00e4nger aus Karneol, Lapislazuli, Bergkristall, Rosenquarz und Tigerauge.\" \/>\n<meta property=\"og:url\" content=\"https:\/\/ganesha-shop-fuerth.de\/onlineshop\/shop\/heilsteine-als-anhaenger\/herz-anhaenger-aus-edelsteinen\/\" \/>\n<meta property=\"og:site_name\" content=\"Ganesha Online Shop\" \/>\n<meta property=\"article:publisher\" content=\"https:\/\/de-de.facebook.com\/ganeshashopfuerth\/\" \/>\n<meta property=\"article:modified_time\" content=\"2024-07-30T12:48:02+00:00\" \/>\n<meta property=\"og:image\" content=\"https:\/\/ganesha-shop-fuerth.de\/onlineshop\/wp-content\/uploads\/Heilsteine\/gso-anhaenger-heilstein-0001-magnify.jpg\" \/>\n\t<meta property=\"og:image:width\" content=\"1033\" \/>\n\t<meta property=\"og:image:height\" content=\"1443\" \/>\n\t<meta property=\"og:image:type\" content=\"image\/jpeg\" \/>\n<meta name=\"twitter:card\" content=\"summary_large_image\" \/>\n<meta name=\"twitter:label1\" content=\"Gesch\u00e4tzte Lesezeit\" \/>\n\t<meta name=\"twitter:data1\" content=\"1\u00a0Minute\" \/>\n<script type=\"application\/ld+json\" class=\"yoast-schema-graph\">{\"@context\":\"https:\\\/\\\/schema.org\",\"@graph\":[{\"@type\":\"WebPage\",\"@id\":\"https:\\\/\\\/ganesha-shop-fuerth.de\\\/onlineshop\\\/shop\\\/heilsteine-als-anhaenger\\\/herz-anhaenger-aus-edelsteinen\\\/\",\"url\":\"https:\\\/\\\/ganesha-shop-fuerth.de\\\/onlineshop\\\/shop\\\/heilsteine-als-anhaenger\\\/herz-anhaenger-aus-edelsteinen\\\/\",\"name\":\"Herz Anh\u00e4nger aus Edelsteinen - Ganesha Online Shop\",\"isPartOf\":{\"@id\":\"https:\\\/\\\/ganesha-shop-fuerth.de\\\/onlineshop\\\/#website\"},\"primaryImageOfPage\":{\"@id\":\"https:\\\/\\\/ganesha-shop-fuerth.de\\\/onlineshop\\\/shop\\\/heilsteine-als-anhaenger\\\/herz-anhaenger-aus-edelsteinen\\\/#primaryimage\"},\"image\":{\"@id\":\"https:\\\/\\\/ganesha-shop-fuerth.de\\\/onlineshop\\\/shop\\\/heilsteine-als-anhaenger\\\/herz-anhaenger-aus-edelsteinen\\\/#primaryimage\"},\"thumbnailUrl\":\"https:\\\/\\\/ganesha-shop-fuerth.de\\\/onlineshop\\\/wp-content\\\/uploads\\\/Heilsteine\\\/gso-anhaenger-heilstein-0001-magnify.jpg\",\"datePublished\":\"2024-03-13T13:50:49+00:00\",\"dateModified\":\"2024-07-30T12:48:02+00:00\",\"description\":\"Herz Anh\u00e4nger aus Edelsteinen im Ganesha Online Shop. Heilstein Anh\u00e4nger aus Karneol, Lapislazuli, Bergkristall, Rosenquarz und Tigerauge.\",\"breadcrumb\":{\"@id\":\"https:\\\/\\\/ganesha-shop-fuerth.de\\\/onlineshop\\\/shop\\\/heilsteine-als-anhaenger\\\/herz-anhaenger-aus-edelsteinen\\\/#breadcrumb\"},\"inLanguage\":\"de\",\"potentialAction\":[{\"@type\":\"ReadAction\",\"target\":[\"https:\\\/\\\/ganesha-shop-fuerth.de\\\/onlineshop\\\/shop\\\/heilsteine-als-anhaenger\\\/herz-anhaenger-aus-edelsteinen\\\/\"]}]},{\"@type\":\"ImageObject\",\"inLanguage\":\"de\",\"@id\":\"https:\\\/\\\/ganesha-shop-fuerth.de\\\/onlineshop\\\/shop\\\/heilsteine-als-anhaenger\\\/herz-anhaenger-aus-edelsteinen\\\/#primaryimage\",\"url\":\"https:\\\/\\\/ganesha-shop-fuerth.de\\\/onlineshop\\\/wp-content\\\/uploads\\\/Heilsteine\\\/gso-anhaenger-heilstein-0001-magnify.jpg\",\"contentUrl\":\"https:\\\/\\\/ganesha-shop-fuerth.de\\\/onlineshop\\\/wp-content\\\/uploads\\\/Heilsteine\\\/gso-anhaenger-heilstein-0001-magnify.jpg\",\"width\":1033,\"height\":1443,\"caption\":\"Herz Anh\u00e4nger aus Edelsteinen\"},{\"@type\":\"BreadcrumbList\",\"@id\":\"https:\\\/\\\/ganesha-shop-fuerth.de\\\/onlineshop\\\/shop\\\/heilsteine-als-anhaenger\\\/herz-anhaenger-aus-edelsteinen\\\/#breadcrumb\",\"itemListElement\":[{\"@type\":\"ListItem\",\"position\":1,\"name\":\"Startseite\",\"item\":\"https:\\\/\\\/ganesha-shop-fuerth.de\\\/onlineshop\\\/\"},{\"@type\":\"ListItem\",\"position\":2,\"name\":\"Ganesha Online Shop\",\"item\":\"https:\\\/\\\/ganesha-shop-fuerth.de\\\/onlineshop\\\/shop\\\/\"},{\"@type\":\"ListItem\",\"position\":3,\"name\":\"Herz Anh\u00e4nger aus Edelsteinen\"}]},{\"@type\":\"WebSite\",\"@id\":\"https:\\\/\\\/ganesha-shop-fuerth.de\\\/onlineshop\\\/#website\",\"url\":\"https:\\\/\\\/ganesha-shop-fuerth.de\\\/onlineshop\\\/\",\"name\":\"Ganesha Online Shop\",\"description\":\"Schmuck Kleidung Accessoires aus Asien\",\"publisher\":{\"@id\":\"https:\\\/\\\/ganesha-shop-fuerth.de\\\/onlineshop\\\/#organization\"},\"potentialAction\":[{\"@type\":\"SearchAction\",\"target\":{\"@type\":\"EntryPoint\",\"urlTemplate\":\"https:\\\/\\\/ganesha-shop-fuerth.de\\\/onlineshop\\\/?s={search_term_string}\"},\"query-input\":{\"@type\":\"PropertyValueSpecification\",\"valueRequired\":true,\"valueName\":\"search_term_string\"}}],\"inLanguage\":\"de\"},{\"@type\":\"Organization\",\"@id\":\"https:\\\/\\\/ganesha-shop-fuerth.de\\\/onlineshop\\\/#organization\",\"name\":\"Ganesha Shop F\u00fcrth\",\"url\":\"https:\\\/\\\/ganesha-shop-fuerth.de\\\/onlineshop\\\/\",\"logo\":{\"@type\":\"ImageObject\",\"inLanguage\":\"de\",\"@id\":\"https:\\\/\\\/ganesha-shop-fuerth.de\\\/onlineshop\\\/#\\\/schema\\\/logo\\\/image\\\/\",\"url\":\"https:\\\/\\\/ganesha-shop-fuerth.de\\\/onlineshop\\\/wp-content\\\/uploads\\\/Logos\\\/ganesha-onlineshop-footer-logo-19-Jahre.png\",\"contentUrl\":\"https:\\\/\\\/ganesha-shop-fuerth.de\\\/onlineshop\\\/wp-content\\\/uploads\\\/Logos\\\/ganesha-onlineshop-footer-logo-19-Jahre.png\",\"width\":250,\"height\":299,\"caption\":\"Ganesha Shop F\u00fcrth\"},\"image\":{\"@id\":\"https:\\\/\\\/ganesha-shop-fuerth.de\\\/onlineshop\\\/#\\\/schema\\\/logo\\\/image\\\/\"},\"sameAs\":[\"https:\\\/\\\/de-de.facebook.com\\\/ganeshashopfuerth\\\/\",\"https:\\\/\\\/www.youtube.com\\\/channel\\\/UCECWtim6iWB8dozVcmw-GcA\"]}]}<\/script>\n<!-- \/ Yoast SEO plugin. -->","yoast_head_json":{"title":"Herz Anh\u00e4nger aus Edelsteinen - Ganesha Online Shop","description":"Herz Anh\u00e4nger aus Edelsteinen im Ganesha Online Shop. Heilstein Anh\u00e4nger aus Karneol, Lapislazuli, Bergkristall, Rosenquarz und Tigerauge.","robots":{"index":"index","follow":"follow","max-snippet":"max-snippet:-1","max-image-preview":"max-image-preview:large","max-video-preview":"max-video-preview:-1"},"canonical":"https:\/\/ganesha-shop-fuerth.de\/onlineshop\/shop\/heilsteine-als-anhaenger\/herz-anhaenger-aus-edelsteinen\/","og_locale":"de_DE","og_type":"article","og_title":"Herz Anh\u00e4nger aus Edelsteinen - Ganesha Online Shop","og_description":"Herz Anh\u00e4nger aus Edelsteinen im Ganesha Online Shop. Heilstein Anh\u00e4nger aus Karneol, Lapislazuli, Bergkristall, Rosenquarz und Tigerauge.","og_url":"https:\/\/ganesha-shop-fuerth.de\/onlineshop\/shop\/heilsteine-als-anhaenger\/herz-anhaenger-aus-edelsteinen\/","og_site_name":"Ganesha Online Shop","article_publisher":"https:\/\/de-de.facebook.com\/ganeshashopfuerth\/","article_modified_time":"2024-07-30T12:48:02+00:00","og_image":[{"width":1033,"height":1443,"url":"https:\/\/ganesha-shop-fuerth.de\/onlineshop\/wp-content\/uploads\/Heilsteine\/gso-anhaenger-heilstein-0001-magnify.jpg","type":"image\/jpeg"}],"twitter_card":"summary_large_image","twitter_misc":{"Gesch\u00e4tzte Lesezeit":"1\u00a0Minute"},"schema":{"@context":"https:\/\/schema.org","@graph":[{"@type":"WebPage","@id":"https:\/\/ganesha-shop-fuerth.de\/onlineshop\/shop\/heilsteine-als-anhaenger\/herz-anhaenger-aus-edelsteinen\/","url":"https:\/\/ganesha-shop-fuerth.de\/onlineshop\/shop\/heilsteine-als-anhaenger\/herz-anhaenger-aus-edelsteinen\/","name":"Herz Anh\u00e4nger aus Edelsteinen - Ganesha Online Shop","isPartOf":{"@id":"https:\/\/ganesha-shop-fuerth.de\/onlineshop\/#website"},"primaryImageOfPage":{"@id":"https:\/\/ganesha-shop-fuerth.de\/onlineshop\/shop\/heilsteine-als-anhaenger\/herz-anhaenger-aus-edelsteinen\/#primaryimage"},"image":{"@id":"https:\/\/ganesha-shop-fuerth.de\/onlineshop\/shop\/heilsteine-als-anhaenger\/herz-anhaenger-aus-edelsteinen\/#primaryimage"},"thumbnailUrl":"https:\/\/ganesha-shop-fuerth.de\/onlineshop\/wp-content\/uploads\/Heilsteine\/gso-anhaenger-heilstein-0001-magnify.jpg","datePublished":"2024-03-13T13:50:49+00:00","dateModified":"2024-07-30T12:48:02+00:00","description":"Herz Anh\u00e4nger aus Edelsteinen im Ganesha Online Shop. Heilstein Anh\u00e4nger aus Karneol, Lapislazuli, Bergkristall, Rosenquarz und Tigerauge.","breadcrumb":{"@id":"https:\/\/ganesha-shop-fuerth.de\/onlineshop\/shop\/heilsteine-als-anhaenger\/herz-anhaenger-aus-edelsteinen\/#breadcrumb"},"inLanguage":"de","potentialAction":[{"@type":"ReadAction","target":["https:\/\/ganesha-shop-fuerth.de\/onlineshop\/shop\/heilsteine-als-anhaenger\/herz-anhaenger-aus-edelsteinen\/"]}]},{"@type":"ImageObject","inLanguage":"de","@id":"https:\/\/ganesha-shop-fuerth.de\/onlineshop\/shop\/heilsteine-als-anhaenger\/herz-anhaenger-aus-edelsteinen\/#primaryimage","url":"https:\/\/ganesha-shop-fuerth.de\/onlineshop\/wp-content\/uploads\/Heilsteine\/gso-anhaenger-heilstein-0001-magnify.jpg","contentUrl":"https:\/\/ganesha-shop-fuerth.de\/onlineshop\/wp-content\/uploads\/Heilsteine\/gso-anhaenger-heilstein-0001-magnify.jpg","width":1033,"height":1443,"caption":"Herz Anh\u00e4nger aus Edelsteinen"},{"@type":"BreadcrumbList","@id":"https:\/\/ganesha-shop-fuerth.de\/onlineshop\/shop\/heilsteine-als-anhaenger\/herz-anhaenger-aus-edelsteinen\/#breadcrumb","itemListElement":[{"@type":"ListItem","position":1,"name":"Startseite","item":"https:\/\/ganesha-shop-fuerth.de\/onlineshop\/"},{"@type":"ListItem","position":2,"name":"Ganesha Online Shop","item":"https:\/\/ganesha-shop-fuerth.de\/onlineshop\/shop\/"},{"@type":"ListItem","position":3,"name":"Herz Anh\u00e4nger aus Edelsteinen"}]},{"@type":"WebSite","@id":"https:\/\/ganesha-shop-fuerth.de\/onlineshop\/#website","url":"https:\/\/ganesha-shop-fuerth.de\/onlineshop\/","name":"Ganesha Online Shop","description":"Schmuck Kleidung Accessoires aus Asien","publisher":{"@id":"https:\/\/ganesha-shop-fuerth.de\/onlineshop\/#organization"},"potentialAction":[{"@type":"SearchAction","target":{"@type":"EntryPoint","urlTemplate":"https:\/\/ganesha-shop-fuerth.de\/onlineshop\/?s={search_term_string}"},"query-input":{"@type":"PropertyValueSpecification","valueRequired":true,"valueName":"search_term_string"}}],"inLanguage":"de"},{"@type":"Organization","@id":"https:\/\/ganesha-shop-fuerth.de\/onlineshop\/#organization","name":"Ganesha Shop F\u00fcrth","url":"https:\/\/ganesha-shop-fuerth.de\/onlineshop\/","logo":{"@type":"ImageObject","inLanguage":"de","@id":"https:\/\/ganesha-shop-fuerth.de\/onlineshop\/#\/schema\/logo\/image\/","url":"https:\/\/ganesha-shop-fuerth.de\/onlineshop\/wp-content\/uploads\/Logos\/ganesha-onlineshop-footer-logo-19-Jahre.png","contentUrl":"https:\/\/ganesha-shop-fuerth.de\/onlineshop\/wp-content\/uploads\/Logos\/ganesha-onlineshop-footer-logo-19-Jahre.png","width":250,"height":299,"caption":"Ganesha Shop F\u00fcrth"},"image":{"@id":"https:\/\/ganesha-shop-fuerth.de\/onlineshop\/#\/schema\/logo\/image\/"},"sameAs":["https:\/\/de-de.facebook.com\/ganeshashopfuerth\/","https:\/\/www.youtube.com\/channel\/UCECWtim6iWB8dozVcmw-GcA"]}]}},"_links":{"self":[{"href":"https:\/\/ganesha-shop-fuerth.de\/onlineshop\/wp-json\/wp\/v2\/product\/5913","targetHints":{"allow":["GET"]}}],"collection":[{"href":"https:\/\/ganesha-shop-fuerth.de\/onlineshop\/wp-json\/wp\/v2\/product"}],"about":[{"href":"https:\/\/ganesha-shop-fuerth.de\/onlineshop\/wp-json\/wp\/v2\/types\/product"}],"replies":[{"embeddable":true,"href":"https:\/\/ganesha-shop-fuerth.de\/onlineshop\/wp-json\/wp\/v2\/comments?post=5913"}],"wp:featuredmedia":[{"embeddable":true,"href":"https:\/\/ganesha-shop-fuerth.de\/onlineshop\/wp-json\/wp\/v2\/media\/5912"}],"wp:attachment":[{"href":"https:\/\/ganesha-shop-fuerth.de\/onlineshop\/wp-json\/wp\/v2\/media?parent=5913"}],"wp:term":[{"taxonomy":"product_brand","embeddable":true,"href":"https:\/\/ganesha-shop-fuerth.de\/onlineshop\/wp-json\/wp\/v2\/product_brand?post=5913"},{"taxonomy":"product_cat","embeddable":true,"href":"https:\/\/ganesha-shop-fuerth.de\/onlineshop\/wp-json\/wp\/v2\/product_cat?post=5913"},{"taxonomy":"product_tag","embeddable":true,"href":"https:\/\/ganesha-shop-fuerth.de\/onlineshop\/wp-json\/wp\/v2\/product_tag?post=5913"}],"curies":[{"name":"wp","href":"https:\/\/api.w.org\/{rel}","templated":true}]}}