{"id":5971,"date":"2024-04-15T16:46:04","date_gmt":"2024-04-15T14:46:04","guid":{"rendered":"https:\/\/ganesha-shop-fuerth.de\/onlineshop\/?post_type=product&#038;p=5971"},"modified":"2025-07-09T16:21:12","modified_gmt":"2025-07-09T14:21:12","slug":"white-oud-parfum-aus-pushkar-indien-10-ml","status":"publish","type":"product","link":"https:\/\/ganesha-shop-fuerth.de\/onlineshop\/shop\/exotische-parfums-aus-indien\/white-oud-parfum-aus-pushkar-indien-10-ml\/","title":{"rendered":"White Oud Parfum aus Pushkar Indien 10 ml"},"content":{"rendered":"<p>White Oud Parfum aus Pushkar Indien 10 ml\u00a0aus <a href=\"https:\/\/de.wikipedia.org\/wiki\/Pushkar\" target=\"_blank\" rel=\"noopener\">Pushkar Indien<\/a>, direkt vom Hersteller unseres Vertrauens bezogen. Die Duft\u00f6le aus Pushkar verkaufen wir seit Jahren im Ganesha Shop Ladengesch\u00e4ft, werden von unseren Kunden sehr gesch\u00e4tzt und gelten als Geheimtipp in der Region. Das Parfum wird mittels eines Rollkopfs auf die Haut aufgetragen. Flacon Inhalt: 10 ml.<br \/>\nDieses Parfum ist eine exklusive Duftkreation, die mit edlen Inhaltsstoffen wie <a href=\"https:\/\/thefragranceworld.co.uk\/de\/blogs\/news\/what-is-oud\" target=\"_blank\" rel=\"noopener\">Oudholz<\/a>, wei\u00dfem Moschus, Vanille und Gew\u00fcrzen komponiert ist. Es verstr\u00f6mt eine warme und sinnliche Aura und eignet sich perfekt f\u00fcr besondere Anl\u00e4sse oder um sich selbst zu verw\u00f6hnen. Viele Menschen sch\u00e4tzen die einzigartige und langanhaltende Duftnote dieses Parfums.<br \/>\nWhite Oud wird oft als <strong>unisex<\/strong> angesehen, da es eine ausgewogene Mischung aus holzigen, w\u00fcrzigen und s\u00fc\u00dfen Noten aufweist, die sowohl von M\u00e4nnern als auch von Frauen gesch\u00e4tzt werden k\u00f6nnen. Es ist ein vielseitiger, verf\u00fchrerischer Duft, der von Menschen aller Geschlechter getragen werden kann.<\/p>\n<figure id=\"attachment_5970\" aria-describedby=\"caption-attachment-5970\" style=\"width: 360px\" class=\"wp-caption alignleft\"><a href=\"https:\/\/ganesha-shop-fuerth.de\/onlineshop\/wp-content\/uploads\/Parfum\/gso-parfuem-0032.jpg\" target=\"_blank\" rel=\"noopener\"><img loading=\"lazy\" decoding=\"async\" class=\"wp-image-5970\" src=\"https:\/\/ganesha-shop-fuerth.de\/onlineshop\/wp-content\/uploads\/Parfum\/gso-parfuem-0032-258x300.jpg\" alt=\"White Oud Parfum aus Pushkar Indien\" width=\"360\" height=\"419\" srcset=\"https:\/\/ganesha-shop-fuerth.de\/onlineshop\/wp-content\/uploads\/Parfum\/gso-parfuem-0032-258x300.jpg 258w, https:\/\/ganesha-shop-fuerth.de\/onlineshop\/wp-content\/uploads\/Parfum\/gso-parfuem-0032-881x1024.jpg 881w, https:\/\/ganesha-shop-fuerth.de\/onlineshop\/wp-content\/uploads\/Parfum\/gso-parfuem-0032-768x893.jpg 768w, https:\/\/ganesha-shop-fuerth.de\/onlineshop\/wp-content\/uploads\/Parfum\/gso-parfuem-0032-324x377.jpg 324w, https:\/\/ganesha-shop-fuerth.de\/onlineshop\/wp-content\/uploads\/Parfum\/gso-parfuem-0032-416x484.jpg 416w, https:\/\/ganesha-shop-fuerth.de\/onlineshop\/wp-content\/uploads\/Parfum\/gso-parfuem-0032.jpg 1032w\" sizes=\"auto, (max-width: 360px) 100vw, 360px\" \/><\/a><figcaption id=\"caption-attachment-5970\" class=\"wp-caption-text\">White Oud Parfum aus Pushkar Indien 10 ml<\/figcaption><\/figure>\n","protected":false},"excerpt":{"rendered":"<p>White Oud Parfum aus Pushkar Indien 10 ml<\/p>\n","protected":false},"featured_media":5970,"comment_status":"open","ping_status":"closed","template":"","meta":[],"product_brand":[],"product_cat":[264,120],"product_tag":[121],"class_list":{"0":"post-5971","1":"product","2":"type-product","3":"status-publish","4":"has-post-thumbnail","6":"product_cat-kosmetikartikel-aus-indien","7":"product_cat-exotische-parfums-aus-indien","8":"product_tag-parfum-aus-indien","10":"first","11":"instock","12":"featured","13":"taxable","14":"shipping-taxable","15":"purchasable","16":"product-type-simple"},"yoast_head":"<!-- This site is optimized with the Yoast SEO plugin v27.4 - https:\/\/yoast.com\/product\/yoast-seo-wordpress\/ -->\n<title>White Oud Parfum aus Pushkar Indien im Ganesha Online Shop<\/title>\n<meta name=\"description\" content=\"White Oud Parfum aus Pushkar Indien im Ganesha Online Shop. Weitere herrlich duftende Parfums aus Indien finden Sie im Online Shop und im Laden.\" \/>\n<meta name=\"robots\" content=\"index, follow, max-snippet:-1, max-image-preview:large, max-video-preview:-1\" \/>\n<link rel=\"canonical\" href=\"https:\/\/ganesha-shop-fuerth.de\/onlineshop\/shop\/exotische-parfums-aus-indien\/white-oud-parfum-aus-pushkar-indien-10-ml\/\" \/>\n<meta property=\"og:locale\" content=\"de_DE\" \/>\n<meta property=\"og:type\" content=\"article\" \/>\n<meta property=\"og:title\" content=\"White Oud Parfum aus Pushkar Indien im Ganesha Online Shop\" \/>\n<meta property=\"og:description\" content=\"White Oud Parfum aus Pushkar Indien im Ganesha Online Shop. Weitere herrlich duftende Parfums aus Indien finden Sie im Online Shop und im Laden.\" \/>\n<meta property=\"og:url\" content=\"https:\/\/ganesha-shop-fuerth.de\/onlineshop\/shop\/exotische-parfums-aus-indien\/white-oud-parfum-aus-pushkar-indien-10-ml\/\" \/>\n<meta property=\"og:site_name\" content=\"Ganesha Online Shop\" \/>\n<meta property=\"article:publisher\" content=\"https:\/\/de-de.facebook.com\/ganeshashopfuerth\/\" \/>\n<meta property=\"article:modified_time\" content=\"2025-07-09T14:21:12+00:00\" \/>\n<meta property=\"og:image\" content=\"https:\/\/ganesha-shop-fuerth.de\/onlineshop\/wp-content\/uploads\/Parfum\/gso-parfuem-0032.jpg\" \/>\n\t<meta property=\"og:image:width\" content=\"1032\" \/>\n\t<meta property=\"og:image:height\" content=\"1200\" \/>\n\t<meta property=\"og:image:type\" content=\"image\/jpeg\" \/>\n<meta name=\"twitter:card\" content=\"summary_large_image\" \/>\n<meta name=\"twitter:label1\" content=\"Gesch\u00e4tzte Lesezeit\" \/>\n\t<meta name=\"twitter:data1\" content=\"2\u00a0Minuten\" \/>\n<script type=\"application\/ld+json\" class=\"yoast-schema-graph\">{\"@context\":\"https:\\\/\\\/schema.org\",\"@graph\":[{\"@type\":\"WebPage\",\"@id\":\"https:\\\/\\\/ganesha-shop-fuerth.de\\\/onlineshop\\\/shop\\\/exotische-parfums-aus-indien\\\/white-oud-parfum-aus-pushkar-indien-10-ml\\\/\",\"url\":\"https:\\\/\\\/ganesha-shop-fuerth.de\\\/onlineshop\\\/shop\\\/exotische-parfums-aus-indien\\\/white-oud-parfum-aus-pushkar-indien-10-ml\\\/\",\"name\":\"White Oud Parfum aus Pushkar Indien im Ganesha Online Shop\",\"isPartOf\":{\"@id\":\"https:\\\/\\\/ganesha-shop-fuerth.de\\\/onlineshop\\\/#website\"},\"primaryImageOfPage\":{\"@id\":\"https:\\\/\\\/ganesha-shop-fuerth.de\\\/onlineshop\\\/shop\\\/exotische-parfums-aus-indien\\\/white-oud-parfum-aus-pushkar-indien-10-ml\\\/#primaryimage\"},\"image\":{\"@id\":\"https:\\\/\\\/ganesha-shop-fuerth.de\\\/onlineshop\\\/shop\\\/exotische-parfums-aus-indien\\\/white-oud-parfum-aus-pushkar-indien-10-ml\\\/#primaryimage\"},\"thumbnailUrl\":\"https:\\\/\\\/ganesha-shop-fuerth.de\\\/onlineshop\\\/wp-content\\\/uploads\\\/Parfum\\\/gso-parfuem-0032.jpg\",\"datePublished\":\"2024-04-15T14:46:04+00:00\",\"dateModified\":\"2025-07-09T14:21:12+00:00\",\"description\":\"White Oud Parfum aus Pushkar Indien im Ganesha Online Shop. Weitere herrlich duftende Parfums aus Indien finden Sie im Online Shop und im Laden.\",\"breadcrumb\":{\"@id\":\"https:\\\/\\\/ganesha-shop-fuerth.de\\\/onlineshop\\\/shop\\\/exotische-parfums-aus-indien\\\/white-oud-parfum-aus-pushkar-indien-10-ml\\\/#breadcrumb\"},\"inLanguage\":\"de\",\"potentialAction\":[{\"@type\":\"ReadAction\",\"target\":[\"https:\\\/\\\/ganesha-shop-fuerth.de\\\/onlineshop\\\/shop\\\/exotische-parfums-aus-indien\\\/white-oud-parfum-aus-pushkar-indien-10-ml\\\/\"]}]},{\"@type\":\"ImageObject\",\"inLanguage\":\"de\",\"@id\":\"https:\\\/\\\/ganesha-shop-fuerth.de\\\/onlineshop\\\/shop\\\/exotische-parfums-aus-indien\\\/white-oud-parfum-aus-pushkar-indien-10-ml\\\/#primaryimage\",\"url\":\"https:\\\/\\\/ganesha-shop-fuerth.de\\\/onlineshop\\\/wp-content\\\/uploads\\\/Parfum\\\/gso-parfuem-0032.jpg\",\"contentUrl\":\"https:\\\/\\\/ganesha-shop-fuerth.de\\\/onlineshop\\\/wp-content\\\/uploads\\\/Parfum\\\/gso-parfuem-0032.jpg\",\"width\":1032,\"height\":1200,\"caption\":\"White Oud Parfum aus Pushkar Indien 10 ml\"},{\"@type\":\"BreadcrumbList\",\"@id\":\"https:\\\/\\\/ganesha-shop-fuerth.de\\\/onlineshop\\\/shop\\\/exotische-parfums-aus-indien\\\/white-oud-parfum-aus-pushkar-indien-10-ml\\\/#breadcrumb\",\"itemListElement\":[{\"@type\":\"ListItem\",\"position\":1,\"name\":\"Startseite\",\"item\":\"https:\\\/\\\/ganesha-shop-fuerth.de\\\/onlineshop\\\/\"},{\"@type\":\"ListItem\",\"position\":2,\"name\":\"Ganesha Online Shop\",\"item\":\"https:\\\/\\\/ganesha-shop-fuerth.de\\\/onlineshop\\\/shop\\\/\"},{\"@type\":\"ListItem\",\"position\":3,\"name\":\"White Oud Parfum aus Pushkar Indien 10 ml\"}]},{\"@type\":\"WebSite\",\"@id\":\"https:\\\/\\\/ganesha-shop-fuerth.de\\\/onlineshop\\\/#website\",\"url\":\"https:\\\/\\\/ganesha-shop-fuerth.de\\\/onlineshop\\\/\",\"name\":\"Ganesha Online Shop\",\"description\":\"Schmuck Kleidung Accessoires aus Asien\",\"publisher\":{\"@id\":\"https:\\\/\\\/ganesha-shop-fuerth.de\\\/onlineshop\\\/#organization\"},\"potentialAction\":[{\"@type\":\"SearchAction\",\"target\":{\"@type\":\"EntryPoint\",\"urlTemplate\":\"https:\\\/\\\/ganesha-shop-fuerth.de\\\/onlineshop\\\/?s={search_term_string}\"},\"query-input\":{\"@type\":\"PropertyValueSpecification\",\"valueRequired\":true,\"valueName\":\"search_term_string\"}}],\"inLanguage\":\"de\"},{\"@type\":\"Organization\",\"@id\":\"https:\\\/\\\/ganesha-shop-fuerth.de\\\/onlineshop\\\/#organization\",\"name\":\"Ganesha Shop F\u00fcrth\",\"url\":\"https:\\\/\\\/ganesha-shop-fuerth.de\\\/onlineshop\\\/\",\"logo\":{\"@type\":\"ImageObject\",\"inLanguage\":\"de\",\"@id\":\"https:\\\/\\\/ganesha-shop-fuerth.de\\\/onlineshop\\\/#\\\/schema\\\/logo\\\/image\\\/\",\"url\":\"https:\\\/\\\/ganesha-shop-fuerth.de\\\/onlineshop\\\/wp-content\\\/uploads\\\/Logos\\\/ganesha-onlineshop-footer-logo-19-Jahre.png\",\"contentUrl\":\"https:\\\/\\\/ganesha-shop-fuerth.de\\\/onlineshop\\\/wp-content\\\/uploads\\\/Logos\\\/ganesha-onlineshop-footer-logo-19-Jahre.png\",\"width\":250,\"height\":299,\"caption\":\"Ganesha Shop F\u00fcrth\"},\"image\":{\"@id\":\"https:\\\/\\\/ganesha-shop-fuerth.de\\\/onlineshop\\\/#\\\/schema\\\/logo\\\/image\\\/\"},\"sameAs\":[\"https:\\\/\\\/de-de.facebook.com\\\/ganeshashopfuerth\\\/\",\"https:\\\/\\\/www.youtube.com\\\/channel\\\/UCECWtim6iWB8dozVcmw-GcA\"]}]}<\/script>\n<!-- \/ Yoast SEO plugin. -->","yoast_head_json":{"title":"White Oud Parfum aus Pushkar Indien im Ganesha Online Shop","description":"White Oud Parfum aus Pushkar Indien im Ganesha Online Shop. Weitere herrlich duftende Parfums aus Indien finden Sie im Online Shop und im Laden.","robots":{"index":"index","follow":"follow","max-snippet":"max-snippet:-1","max-image-preview":"max-image-preview:large","max-video-preview":"max-video-preview:-1"},"canonical":"https:\/\/ganesha-shop-fuerth.de\/onlineshop\/shop\/exotische-parfums-aus-indien\/white-oud-parfum-aus-pushkar-indien-10-ml\/","og_locale":"de_DE","og_type":"article","og_title":"White Oud Parfum aus Pushkar Indien im Ganesha Online Shop","og_description":"White Oud Parfum aus Pushkar Indien im Ganesha Online Shop. Weitere herrlich duftende Parfums aus Indien finden Sie im Online Shop und im Laden.","og_url":"https:\/\/ganesha-shop-fuerth.de\/onlineshop\/shop\/exotische-parfums-aus-indien\/white-oud-parfum-aus-pushkar-indien-10-ml\/","og_site_name":"Ganesha Online Shop","article_publisher":"https:\/\/de-de.facebook.com\/ganeshashopfuerth\/","article_modified_time":"2025-07-09T14:21:12+00:00","og_image":[{"width":1032,"height":1200,"url":"https:\/\/ganesha-shop-fuerth.de\/onlineshop\/wp-content\/uploads\/Parfum\/gso-parfuem-0032.jpg","type":"image\/jpeg"}],"twitter_card":"summary_large_image","twitter_misc":{"Gesch\u00e4tzte Lesezeit":"2\u00a0Minuten"},"schema":{"@context":"https:\/\/schema.org","@graph":[{"@type":"WebPage","@id":"https:\/\/ganesha-shop-fuerth.de\/onlineshop\/shop\/exotische-parfums-aus-indien\/white-oud-parfum-aus-pushkar-indien-10-ml\/","url":"https:\/\/ganesha-shop-fuerth.de\/onlineshop\/shop\/exotische-parfums-aus-indien\/white-oud-parfum-aus-pushkar-indien-10-ml\/","name":"White Oud Parfum aus Pushkar Indien im Ganesha Online Shop","isPartOf":{"@id":"https:\/\/ganesha-shop-fuerth.de\/onlineshop\/#website"},"primaryImageOfPage":{"@id":"https:\/\/ganesha-shop-fuerth.de\/onlineshop\/shop\/exotische-parfums-aus-indien\/white-oud-parfum-aus-pushkar-indien-10-ml\/#primaryimage"},"image":{"@id":"https:\/\/ganesha-shop-fuerth.de\/onlineshop\/shop\/exotische-parfums-aus-indien\/white-oud-parfum-aus-pushkar-indien-10-ml\/#primaryimage"},"thumbnailUrl":"https:\/\/ganesha-shop-fuerth.de\/onlineshop\/wp-content\/uploads\/Parfum\/gso-parfuem-0032.jpg","datePublished":"2024-04-15T14:46:04+00:00","dateModified":"2025-07-09T14:21:12+00:00","description":"White Oud Parfum aus Pushkar Indien im Ganesha Online Shop. Weitere herrlich duftende Parfums aus Indien finden Sie im Online Shop und im Laden.","breadcrumb":{"@id":"https:\/\/ganesha-shop-fuerth.de\/onlineshop\/shop\/exotische-parfums-aus-indien\/white-oud-parfum-aus-pushkar-indien-10-ml\/#breadcrumb"},"inLanguage":"de","potentialAction":[{"@type":"ReadAction","target":["https:\/\/ganesha-shop-fuerth.de\/onlineshop\/shop\/exotische-parfums-aus-indien\/white-oud-parfum-aus-pushkar-indien-10-ml\/"]}]},{"@type":"ImageObject","inLanguage":"de","@id":"https:\/\/ganesha-shop-fuerth.de\/onlineshop\/shop\/exotische-parfums-aus-indien\/white-oud-parfum-aus-pushkar-indien-10-ml\/#primaryimage","url":"https:\/\/ganesha-shop-fuerth.de\/onlineshop\/wp-content\/uploads\/Parfum\/gso-parfuem-0032.jpg","contentUrl":"https:\/\/ganesha-shop-fuerth.de\/onlineshop\/wp-content\/uploads\/Parfum\/gso-parfuem-0032.jpg","width":1032,"height":1200,"caption":"White Oud Parfum aus Pushkar Indien 10 ml"},{"@type":"BreadcrumbList","@id":"https:\/\/ganesha-shop-fuerth.de\/onlineshop\/shop\/exotische-parfums-aus-indien\/white-oud-parfum-aus-pushkar-indien-10-ml\/#breadcrumb","itemListElement":[{"@type":"ListItem","position":1,"name":"Startseite","item":"https:\/\/ganesha-shop-fuerth.de\/onlineshop\/"},{"@type":"ListItem","position":2,"name":"Ganesha Online Shop","item":"https:\/\/ganesha-shop-fuerth.de\/onlineshop\/shop\/"},{"@type":"ListItem","position":3,"name":"White Oud Parfum aus Pushkar Indien 10 ml"}]},{"@type":"WebSite","@id":"https:\/\/ganesha-shop-fuerth.de\/onlineshop\/#website","url":"https:\/\/ganesha-shop-fuerth.de\/onlineshop\/","name":"Ganesha Online Shop","description":"Schmuck Kleidung Accessoires aus Asien","publisher":{"@id":"https:\/\/ganesha-shop-fuerth.de\/onlineshop\/#organization"},"potentialAction":[{"@type":"SearchAction","target":{"@type":"EntryPoint","urlTemplate":"https:\/\/ganesha-shop-fuerth.de\/onlineshop\/?s={search_term_string}"},"query-input":{"@type":"PropertyValueSpecification","valueRequired":true,"valueName":"search_term_string"}}],"inLanguage":"de"},{"@type":"Organization","@id":"https:\/\/ganesha-shop-fuerth.de\/onlineshop\/#organization","name":"Ganesha Shop F\u00fcrth","url":"https:\/\/ganesha-shop-fuerth.de\/onlineshop\/","logo":{"@type":"ImageObject","inLanguage":"de","@id":"https:\/\/ganesha-shop-fuerth.de\/onlineshop\/#\/schema\/logo\/image\/","url":"https:\/\/ganesha-shop-fuerth.de\/onlineshop\/wp-content\/uploads\/Logos\/ganesha-onlineshop-footer-logo-19-Jahre.png","contentUrl":"https:\/\/ganesha-shop-fuerth.de\/onlineshop\/wp-content\/uploads\/Logos\/ganesha-onlineshop-footer-logo-19-Jahre.png","width":250,"height":299,"caption":"Ganesha Shop F\u00fcrth"},"image":{"@id":"https:\/\/ganesha-shop-fuerth.de\/onlineshop\/#\/schema\/logo\/image\/"},"sameAs":["https:\/\/de-de.facebook.com\/ganeshashopfuerth\/","https:\/\/www.youtube.com\/channel\/UCECWtim6iWB8dozVcmw-GcA"]}]}},"_links":{"self":[{"href":"https:\/\/ganesha-shop-fuerth.de\/onlineshop\/wp-json\/wp\/v2\/product\/5971","targetHints":{"allow":["GET"]}}],"collection":[{"href":"https:\/\/ganesha-shop-fuerth.de\/onlineshop\/wp-json\/wp\/v2\/product"}],"about":[{"href":"https:\/\/ganesha-shop-fuerth.de\/onlineshop\/wp-json\/wp\/v2\/types\/product"}],"replies":[{"embeddable":true,"href":"https:\/\/ganesha-shop-fuerth.de\/onlineshop\/wp-json\/wp\/v2\/comments?post=5971"}],"wp:featuredmedia":[{"embeddable":true,"href":"https:\/\/ganesha-shop-fuerth.de\/onlineshop\/wp-json\/wp\/v2\/media\/5970"}],"wp:attachment":[{"href":"https:\/\/ganesha-shop-fuerth.de\/onlineshop\/wp-json\/wp\/v2\/media?parent=5971"}],"wp:term":[{"taxonomy":"product_brand","embeddable":true,"href":"https:\/\/ganesha-shop-fuerth.de\/onlineshop\/wp-json\/wp\/v2\/product_brand?post=5971"},{"taxonomy":"product_cat","embeddable":true,"href":"https:\/\/ganesha-shop-fuerth.de\/onlineshop\/wp-json\/wp\/v2\/product_cat?post=5971"},{"taxonomy":"product_tag","embeddable":true,"href":"https:\/\/ganesha-shop-fuerth.de\/onlineshop\/wp-json\/wp\/v2\/product_tag?post=5971"}],"curies":[{"name":"wp","href":"https:\/\/api.w.org\/{rel}","templated":true}]}}