{"id":6718,"date":"2025-07-30T15:28:22","date_gmt":"2025-07-30T13:28:22","guid":{"rendered":"https:\/\/ganesha-shop-fuerth.de\/onlineshop\/?post_type=product&#038;p=6718"},"modified":"2026-02-18T17:23:14","modified_gmt":"2026-02-18T16:23:14","slug":"schlange-silber-anhaenger-2","status":"publish","type":"product","link":"https:\/\/ganesha-shop-fuerth.de\/onlineshop\/shop\/silberschmuck-aus-indien\/silber-anhaenger-aus-indien\/schlange-silber-anhaenger-2\/","title":{"rendered":"Schlange Silber Anh\u00e4nger"},"content":{"rendered":"<p>Schlange Silber Anh\u00e4nger in 925 Sterling Silber Qualit\u00e4t aus Indien. L\u00e4nge mit \u00d6se: 3,5 cm; L\u00e4nge ohne \u00d6se: 2,5 cm; Breite: 2,5 cm; Gewicht: 6,6 g;\u00a0 Informationen zur Symbolik der Schlange (auch in den unterschiedlichen Kulturen) finden Sie z.B. <a href=\"https:\/\/de.wikipedia.org\/wiki\/Ouroboros\" target=\"_blank\" rel=\"noopener noreferrer\">hier<\/a>.<\/p>\n<figure id=\"attachment_6717\" aria-describedby=\"caption-attachment-6717\" style=\"width: 360px\" class=\"wp-caption alignnone\"><a href=\"https:\/\/ganesha-shop-fuerth.de\/onlineshop\/wp-content\/uploads\/Silberschmuck\/Anh\u00e4nger-aus-Indien\/gso-anhaenger-ind-0124a.jpg\" target=\"_blank\" rel=\"noopener\"><img loading=\"lazy\" decoding=\"async\" class=\"wp-image-6717\" src=\"https:\/\/ganesha-shop-fuerth.de\/onlineshop\/wp-content\/uploads\/Silberschmuck\/Anh\u00e4nger-aus-Indien\/gso-anhaenger-ind-0124a-258x300.jpg\" alt=\"Schlange Silber Anh\u00e4nger\" width=\"360\" height=\"418\" srcset=\"https:\/\/ganesha-shop-fuerth.de\/onlineshop\/wp-content\/uploads\/Silberschmuck\/Anh\u00e4nger-aus-Indien\/gso-anhaenger-ind-0124a-258x300.jpg 258w, https:\/\/ganesha-shop-fuerth.de\/onlineshop\/wp-content\/uploads\/Silberschmuck\/Anh\u00e4nger-aus-Indien\/gso-anhaenger-ind-0124a-881x1024.jpg 881w, https:\/\/ganesha-shop-fuerth.de\/onlineshop\/wp-content\/uploads\/Silberschmuck\/Anh\u00e4nger-aus-Indien\/gso-anhaenger-ind-0124a-768x892.jpg 768w, https:\/\/ganesha-shop-fuerth.de\/onlineshop\/wp-content\/uploads\/Silberschmuck\/Anh\u00e4nger-aus-Indien\/gso-anhaenger-ind-0124a-324x376.jpg 324w, https:\/\/ganesha-shop-fuerth.de\/onlineshop\/wp-content\/uploads\/Silberschmuck\/Anh\u00e4nger-aus-Indien\/gso-anhaenger-ind-0124a-416x483.jpg 416w, https:\/\/ganesha-shop-fuerth.de\/onlineshop\/wp-content\/uploads\/Silberschmuck\/Anh\u00e4nger-aus-Indien\/gso-anhaenger-ind-0124a.jpg 1200w\" sizes=\"auto, (max-width: 360px) 100vw, 360px\" \/><\/a><figcaption id=\"caption-attachment-6717\" class=\"wp-caption-text\">Schlange Silber Anh\u00e4nger<\/figcaption><\/figure>\n","protected":false},"excerpt":{"rendered":"<p>Schlange Silber Anh\u00e4nger\u00a0aus Indien<\/p>\n","protected":false},"featured_media":6716,"comment_status":"open","ping_status":"closed","template":"","meta":[],"product_brand":[],"product_cat":[215,13,11],"product_tag":[228,64,45,42,65],"class_list":{"0":"post-6718","1":"product","2":"type-product","3":"status-publish","4":"has-post-thumbnail","6":"product_cat-esoterik-schmuck","7":"product_cat-silber-anhaenger-aus-indien","8":"product_cat-silberschmuck-aus-indien","9":"product_tag-esoterik-artikel","10":"product_tag-kultsymbole","11":"product_tag-massiv","12":"product_tag-silber-anhaenger-indien","13":"product_tag-tiere-als-silberschmuck","15":"first","16":"instock","17":"featured","18":"taxable","19":"shipping-taxable","20":"purchasable","21":"product-type-simple"},"yoast_head":"<!-- This site is optimized with the Yoast SEO plugin v27.3 - https:\/\/yoast.com\/product\/yoast-seo-wordpress\/ -->\n<title>Schlange Silber Anh\u00e4nger im Ganesha Online Shop kaufen<\/title>\n<meta name=\"description\" content=\"Schlange Silber Anh\u00e4nger in 925 Sterling Silber im Ganesha Online Shop kaufen. Weiterer Silberschmuck mit Schlange im Shop verf\u00fcgbar.\" \/>\n<meta name=\"robots\" content=\"index, follow, max-snippet:-1, max-image-preview:large, max-video-preview:-1\" \/>\n<link rel=\"canonical\" href=\"https:\/\/ganesha-shop-fuerth.de\/onlineshop\/shop\/silberschmuck-aus-indien\/silber-anhaenger-aus-indien\/schlange-silber-anhaenger-2\/\" \/>\n<meta property=\"og:locale\" content=\"de_DE\" \/>\n<meta property=\"og:type\" content=\"article\" \/>\n<meta property=\"og:title\" content=\"Schlange Silber Anh\u00e4nger im Ganesha Online Shop kaufen\" \/>\n<meta property=\"og:description\" content=\"Schlange Silber Anh\u00e4nger in 925 Sterling Silber im Ganesha Online Shop kaufen. Weiterer Silberschmuck mit Schlange im Shop verf\u00fcgbar.\" \/>\n<meta property=\"og:url\" content=\"https:\/\/ganesha-shop-fuerth.de\/onlineshop\/shop\/silberschmuck-aus-indien\/silber-anhaenger-aus-indien\/schlange-silber-anhaenger-2\/\" \/>\n<meta property=\"og:site_name\" content=\"Ganesha Online Shop\" \/>\n<meta property=\"article:publisher\" content=\"https:\/\/de-de.facebook.com\/ganeshashopfuerth\/\" \/>\n<meta property=\"article:modified_time\" content=\"2026-02-18T16:23:14+00:00\" \/>\n<meta property=\"og:image\" content=\"https:\/\/ganesha-shop-fuerth.de\/onlineshop\/wp-content\/uploads\/Silberschmuck\/Anh\u00e4nger-aus-Indien\/gso-anhaenger-ind-0124.jpg\" \/>\n\t<meta property=\"og:image:width\" content=\"1200\" \/>\n\t<meta property=\"og:image:height\" content=\"1394\" \/>\n\t<meta property=\"og:image:type\" content=\"image\/jpeg\" \/>\n<meta name=\"twitter:card\" content=\"summary_large_image\" \/>\n<meta name=\"twitter:label1\" content=\"Gesch\u00e4tzte Lesezeit\" \/>\n\t<meta name=\"twitter:data1\" content=\"1\u00a0Minute\" \/>\n<script type=\"application\/ld+json\" class=\"yoast-schema-graph\">{\"@context\":\"https:\\\/\\\/schema.org\",\"@graph\":[{\"@type\":\"WebPage\",\"@id\":\"https:\\\/\\\/ganesha-shop-fuerth.de\\\/onlineshop\\\/shop\\\/silberschmuck-aus-indien\\\/silber-anhaenger-aus-indien\\\/schlange-silber-anhaenger-2\\\/\",\"url\":\"https:\\\/\\\/ganesha-shop-fuerth.de\\\/onlineshop\\\/shop\\\/silberschmuck-aus-indien\\\/silber-anhaenger-aus-indien\\\/schlange-silber-anhaenger-2\\\/\",\"name\":\"Schlange Silber Anh\u00e4nger im Ganesha Online Shop kaufen\",\"isPartOf\":{\"@id\":\"https:\\\/\\\/ganesha-shop-fuerth.de\\\/onlineshop\\\/#website\"},\"primaryImageOfPage\":{\"@id\":\"https:\\\/\\\/ganesha-shop-fuerth.de\\\/onlineshop\\\/shop\\\/silberschmuck-aus-indien\\\/silber-anhaenger-aus-indien\\\/schlange-silber-anhaenger-2\\\/#primaryimage\"},\"image\":{\"@id\":\"https:\\\/\\\/ganesha-shop-fuerth.de\\\/onlineshop\\\/shop\\\/silberschmuck-aus-indien\\\/silber-anhaenger-aus-indien\\\/schlange-silber-anhaenger-2\\\/#primaryimage\"},\"thumbnailUrl\":\"https:\\\/\\\/ganesha-shop-fuerth.de\\\/onlineshop\\\/wp-content\\\/uploads\\\/Silberschmuck\\\/Anh\u00e4nger-aus-Indien\\\/gso-anhaenger-ind-0124.jpg\",\"datePublished\":\"2025-07-30T13:28:22+00:00\",\"dateModified\":\"2026-02-18T16:23:14+00:00\",\"description\":\"Schlange Silber Anh\u00e4nger in 925 Sterling Silber im Ganesha Online Shop kaufen. Weiterer Silberschmuck mit Schlange im Shop verf\u00fcgbar.\",\"breadcrumb\":{\"@id\":\"https:\\\/\\\/ganesha-shop-fuerth.de\\\/onlineshop\\\/shop\\\/silberschmuck-aus-indien\\\/silber-anhaenger-aus-indien\\\/schlange-silber-anhaenger-2\\\/#breadcrumb\"},\"inLanguage\":\"de\",\"potentialAction\":[{\"@type\":\"ReadAction\",\"target\":[\"https:\\\/\\\/ganesha-shop-fuerth.de\\\/onlineshop\\\/shop\\\/silberschmuck-aus-indien\\\/silber-anhaenger-aus-indien\\\/schlange-silber-anhaenger-2\\\/\"]}]},{\"@type\":\"ImageObject\",\"inLanguage\":\"de\",\"@id\":\"https:\\\/\\\/ganesha-shop-fuerth.de\\\/onlineshop\\\/shop\\\/silberschmuck-aus-indien\\\/silber-anhaenger-aus-indien\\\/schlange-silber-anhaenger-2\\\/#primaryimage\",\"url\":\"https:\\\/\\\/ganesha-shop-fuerth.de\\\/onlineshop\\\/wp-content\\\/uploads\\\/Silberschmuck\\\/Anh\u00e4nger-aus-Indien\\\/gso-anhaenger-ind-0124.jpg\",\"contentUrl\":\"https:\\\/\\\/ganesha-shop-fuerth.de\\\/onlineshop\\\/wp-content\\\/uploads\\\/Silberschmuck\\\/Anh\u00e4nger-aus-Indien\\\/gso-anhaenger-ind-0124.jpg\",\"width\":1200,\"height\":1394,\"caption\":\"Schlange Silber Anh\u00e4nger\"},{\"@type\":\"BreadcrumbList\",\"@id\":\"https:\\\/\\\/ganesha-shop-fuerth.de\\\/onlineshop\\\/shop\\\/silberschmuck-aus-indien\\\/silber-anhaenger-aus-indien\\\/schlange-silber-anhaenger-2\\\/#breadcrumb\",\"itemListElement\":[{\"@type\":\"ListItem\",\"position\":1,\"name\":\"Startseite\",\"item\":\"https:\\\/\\\/ganesha-shop-fuerth.de\\\/onlineshop\\\/\"},{\"@type\":\"ListItem\",\"position\":2,\"name\":\"Ganesha Online Shop\",\"item\":\"https:\\\/\\\/ganesha-shop-fuerth.de\\\/onlineshop\\\/shop\\\/\"},{\"@type\":\"ListItem\",\"position\":3,\"name\":\"Schlange Silber Anh\u00e4nger\"}]},{\"@type\":\"WebSite\",\"@id\":\"https:\\\/\\\/ganesha-shop-fuerth.de\\\/onlineshop\\\/#website\",\"url\":\"https:\\\/\\\/ganesha-shop-fuerth.de\\\/onlineshop\\\/\",\"name\":\"Ganesha Online Shop\",\"description\":\"Schmuck Kleidung Accessoires aus Asien\",\"publisher\":{\"@id\":\"https:\\\/\\\/ganesha-shop-fuerth.de\\\/onlineshop\\\/#organization\"},\"potentialAction\":[{\"@type\":\"SearchAction\",\"target\":{\"@type\":\"EntryPoint\",\"urlTemplate\":\"https:\\\/\\\/ganesha-shop-fuerth.de\\\/onlineshop\\\/?s={search_term_string}\"},\"query-input\":{\"@type\":\"PropertyValueSpecification\",\"valueRequired\":true,\"valueName\":\"search_term_string\"}}],\"inLanguage\":\"de\"},{\"@type\":\"Organization\",\"@id\":\"https:\\\/\\\/ganesha-shop-fuerth.de\\\/onlineshop\\\/#organization\",\"name\":\"Ganesha Shop F\u00fcrth\",\"url\":\"https:\\\/\\\/ganesha-shop-fuerth.de\\\/onlineshop\\\/\",\"logo\":{\"@type\":\"ImageObject\",\"inLanguage\":\"de\",\"@id\":\"https:\\\/\\\/ganesha-shop-fuerth.de\\\/onlineshop\\\/#\\\/schema\\\/logo\\\/image\\\/\",\"url\":\"https:\\\/\\\/ganesha-shop-fuerth.de\\\/onlineshop\\\/wp-content\\\/uploads\\\/Logos\\\/ganesha-onlineshop-footer-logo-19-Jahre.png\",\"contentUrl\":\"https:\\\/\\\/ganesha-shop-fuerth.de\\\/onlineshop\\\/wp-content\\\/uploads\\\/Logos\\\/ganesha-onlineshop-footer-logo-19-Jahre.png\",\"width\":250,\"height\":299,\"caption\":\"Ganesha Shop F\u00fcrth\"},\"image\":{\"@id\":\"https:\\\/\\\/ganesha-shop-fuerth.de\\\/onlineshop\\\/#\\\/schema\\\/logo\\\/image\\\/\"},\"sameAs\":[\"https:\\\/\\\/de-de.facebook.com\\\/ganeshashopfuerth\\\/\",\"https:\\\/\\\/www.youtube.com\\\/channel\\\/UCECWtim6iWB8dozVcmw-GcA\"]}]}<\/script>\n<!-- \/ Yoast SEO plugin. -->","yoast_head_json":{"title":"Schlange Silber Anh\u00e4nger im Ganesha Online Shop kaufen","description":"Schlange Silber Anh\u00e4nger in 925 Sterling Silber im Ganesha Online Shop kaufen. Weiterer Silberschmuck mit Schlange im Shop verf\u00fcgbar.","robots":{"index":"index","follow":"follow","max-snippet":"max-snippet:-1","max-image-preview":"max-image-preview:large","max-video-preview":"max-video-preview:-1"},"canonical":"https:\/\/ganesha-shop-fuerth.de\/onlineshop\/shop\/silberschmuck-aus-indien\/silber-anhaenger-aus-indien\/schlange-silber-anhaenger-2\/","og_locale":"de_DE","og_type":"article","og_title":"Schlange Silber Anh\u00e4nger im Ganesha Online Shop kaufen","og_description":"Schlange Silber Anh\u00e4nger in 925 Sterling Silber im Ganesha Online Shop kaufen. Weiterer Silberschmuck mit Schlange im Shop verf\u00fcgbar.","og_url":"https:\/\/ganesha-shop-fuerth.de\/onlineshop\/shop\/silberschmuck-aus-indien\/silber-anhaenger-aus-indien\/schlange-silber-anhaenger-2\/","og_site_name":"Ganesha Online Shop","article_publisher":"https:\/\/de-de.facebook.com\/ganeshashopfuerth\/","article_modified_time":"2026-02-18T16:23:14+00:00","og_image":[{"width":1200,"height":1394,"url":"https:\/\/ganesha-shop-fuerth.de\/onlineshop\/wp-content\/uploads\/Silberschmuck\/Anh\u00e4nger-aus-Indien\/gso-anhaenger-ind-0124.jpg","type":"image\/jpeg"}],"twitter_card":"summary_large_image","twitter_misc":{"Gesch\u00e4tzte Lesezeit":"1\u00a0Minute"},"schema":{"@context":"https:\/\/schema.org","@graph":[{"@type":"WebPage","@id":"https:\/\/ganesha-shop-fuerth.de\/onlineshop\/shop\/silberschmuck-aus-indien\/silber-anhaenger-aus-indien\/schlange-silber-anhaenger-2\/","url":"https:\/\/ganesha-shop-fuerth.de\/onlineshop\/shop\/silberschmuck-aus-indien\/silber-anhaenger-aus-indien\/schlange-silber-anhaenger-2\/","name":"Schlange Silber Anh\u00e4nger im Ganesha Online Shop kaufen","isPartOf":{"@id":"https:\/\/ganesha-shop-fuerth.de\/onlineshop\/#website"},"primaryImageOfPage":{"@id":"https:\/\/ganesha-shop-fuerth.de\/onlineshop\/shop\/silberschmuck-aus-indien\/silber-anhaenger-aus-indien\/schlange-silber-anhaenger-2\/#primaryimage"},"image":{"@id":"https:\/\/ganesha-shop-fuerth.de\/onlineshop\/shop\/silberschmuck-aus-indien\/silber-anhaenger-aus-indien\/schlange-silber-anhaenger-2\/#primaryimage"},"thumbnailUrl":"https:\/\/ganesha-shop-fuerth.de\/onlineshop\/wp-content\/uploads\/Silberschmuck\/Anh\u00e4nger-aus-Indien\/gso-anhaenger-ind-0124.jpg","datePublished":"2025-07-30T13:28:22+00:00","dateModified":"2026-02-18T16:23:14+00:00","description":"Schlange Silber Anh\u00e4nger in 925 Sterling Silber im Ganesha Online Shop kaufen. Weiterer Silberschmuck mit Schlange im Shop verf\u00fcgbar.","breadcrumb":{"@id":"https:\/\/ganesha-shop-fuerth.de\/onlineshop\/shop\/silberschmuck-aus-indien\/silber-anhaenger-aus-indien\/schlange-silber-anhaenger-2\/#breadcrumb"},"inLanguage":"de","potentialAction":[{"@type":"ReadAction","target":["https:\/\/ganesha-shop-fuerth.de\/onlineshop\/shop\/silberschmuck-aus-indien\/silber-anhaenger-aus-indien\/schlange-silber-anhaenger-2\/"]}]},{"@type":"ImageObject","inLanguage":"de","@id":"https:\/\/ganesha-shop-fuerth.de\/onlineshop\/shop\/silberschmuck-aus-indien\/silber-anhaenger-aus-indien\/schlange-silber-anhaenger-2\/#primaryimage","url":"https:\/\/ganesha-shop-fuerth.de\/onlineshop\/wp-content\/uploads\/Silberschmuck\/Anh\u00e4nger-aus-Indien\/gso-anhaenger-ind-0124.jpg","contentUrl":"https:\/\/ganesha-shop-fuerth.de\/onlineshop\/wp-content\/uploads\/Silberschmuck\/Anh\u00e4nger-aus-Indien\/gso-anhaenger-ind-0124.jpg","width":1200,"height":1394,"caption":"Schlange Silber Anh\u00e4nger"},{"@type":"BreadcrumbList","@id":"https:\/\/ganesha-shop-fuerth.de\/onlineshop\/shop\/silberschmuck-aus-indien\/silber-anhaenger-aus-indien\/schlange-silber-anhaenger-2\/#breadcrumb","itemListElement":[{"@type":"ListItem","position":1,"name":"Startseite","item":"https:\/\/ganesha-shop-fuerth.de\/onlineshop\/"},{"@type":"ListItem","position":2,"name":"Ganesha Online Shop","item":"https:\/\/ganesha-shop-fuerth.de\/onlineshop\/shop\/"},{"@type":"ListItem","position":3,"name":"Schlange Silber Anh\u00e4nger"}]},{"@type":"WebSite","@id":"https:\/\/ganesha-shop-fuerth.de\/onlineshop\/#website","url":"https:\/\/ganesha-shop-fuerth.de\/onlineshop\/","name":"Ganesha Online Shop","description":"Schmuck Kleidung Accessoires aus Asien","publisher":{"@id":"https:\/\/ganesha-shop-fuerth.de\/onlineshop\/#organization"},"potentialAction":[{"@type":"SearchAction","target":{"@type":"EntryPoint","urlTemplate":"https:\/\/ganesha-shop-fuerth.de\/onlineshop\/?s={search_term_string}"},"query-input":{"@type":"PropertyValueSpecification","valueRequired":true,"valueName":"search_term_string"}}],"inLanguage":"de"},{"@type":"Organization","@id":"https:\/\/ganesha-shop-fuerth.de\/onlineshop\/#organization","name":"Ganesha Shop F\u00fcrth","url":"https:\/\/ganesha-shop-fuerth.de\/onlineshop\/","logo":{"@type":"ImageObject","inLanguage":"de","@id":"https:\/\/ganesha-shop-fuerth.de\/onlineshop\/#\/schema\/logo\/image\/","url":"https:\/\/ganesha-shop-fuerth.de\/onlineshop\/wp-content\/uploads\/Logos\/ganesha-onlineshop-footer-logo-19-Jahre.png","contentUrl":"https:\/\/ganesha-shop-fuerth.de\/onlineshop\/wp-content\/uploads\/Logos\/ganesha-onlineshop-footer-logo-19-Jahre.png","width":250,"height":299,"caption":"Ganesha Shop F\u00fcrth"},"image":{"@id":"https:\/\/ganesha-shop-fuerth.de\/onlineshop\/#\/schema\/logo\/image\/"},"sameAs":["https:\/\/de-de.facebook.com\/ganeshashopfuerth\/","https:\/\/www.youtube.com\/channel\/UCECWtim6iWB8dozVcmw-GcA"]}]}},"_links":{"self":[{"href":"https:\/\/ganesha-shop-fuerth.de\/onlineshop\/wp-json\/wp\/v2\/product\/6718","targetHints":{"allow":["GET"]}}],"collection":[{"href":"https:\/\/ganesha-shop-fuerth.de\/onlineshop\/wp-json\/wp\/v2\/product"}],"about":[{"href":"https:\/\/ganesha-shop-fuerth.de\/onlineshop\/wp-json\/wp\/v2\/types\/product"}],"replies":[{"embeddable":true,"href":"https:\/\/ganesha-shop-fuerth.de\/onlineshop\/wp-json\/wp\/v2\/comments?post=6718"}],"wp:featuredmedia":[{"embeddable":true,"href":"https:\/\/ganesha-shop-fuerth.de\/onlineshop\/wp-json\/wp\/v2\/media\/6716"}],"wp:attachment":[{"href":"https:\/\/ganesha-shop-fuerth.de\/onlineshop\/wp-json\/wp\/v2\/media?parent=6718"}],"wp:term":[{"taxonomy":"product_brand","embeddable":true,"href":"https:\/\/ganesha-shop-fuerth.de\/onlineshop\/wp-json\/wp\/v2\/product_brand?post=6718"},{"taxonomy":"product_cat","embeddable":true,"href":"https:\/\/ganesha-shop-fuerth.de\/onlineshop\/wp-json\/wp\/v2\/product_cat?post=6718"},{"taxonomy":"product_tag","embeddable":true,"href":"https:\/\/ganesha-shop-fuerth.de\/onlineshop\/wp-json\/wp\/v2\/product_tag?post=6718"}],"curies":[{"name":"wp","href":"https:\/\/api.w.org\/{rel}","templated":true}]}}