{"id":909,"date":"2017-04-03T15:50:47","date_gmt":"2017-04-03T13:50:47","guid":{"rendered":"https:\/\/ganesha-shop-fuerth.de\/onlineshop\/artikel\/massiver-silberring-aus-chiang-mai-1\/"},"modified":"2026-01-22T17:23:27","modified_gmt":"2026-01-22T16:23:27","slug":"massiver-silberring-aus-chiang-mai-1","status":"publish","type":"product","link":"https:\/\/ganesha-shop-fuerth.de\/onlineshop\/shop\/silberringe-ringgroessen\/silberringe-ringgroesse-56\/massiver-silberring-aus-chiang-mai-1\/","title":{"rendered":"Hill Tribe Silberring aus Chiang Mai"},"content":{"rendered":"<p>Hill Tribe Silberring in massiver 925 Sterling Silber Qualit\u00e4t aus Chiang Mai \/ Thailand. Der Ring ist auf der Unterseite offen und daher leicht vergr\u00f6\u00dferbar. Ringl\u00e4nge am Finger oben: ca. 3,0 cm; Gewicht: 9,0 g; Design: breites, aufwendig von Hand geflochtenes oder gewebtes Bandmuster aus. Aufgrund des hohen Silbergehalts ist das Material weicher als Sterlingsilber, was die filigrane Handarbeit erm\u00f6glicht und das Schmuckst\u00fcck weniger anf\u00e4llig f\u00fcr Anlaufen macht. Informationen zu den Hill Tribes (Berg St\u00e4mmen) im Norden Thailand finden Sie z.B. <a href=\"https:\/\/mystichilltribe.com\/ueber-hill-tribes-thailand\/\" target=\"_blank\" rel=\"noopener\">hier<\/a>. Bitte w\u00e4hlen Sie die verf\u00fcgbaren Ringgr\u00f6\u00dfen in obigen Drop-down Men\u00fc aus.<\/p>\n<figure id=\"attachment_976\" aria-describedby=\"caption-attachment-976\" style=\"width: 360px\" class=\"wp-caption alignnone\"><a href=\"https:\/\/ganesha-shop-fuerth.de\/onlineshop\/wp-content\/uploads\/Silberschmuck\/Ringe-aus-Thailand\/gso-thai-ring-0001-magnify3.jpg\" target=\"_blank\" rel=\"noopener\"><img loading=\"lazy\" decoding=\"async\" class=\"wp-image-976\" src=\"https:\/\/ganesha-shop-fuerth.de\/onlineshop\/wp-content\/uploads\/Silberschmuck\/Ringe-aus-Thailand\/gso-thai-ring-0001-magnify3-258x300.jpg\" alt=\"Hill Tribe Silberring Thailand im Ganesha Shop\" width=\"360\" height=\"418\" srcset=\"https:\/\/ganesha-shop-fuerth.de\/onlineshop\/wp-content\/uploads\/Silberschmuck\/Ringe-aus-Thailand\/gso-thai-ring-0001-magnify3-258x300.jpg 258w, https:\/\/ganesha-shop-fuerth.de\/onlineshop\/wp-content\/uploads\/Silberschmuck\/Ringe-aus-Thailand\/gso-thai-ring-0001-magnify3-324x376.jpg 324w, https:\/\/ganesha-shop-fuerth.de\/onlineshop\/wp-content\/uploads\/Silberschmuck\/Ringe-aus-Thailand\/gso-thai-ring-0001-magnify3-416x483.jpg 416w, https:\/\/ganesha-shop-fuerth.de\/onlineshop\/wp-content\/uploads\/Silberschmuck\/Ringe-aus-Thailand\/gso-thai-ring-0001-magnify3-768x892.jpg 768w, https:\/\/ganesha-shop-fuerth.de\/onlineshop\/wp-content\/uploads\/Silberschmuck\/Ringe-aus-Thailand\/gso-thai-ring-0001-magnify3-882x1024.jpg 882w, https:\/\/ganesha-shop-fuerth.de\/onlineshop\/wp-content\/uploads\/Silberschmuck\/Ringe-aus-Thailand\/gso-thai-ring-0001-magnify3.jpg 900w\" sizes=\"auto, (max-width: 360px) 100vw, 360px\" \/><\/a><figcaption id=\"caption-attachment-976\" class=\"wp-caption-text\">Hill Tribe Silberring aus Thailand \u2013 Chiang Mai<\/figcaption><\/figure>\n","protected":false},"excerpt":{"rendered":"<p>Hill Tribe Silberring\u00a0aus Thailand &#8211; Chiang Mai<\/p>\n","protected":false},"featured_media":975,"comment_status":"open","ping_status":"closed","template":"","meta":[],"product_brand":[],"product_cat":[25,161,162,156,24],"product_tag":[45,60,73],"class_list":{"0":"post-909","1":"product","2":"type-product","3":"status-publish","4":"has-post-thumbnail","6":"product_cat-ringe-aus-thailand","7":"product_cat-silberringe-ringgroesse-56","8":"product_cat-silberringe-ringgroesse-57","9":"product_cat-silberringe-ringgroessen","10":"product_cat-silberschmuck-aus-thailand","11":"product_tag-massiv","12":"product_tag-offene-verstellbare-silberringe","13":"product_tag-silberring-thailand","15":"first","16":"instock","17":"featured","18":"sold-individually","19":"taxable","20":"shipping-taxable","21":"purchasable","22":"product-type-variable"},"yoast_head":"<!-- This site is optimized with the Yoast SEO plugin v27.3 - https:\/\/yoast.com\/product\/yoast-seo-wordpress\/ -->\n<title>Hill Tribe Silberring aus Chiang Mai - Ganesha Online Shop<\/title>\n<meta name=\"description\" content=\"Hill Tribe Silberring in 925 Sterling Silber Qualit\u00e4t aus Chiang Mai Thailand. Weitere Hill Tribe Silberringe im Shop verf\u00fcgbar.\" \/>\n<meta name=\"robots\" content=\"index, follow, max-snippet:-1, max-image-preview:large, max-video-preview:-1\" \/>\n<link rel=\"canonical\" href=\"https:\/\/ganesha-shop-fuerth.de\/onlineshop\/shop\/silberringe-ringgroessen\/silberringe-ringgroesse-56\/massiver-silberring-aus-chiang-mai-1\/\" \/>\n<meta property=\"og:locale\" content=\"de_DE\" \/>\n<meta property=\"og:type\" content=\"article\" \/>\n<meta property=\"og:title\" content=\"Hill Tribe Silberring aus Chiang Mai - Ganesha Online Shop\" \/>\n<meta property=\"og:description\" content=\"Hill Tribe Silberring in 925 Sterling Silber Qualit\u00e4t aus Chiang Mai Thailand. Weitere Hill Tribe Silberringe im Shop verf\u00fcgbar.\" \/>\n<meta property=\"og:url\" content=\"https:\/\/ganesha-shop-fuerth.de\/onlineshop\/shop\/silberringe-ringgroessen\/silberringe-ringgroesse-56\/massiver-silberring-aus-chiang-mai-1\/\" \/>\n<meta property=\"og:site_name\" content=\"Ganesha Online Shop\" \/>\n<meta property=\"article:publisher\" content=\"https:\/\/de-de.facebook.com\/ganeshashopfuerth\/\" \/>\n<meta property=\"article:modified_time\" content=\"2026-01-22T16:23:27+00:00\" \/>\n<meta property=\"og:image\" content=\"https:\/\/ganesha-shop-fuerth.de\/onlineshop\/wp-content\/uploads\/Silberschmuck\/Ringe-aus-Thailand\/gso-thai-ring-0001-magnify2.jpg\" \/>\n\t<meta property=\"og:image:width\" content=\"900\" \/>\n\t<meta property=\"og:image:height\" content=\"1045\" \/>\n\t<meta property=\"og:image:type\" content=\"image\/jpeg\" \/>\n<meta name=\"twitter:card\" content=\"summary_large_image\" \/>\n<meta name=\"twitter:label1\" content=\"Gesch\u00e4tzte Lesezeit\" \/>\n\t<meta name=\"twitter:data1\" content=\"1\u00a0Minute\" \/>\n<script type=\"application\/ld+json\" class=\"yoast-schema-graph\">{\"@context\":\"https:\\\/\\\/schema.org\",\"@graph\":[{\"@type\":\"WebPage\",\"@id\":\"https:\\\/\\\/ganesha-shop-fuerth.de\\\/onlineshop\\\/shop\\\/silberringe-ringgroessen\\\/silberringe-ringgroesse-56\\\/massiver-silberring-aus-chiang-mai-1\\\/\",\"url\":\"https:\\\/\\\/ganesha-shop-fuerth.de\\\/onlineshop\\\/shop\\\/silberringe-ringgroessen\\\/silberringe-ringgroesse-56\\\/massiver-silberring-aus-chiang-mai-1\\\/\",\"name\":\"Hill Tribe Silberring aus Chiang Mai - Ganesha Online Shop\",\"isPartOf\":{\"@id\":\"https:\\\/\\\/ganesha-shop-fuerth.de\\\/onlineshop\\\/#website\"},\"primaryImageOfPage\":{\"@id\":\"https:\\\/\\\/ganesha-shop-fuerth.de\\\/onlineshop\\\/shop\\\/silberringe-ringgroessen\\\/silberringe-ringgroesse-56\\\/massiver-silberring-aus-chiang-mai-1\\\/#primaryimage\"},\"image\":{\"@id\":\"https:\\\/\\\/ganesha-shop-fuerth.de\\\/onlineshop\\\/shop\\\/silberringe-ringgroessen\\\/silberringe-ringgroesse-56\\\/massiver-silberring-aus-chiang-mai-1\\\/#primaryimage\"},\"thumbnailUrl\":\"https:\\\/\\\/ganesha-shop-fuerth.de\\\/onlineshop\\\/wp-content\\\/uploads\\\/Silberschmuck\\\/Ringe-aus-Thailand\\\/gso-thai-ring-0001-magnify2.jpg\",\"datePublished\":\"2017-04-03T13:50:47+00:00\",\"dateModified\":\"2026-01-22T16:23:27+00:00\",\"description\":\"Hill Tribe Silberring in 925 Sterling Silber Qualit\u00e4t aus Chiang Mai Thailand. Weitere Hill Tribe Silberringe im Shop verf\u00fcgbar.\",\"breadcrumb\":{\"@id\":\"https:\\\/\\\/ganesha-shop-fuerth.de\\\/onlineshop\\\/shop\\\/silberringe-ringgroessen\\\/silberringe-ringgroesse-56\\\/massiver-silberring-aus-chiang-mai-1\\\/#breadcrumb\"},\"inLanguage\":\"de\",\"potentialAction\":[{\"@type\":\"ReadAction\",\"target\":[\"https:\\\/\\\/ganesha-shop-fuerth.de\\\/onlineshop\\\/shop\\\/silberringe-ringgroessen\\\/silberringe-ringgroesse-56\\\/massiver-silberring-aus-chiang-mai-1\\\/\"]}]},{\"@type\":\"ImageObject\",\"inLanguage\":\"de\",\"@id\":\"https:\\\/\\\/ganesha-shop-fuerth.de\\\/onlineshop\\\/shop\\\/silberringe-ringgroessen\\\/silberringe-ringgroesse-56\\\/massiver-silberring-aus-chiang-mai-1\\\/#primaryimage\",\"url\":\"https:\\\/\\\/ganesha-shop-fuerth.de\\\/onlineshop\\\/wp-content\\\/uploads\\\/Silberschmuck\\\/Ringe-aus-Thailand\\\/gso-thai-ring-0001-magnify2.jpg\",\"contentUrl\":\"https:\\\/\\\/ganesha-shop-fuerth.de\\\/onlineshop\\\/wp-content\\\/uploads\\\/Silberschmuck\\\/Ringe-aus-Thailand\\\/gso-thai-ring-0001-magnify2.jpg\",\"width\":900,\"height\":1045,\"caption\":\"Massiver Silberring aus Thailand \u2013 Chiang Mai\"},{\"@type\":\"BreadcrumbList\",\"@id\":\"https:\\\/\\\/ganesha-shop-fuerth.de\\\/onlineshop\\\/shop\\\/silberringe-ringgroessen\\\/silberringe-ringgroesse-56\\\/massiver-silberring-aus-chiang-mai-1\\\/#breadcrumb\",\"itemListElement\":[{\"@type\":\"ListItem\",\"position\":1,\"name\":\"Startseite\",\"item\":\"https:\\\/\\\/ganesha-shop-fuerth.de\\\/onlineshop\\\/\"},{\"@type\":\"ListItem\",\"position\":2,\"name\":\"Ganesha Online Shop\",\"item\":\"https:\\\/\\\/ganesha-shop-fuerth.de\\\/onlineshop\\\/shop\\\/\"},{\"@type\":\"ListItem\",\"position\":3,\"name\":\"Hill Tribe Silberring aus Chiang Mai\"}]},{\"@type\":\"WebSite\",\"@id\":\"https:\\\/\\\/ganesha-shop-fuerth.de\\\/onlineshop\\\/#website\",\"url\":\"https:\\\/\\\/ganesha-shop-fuerth.de\\\/onlineshop\\\/\",\"name\":\"Ganesha Online Shop\",\"description\":\"Schmuck Kleidung Accessoires aus Asien\",\"publisher\":{\"@id\":\"https:\\\/\\\/ganesha-shop-fuerth.de\\\/onlineshop\\\/#organization\"},\"potentialAction\":[{\"@type\":\"SearchAction\",\"target\":{\"@type\":\"EntryPoint\",\"urlTemplate\":\"https:\\\/\\\/ganesha-shop-fuerth.de\\\/onlineshop\\\/?s={search_term_string}\"},\"query-input\":{\"@type\":\"PropertyValueSpecification\",\"valueRequired\":true,\"valueName\":\"search_term_string\"}}],\"inLanguage\":\"de\"},{\"@type\":\"Organization\",\"@id\":\"https:\\\/\\\/ganesha-shop-fuerth.de\\\/onlineshop\\\/#organization\",\"name\":\"Ganesha Shop F\u00fcrth\",\"url\":\"https:\\\/\\\/ganesha-shop-fuerth.de\\\/onlineshop\\\/\",\"logo\":{\"@type\":\"ImageObject\",\"inLanguage\":\"de\",\"@id\":\"https:\\\/\\\/ganesha-shop-fuerth.de\\\/onlineshop\\\/#\\\/schema\\\/logo\\\/image\\\/\",\"url\":\"https:\\\/\\\/ganesha-shop-fuerth.de\\\/onlineshop\\\/wp-content\\\/uploads\\\/Logos\\\/ganesha-onlineshop-footer-logo-19-Jahre.png\",\"contentUrl\":\"https:\\\/\\\/ganesha-shop-fuerth.de\\\/onlineshop\\\/wp-content\\\/uploads\\\/Logos\\\/ganesha-onlineshop-footer-logo-19-Jahre.png\",\"width\":250,\"height\":299,\"caption\":\"Ganesha Shop F\u00fcrth\"},\"image\":{\"@id\":\"https:\\\/\\\/ganesha-shop-fuerth.de\\\/onlineshop\\\/#\\\/schema\\\/logo\\\/image\\\/\"},\"sameAs\":[\"https:\\\/\\\/de-de.facebook.com\\\/ganeshashopfuerth\\\/\",\"https:\\\/\\\/www.youtube.com\\\/channel\\\/UCECWtim6iWB8dozVcmw-GcA\"]}]}<\/script>\n<!-- \/ Yoast SEO plugin. -->","yoast_head_json":{"title":"Hill Tribe Silberring aus Chiang Mai - Ganesha Online Shop","description":"Hill Tribe Silberring in 925 Sterling Silber Qualit\u00e4t aus Chiang Mai Thailand. Weitere Hill Tribe Silberringe im Shop verf\u00fcgbar.","robots":{"index":"index","follow":"follow","max-snippet":"max-snippet:-1","max-image-preview":"max-image-preview:large","max-video-preview":"max-video-preview:-1"},"canonical":"https:\/\/ganesha-shop-fuerth.de\/onlineshop\/shop\/silberringe-ringgroessen\/silberringe-ringgroesse-56\/massiver-silberring-aus-chiang-mai-1\/","og_locale":"de_DE","og_type":"article","og_title":"Hill Tribe Silberring aus Chiang Mai - Ganesha Online Shop","og_description":"Hill Tribe Silberring in 925 Sterling Silber Qualit\u00e4t aus Chiang Mai Thailand. Weitere Hill Tribe Silberringe im Shop verf\u00fcgbar.","og_url":"https:\/\/ganesha-shop-fuerth.de\/onlineshop\/shop\/silberringe-ringgroessen\/silberringe-ringgroesse-56\/massiver-silberring-aus-chiang-mai-1\/","og_site_name":"Ganesha Online Shop","article_publisher":"https:\/\/de-de.facebook.com\/ganeshashopfuerth\/","article_modified_time":"2026-01-22T16:23:27+00:00","og_image":[{"width":900,"height":1045,"url":"https:\/\/ganesha-shop-fuerth.de\/onlineshop\/wp-content\/uploads\/Silberschmuck\/Ringe-aus-Thailand\/gso-thai-ring-0001-magnify2.jpg","type":"image\/jpeg"}],"twitter_card":"summary_large_image","twitter_misc":{"Gesch\u00e4tzte Lesezeit":"1\u00a0Minute"},"schema":{"@context":"https:\/\/schema.org","@graph":[{"@type":"WebPage","@id":"https:\/\/ganesha-shop-fuerth.de\/onlineshop\/shop\/silberringe-ringgroessen\/silberringe-ringgroesse-56\/massiver-silberring-aus-chiang-mai-1\/","url":"https:\/\/ganesha-shop-fuerth.de\/onlineshop\/shop\/silberringe-ringgroessen\/silberringe-ringgroesse-56\/massiver-silberring-aus-chiang-mai-1\/","name":"Hill Tribe Silberring aus Chiang Mai - Ganesha Online Shop","isPartOf":{"@id":"https:\/\/ganesha-shop-fuerth.de\/onlineshop\/#website"},"primaryImageOfPage":{"@id":"https:\/\/ganesha-shop-fuerth.de\/onlineshop\/shop\/silberringe-ringgroessen\/silberringe-ringgroesse-56\/massiver-silberring-aus-chiang-mai-1\/#primaryimage"},"image":{"@id":"https:\/\/ganesha-shop-fuerth.de\/onlineshop\/shop\/silberringe-ringgroessen\/silberringe-ringgroesse-56\/massiver-silberring-aus-chiang-mai-1\/#primaryimage"},"thumbnailUrl":"https:\/\/ganesha-shop-fuerth.de\/onlineshop\/wp-content\/uploads\/Silberschmuck\/Ringe-aus-Thailand\/gso-thai-ring-0001-magnify2.jpg","datePublished":"2017-04-03T13:50:47+00:00","dateModified":"2026-01-22T16:23:27+00:00","description":"Hill Tribe Silberring in 925 Sterling Silber Qualit\u00e4t aus Chiang Mai Thailand. Weitere Hill Tribe Silberringe im Shop verf\u00fcgbar.","breadcrumb":{"@id":"https:\/\/ganesha-shop-fuerth.de\/onlineshop\/shop\/silberringe-ringgroessen\/silberringe-ringgroesse-56\/massiver-silberring-aus-chiang-mai-1\/#breadcrumb"},"inLanguage":"de","potentialAction":[{"@type":"ReadAction","target":["https:\/\/ganesha-shop-fuerth.de\/onlineshop\/shop\/silberringe-ringgroessen\/silberringe-ringgroesse-56\/massiver-silberring-aus-chiang-mai-1\/"]}]},{"@type":"ImageObject","inLanguage":"de","@id":"https:\/\/ganesha-shop-fuerth.de\/onlineshop\/shop\/silberringe-ringgroessen\/silberringe-ringgroesse-56\/massiver-silberring-aus-chiang-mai-1\/#primaryimage","url":"https:\/\/ganesha-shop-fuerth.de\/onlineshop\/wp-content\/uploads\/Silberschmuck\/Ringe-aus-Thailand\/gso-thai-ring-0001-magnify2.jpg","contentUrl":"https:\/\/ganesha-shop-fuerth.de\/onlineshop\/wp-content\/uploads\/Silberschmuck\/Ringe-aus-Thailand\/gso-thai-ring-0001-magnify2.jpg","width":900,"height":1045,"caption":"Massiver Silberring aus Thailand \u2013 Chiang Mai"},{"@type":"BreadcrumbList","@id":"https:\/\/ganesha-shop-fuerth.de\/onlineshop\/shop\/silberringe-ringgroessen\/silberringe-ringgroesse-56\/massiver-silberring-aus-chiang-mai-1\/#breadcrumb","itemListElement":[{"@type":"ListItem","position":1,"name":"Startseite","item":"https:\/\/ganesha-shop-fuerth.de\/onlineshop\/"},{"@type":"ListItem","position":2,"name":"Ganesha Online Shop","item":"https:\/\/ganesha-shop-fuerth.de\/onlineshop\/shop\/"},{"@type":"ListItem","position":3,"name":"Hill Tribe Silberring aus Chiang Mai"}]},{"@type":"WebSite","@id":"https:\/\/ganesha-shop-fuerth.de\/onlineshop\/#website","url":"https:\/\/ganesha-shop-fuerth.de\/onlineshop\/","name":"Ganesha Online Shop","description":"Schmuck Kleidung Accessoires aus Asien","publisher":{"@id":"https:\/\/ganesha-shop-fuerth.de\/onlineshop\/#organization"},"potentialAction":[{"@type":"SearchAction","target":{"@type":"EntryPoint","urlTemplate":"https:\/\/ganesha-shop-fuerth.de\/onlineshop\/?s={search_term_string}"},"query-input":{"@type":"PropertyValueSpecification","valueRequired":true,"valueName":"search_term_string"}}],"inLanguage":"de"},{"@type":"Organization","@id":"https:\/\/ganesha-shop-fuerth.de\/onlineshop\/#organization","name":"Ganesha Shop F\u00fcrth","url":"https:\/\/ganesha-shop-fuerth.de\/onlineshop\/","logo":{"@type":"ImageObject","inLanguage":"de","@id":"https:\/\/ganesha-shop-fuerth.de\/onlineshop\/#\/schema\/logo\/image\/","url":"https:\/\/ganesha-shop-fuerth.de\/onlineshop\/wp-content\/uploads\/Logos\/ganesha-onlineshop-footer-logo-19-Jahre.png","contentUrl":"https:\/\/ganesha-shop-fuerth.de\/onlineshop\/wp-content\/uploads\/Logos\/ganesha-onlineshop-footer-logo-19-Jahre.png","width":250,"height":299,"caption":"Ganesha Shop F\u00fcrth"},"image":{"@id":"https:\/\/ganesha-shop-fuerth.de\/onlineshop\/#\/schema\/logo\/image\/"},"sameAs":["https:\/\/de-de.facebook.com\/ganeshashopfuerth\/","https:\/\/www.youtube.com\/channel\/UCECWtim6iWB8dozVcmw-GcA"]}]}},"_links":{"self":[{"href":"https:\/\/ganesha-shop-fuerth.de\/onlineshop\/wp-json\/wp\/v2\/product\/909","targetHints":{"allow":["GET"]}}],"collection":[{"href":"https:\/\/ganesha-shop-fuerth.de\/onlineshop\/wp-json\/wp\/v2\/product"}],"about":[{"href":"https:\/\/ganesha-shop-fuerth.de\/onlineshop\/wp-json\/wp\/v2\/types\/product"}],"replies":[{"embeddable":true,"href":"https:\/\/ganesha-shop-fuerth.de\/onlineshop\/wp-json\/wp\/v2\/comments?post=909"}],"wp:featuredmedia":[{"embeddable":true,"href":"https:\/\/ganesha-shop-fuerth.de\/onlineshop\/wp-json\/wp\/v2\/media\/975"}],"wp:attachment":[{"href":"https:\/\/ganesha-shop-fuerth.de\/onlineshop\/wp-json\/wp\/v2\/media?parent=909"}],"wp:term":[{"taxonomy":"product_brand","embeddable":true,"href":"https:\/\/ganesha-shop-fuerth.de\/onlineshop\/wp-json\/wp\/v2\/product_brand?post=909"},{"taxonomy":"product_cat","embeddable":true,"href":"https:\/\/ganesha-shop-fuerth.de\/onlineshop\/wp-json\/wp\/v2\/product_cat?post=909"},{"taxonomy":"product_tag","embeddable":true,"href":"https:\/\/ganesha-shop-fuerth.de\/onlineshop\/wp-json\/wp\/v2\/product_tag?post=909"}],"curies":[{"name":"wp","href":"https:\/\/api.w.org\/{rel}","templated":true}]}}